{"id":3270,"date":"2026-04-26T14:55:07","date_gmt":"2026-04-26T14:55:07","guid":{"rendered":"https:\/\/sokindsport.com\/?post_type=product&#038;p=3270"},"modified":"2026-04-26T14:55:07","modified_gmt":"2026-04-26T14:55:07","slug":"bambini-allingrosso-scamosciati-ciclismo-sk-564-3d-pad-ergonomico-produttore","status":"publish","type":"product","link":"https:\/\/sokindsport.com\/it\/product\/wholesale-kids-cycling-chamois-sk-564-3d-ergonomic-pad-manufacturer\/","title":{"rendered":"Commercio all'ingrosso Bambini ciclismo camoscio SK-564 3D Pad ergonomico Produttore"},"content":{"rendered":"<p><img fetchpriority=\"high\" decoding=\"async\" class=\"alignnone size-full wp-image-3277\" src=\"https:\/\/sokindsport.com\/wp-content\/uploads\/2026\/04\/Wholesale-Kids-Cycling-Chamois-SK-564-3D-Ergonomic-Pad-Manufacturer-6-scaled.jpg\" alt=\"Commercio all&#039;ingrosso Bambini ciclismo camoscio Sk 564 3d Pad ergonomico Produttore (6)\" width=\"2560\" height=\"1810\" srcset=\"https:\/\/sokindsport.com\/wp-content\/uploads\/2026\/04\/Wholesale-Kids-Cycling-Chamois-SK-564-3D-Ergonomic-Pad-Manufacturer-6-scaled.jpg 2560w, https:\/\/sokindsport.com\/wp-content\/uploads\/2026\/04\/Wholesale-Kids-Cycling-Chamois-SK-564-3D-Ergonomic-Pad-Manufacturer-6-768x543.jpg 768w, https:\/\/sokindsport.com\/wp-content\/uploads\/2026\/04\/Wholesale-Kids-Cycling-Chamois-SK-564-3D-Ergonomic-Pad-Manufacturer-6-1536x1086.jpg 1536w, https:\/\/sokindsport.com\/wp-content\/uploads\/2026\/04\/Wholesale-Kids-Cycling-Chamois-SK-564-3D-Ergonomic-Pad-Manufacturer-6-2048x1448.jpg 2048w, https:\/\/sokindsport.com\/wp-content\/uploads\/2026\/04\/Wholesale-Kids-Cycling-Chamois-SK-564-3D-Ergonomic-Pad-Manufacturer-6-18x12.jpg 18w, https:\/\/sokindsport.com\/wp-content\/uploads\/2026\/04\/Wholesale-Kids-Cycling-Chamois-SK-564-3D-Ergonomic-Pad-Manufacturer-6-600x424.jpg 600w\" sizes=\"(max-width: 2560px) 100vw, 2560px\" \/><\/p>\n<h2>SOKIND\u00ae SK-564: Camoscio ergonomico 3D Premium per ciclismo per bambini<\/h2>\n<h3>Equipaggiate la vostra linea di abbigliamento giovanile con una protezione di livello professionale e priva di attrito<\/h3>\n<p>Con la continua espansione del mercato globale del ciclismo giovanile, i genitori chiedono capi d'abbigliamento che offrano le stesse prestazioni di quelli per adulti. In qualit\u00e0 di produttore d'\u00e9lite di componenti atletici avanzati, SOKIND\u00ae ha ideato SK-564, un camoscio da ciclismo per bambini progettato per bilanciare perfettamente l'assorbimento dinamico degli urti e la libert\u00e0 di movimento.<\/p>\n<p>Costruito con un nucleo di schiuma reticolata ad alta densit\u00e0 da 60 kg\/m\u00b3 modellata con precisione e un tessuto misto Nylon\/Spandex straordinariamente morbido, l'SK-564 elimina la sensazione di ingombro e di \u201cpannolino\u201d delle protezioni giovanili standard. Il marchio di abbigliamento offre un componente centrale di qualit\u00e0 superiore che garantisce ai giovani atleti un'esperienza di guida sicura, asciutta e priva di irritazioni per un massimo di 6 ore in sella.<\/p>\n<h3>Innovazioni tecniche avanzate<\/h3>\n<p><strong>Tessuto ultra morbido e delicato sulla pelle<\/strong>: Lo strato a contatto con la pelle \u00e8 realizzato con una miscela d'\u00e9lite di nylon 80% e spandex 20%. Questa combinazione offre un tocco incredibilmente delicato e setoso sulla pelle delicata, prevenendo le abrasioni e garantendo un'eccellente elasticit\u00e0 a quattro vie per i bambini pi\u00f9 attivi.<\/p>\n<p><strong>60 kg\/m\u00b3 Anima in schiuma reticolata<\/strong>: Progettato con una tecnologia avanzata di spugna a celle aperte. La schiuma ad alta densit\u00e0 da 60 kg\/m\u00b3 offre un potente rimbalzo e un assorbimento mirato degli urti, isolando attivamente le giovani ossa pelviche dalle asperit\u00e0 del percorso e dalle vibrazioni della strada senza inutili ingombri.<\/p>\n<p><strong>Stampaggio unibody 3D specifico per bambini<\/strong>: Grazie al taglio 3D di precisione e allo stampaggio unibody, il fondello \u00e8 anatomicamente sagomato per adattarsi alle proporzioni uniche dei giovani ciclisti. Questo design senza cuciture assicura che il fondello si muova naturalmente con il bambino, evitando spostamenti durante le pedalate aggressive.<\/p>\n<p><strong>Profilo \u201cinvisibile\u201d a basso spessore<\/strong>: Con una dimensione di 26 cm x 15 cm, il fondello presenta un gradiente di spessore a gradini. Offre un nucleo di sostegno di 8,0 mm in corrispondenza delle ossa del sedere, passando a una zona centrale di 6,0 mm e assottigliandosi fino a un bordo a filo di 2,0 mm per una perfetta integrazione sotto gli indumenti.<\/p>\n<h3>Vantaggi strategici per i clienti e il marchio<\/h3>\n<p><strong>Eliminare i reclami della sella<\/strong>: L'assorbimento dinamico degli urti e la superficie ultra-levigata prevengono efficacemente l'indolenzimento da sella che spesso porta i bambini ad abbandonare precocemente l'equitazione. I bambini pedalano pi\u00f9 a lungo e pi\u00f9 felici, creando una forte fedelt\u00e0 al marchio da parte dei genitori.<\/p>\n<p><strong>Rimanere freschi, asciutti e senza eruzioni cutanee<\/strong>: La schiuma reticolata altamente ventilata e la miscela di nylon traspirante espellono attivamente il calore e il sudore. I giovani atleti rimangono asciutti, prevenendo il disagio dell'accumulo di sudore e le eruzioni cutanee durante le avventure estive.<\/p>\n<p><strong>Libert\u00e0 di movimento illimitata<\/strong>: Il design a basso profilo da 8,0 mm assicura che il cuscinetto protegga senza intralciare, consentendo ai bambini di passare senza problemi dalla bicicletta alla corsa e al gioco fuori dalla bicicletta.<\/p>\n<p><strong>Integrazione della produzione senza soluzione di continuit\u00e0<\/strong>: I bordi affusolati ultrasottili da 2,0 mm consentono alla fabbrica di cucire facilmente il fondello nei pantaloncini e nelle pettorine da ciclismo giovanili senza creare linee di cucitura spesse, visibili o scomode.<\/p>\n<h3>Collaborate con SOKIND\u00ae Manufacturing:<\/h3>\n<p>Date ai vostri capi d'abbigliamento sportivo per ragazzi il vantaggio protettivo e la qualit\u00e0 superiore che i genitori moderni cercano. Contattate oggi stesso il nostro team per il commercio estero B2B per richiedere campioni fisici del modello SK-564 ed esplorare i prezzi all'ingrosso e l'integrazione personalizzata OEM\/ODM.<\/p>","protected":false},"excerpt":{"rendered":"<table>\n<tbody>\n<tr>\n<td><strong>Specifiche<\/strong><\/td>\n<td><strong>Dettagli<\/strong><\/td>\n<\/tr>\n<tr>\n<td><strong><b>Modello<\/b><\/strong><\/td>\n<td>SK-564<\/td>\n<\/tr>\n<tr>\n<td><strong><b>Categoria di prodotto<\/b><\/strong><\/td>\n<td>Camoscio da ciclismo per bambini \/ Inserto per giovani<\/td>\n<\/tr>\n<tr>\n<td><strong><b>Dimensioni<\/b><\/strong><\/td>\n<td>26 cm (lunghezza) x 15 cm (larghezza)<\/td>\n<\/tr>\n<tr>\n<td><strong><b>Profilo di spessore<\/b><\/strong><\/td>\n<td>2,0 mm (bordo) \/ 6,0 mm (centro) \/ 8,0 mm (nucleo)<\/td>\n<\/tr>\n<tr>\n<td><strong><b>Ammortizzazione del nucleo<\/b><\/strong><\/td>\n<td>60 kg\/m\u00b3 Schiuma reticolata ad alta densit\u00e0<\/td>\n<\/tr>\n<tr>\n<td><strong><b>Composizione del tessuto<\/b><\/strong><\/td>\n<td>80% Nylon, 20% Spandex<\/td>\n<\/tr>\n<tr>\n<td><strong><b>Uso consigliato<\/b><\/strong><\/td>\n<td>Allenamento dei giovani, equitazione familiare, pendolarismo \/ Fino a 6 ore<\/td>\n<\/tr>\n<\/tbody>\n<\/table>","protected":false},"featured_media":3272,"comment_status":"open","ping_status":"closed","template":"","meta":[],"product_brand":[],"product_cat":[52,50,51],"product_tag":[],"class_list":{"0":"post-3270","1":"product","2":"type-product","3":"status-publish","4":"has-post-thumbnail","6":"product_cat-pads-for-kids","7":"product_cat-pro-3d-pads","8":"product_cat-triathlon-pad","10":"first","11":"instock","12":"shipping-taxable","13":"product-type-simple"},"yoast_head":"<!-- This site is optimized with the Yoast SEO plugin v27.4 - https:\/\/yoast.com\/product\/yoast-seo-wordpress\/ -->\n<title>Wholesale Kids&#039; Cycling Chamois SK-564 3D Ergonomic Pad Manufacturer - Sokind Cycling Pad<\/title>\n<meta name=\"description\" content=\"Source premium youth cycling inserts direct from the SOKIND\u00ae factory. The SK-564 Kids&#039; Cycling Chamois features a low-bulk 8.0mm profile and 60kg\/m\u00b3 foam. Contact for best pricing!\" \/>\n<meta name=\"robots\" content=\"index, follow, max-snippet:-1, max-image-preview:large, max-video-preview:-1\" \/>\n<link rel=\"canonical\" href=\"https:\/\/sokindsport.com\/it\/prodotto\/bambini-allingrosso-scamosciati-ciclismo-sk-564-3d-pad-ergonomico-produttore\/\" \/>\n<meta property=\"og:locale\" content=\"it_IT\" \/>\n<meta property=\"og:type\" content=\"article\" \/>\n<meta property=\"og:title\" content=\"Wholesale Kids&#039; Cycling Chamois SK-564 3D Ergonomic Pad Manufacturer - Sokind Cycling Pad\" \/>\n<meta property=\"og:description\" content=\"Source premium youth cycling inserts direct from the SOKIND\u00ae factory. The SK-564 Kids&#039; Cycling Chamois features a low-bulk 8.0mm profile and 60kg\/m\u00b3 foam. Contact for best pricing!\" \/>\n<meta property=\"og:url\" content=\"https:\/\/sokindsport.com\/it\/prodotto\/bambini-allingrosso-scamosciati-ciclismo-sk-564-3d-pad-ergonomico-produttore\/\" \/>\n<meta property=\"og:site_name\" content=\"Sokind Cycling Pad\" \/>\n<meta property=\"og:image\" content=\"https:\/\/sokindsport.com\/wp-content\/uploads\/2026\/04\/Wholesale-Kids-Cycling-Chamois-SK-564-3D-Ergonomic-Pad-Manufacturer-1.jpg\" \/>\n\t<meta property=\"og:image:width\" content=\"800\" \/>\n\t<meta property=\"og:image:height\" content=\"800\" \/>\n\t<meta property=\"og:image:type\" content=\"image\/jpeg\" \/>\n<meta name=\"twitter:card\" content=\"summary_large_image\" \/>\n<meta name=\"twitter:label1\" content=\"Tempo di lettura stimato\" \/>\n\t<meta name=\"twitter:data1\" content=\"3 minuti\" \/>\n<script type=\"application\/ld+json\" class=\"yoast-schema-graph\">{\"@context\":\"https:\\\/\\\/schema.org\",\"@graph\":[{\"@type\":\"WebPage\",\"@id\":\"https:\\\/\\\/sokindsport.com\\\/product\\\/wholesale-kids-cycling-chamois-sk-564-3d-ergonomic-pad-manufacturer\\\/\",\"url\":\"https:\\\/\\\/sokindsport.com\\\/product\\\/wholesale-kids-cycling-chamois-sk-564-3d-ergonomic-pad-manufacturer\\\/\",\"name\":\"Wholesale Kids' Cycling Chamois SK-564 3D Ergonomic Pad Manufacturer - Sokind Cycling Pad\",\"isPartOf\":{\"@id\":\"https:\\\/\\\/sokindsport.com\\\/#website\"},\"primaryImageOfPage\":{\"@id\":\"https:\\\/\\\/sokindsport.com\\\/product\\\/wholesale-kids-cycling-chamois-sk-564-3d-ergonomic-pad-manufacturer\\\/#primaryimage\"},\"image\":{\"@id\":\"https:\\\/\\\/sokindsport.com\\\/product\\\/wholesale-kids-cycling-chamois-sk-564-3d-ergonomic-pad-manufacturer\\\/#primaryimage\"},\"thumbnailUrl\":\"https:\\\/\\\/sokindsport.com\\\/wp-content\\\/uploads\\\/2026\\\/04\\\/Wholesale-Kids-Cycling-Chamois-SK-564-3D-Ergonomic-Pad-Manufacturer-1.jpg\",\"datePublished\":\"2026-04-26T14:55:07+00:00\",\"description\":\"Source premium youth cycling inserts direct from the SOKIND\u00ae factory. The SK-564 Kids' Cycling Chamois features a low-bulk 8.0mm profile and 60kg\\\/m\u00b3 foam. Contact for best pricing!\",\"breadcrumb\":{\"@id\":\"https:\\\/\\\/sokindsport.com\\\/product\\\/wholesale-kids-cycling-chamois-sk-564-3d-ergonomic-pad-manufacturer\\\/#breadcrumb\"},\"inLanguage\":\"it-IT\",\"potentialAction\":[{\"@type\":\"ReadAction\",\"target\":[\"https:\\\/\\\/sokindsport.com\\\/product\\\/wholesale-kids-cycling-chamois-sk-564-3d-ergonomic-pad-manufacturer\\\/\"]}]},{\"@type\":\"ImageObject\",\"inLanguage\":\"it-IT\",\"@id\":\"https:\\\/\\\/sokindsport.com\\\/product\\\/wholesale-kids-cycling-chamois-sk-564-3d-ergonomic-pad-manufacturer\\\/#primaryimage\",\"url\":\"https:\\\/\\\/sokindsport.com\\\/wp-content\\\/uploads\\\/2026\\\/04\\\/Wholesale-Kids-Cycling-Chamois-SK-564-3D-Ergonomic-Pad-Manufacturer-1.jpg\",\"contentUrl\":\"https:\\\/\\\/sokindsport.com\\\/wp-content\\\/uploads\\\/2026\\\/04\\\/Wholesale-Kids-Cycling-Chamois-SK-564-3D-Ergonomic-Pad-Manufacturer-1.jpg\",\"width\":800,\"height\":800,\"caption\":\"Wholesale Kids' Cycling Chamois Sk 564 3d Ergonomic Pad Manufacturer (1)\"},{\"@type\":\"BreadcrumbList\",\"@id\":\"https:\\\/\\\/sokindsport.com\\\/product\\\/wholesale-kids-cycling-chamois-sk-564-3d-ergonomic-pad-manufacturer\\\/#breadcrumb\",\"itemListElement\":[{\"@type\":\"ListItem\",\"position\":1,\"name\":\"Home\",\"item\":\"https:\\\/\\\/sokindsport.com\\\/\"},{\"@type\":\"ListItem\",\"position\":2,\"name\":\"\u5546\u5e97\",\"item\":\"https:\\\/\\\/sokindsport.com\\\/shop\\\/\"},{\"@type\":\"ListItem\",\"position\":3,\"name\":\"Wholesale Kids&#8217; Cycling Chamois SK-564 3D Ergonomic Pad Manufacturer\"}]},{\"@type\":\"WebSite\",\"@id\":\"https:\\\/\\\/sokindsport.com\\\/#website\",\"url\":\"https:\\\/\\\/sokindsport.com\\\/\",\"name\":\"Sokind Cycling Pad\",\"description\":\"Sokind Cycling Pad\",\"publisher\":{\"@id\":\"https:\\\/\\\/sokindsport.com\\\/#organization\"},\"potentialAction\":[{\"@type\":\"SearchAction\",\"target\":{\"@type\":\"EntryPoint\",\"urlTemplate\":\"https:\\\/\\\/sokindsport.com\\\/?s={search_term_string}\"},\"query-input\":{\"@type\":\"PropertyValueSpecification\",\"valueRequired\":true,\"valueName\":\"search_term_string\"}}],\"inLanguage\":\"it-IT\"},{\"@type\":\"Organization\",\"@id\":\"https:\\\/\\\/sokindsport.com\\\/#organization\",\"name\":\"Sokind Cycling Pad\",\"url\":\"https:\\\/\\\/sokindsport.com\\\/\",\"logo\":{\"@type\":\"ImageObject\",\"inLanguage\":\"it-IT\",\"@id\":\"https:\\\/\\\/sokindsport.com\\\/#\\\/schema\\\/logo\\\/image\\\/\",\"url\":\"https:\\\/\\\/sokindsport.com\\\/wp-content\\\/uploads\\\/2022\\\/02\\\/Sokind-Sport-Logo.png\",\"contentUrl\":\"https:\\\/\\\/sokindsport.com\\\/wp-content\\\/uploads\\\/2022\\\/02\\\/Sokind-Sport-Logo.png\",\"width\":250,\"height\":64,\"caption\":\"Sokind Cycling Pad\"},\"image\":{\"@id\":\"https:\\\/\\\/sokindsport.com\\\/#\\\/schema\\\/logo\\\/image\\\/\"}}]}<\/script>\n<!-- \/ Yoast SEO plugin. -->","yoast_head_json":{"title":"Commercio all'ingrosso Bambini Ciclismo Camoscio SK-564 3D Ergonomico Pad Produttore - Sokind Ciclismo Pad","description":"Procuratevi i migliori inserti per ciclismo giovanile direttamente dalla fabbrica di SOKIND\u00ae. Il camoscio da ciclismo SK-564 per bambini \u00e8 caratterizzato da un profilo a bassa densit\u00e0 di 8,0 mm e da una schiuma di 60 kg\/m\u00b3. Contattate per ottenere i prezzi migliori!","robots":{"index":"index","follow":"follow","max-snippet":"max-snippet:-1","max-image-preview":"max-image-preview:large","max-video-preview":"max-video-preview:-1"},"canonical":"https:\/\/sokindsport.com\/it\/prodotto\/bambini-allingrosso-scamosciati-ciclismo-sk-564-3d-pad-ergonomico-produttore\/","og_locale":"it_IT","og_type":"article","og_title":"Wholesale Kids' Cycling Chamois SK-564 3D Ergonomic Pad Manufacturer - Sokind Cycling Pad","og_description":"Source premium youth cycling inserts direct from the SOKIND\u00ae factory. The SK-564 Kids' Cycling Chamois features a low-bulk 8.0mm profile and 60kg\/m\u00b3 foam. Contact for best pricing!","og_url":"https:\/\/sokindsport.com\/it\/prodotto\/bambini-allingrosso-scamosciati-ciclismo-sk-564-3d-pad-ergonomico-produttore\/","og_site_name":"Sokind Cycling Pad","og_image":[{"width":800,"height":800,"url":"https:\/\/sokindsport.com\/wp-content\/uploads\/2026\/04\/Wholesale-Kids-Cycling-Chamois-SK-564-3D-Ergonomic-Pad-Manufacturer-1.jpg","type":"image\/jpeg"}],"twitter_card":"summary_large_image","twitter_misc":{"Tempo di lettura stimato":"3 minuti"},"schema":{"@context":"https:\/\/schema.org","@graph":[{"@type":"WebPage","@id":"https:\/\/sokindsport.com\/product\/wholesale-kids-cycling-chamois-sk-564-3d-ergonomic-pad-manufacturer\/","url":"https:\/\/sokindsport.com\/product\/wholesale-kids-cycling-chamois-sk-564-3d-ergonomic-pad-manufacturer\/","name":"Commercio all'ingrosso Bambini Ciclismo Camoscio SK-564 3D Ergonomico Pad Produttore - Sokind Ciclismo Pad","isPartOf":{"@id":"https:\/\/sokindsport.com\/#website"},"primaryImageOfPage":{"@id":"https:\/\/sokindsport.com\/product\/wholesale-kids-cycling-chamois-sk-564-3d-ergonomic-pad-manufacturer\/#primaryimage"},"image":{"@id":"https:\/\/sokindsport.com\/product\/wholesale-kids-cycling-chamois-sk-564-3d-ergonomic-pad-manufacturer\/#primaryimage"},"thumbnailUrl":"https:\/\/sokindsport.com\/wp-content\/uploads\/2026\/04\/Wholesale-Kids-Cycling-Chamois-SK-564-3D-Ergonomic-Pad-Manufacturer-1.jpg","datePublished":"2026-04-26T14:55:07+00:00","description":"Procuratevi i migliori inserti per ciclismo giovanile direttamente dalla fabbrica di SOKIND\u00ae. Il camoscio da ciclismo SK-564 per bambini \u00e8 caratterizzato da un profilo a bassa densit\u00e0 di 8,0 mm e da una schiuma di 60 kg\/m\u00b3. Contattate per ottenere i prezzi migliori!","breadcrumb":{"@id":"https:\/\/sokindsport.com\/product\/wholesale-kids-cycling-chamois-sk-564-3d-ergonomic-pad-manufacturer\/#breadcrumb"},"inLanguage":"it-IT","potentialAction":[{"@type":"ReadAction","target":["https:\/\/sokindsport.com\/product\/wholesale-kids-cycling-chamois-sk-564-3d-ergonomic-pad-manufacturer\/"]}]},{"@type":"ImageObject","inLanguage":"it-IT","@id":"https:\/\/sokindsport.com\/product\/wholesale-kids-cycling-chamois-sk-564-3d-ergonomic-pad-manufacturer\/#primaryimage","url":"https:\/\/sokindsport.com\/wp-content\/uploads\/2026\/04\/Wholesale-Kids-Cycling-Chamois-SK-564-3D-Ergonomic-Pad-Manufacturer-1.jpg","contentUrl":"https:\/\/sokindsport.com\/wp-content\/uploads\/2026\/04\/Wholesale-Kids-Cycling-Chamois-SK-564-3D-Ergonomic-Pad-Manufacturer-1.jpg","width":800,"height":800,"caption":"Wholesale Kids' Cycling Chamois Sk 564 3d Ergonomic Pad Manufacturer (1)"},{"@type":"BreadcrumbList","@id":"https:\/\/sokindsport.com\/product\/wholesale-kids-cycling-chamois-sk-564-3d-ergonomic-pad-manufacturer\/#breadcrumb","itemListElement":[{"@type":"ListItem","position":1,"name":"Home","item":"https:\/\/sokindsport.com\/"},{"@type":"ListItem","position":2,"name":"\u5546\u5e97","item":"https:\/\/sokindsport.com\/shop\/"},{"@type":"ListItem","position":3,"name":"Wholesale Kids&#8217; Cycling Chamois SK-564 3D Ergonomic Pad Manufacturer"}]},{"@type":"WebSite","@id":"https:\/\/sokindsport.com\/#website","url":"https:\/\/sokindsport.com\/","name":"Cuscino da ciclismo Sokind","description":"Cuscino da ciclismo Sokind","publisher":{"@id":"https:\/\/sokindsport.com\/#organization"},"potentialAction":[{"@type":"SearchAction","target":{"@type":"EntryPoint","urlTemplate":"https:\/\/sokindsport.com\/?s={search_term_string}"},"query-input":{"@type":"PropertyValueSpecification","valueRequired":true,"valueName":"search_term_string"}}],"inLanguage":"it-IT"},{"@type":"Organization","@id":"https:\/\/sokindsport.com\/#organization","name":"Cuscino da ciclismo Sokind","url":"https:\/\/sokindsport.com\/","logo":{"@type":"ImageObject","inLanguage":"it-IT","@id":"https:\/\/sokindsport.com\/#\/schema\/logo\/image\/","url":"https:\/\/sokindsport.com\/wp-content\/uploads\/2022\/02\/Sokind-Sport-Logo.png","contentUrl":"https:\/\/sokindsport.com\/wp-content\/uploads\/2022\/02\/Sokind-Sport-Logo.png","width":250,"height":64,"caption":"Sokind Cycling Pad"},"image":{"@id":"https:\/\/sokindsport.com\/#\/schema\/logo\/image\/"}}]}},"_links":{"self":[{"href":"https:\/\/sokindsport.com\/it\/wp-json\/wp\/v2\/product\/3270","targetHints":{"allow":["GET"]}}],"collection":[{"href":"https:\/\/sokindsport.com\/it\/wp-json\/wp\/v2\/product"}],"about":[{"href":"https:\/\/sokindsport.com\/it\/wp-json\/wp\/v2\/types\/product"}],"replies":[{"embeddable":true,"href":"https:\/\/sokindsport.com\/it\/wp-json\/wp\/v2\/comments?post=3270"}],"version-history":[{"count":1,"href":"https:\/\/sokindsport.com\/it\/wp-json\/wp\/v2\/product\/3270\/revisions"}],"predecessor-version":[{"id":3278,"href":"https:\/\/sokindsport.com\/it\/wp-json\/wp\/v2\/product\/3270\/revisions\/3278"}],"wp:featuredmedia":[{"embeddable":true,"href":"https:\/\/sokindsport.com\/it\/wp-json\/wp\/v2\/media\/3272"}],"wp:attachment":[{"href":"https:\/\/sokindsport.com\/it\/wp-json\/wp\/v2\/media?parent=3270"}],"wp:term":[{"taxonomy":"product_brand","embeddable":true,"href":"https:\/\/sokindsport.com\/it\/wp-json\/wp\/v2\/product_brand?post=3270"},{"taxonomy":"product_cat","embeddable":true,"href":"https:\/\/sokindsport.com\/it\/wp-json\/wp\/v2\/product_cat?post=3270"},{"taxonomy":"product_tag","embeddable":true,"href":"https:\/\/sokindsport.com\/it\/wp-json\/wp\/v2\/product_tag?post=3270"}],"curies":[{"name":"wp","href":"https:\/\/api.w.org\/{rel}","templated":true}]}}