{"id":3200,"date":"2026-04-26T13:56:44","date_gmt":"2026-04-26T13:56:44","guid":{"rendered":"https:\/\/sokindsport.com\/?post_type=product&#038;p=3200"},"modified":"2026-04-26T13:56:44","modified_gmt":"2026-04-26T13:56:44","slug":"pantaloni-da-triathlon-unisex-da-ciclismo-pad-sk-418-produttore-allingrosso","status":"publish","type":"product","link":"https:\/\/sokindsport.com\/it\/product\/wholesale-unisex-triathlon-cycling-pants-pad-sk-418-manufacturer\/","title":{"rendered":"Commercio all'ingrosso Unisex Triathlon Ciclismo Pantaloni Pad SK-418 Produttore"},"content":{"rendered":"<p><img fetchpriority=\"high\" decoding=\"async\" class=\"alignnone size-full wp-image-3207\" src=\"https:\/\/sokindsport.com\/wp-content\/uploads\/2026\/04\/Wholesale-Unisex-Triathlon-Cycling-Pants-Pad-SK-418-Manufacturer-6-scaled.jpg\" alt=\"all&#039;ingrosso Unisex Triathlon Ciclismo Pantaloni Pad Sk 418 Produttore (6)\" width=\"2560\" height=\"1810\" srcset=\"https:\/\/sokindsport.com\/wp-content\/uploads\/2026\/04\/Wholesale-Unisex-Triathlon-Cycling-Pants-Pad-SK-418-Manufacturer-6-scaled.jpg 2560w, https:\/\/sokindsport.com\/wp-content\/uploads\/2026\/04\/Wholesale-Unisex-Triathlon-Cycling-Pants-Pad-SK-418-Manufacturer-6-768x543.jpg 768w, https:\/\/sokindsport.com\/wp-content\/uploads\/2026\/04\/Wholesale-Unisex-Triathlon-Cycling-Pants-Pad-SK-418-Manufacturer-6-1536x1086.jpg 1536w, https:\/\/sokindsport.com\/wp-content\/uploads\/2026\/04\/Wholesale-Unisex-Triathlon-Cycling-Pants-Pad-SK-418-Manufacturer-6-2048x1448.jpg 2048w, https:\/\/sokindsport.com\/wp-content\/uploads\/2026\/04\/Wholesale-Unisex-Triathlon-Cycling-Pants-Pad-SK-418-Manufacturer-6-18x12.jpg 18w, https:\/\/sokindsport.com\/wp-content\/uploads\/2026\/04\/Wholesale-Unisex-Triathlon-Cycling-Pants-Pad-SK-418-Manufacturer-6-600x424.jpg 600w\" sizes=\"(max-width: 2560px) 100vw, 2560px\" \/><\/p>\n<h2>SOKIND\u00ae SK-418: Imbottitura per pantaloni da ciclismo da triathlon unisex certificata OEKO-TEX\u00ae<\/h2>\n<h3>Ottimizzate la vostra linea di abbigliamento multisport con il comfort di un unico pezzo<\/h3>\n<p>Nell'esigente mondo del triathlon e degli sport di resistenza ad alta intensit\u00e0, gli atleti hanno bisogno di un abbigliamento che funzioni perfettamente in tutte le discipline senza ostacolarli. In qualit\u00e0 di produttore specializzato di componenti atletici d'\u00e9lite, SOKIND\u00ae ha progettato SK-418, un fondello per pantaloni da ciclismo da triathlon unisex estremamente versatile.<\/p>\n<p>Progettato per offrire il perfetto equilibrio tra ammortizzazione nel ciclismo e libert\u00e0 di corsa, questo fondello utilizza un'anima in schiuma reticolata da 60 kg\/m\u00b3 modellata con precisione e una miscela di tessuti ad asciugatura rapida \u201cgolden ratio\u201d. Con la certificazione OEKO-TEX\u00ae Standard 100, l'SK-418 offre ai marchi di abbigliamento un componente affidabile, sicuro e altamente efficiente che garantisce prestazioni professionali per oltre 6 ore.<\/p>\n<h3>Innovazioni tecniche avanzate<\/h3>\n<p><strong>\u201cMiscela di tessuti \u201dGolden Ratio<\/strong>: La superficie a contatto con la pelle \u00e8 realizzata con una miscela scientificamente bilanciata di nylon 71%, poliestere 18% e spandex 11%. Questa precisa composizione massimizza l'elasticit\u00e0 in quattro direzioni, la resistenza all'usura e la capacit\u00e0 di trasportare rapidamente l'umidit\u00e0.<\/p>\n<p><strong>Anima in schiuma reticolata unibody<\/strong>: L'interno \u00e8 costituito da una robusta spugna reticolata ad alta densit\u00e0 da 60 kg\/m\u00b3. Utilizzando una tecnologia avanzata di stampaggio in un unico pezzo, la schiuma offre un'ammortizzazione eccellente e uniforme che rifiuta di separarsi o degradarsi nel tempo.<\/p>\n<p><strong>Sagomatura ergonomica 3D<\/strong>: Il fondello \u00e8 tagliato tridimensionalmente per adattarsi perfettamente alle curve naturali del corpo umano. Questo design unisex si adatta a un'ampia gamma di atleti, riducendo al minimo l'attrito interno dell'indumento.<\/p>\n<p><strong>Profilo ottimizzato per il triathlon<\/strong>: Con dimensioni di 27 cm x 16 cm, il fondello offre un ingombro ridotto. Presenta un nucleo di 10,0 mm che assorbe gli urti e si assottiglia fino a un bordo di 3,0 mm, garantendo una protezione essenziale della sella senza interferenze ingombranti durante il nuoto o la corsa.<\/p>\n<p>Vantaggi strategici per i clienti e il marchio<\/p>\n<p><strong>Nessun cedimento, massima stabilit\u00e0<\/strong>: Grazie al tessuto altamente elastico e allo stampaggio in un unico pezzo, il fondello mantiene la sua integrit\u00e0 strutturale e rimane perfettamente in posizione. Gli atleti non avranno alcun cedimento, anche dopo ore di corsa estenuante e di lunga durata.<\/p>\n<p><strong>Transizioni multisport senza soluzione di continuit\u00e0<\/strong>: La schiuma reticolata altamente traspirante e il tessuto \u201cgolden ratio\u201d ad asciugatura rapida espellono attivamente acqua e sudore. Gli atleti possono passare dall'acqua alla bicicletta con un'esperienza asciutta e priva di irritazioni.<\/p>\n<p><strong>Efficienza dell'inventario<\/strong>: Acquistando un fondello unisex altamente ingegnerizzato, \u00e8 possibile semplificare il processo di produzione e la gestione dell'inventario, integrando senza problemi questo componente di alta qualit\u00e0 nelle tute da triathlon da uomo e da donna.<\/p>\n<p><strong>Aumento della fiducia nel marchio<\/strong>: L'utilizzo di materiali certificati OEKO-TEX\u00ae Standard 100 dimostra l'impegno del vostro marchio per la qualit\u00e0, la salute e la sicurezza ambientale, rappresentando un potente punto di forza per i consumatori internazionali.<\/p>\n<h3>Collaborate con SOKIND\u00ae Manufacturing:<\/h3>\n<p>Assicuratevi che l'abbigliamento da triathlon offra prestazioni da podio. Contattate oggi stesso il nostro team per il commercio estero B2B per richiedere campioni fisici dell'SK-418, verificare le nostre certificazioni OEKO-TEX\u00ae ed esplorare i prezzi all'ingrosso e l'integrazione personalizzata OEM\/ODM.<\/p>\n<p>&nbsp;<\/p>","protected":false},"excerpt":{"rendered":"<table>\n<tbody>\n<tr>\n<td><strong>Specifiche<\/strong><\/td>\n<td><strong>Dettagli<\/strong><\/td>\n<\/tr>\n<tr>\n<td><strong><b>Modello<\/b><\/strong><\/td>\n<td>SK-418<\/td>\n<\/tr>\n<tr>\n<td><strong><b>Categoria di prodotto<\/b><\/strong><\/td>\n<td>Imbottitura per pantaloni da triathlon (Unisex)<\/td>\n<\/tr>\n<tr>\n<td><strong><b>Certificazione<\/b><\/strong><\/td>\n<td>OEKO-TEX\u00ae Standard 100<\/td>\n<\/tr>\n<tr>\n<td><strong><b>Dimensioni<\/b><\/strong><\/td>\n<td>27 cm (lunghezza) x 16 cm (larghezza)<\/td>\n<\/tr>\n<tr>\n<td><strong><b>Profilo di spessore<\/b><\/strong><\/td>\n<td>3,0 mm (bordo) \/ 10,0 mm (centro) \/ 10,0 mm (nucleo)<\/td>\n<\/tr>\n<tr>\n<td><strong><b>Ammortizzazione del nucleo<\/b><\/strong><\/td>\n<td>60 kg\/m\u00b3 Schiuma reticolata ad alta densit\u00e0<\/td>\n<\/tr>\n<tr>\n<td><strong><b>Composizione del tessuto<\/b><\/strong><\/td>\n<td>Nylon 71%, poliestere 18%, elastan 11%<\/td>\n<\/tr>\n<tr>\n<td><strong><b>Uso consigliato<\/b><\/strong><\/td>\n<td>Triathlon, Esercizio ad alta intensit\u00e0 \/ 6 ore+<\/td>\n<\/tr>\n<\/tbody>\n<\/table>","protected":false},"featured_media":3202,"comment_status":"open","ping_status":"closed","template":"","meta":[],"product_brand":[],"product_cat":[50,51],"product_tag":[],"class_list":{"0":"post-3200","1":"product","2":"type-product","3":"status-publish","4":"has-post-thumbnail","6":"product_cat-pro-3d-pads","7":"product_cat-triathlon-pad","9":"first","10":"instock","11":"shipping-taxable","12":"product-type-simple"},"yoast_head":"<!-- This site is optimized with the Yoast SEO plugin v27.4 - https:\/\/yoast.com\/product\/yoast-seo-wordpress\/ -->\n<title>Wholesale Unisex Triathlon Cycling Pants Pad SK-418 Manufacturer - Sokind Cycling Pad<\/title>\n<meta name=\"description\" content=\"Source premium triathlon inserts direct from the SOKIND\u00ae factory. The SK-418 Triathlon Cycling Pants Pad features a quick-dry 10.0mm profile and 60kg\/m\u00b3 foam. Contact for B2B pricing!\" \/>\n<meta name=\"robots\" content=\"index, follow, max-snippet:-1, max-image-preview:large, max-video-preview:-1\" \/>\n<link rel=\"canonical\" href=\"https:\/\/sokindsport.com\/it\/prodotto\/pantaloni-da-triathlon-unisex-da-ciclismo-pad-sk-418-produttore-allingrosso\/\" \/>\n<meta property=\"og:locale\" content=\"it_IT\" \/>\n<meta property=\"og:type\" content=\"article\" \/>\n<meta property=\"og:title\" content=\"Wholesale Unisex Triathlon Cycling Pants Pad SK-418 Manufacturer - Sokind Cycling Pad\" \/>\n<meta property=\"og:description\" content=\"Source premium triathlon inserts direct from the SOKIND\u00ae factory. The SK-418 Triathlon Cycling Pants Pad features a quick-dry 10.0mm profile and 60kg\/m\u00b3 foam. Contact for B2B pricing!\" \/>\n<meta property=\"og:url\" content=\"https:\/\/sokindsport.com\/it\/prodotto\/pantaloni-da-triathlon-unisex-da-ciclismo-pad-sk-418-produttore-allingrosso\/\" \/>\n<meta property=\"og:site_name\" content=\"Sokind Cycling Pad\" \/>\n<meta property=\"og:image\" content=\"https:\/\/sokindsport.com\/wp-content\/uploads\/2026\/04\/Wholesale-Unisex-Triathlon-Cycling-Pants-Pad-SK-418-Manufacturer-1.jpg\" \/>\n\t<meta property=\"og:image:width\" content=\"800\" \/>\n\t<meta property=\"og:image:height\" content=\"800\" \/>\n\t<meta property=\"og:image:type\" content=\"image\/jpeg\" \/>\n<meta name=\"twitter:card\" content=\"summary_large_image\" \/>\n<meta name=\"twitter:label1\" content=\"Tempo di lettura stimato\" \/>\n\t<meta name=\"twitter:data1\" content=\"3 minuti\" \/>\n<script type=\"application\/ld+json\" class=\"yoast-schema-graph\">{\"@context\":\"https:\\\/\\\/schema.org\",\"@graph\":[{\"@type\":\"WebPage\",\"@id\":\"https:\\\/\\\/sokindsport.com\\\/product\\\/wholesale-unisex-triathlon-cycling-pants-pad-sk-418-manufacturer\\\/\",\"url\":\"https:\\\/\\\/sokindsport.com\\\/product\\\/wholesale-unisex-triathlon-cycling-pants-pad-sk-418-manufacturer\\\/\",\"name\":\"Wholesale Unisex Triathlon Cycling Pants Pad SK-418 Manufacturer - Sokind Cycling Pad\",\"isPartOf\":{\"@id\":\"https:\\\/\\\/sokindsport.com\\\/#website\"},\"primaryImageOfPage\":{\"@id\":\"https:\\\/\\\/sokindsport.com\\\/product\\\/wholesale-unisex-triathlon-cycling-pants-pad-sk-418-manufacturer\\\/#primaryimage\"},\"image\":{\"@id\":\"https:\\\/\\\/sokindsport.com\\\/product\\\/wholesale-unisex-triathlon-cycling-pants-pad-sk-418-manufacturer\\\/#primaryimage\"},\"thumbnailUrl\":\"https:\\\/\\\/sokindsport.com\\\/wp-content\\\/uploads\\\/2026\\\/04\\\/Wholesale-Unisex-Triathlon-Cycling-Pants-Pad-SK-418-Manufacturer-1.jpg\",\"datePublished\":\"2026-04-26T13:56:44+00:00\",\"description\":\"Source premium triathlon inserts direct from the SOKIND\u00ae factory. The SK-418 Triathlon Cycling Pants Pad features a quick-dry 10.0mm profile and 60kg\\\/m\u00b3 foam. Contact for B2B pricing!\",\"breadcrumb\":{\"@id\":\"https:\\\/\\\/sokindsport.com\\\/product\\\/wholesale-unisex-triathlon-cycling-pants-pad-sk-418-manufacturer\\\/#breadcrumb\"},\"inLanguage\":\"it-IT\",\"potentialAction\":[{\"@type\":\"ReadAction\",\"target\":[\"https:\\\/\\\/sokindsport.com\\\/product\\\/wholesale-unisex-triathlon-cycling-pants-pad-sk-418-manufacturer\\\/\"]}]},{\"@type\":\"ImageObject\",\"inLanguage\":\"it-IT\",\"@id\":\"https:\\\/\\\/sokindsport.com\\\/product\\\/wholesale-unisex-triathlon-cycling-pants-pad-sk-418-manufacturer\\\/#primaryimage\",\"url\":\"https:\\\/\\\/sokindsport.com\\\/wp-content\\\/uploads\\\/2026\\\/04\\\/Wholesale-Unisex-Triathlon-Cycling-Pants-Pad-SK-418-Manufacturer-1.jpg\",\"contentUrl\":\"https:\\\/\\\/sokindsport.com\\\/wp-content\\\/uploads\\\/2026\\\/04\\\/Wholesale-Unisex-Triathlon-Cycling-Pants-Pad-SK-418-Manufacturer-1.jpg\",\"width\":800,\"height\":800,\"caption\":\"Wholesale Unisex Triathlon Cycling Pants Pad Sk 418 Manufacturer (1)\"},{\"@type\":\"BreadcrumbList\",\"@id\":\"https:\\\/\\\/sokindsport.com\\\/product\\\/wholesale-unisex-triathlon-cycling-pants-pad-sk-418-manufacturer\\\/#breadcrumb\",\"itemListElement\":[{\"@type\":\"ListItem\",\"position\":1,\"name\":\"Home\",\"item\":\"https:\\\/\\\/sokindsport.com\\\/\"},{\"@type\":\"ListItem\",\"position\":2,\"name\":\"\u5546\u5e97\",\"item\":\"https:\\\/\\\/sokindsport.com\\\/shop\\\/\"},{\"@type\":\"ListItem\",\"position\":3,\"name\":\"Wholesale Unisex Triathlon Cycling Pants Pad SK-418 Manufacturer\"}]},{\"@type\":\"WebSite\",\"@id\":\"https:\\\/\\\/sokindsport.com\\\/#website\",\"url\":\"https:\\\/\\\/sokindsport.com\\\/\",\"name\":\"Sokind Cycling Pad\",\"description\":\"Sokind Cycling Pad\",\"publisher\":{\"@id\":\"https:\\\/\\\/sokindsport.com\\\/#organization\"},\"potentialAction\":[{\"@type\":\"SearchAction\",\"target\":{\"@type\":\"EntryPoint\",\"urlTemplate\":\"https:\\\/\\\/sokindsport.com\\\/?s={search_term_string}\"},\"query-input\":{\"@type\":\"PropertyValueSpecification\",\"valueRequired\":true,\"valueName\":\"search_term_string\"}}],\"inLanguage\":\"it-IT\"},{\"@type\":\"Organization\",\"@id\":\"https:\\\/\\\/sokindsport.com\\\/#organization\",\"name\":\"Sokind Cycling Pad\",\"url\":\"https:\\\/\\\/sokindsport.com\\\/\",\"logo\":{\"@type\":\"ImageObject\",\"inLanguage\":\"it-IT\",\"@id\":\"https:\\\/\\\/sokindsport.com\\\/#\\\/schema\\\/logo\\\/image\\\/\",\"url\":\"https:\\\/\\\/sokindsport.com\\\/wp-content\\\/uploads\\\/2022\\\/02\\\/Sokind-Sport-Logo.png\",\"contentUrl\":\"https:\\\/\\\/sokindsport.com\\\/wp-content\\\/uploads\\\/2022\\\/02\\\/Sokind-Sport-Logo.png\",\"width\":250,\"height\":64,\"caption\":\"Sokind Cycling Pad\"},\"image\":{\"@id\":\"https:\\\/\\\/sokindsport.com\\\/#\\\/schema\\\/logo\\\/image\\\/\"}}]}<\/script>\n<!-- \/ Yoast SEO plugin. -->","yoast_head_json":{"title":"all'ingrosso Unisex Triathlon Ciclismo Pantaloni Pad SK-418 Produttore - Sokind Ciclismo Pad","description":"Procuratevi i migliori inserti per il triathlon direttamente dalla fabbrica di SOKIND\u00ae. Il fondello per pantaloni da ciclismo SK-418 \u00e8 caratterizzato da un profilo di 10,0 mm ad asciugatura rapida e da una schiuma di 60 kg\/m\u00b3. Contattate per i prezzi B2B!","robots":{"index":"index","follow":"follow","max-snippet":"max-snippet:-1","max-image-preview":"max-image-preview:large","max-video-preview":"max-video-preview:-1"},"canonical":"https:\/\/sokindsport.com\/it\/prodotto\/pantaloni-da-triathlon-unisex-da-ciclismo-pad-sk-418-produttore-allingrosso\/","og_locale":"it_IT","og_type":"article","og_title":"Wholesale Unisex Triathlon Cycling Pants Pad SK-418 Manufacturer - Sokind Cycling Pad","og_description":"Source premium triathlon inserts direct from the SOKIND\u00ae factory. The SK-418 Triathlon Cycling Pants Pad features a quick-dry 10.0mm profile and 60kg\/m\u00b3 foam. Contact for B2B pricing!","og_url":"https:\/\/sokindsport.com\/it\/prodotto\/pantaloni-da-triathlon-unisex-da-ciclismo-pad-sk-418-produttore-allingrosso\/","og_site_name":"Sokind Cycling Pad","og_image":[{"width":800,"height":800,"url":"https:\/\/sokindsport.com\/wp-content\/uploads\/2026\/04\/Wholesale-Unisex-Triathlon-Cycling-Pants-Pad-SK-418-Manufacturer-1.jpg","type":"image\/jpeg"}],"twitter_card":"summary_large_image","twitter_misc":{"Tempo di lettura stimato":"3 minuti"},"schema":{"@context":"https:\/\/schema.org","@graph":[{"@type":"WebPage","@id":"https:\/\/sokindsport.com\/product\/wholesale-unisex-triathlon-cycling-pants-pad-sk-418-manufacturer\/","url":"https:\/\/sokindsport.com\/product\/wholesale-unisex-triathlon-cycling-pants-pad-sk-418-manufacturer\/","name":"all'ingrosso Unisex Triathlon Ciclismo Pantaloni Pad SK-418 Produttore - Sokind Ciclismo Pad","isPartOf":{"@id":"https:\/\/sokindsport.com\/#website"},"primaryImageOfPage":{"@id":"https:\/\/sokindsport.com\/product\/wholesale-unisex-triathlon-cycling-pants-pad-sk-418-manufacturer\/#primaryimage"},"image":{"@id":"https:\/\/sokindsport.com\/product\/wholesale-unisex-triathlon-cycling-pants-pad-sk-418-manufacturer\/#primaryimage"},"thumbnailUrl":"https:\/\/sokindsport.com\/wp-content\/uploads\/2026\/04\/Wholesale-Unisex-Triathlon-Cycling-Pants-Pad-SK-418-Manufacturer-1.jpg","datePublished":"2026-04-26T13:56:44+00:00","description":"Procuratevi i migliori inserti per il triathlon direttamente dalla fabbrica di SOKIND\u00ae. Il fondello per pantaloni da ciclismo SK-418 \u00e8 caratterizzato da un profilo di 10,0 mm ad asciugatura rapida e da una schiuma di 60 kg\/m\u00b3. Contattate per i prezzi B2B!","breadcrumb":{"@id":"https:\/\/sokindsport.com\/product\/wholesale-unisex-triathlon-cycling-pants-pad-sk-418-manufacturer\/#breadcrumb"},"inLanguage":"it-IT","potentialAction":[{"@type":"ReadAction","target":["https:\/\/sokindsport.com\/product\/wholesale-unisex-triathlon-cycling-pants-pad-sk-418-manufacturer\/"]}]},{"@type":"ImageObject","inLanguage":"it-IT","@id":"https:\/\/sokindsport.com\/product\/wholesale-unisex-triathlon-cycling-pants-pad-sk-418-manufacturer\/#primaryimage","url":"https:\/\/sokindsport.com\/wp-content\/uploads\/2026\/04\/Wholesale-Unisex-Triathlon-Cycling-Pants-Pad-SK-418-Manufacturer-1.jpg","contentUrl":"https:\/\/sokindsport.com\/wp-content\/uploads\/2026\/04\/Wholesale-Unisex-Triathlon-Cycling-Pants-Pad-SK-418-Manufacturer-1.jpg","width":800,"height":800,"caption":"Wholesale Unisex Triathlon Cycling Pants Pad Sk 418 Manufacturer (1)"},{"@type":"BreadcrumbList","@id":"https:\/\/sokindsport.com\/product\/wholesale-unisex-triathlon-cycling-pants-pad-sk-418-manufacturer\/#breadcrumb","itemListElement":[{"@type":"ListItem","position":1,"name":"Home","item":"https:\/\/sokindsport.com\/"},{"@type":"ListItem","position":2,"name":"\u5546\u5e97","item":"https:\/\/sokindsport.com\/shop\/"},{"@type":"ListItem","position":3,"name":"Wholesale Unisex Triathlon Cycling Pants Pad SK-418 Manufacturer"}]},{"@type":"WebSite","@id":"https:\/\/sokindsport.com\/#website","url":"https:\/\/sokindsport.com\/","name":"Cuscino da ciclismo Sokind","description":"Cuscino da ciclismo Sokind","publisher":{"@id":"https:\/\/sokindsport.com\/#organization"},"potentialAction":[{"@type":"SearchAction","target":{"@type":"EntryPoint","urlTemplate":"https:\/\/sokindsport.com\/?s={search_term_string}"},"query-input":{"@type":"PropertyValueSpecification","valueRequired":true,"valueName":"search_term_string"}}],"inLanguage":"it-IT"},{"@type":"Organization","@id":"https:\/\/sokindsport.com\/#organization","name":"Cuscino da ciclismo Sokind","url":"https:\/\/sokindsport.com\/","logo":{"@type":"ImageObject","inLanguage":"it-IT","@id":"https:\/\/sokindsport.com\/#\/schema\/logo\/image\/","url":"https:\/\/sokindsport.com\/wp-content\/uploads\/2022\/02\/Sokind-Sport-Logo.png","contentUrl":"https:\/\/sokindsport.com\/wp-content\/uploads\/2022\/02\/Sokind-Sport-Logo.png","width":250,"height":64,"caption":"Sokind Cycling Pad"},"image":{"@id":"https:\/\/sokindsport.com\/#\/schema\/logo\/image\/"}}]}},"_links":{"self":[{"href":"https:\/\/sokindsport.com\/it\/wp-json\/wp\/v2\/product\/3200","targetHints":{"allow":["GET"]}}],"collection":[{"href":"https:\/\/sokindsport.com\/it\/wp-json\/wp\/v2\/product"}],"about":[{"href":"https:\/\/sokindsport.com\/it\/wp-json\/wp\/v2\/types\/product"}],"replies":[{"embeddable":true,"href":"https:\/\/sokindsport.com\/it\/wp-json\/wp\/v2\/comments?post=3200"}],"version-history":[{"count":1,"href":"https:\/\/sokindsport.com\/it\/wp-json\/wp\/v2\/product\/3200\/revisions"}],"predecessor-version":[{"id":3208,"href":"https:\/\/sokindsport.com\/it\/wp-json\/wp\/v2\/product\/3200\/revisions\/3208"}],"wp:featuredmedia":[{"embeddable":true,"href":"https:\/\/sokindsport.com\/it\/wp-json\/wp\/v2\/media\/3202"}],"wp:attachment":[{"href":"https:\/\/sokindsport.com\/it\/wp-json\/wp\/v2\/media?parent=3200"}],"wp:term":[{"taxonomy":"product_brand","embeddable":true,"href":"https:\/\/sokindsport.com\/it\/wp-json\/wp\/v2\/product_brand?post=3200"},{"taxonomy":"product_cat","embeddable":true,"href":"https:\/\/sokindsport.com\/it\/wp-json\/wp\/v2\/product_cat?post=3200"},{"taxonomy":"product_tag","embeddable":true,"href":"https:\/\/sokindsport.com\/it\/wp-json\/wp\/v2\/product_tag?post=3200"}],"curies":[{"name":"wp","href":"https:\/\/api.w.org\/{rel}","templated":true}]}}