{"id":3160,"date":"2026-04-09T10:00:08","date_gmt":"2026-04-09T10:00:08","guid":{"rendered":"https:\/\/sokindsport.com\/?post_type=product&#038;p=3160"},"modified":"2026-04-09T10:00:09","modified_gmt":"2026-04-09T10:00:09","slug":"oeko-tex-certified-mens-3d-cycling-pad-b2b-chamois-supplier","status":"publish","type":"product","link":"https:\/\/sokindsport.com\/it\/product\/oeko-tex-certified-mens-3d-cycling-pad-b2b-chamois-supplier\/","title":{"rendered":"Imbottitura da ciclismo 3D da uomo certificata OEKO-TEX | Fornitore di camosci B2B"},"content":{"rendered":"<p><img fetchpriority=\"high\" decoding=\"async\" class=\"alignnone size-full wp-image-3163\" src=\"https:\/\/sokindsport.com\/wp-content\/uploads\/2026\/04\/OEKO-TEX-Certified-Mens-3D-Cycling-Pad-B2B-Chamois-Supplier-2.jpg\" alt=\"Oeko Tex Certified Men&#039;s 3d Cycling Pad B2b Chamois Supplier (2)\" width=\"1920\" height=\"1357\" srcset=\"https:\/\/sokindsport.com\/wp-content\/uploads\/2026\/04\/OEKO-TEX-Certified-Mens-3D-Cycling-Pad-B2B-Chamois-Supplier-2.jpg 1920w, https:\/\/sokindsport.com\/wp-content\/uploads\/2026\/04\/OEKO-TEX-Certified-Mens-3D-Cycling-Pad-B2B-Chamois-Supplier-2-768x543.jpg 768w, https:\/\/sokindsport.com\/wp-content\/uploads\/2026\/04\/OEKO-TEX-Certified-Mens-3D-Cycling-Pad-B2B-Chamois-Supplier-2-1536x1086.jpg 1536w, https:\/\/sokindsport.com\/wp-content\/uploads\/2026\/04\/OEKO-TEX-Certified-Mens-3D-Cycling-Pad-B2B-Chamois-Supplier-2-18x12.jpg 18w, https:\/\/sokindsport.com\/wp-content\/uploads\/2026\/04\/OEKO-TEX-Certified-Mens-3D-Cycling-Pad-B2B-Chamois-Supplier-2-600x424.jpg 600w\" sizes=\"(max-width: 1920px) 100vw, 1920px\" \/><\/p>\n<h2>SOKIND\u00ae SK-692: Cuscinetto da ciclismo 3D Premium a doppia densit\u00e0 per uomo<\/h2>\n<h3>Aggiornate i vostri pantaloncini da ciclismo da uomo con l'avanzata tecnologia del filato d'argento e l'ergonomia 3D<\/h3>\n<p>Nel panorama competitivo dell'abbigliamento da ciclismo di alta qualit\u00e0, la scamosciatura \u00e8 il cuore dell'indumento. In qualit\u00e0 di produttore specializzato di componenti atletici d'\u00e9lite, SOKIND\u00ae ha progettato SK-692, un fondello 3D da ciclismo per uomo di altissimo livello, progettato per garantire la massima resistenza e performance.<\/p>\n<p>Utilizzando un'innovativa miscela di tessuti in filato d'argento e un'anima in schiuma reticolata a doppia densit\u00e0 altamente traspirante, questo fondello certificato OEKO-TEX\u00ae offre un solido sostegno all'osso sacro e un eccezionale comfort per la pelle. \u00c8 il componente centrale perfetto per elevare le pettorine e i pantaloncini da ciclismo del vostro marchio per sessioni di allenamento estenuanti e corse di oltre 6 ore.<\/p>\n<h3>\ud83c\udf1f Caratteristiche tecniche avanzate<\/h3>\n<p><strong>Tessuto in filato d'argento premium<\/strong>: Lo strato superiore \u00e8 realizzato con una miscela avanzata di nylon 76%, poliestere 8% e spandex 16% infusa con filato d'argento. Questa composizione specializzata offre una traspirabilit\u00e0 di alto livello, un'elevata elasticit\u00e0 e propriet\u00e0 naturali antiodore.<\/p>\n<p><strong>Nucleo in schiuma reticolata a doppia densit\u00e0<\/strong>: Progettato con un sistema di assorbimento degli urti a due stadi. Lo strato superiore da 60 kg\/m\u00b3 fornisce un'ammortizzazione morbida e avvolgente per ridurre la pressione immediata, mentre il robusto strato di base da 90 kg\/m\u00b3 offre un sostegno solido e costante in corrispondenza delle tuberosit\u00e0 ischiatiche.<\/p>\n<p><strong>Taglio e stampaggio 3D anatomico<\/strong>: Il cuscinetto \u00e8 modellato con precisione per adattarsi perfettamente all'anatomia maschile. Questa costruzione tridimensionale senza cuciture assicura una vestibilit\u00e0 ergonomica che si muove in sincronia con il cavaliere.<\/p>\n<p><strong>Gradiente di spessore ottimizzato<\/strong>: Progettato per integrarsi perfettamente nell'abbigliamento. Il fondello ha uno spessore massimo di 13,0 mm nelle zone di supporto centrale, che scende a 9,0 mm e si assottiglia fino a un bordo ultrasottile di 2,0 mm per evitare linee di cucitura visibili e ingombro.<\/p>\n<h3>\ud83c\udfc6 Benefici fondamentali per i vostri clienti e il vostro marchio<\/h3>\n<p><strong>Nessun affaticamento su percorsi lunghi (oltre 6 ore)<\/strong>: Il potente nucleo ammortizzante da 90 kg\/m\u00b3 attutisce efficacemente le vibrazioni della strada, proteggendo i fianchi e consentendo ai clienti di pedalare pi\u00f9 a lungo senza affaticamento o intorpidimento della sella.<\/p>\n<p><strong>Prestazioni traspiranti e ad asciugatura rapida<\/strong>: La schiuma reticolata a celle aperte, combinata con il tessuto in filato d'argento traspirante, espelle attivamente il calore e il sudore. I cavalieri rimangono freschi, asciutti e non soffrono il disagio dell'umidit\u00e0.<\/p>\n<p><strong>Libert\u00e0 di movimento senza attriti<\/strong>: La forma ergonomica 3D e la superficie incredibilmente morbida e rispettosa della pelle prevengono l'attorcigliamento ed eliminano gli sfregamenti, garantendo un comfort superiore e una gamma completa di movimenti.<\/p>\n<p><strong>Qualit\u00e0 certificata a livello mondiale<\/strong>: Grazie alla certificazione OEKO-TEX\u00ae Standard 100, l'inserimento dell'SK-692 nella vostra linea di prodotti assicura agli acquirenti internazionali la sicurezza dei tessuti, l'atossicit\u00e0 e gli standard di produzione ecologici.<\/p>\n<h3>Collaborate con SOKIND\u00ae Manufacturing:<\/h3>\n<p>Date al vostro abbigliamento da ciclismo un netto vantaggio competitivo. Contattate oggi stesso il nostro reparto di commercio estero B2B per richiedere campioni fisici del modello SK-692, verificare le nostre certificazioni OEKO-TEX\u00ae ed esplorare i prezzi all'ingrosso e l'integrazione personalizzata OEM\/ODM.<\/p>","protected":false},"excerpt":{"rendered":"<table>\n<tbody>\n<tr>\n<td><strong>Specifiche<\/strong><\/td>\n<td><strong>Dettagli<\/strong><\/td>\n<\/tr>\n<tr>\n<td><strong><b>Modello<\/b><\/strong><\/td>\n<td>SK-692<\/td>\n<\/tr>\n<tr>\n<td><strong><b>Categoria di prodotto<\/b><\/strong><\/td>\n<td>Imbottitura da ciclismo 3D \/ Camoscio da uomo<\/td>\n<\/tr>\n<tr>\n<td><strong><b>Certificazione<\/b><\/strong><\/td>\n<td>OEKO-TEX\u00ae Standard 100<\/td>\n<\/tr>\n<tr>\n<td><strong><b>Dimensioni<\/b><\/strong><\/td>\n<td>36 cm (lunghezza) x 22 cm (larghezza)<\/td>\n<\/tr>\n<tr>\n<td><strong><b>Profilo di spessore<\/b><\/strong><\/td>\n<td>2,0 mm (bordo) \/ 9,0 mm (centro) \/ 13,0 mm (nucleo)<\/td>\n<\/tr>\n<tr>\n<td><strong><b>Ammortizzazione del nucleo<\/b><\/strong><\/td>\n<td>60 kg\/m\u00b3 + 90 kg\/m\u00b3 Schiuma reticolata a doppia densit\u00e0<\/td>\n<\/tr>\n<tr>\n<td><strong><b>Composizione del tessuto<\/b><\/strong><\/td>\n<td>Filato d'argento (76% nylon, 8% poliestere, 16% elastan)<\/td>\n<\/tr>\n<tr>\n<td><strong><b>Uso consigliato<\/b><\/strong><\/td>\n<td>Lunghe distanze, allenamento \/ corse da 6 ore a tutto il giorno<\/td>\n<\/tr>\n<\/tbody>\n<\/table>","protected":false},"featured_media":3162,"comment_status":"open","ping_status":"closed","template":"","meta":[],"product_brand":[],"product_cat":[50,51],"product_tag":[],"class_list":{"0":"post-3160","1":"product","2":"type-product","3":"status-publish","4":"has-post-thumbnail","6":"product_cat-pro-3d-pads","7":"product_cat-triathlon-pad","9":"first","10":"instock","11":"shipping-taxable","12":"product-type-simple"},"yoast_head":"<!-- This site is optimized with the Yoast SEO plugin v27.4 - https:\/\/yoast.com\/product\/yoast-seo-wordpress\/ -->\n<title>OEKO-TEX Certified Men&#039;s 3D Cycling Pad | B2B Chamois Supplier - Sokind Cycling Pad<\/title>\n<meta name=\"description\" content=\"Upgrade your cycling shorts with the SK-692 Men&#039;s 3D Cycling Pad. OEKO-TEX\u00ae certified, featuring breathable silver yarn fabric and anti-chafing ergonomic molding.\" \/>\n<meta name=\"robots\" content=\"index, follow, max-snippet:-1, max-image-preview:large, max-video-preview:-1\" \/>\n<link rel=\"canonical\" href=\"https:\/\/sokindsport.com\/it\/prodotto\/oeko-tex-certified-mens-3d-cycling-pad-b2b-chamois-supplier\/\" \/>\n<meta property=\"og:locale\" content=\"it_IT\" \/>\n<meta property=\"og:type\" content=\"article\" \/>\n<meta property=\"og:title\" content=\"OEKO-TEX Certified Men&#039;s 3D Cycling Pad | B2B Chamois Supplier - Sokind Cycling Pad\" \/>\n<meta property=\"og:description\" content=\"Upgrade your cycling shorts with the SK-692 Men&#039;s 3D Cycling Pad. OEKO-TEX\u00ae certified, featuring breathable silver yarn fabric and anti-chafing ergonomic molding.\" \/>\n<meta property=\"og:url\" content=\"https:\/\/sokindsport.com\/it\/prodotto\/oeko-tex-certified-mens-3d-cycling-pad-b2b-chamois-supplier\/\" \/>\n<meta property=\"og:site_name\" content=\"Sokind Cycling Pad\" \/>\n<meta property=\"article:modified_time\" content=\"2026-04-09T10:00:09+00:00\" \/>\n<meta property=\"og:image\" content=\"https:\/\/sokindsport.com\/wp-content\/uploads\/2026\/04\/OEKO-TEX-Certified-Mens-3D-Cycling-Pad-B2B-Chamois-Supplier-1.jpg\" \/>\n\t<meta property=\"og:image:width\" content=\"800\" \/>\n\t<meta property=\"og:image:height\" content=\"800\" \/>\n\t<meta property=\"og:image:type\" content=\"image\/jpeg\" \/>\n<meta name=\"twitter:card\" content=\"summary_large_image\" \/>\n<meta name=\"twitter:label1\" content=\"Tempo di lettura stimato\" \/>\n\t<meta name=\"twitter:data1\" content=\"3 minuti\" \/>\n<script type=\"application\/ld+json\" class=\"yoast-schema-graph\">{\"@context\":\"https:\\\/\\\/schema.org\",\"@graph\":[{\"@type\":\"WebPage\",\"@id\":\"https:\\\/\\\/sokindsport.com\\\/product\\\/oeko-tex-certified-mens-3d-cycling-pad-b2b-chamois-supplier\\\/\",\"url\":\"https:\\\/\\\/sokindsport.com\\\/product\\\/oeko-tex-certified-mens-3d-cycling-pad-b2b-chamois-supplier\\\/\",\"name\":\"OEKO-TEX Certified Men's 3D Cycling Pad | B2B Chamois Supplier - Sokind Cycling Pad\",\"isPartOf\":{\"@id\":\"https:\\\/\\\/sokindsport.com\\\/#website\"},\"primaryImageOfPage\":{\"@id\":\"https:\\\/\\\/sokindsport.com\\\/product\\\/oeko-tex-certified-mens-3d-cycling-pad-b2b-chamois-supplier\\\/#primaryimage\"},\"image\":{\"@id\":\"https:\\\/\\\/sokindsport.com\\\/product\\\/oeko-tex-certified-mens-3d-cycling-pad-b2b-chamois-supplier\\\/#primaryimage\"},\"thumbnailUrl\":\"https:\\\/\\\/sokindsport.com\\\/wp-content\\\/uploads\\\/2026\\\/04\\\/OEKO-TEX-Certified-Mens-3D-Cycling-Pad-B2B-Chamois-Supplier-1.jpg\",\"datePublished\":\"2026-04-09T10:00:08+00:00\",\"dateModified\":\"2026-04-09T10:00:09+00:00\",\"description\":\"Upgrade your cycling shorts with the SK-692 Men's 3D Cycling Pad. OEKO-TEX\u00ae certified, featuring breathable silver yarn fabric and anti-chafing ergonomic molding.\",\"breadcrumb\":{\"@id\":\"https:\\\/\\\/sokindsport.com\\\/product\\\/oeko-tex-certified-mens-3d-cycling-pad-b2b-chamois-supplier\\\/#breadcrumb\"},\"inLanguage\":\"it-IT\",\"potentialAction\":[{\"@type\":\"ReadAction\",\"target\":[\"https:\\\/\\\/sokindsport.com\\\/product\\\/oeko-tex-certified-mens-3d-cycling-pad-b2b-chamois-supplier\\\/\"]}]},{\"@type\":\"ImageObject\",\"inLanguage\":\"it-IT\",\"@id\":\"https:\\\/\\\/sokindsport.com\\\/product\\\/oeko-tex-certified-mens-3d-cycling-pad-b2b-chamois-supplier\\\/#primaryimage\",\"url\":\"https:\\\/\\\/sokindsport.com\\\/wp-content\\\/uploads\\\/2026\\\/04\\\/OEKO-TEX-Certified-Mens-3D-Cycling-Pad-B2B-Chamois-Supplier-1.jpg\",\"contentUrl\":\"https:\\\/\\\/sokindsport.com\\\/wp-content\\\/uploads\\\/2026\\\/04\\\/OEKO-TEX-Certified-Mens-3D-Cycling-Pad-B2B-Chamois-Supplier-1.jpg\",\"width\":800,\"height\":800,\"caption\":\"Oeko Tex Certified Men's 3d Cycling Pad B2b Chamois Supplier (1)\"},{\"@type\":\"BreadcrumbList\",\"@id\":\"https:\\\/\\\/sokindsport.com\\\/product\\\/oeko-tex-certified-mens-3d-cycling-pad-b2b-chamois-supplier\\\/#breadcrumb\",\"itemListElement\":[{\"@type\":\"ListItem\",\"position\":1,\"name\":\"Home\",\"item\":\"https:\\\/\\\/sokindsport.com\\\/\"},{\"@type\":\"ListItem\",\"position\":2,\"name\":\"\u5546\u5e97\",\"item\":\"https:\\\/\\\/sokindsport.com\\\/shop\\\/\"},{\"@type\":\"ListItem\",\"position\":3,\"name\":\"OEKO-TEX Certified Men&#8217;s 3D Cycling Pad | B2B Chamois Supplier\"}]},{\"@type\":\"WebSite\",\"@id\":\"https:\\\/\\\/sokindsport.com\\\/#website\",\"url\":\"https:\\\/\\\/sokindsport.com\\\/\",\"name\":\"Sokind Cycling Pad\",\"description\":\"Sokind Cycling Pad\",\"publisher\":{\"@id\":\"https:\\\/\\\/sokindsport.com\\\/#organization\"},\"potentialAction\":[{\"@type\":\"SearchAction\",\"target\":{\"@type\":\"EntryPoint\",\"urlTemplate\":\"https:\\\/\\\/sokindsport.com\\\/?s={search_term_string}\"},\"query-input\":{\"@type\":\"PropertyValueSpecification\",\"valueRequired\":true,\"valueName\":\"search_term_string\"}}],\"inLanguage\":\"it-IT\"},{\"@type\":\"Organization\",\"@id\":\"https:\\\/\\\/sokindsport.com\\\/#organization\",\"name\":\"Sokind Cycling Pad\",\"url\":\"https:\\\/\\\/sokindsport.com\\\/\",\"logo\":{\"@type\":\"ImageObject\",\"inLanguage\":\"it-IT\",\"@id\":\"https:\\\/\\\/sokindsport.com\\\/#\\\/schema\\\/logo\\\/image\\\/\",\"url\":\"https:\\\/\\\/sokindsport.com\\\/wp-content\\\/uploads\\\/2022\\\/02\\\/Sokind-Sport-Logo.png\",\"contentUrl\":\"https:\\\/\\\/sokindsport.com\\\/wp-content\\\/uploads\\\/2022\\\/02\\\/Sokind-Sport-Logo.png\",\"width\":250,\"height\":64,\"caption\":\"Sokind Cycling Pad\"},\"image\":{\"@id\":\"https:\\\/\\\/sokindsport.com\\\/#\\\/schema\\\/logo\\\/image\\\/\"}}]}<\/script>\n<!-- \/ Yoast SEO plugin. -->","yoast_head_json":{"title":"Fondello da ciclismo 3D da uomo certificato OEKO-TEX | Fornitore di fondelli B2B - Sokind Cycling Pad","description":"Aggiornate i vostri pantaloncini da ciclismo con il fondello 3D da uomo SK-692. Certificato OEKO-TEX\u00ae, presenta un tessuto traspirante in filato d'argento e una sagomatura ergonomica anti-sfregamento.","robots":{"index":"index","follow":"follow","max-snippet":"max-snippet:-1","max-image-preview":"max-image-preview:large","max-video-preview":"max-video-preview:-1"},"canonical":"https:\/\/sokindsport.com\/it\/prodotto\/oeko-tex-certified-mens-3d-cycling-pad-b2b-chamois-supplier\/","og_locale":"it_IT","og_type":"article","og_title":"OEKO-TEX Certified Men's 3D Cycling Pad | B2B Chamois Supplier - Sokind Cycling Pad","og_description":"Upgrade your cycling shorts with the SK-692 Men's 3D Cycling Pad. OEKO-TEX\u00ae certified, featuring breathable silver yarn fabric and anti-chafing ergonomic molding.","og_url":"https:\/\/sokindsport.com\/it\/prodotto\/oeko-tex-certified-mens-3d-cycling-pad-b2b-chamois-supplier\/","og_site_name":"Sokind Cycling Pad","article_modified_time":"2026-04-09T10:00:09+00:00","og_image":[{"width":800,"height":800,"url":"https:\/\/sokindsport.com\/wp-content\/uploads\/2026\/04\/OEKO-TEX-Certified-Mens-3D-Cycling-Pad-B2B-Chamois-Supplier-1.jpg","type":"image\/jpeg"}],"twitter_card":"summary_large_image","twitter_misc":{"Tempo di lettura stimato":"3 minuti"},"schema":{"@context":"https:\/\/schema.org","@graph":[{"@type":"WebPage","@id":"https:\/\/sokindsport.com\/product\/oeko-tex-certified-mens-3d-cycling-pad-b2b-chamois-supplier\/","url":"https:\/\/sokindsport.com\/product\/oeko-tex-certified-mens-3d-cycling-pad-b2b-chamois-supplier\/","name":"Fondello da ciclismo 3D da uomo certificato OEKO-TEX | Fornitore di fondelli B2B - Sokind Cycling Pad","isPartOf":{"@id":"https:\/\/sokindsport.com\/#website"},"primaryImageOfPage":{"@id":"https:\/\/sokindsport.com\/product\/oeko-tex-certified-mens-3d-cycling-pad-b2b-chamois-supplier\/#primaryimage"},"image":{"@id":"https:\/\/sokindsport.com\/product\/oeko-tex-certified-mens-3d-cycling-pad-b2b-chamois-supplier\/#primaryimage"},"thumbnailUrl":"https:\/\/sokindsport.com\/wp-content\/uploads\/2026\/04\/OEKO-TEX-Certified-Mens-3D-Cycling-Pad-B2B-Chamois-Supplier-1.jpg","datePublished":"2026-04-09T10:00:08+00:00","dateModified":"2026-04-09T10:00:09+00:00","description":"Aggiornate i vostri pantaloncini da ciclismo con il fondello 3D da uomo SK-692. Certificato OEKO-TEX\u00ae, presenta un tessuto traspirante in filato d'argento e una sagomatura ergonomica anti-sfregamento.","breadcrumb":{"@id":"https:\/\/sokindsport.com\/product\/oeko-tex-certified-mens-3d-cycling-pad-b2b-chamois-supplier\/#breadcrumb"},"inLanguage":"it-IT","potentialAction":[{"@type":"ReadAction","target":["https:\/\/sokindsport.com\/product\/oeko-tex-certified-mens-3d-cycling-pad-b2b-chamois-supplier\/"]}]},{"@type":"ImageObject","inLanguage":"it-IT","@id":"https:\/\/sokindsport.com\/product\/oeko-tex-certified-mens-3d-cycling-pad-b2b-chamois-supplier\/#primaryimage","url":"https:\/\/sokindsport.com\/wp-content\/uploads\/2026\/04\/OEKO-TEX-Certified-Mens-3D-Cycling-Pad-B2B-Chamois-Supplier-1.jpg","contentUrl":"https:\/\/sokindsport.com\/wp-content\/uploads\/2026\/04\/OEKO-TEX-Certified-Mens-3D-Cycling-Pad-B2B-Chamois-Supplier-1.jpg","width":800,"height":800,"caption":"Oeko Tex Certified Men's 3d Cycling Pad B2b Chamois Supplier (1)"},{"@type":"BreadcrumbList","@id":"https:\/\/sokindsport.com\/product\/oeko-tex-certified-mens-3d-cycling-pad-b2b-chamois-supplier\/#breadcrumb","itemListElement":[{"@type":"ListItem","position":1,"name":"Home","item":"https:\/\/sokindsport.com\/"},{"@type":"ListItem","position":2,"name":"\u5546\u5e97","item":"https:\/\/sokindsport.com\/shop\/"},{"@type":"ListItem","position":3,"name":"OEKO-TEX Certified Men&#8217;s 3D Cycling Pad | B2B Chamois Supplier"}]},{"@type":"WebSite","@id":"https:\/\/sokindsport.com\/#website","url":"https:\/\/sokindsport.com\/","name":"Cuscino da ciclismo Sokind","description":"Cuscino da ciclismo Sokind","publisher":{"@id":"https:\/\/sokindsport.com\/#organization"},"potentialAction":[{"@type":"SearchAction","target":{"@type":"EntryPoint","urlTemplate":"https:\/\/sokindsport.com\/?s={search_term_string}"},"query-input":{"@type":"PropertyValueSpecification","valueRequired":true,"valueName":"search_term_string"}}],"inLanguage":"it-IT"},{"@type":"Organization","@id":"https:\/\/sokindsport.com\/#organization","name":"Cuscino da ciclismo Sokind","url":"https:\/\/sokindsport.com\/","logo":{"@type":"ImageObject","inLanguage":"it-IT","@id":"https:\/\/sokindsport.com\/#\/schema\/logo\/image\/","url":"https:\/\/sokindsport.com\/wp-content\/uploads\/2022\/02\/Sokind-Sport-Logo.png","contentUrl":"https:\/\/sokindsport.com\/wp-content\/uploads\/2022\/02\/Sokind-Sport-Logo.png","width":250,"height":64,"caption":"Sokind Cycling Pad"},"image":{"@id":"https:\/\/sokindsport.com\/#\/schema\/logo\/image\/"}}]}},"_links":{"self":[{"href":"https:\/\/sokindsport.com\/it\/wp-json\/wp\/v2\/product\/3160","targetHints":{"allow":["GET"]}}],"collection":[{"href":"https:\/\/sokindsport.com\/it\/wp-json\/wp\/v2\/product"}],"about":[{"href":"https:\/\/sokindsport.com\/it\/wp-json\/wp\/v2\/types\/product"}],"replies":[{"embeddable":true,"href":"https:\/\/sokindsport.com\/it\/wp-json\/wp\/v2\/comments?post=3160"}],"version-history":[{"count":1,"href":"https:\/\/sokindsport.com\/it\/wp-json\/wp\/v2\/product\/3160\/revisions"}],"predecessor-version":[{"id":3168,"href":"https:\/\/sokindsport.com\/it\/wp-json\/wp\/v2\/product\/3160\/revisions\/3168"}],"wp:featuredmedia":[{"embeddable":true,"href":"https:\/\/sokindsport.com\/it\/wp-json\/wp\/v2\/media\/3162"}],"wp:attachment":[{"href":"https:\/\/sokindsport.com\/it\/wp-json\/wp\/v2\/media?parent=3160"}],"wp:term":[{"taxonomy":"product_brand","embeddable":true,"href":"https:\/\/sokindsport.com\/it\/wp-json\/wp\/v2\/product_brand?post=3160"},{"taxonomy":"product_cat","embeddable":true,"href":"https:\/\/sokindsport.com\/it\/wp-json\/wp\/v2\/product_cat?post=3160"},{"taxonomy":"product_tag","embeddable":true,"href":"https:\/\/sokindsport.com\/it\/wp-json\/wp\/v2\/product_tag?post=3160"}],"curies":[{"name":"wp","href":"https:\/\/api.w.org\/{rel}","templated":true}]}}