{"id":3151,"date":"2026-04-09T09:53:27","date_gmt":"2026-04-09T09:53:27","guid":{"rendered":"https:\/\/sokindsport.com\/?post_type=product&#038;p=3151"},"modified":"2026-04-09T09:53:27","modified_gmt":"2026-04-09T09:53:27","slug":"camoscio-femminile-allingrosso-per-il-ciclismo-sk-691-pad-produttore","status":"publish","type":"product","link":"https:\/\/sokindsport.com\/it\/product\/wholesale-womens-chamois-for-cycling-sk-691-pad-manufacturer\/","title":{"rendered":"Commercio all'ingrosso di scamosciati da donna per il ciclismo | SK-691 Pad Manufacturer"},"content":{"rendered":"<p><img fetchpriority=\"high\" decoding=\"async\" class=\"alignnone size-full wp-image-3154\" src=\"https:\/\/sokindsport.com\/wp-content\/uploads\/2026\/04\/Wholesale-Womens-Chamois-for-Cycling-SK-691-Pad-Manufacturer-2.jpg\" alt=\"Commercio all&#039;ingrosso di camosci da donna per il ciclismo Sk 691 Pad Produttore (2)\" width=\"1920\" height=\"1357\" srcset=\"https:\/\/sokindsport.com\/wp-content\/uploads\/2026\/04\/Wholesale-Womens-Chamois-for-Cycling-SK-691-Pad-Manufacturer-2.jpg 1920w, https:\/\/sokindsport.com\/wp-content\/uploads\/2026\/04\/Wholesale-Womens-Chamois-for-Cycling-SK-691-Pad-Manufacturer-2-768x543.jpg 768w, https:\/\/sokindsport.com\/wp-content\/uploads\/2026\/04\/Wholesale-Womens-Chamois-for-Cycling-SK-691-Pad-Manufacturer-2-1536x1086.jpg 1536w, https:\/\/sokindsport.com\/wp-content\/uploads\/2026\/04\/Wholesale-Womens-Chamois-for-Cycling-SK-691-Pad-Manufacturer-2-18x12.jpg 18w, https:\/\/sokindsport.com\/wp-content\/uploads\/2026\/04\/Wholesale-Womens-Chamois-for-Cycling-SK-691-Pad-Manufacturer-2-600x424.jpg 600w\" sizes=\"(max-width: 1920px) 100vw, 1920px\" \/><\/p>\n<h2>SOKIND\u00ae SK-691: Camoscio Premium a doppia densit\u00e0 da donna per il ciclismo<\/h2>\n<h3>Elevate la vostra collezione di ciclismo femminile con la tecnologia avanzata del filato d'argento<\/h3>\n<p>Nel mondo competitivo dell'abbigliamento sportivo ad alte prestazioni, la qualit\u00e0 dei pantaloncini da ciclismo \u00e8 definita dal comfort del fondello interno. In qualit\u00e0 di produttore specializzato di componenti per il ciclismo d'\u00e9lite, SOKIND\u00ae ha progettato SK-691, un fondello da donna traspirante e ad alta densit\u00e0 per il ciclismo.<\/p>\n<p>Progettato specificamente per l'anatomia femminile, questo fondello utilizza un innovativo tessuto in filato d'argento e un nucleo in schiuma reticolata a doppia densit\u00e0 per offrire un sostegno pelvico eccezionale. Con la certificazione OEKO-TEX\u00ae Standard 100, l'SK-691 garantisce un abbigliamento sicuro, privo di attriti e incredibilmente confortevole per gli eventi di resistenza di oltre 6 ore.<\/p>\n<h3>\ud83c\udf1f Caratteristiche tecniche avanzate<\/h3>\n<p><strong>Tessuto in filato d'argento premium<\/strong>: Lo strato a contatto con la pelle \u00e8 realizzato con una miscela d'\u00e9lite di nylon 76%, poliestere 8% e spandex 16%, infusa con un filato d'argento avanzato. Questa composizione offre un'elasticit\u00e0 superiore, un'eccezionale traspirabilit\u00e0 e una naturale resistenza agli odori.<\/p>\n<p><strong>Nucleo in schiuma reticolata a doppia densit\u00e0<\/strong>: Progettato con una speciale architettura di schiuma a due livelli. Lo strato superiore da 60 kg\/m\u00b3 offre un comfort morbido e traspirante, mentre il robusto strato di base da 90 kg\/m\u00b3 attutisce efficacemente le intense vibrazioni della strada.<\/p>\n<p><strong>Stampaggio 3D specifico per le donne<\/strong>: Grazie all'avanzata tecnologia di taglio 3D, l'SK-691 \u00e8 anatomicamente sagomato per adattarsi perfettamente al bacino femminile, garantendo una vestibilit\u00e0 perfetta che si muove dinamicamente con il ciclista.<\/p>\n<p><strong>Gradiente di spessore ottimizzato<\/strong>Progettato per un'integrazione perfetta nell'indumento, il fondello presenta un nucleo di sostegno di 13,0 mm in corrispondenza delle ossa del sedere, che passa senza problemi a 9,0 mm e si assottiglia fino a un bordo ultrasottile di 2,0 mm per eliminare le linee di cucitura visibili e gli sfregamenti.<\/p>\n<h3>\ud83c\udfc6 Benefici fondamentali per i vostri clienti e il vostro marchio<\/h3>\n<p><strong>Comfort per tutto il giorno (oltre 6 ore)<\/strong>: Il potente nucleo a doppia densit\u00e0 da 90 kg\/m\u00b3 disperde in modo affidabile la pressione, consentendo agli utenti finali di affrontare le lunghe distanze senza affaticamento o intorpidimento della sella.<\/p>\n<p><strong>Fresco e asciutto<\/strong>: La schiuma reticolata altamente ventilata, abbinata al tessuto in filato d'argento traspirante, dice addio all'appiccicosit\u00e0 del caldo. Mantiene i ciclisti freschi e asciutti anche in condizioni difficili.<\/p>\n<p><strong>Prestazioni senza attrito<\/strong>: Il taglio anatomico preciso e la superficie incredibilmente morbida e rispettosa della pelle riducono drasticamente gli sfregamenti, un punto di forza fondamentale per le cicliste.<\/p>\n<p><strong>Posizionamento di mercato premium<\/strong>: L'approvvigionamento di componenti certificati OEKO-TEX\u00ae eleva immediatamente il valore percepito dei vostri capi di abbigliamento, assicurando agli acquirenti internazionali un prodotto sicuro, non tossico e di alta qualit\u00e0.<\/p>\n<h3>Partner di SOKIND\u00ae Manufacturin:<\/h3>\n<p>Assicuratevi una catena di fornitura affidabile e di alto livello per la vostra linea di ciclismo femminile. Contattate oggi stesso il nostro reparto di commercio estero B2B per richiedere campioni fisici del modello SK-691, discutere i prezzi all'ingrosso e valutare soluzioni di produzione OEM\/ODM personalizzate.<\/p>","protected":false},"excerpt":{"rendered":"<table>\n<tbody>\n<tr>\n<td><strong>Specifiche<\/strong><\/td>\n<td><strong>Dettagli<\/strong><\/td>\n<\/tr>\n<tr>\n<td><strong><b>Modello<\/b><\/strong><\/td>\n<td>SK-691<\/td>\n<\/tr>\n<tr>\n<td><strong><b>Categoria di prodotto<\/b><\/strong><\/td>\n<td>Camoscio da donna per il ciclismo<\/td>\n<\/tr>\n<tr>\n<td><strong><b>Certificazione<\/b><\/strong><\/td>\n<td>OEKO-TEX\u00ae Standard 100<\/td>\n<\/tr>\n<tr>\n<td><strong><b>Dimensioni<\/b><\/strong><\/td>\n<td>33 cm (lunghezza) x 22 cm (larghezza)<\/td>\n<\/tr>\n<tr>\n<td><strong><b>Profilo di spessore<\/b><\/strong><\/td>\n<td>2,0 mm (bordo) \/ 9,0 mm (centro) \/ 13,0 mm (nucleo)<\/td>\n<\/tr>\n<tr>\n<td><strong><b>Ammortizzazione del nucleo<\/b><\/strong><\/td>\n<td>60 kg\/m\u00b3 + 90 kg\/m\u00b3 Schiuma reticolata ad alta densit\u00e0<\/td>\n<\/tr>\n<tr>\n<td><strong><b>Composizione del tessuto<\/b><\/strong><\/td>\n<td>Filato d'argento (76% nylon, 8% poliestere, 16% elastan)<\/td>\n<\/tr>\n<tr>\n<td><strong><b>Uso consigliato<\/b><\/strong><\/td>\n<td>Strada, sterrato, endurance \/ Percorsi da 6 ore a tutto il giorno<\/td>\n<\/tr>\n<\/tbody>\n<\/table>","protected":false},"featured_media":3153,"comment_status":"open","ping_status":"closed","template":"","meta":[],"product_brand":[],"product_cat":[42],"product_tag":[],"class_list":{"0":"post-3151","1":"product","2":"type-product","3":"status-publish","4":"has-post-thumbnail","6":"product_cat-uncategorized","8":"first","9":"instock","10":"shipping-taxable","11":"product-type-simple"},"yoast_head":"<!-- This site is optimized with the Yoast SEO plugin v27.6 - https:\/\/yoast.com\/product\/yoast-seo-wordpress\/ -->\n<title>Wholesale Women&#039;s Chamois for Cycling | SK-691 Pad Manufacturer - Sokind Cycling Pad<\/title>\n<meta name=\"description\" content=\"Source premium cycling inserts direct from the SOKIND\u00ae factory. The SK-691 Women&#039;s Chamois for Cycling features silver yarn tech and 90kg\/m\u00b3 foam for 6+ hour rides. Contact for B2B pricing!\" \/>\n<meta name=\"robots\" content=\"index, follow, max-snippet:-1, max-image-preview:large, max-video-preview:-1\" \/>\n<link rel=\"canonical\" href=\"https:\/\/sokindsport.com\/it\/prodotto\/camoscio-femminile-allingrosso-per-il-ciclismo-sk-691-pad-produttore\/\" \/>\n<meta property=\"og:locale\" content=\"it_IT\" \/>\n<meta property=\"og:type\" content=\"article\" \/>\n<meta property=\"og:title\" content=\"Wholesale Women&#039;s Chamois for Cycling | SK-691 Pad Manufacturer - Sokind Cycling Pad\" \/>\n<meta property=\"og:description\" content=\"Source premium cycling inserts direct from the SOKIND\u00ae factory. The SK-691 Women&#039;s Chamois for Cycling features silver yarn tech and 90kg\/m\u00b3 foam for 6+ hour rides. Contact for B2B pricing!\" \/>\n<meta property=\"og:url\" content=\"https:\/\/sokindsport.com\/it\/prodotto\/camoscio-femminile-allingrosso-per-il-ciclismo-sk-691-pad-produttore\/\" \/>\n<meta property=\"og:site_name\" content=\"Sokind Cycling Pad\" \/>\n<meta property=\"og:image\" content=\"https:\/\/sokindsport.com\/wp-content\/uploads\/2026\/04\/Wholesale-Womens-Chamois-for-Cycling-SK-691-Pad-Manufacturer-1.jpg\" \/>\n\t<meta property=\"og:image:width\" content=\"800\" \/>\n\t<meta property=\"og:image:height\" content=\"800\" \/>\n\t<meta property=\"og:image:type\" content=\"image\/jpeg\" \/>\n<meta name=\"twitter:card\" content=\"summary_large_image\" \/>\n<meta name=\"twitter:label1\" content=\"Tempo di lettura stimato\" \/>\n\t<meta name=\"twitter:data1\" content=\"3 minuti\" \/>\n<script type=\"application\/ld+json\" class=\"yoast-schema-graph\">{\"@context\":\"https:\\\/\\\/schema.org\",\"@graph\":[{\"@type\":\"WebPage\",\"@id\":\"https:\\\/\\\/sokindsport.com\\\/product\\\/wholesale-womens-chamois-for-cycling-sk-691-pad-manufacturer\\\/\",\"url\":\"https:\\\/\\\/sokindsport.com\\\/product\\\/wholesale-womens-chamois-for-cycling-sk-691-pad-manufacturer\\\/\",\"name\":\"Wholesale Women's Chamois for Cycling | SK-691 Pad Manufacturer - Sokind Cycling Pad\",\"isPartOf\":{\"@id\":\"https:\\\/\\\/sokindsport.com\\\/#website\"},\"primaryImageOfPage\":{\"@id\":\"https:\\\/\\\/sokindsport.com\\\/product\\\/wholesale-womens-chamois-for-cycling-sk-691-pad-manufacturer\\\/#primaryimage\"},\"image\":{\"@id\":\"https:\\\/\\\/sokindsport.com\\\/product\\\/wholesale-womens-chamois-for-cycling-sk-691-pad-manufacturer\\\/#primaryimage\"},\"thumbnailUrl\":\"https:\\\/\\\/sokindsport.com\\\/wp-content\\\/uploads\\\/2026\\\/04\\\/Wholesale-Womens-Chamois-for-Cycling-SK-691-Pad-Manufacturer-1.jpg\",\"datePublished\":\"2026-04-09T09:53:27+00:00\",\"description\":\"Source premium cycling inserts direct from the SOKIND\u00ae factory. The SK-691 Women's Chamois for Cycling features silver yarn tech and 90kg\\\/m\u00b3 foam for 6+ hour rides. Contact for B2B pricing!\",\"breadcrumb\":{\"@id\":\"https:\\\/\\\/sokindsport.com\\\/product\\\/wholesale-womens-chamois-for-cycling-sk-691-pad-manufacturer\\\/#breadcrumb\"},\"inLanguage\":\"it-IT\",\"potentialAction\":[{\"@type\":\"ReadAction\",\"target\":[\"https:\\\/\\\/sokindsport.com\\\/product\\\/wholesale-womens-chamois-for-cycling-sk-691-pad-manufacturer\\\/\"]}]},{\"@type\":\"ImageObject\",\"inLanguage\":\"it-IT\",\"@id\":\"https:\\\/\\\/sokindsport.com\\\/product\\\/wholesale-womens-chamois-for-cycling-sk-691-pad-manufacturer\\\/#primaryimage\",\"url\":\"https:\\\/\\\/sokindsport.com\\\/wp-content\\\/uploads\\\/2026\\\/04\\\/Wholesale-Womens-Chamois-for-Cycling-SK-691-Pad-Manufacturer-1.jpg\",\"contentUrl\":\"https:\\\/\\\/sokindsport.com\\\/wp-content\\\/uploads\\\/2026\\\/04\\\/Wholesale-Womens-Chamois-for-Cycling-SK-691-Pad-Manufacturer-1.jpg\",\"width\":800,\"height\":800,\"caption\":\"Wholesale Women's Chamois For Cycling Sk 691 Pad Manufacturer (1)\"},{\"@type\":\"BreadcrumbList\",\"@id\":\"https:\\\/\\\/sokindsport.com\\\/product\\\/wholesale-womens-chamois-for-cycling-sk-691-pad-manufacturer\\\/#breadcrumb\",\"itemListElement\":[{\"@type\":\"ListItem\",\"position\":1,\"name\":\"Home\",\"item\":\"https:\\\/\\\/sokindsport.com\\\/\"},{\"@type\":\"ListItem\",\"position\":2,\"name\":\"\u5546\u5e97\",\"item\":\"https:\\\/\\\/sokindsport.com\\\/shop\\\/\"},{\"@type\":\"ListItem\",\"position\":3,\"name\":\"Wholesale Women&#8217;s Chamois for Cycling | SK-691 Pad Manufacturer\"}]},{\"@type\":\"WebSite\",\"@id\":\"https:\\\/\\\/sokindsport.com\\\/#website\",\"url\":\"https:\\\/\\\/sokindsport.com\\\/\",\"name\":\"Sokind Cycling Pad\",\"description\":\"Sokind Cycling Pad\",\"publisher\":{\"@id\":\"https:\\\/\\\/sokindsport.com\\\/#organization\"},\"potentialAction\":[{\"@type\":\"SearchAction\",\"target\":{\"@type\":\"EntryPoint\",\"urlTemplate\":\"https:\\\/\\\/sokindsport.com\\\/?s={search_term_string}\"},\"query-input\":{\"@type\":\"PropertyValueSpecification\",\"valueRequired\":true,\"valueName\":\"search_term_string\"}}],\"inLanguage\":\"it-IT\"},{\"@type\":\"Organization\",\"@id\":\"https:\\\/\\\/sokindsport.com\\\/#organization\",\"name\":\"Sokind Cycling Pad\",\"url\":\"https:\\\/\\\/sokindsport.com\\\/\",\"logo\":{\"@type\":\"ImageObject\",\"inLanguage\":\"it-IT\",\"@id\":\"https:\\\/\\\/sokindsport.com\\\/#\\\/schema\\\/logo\\\/image\\\/\",\"url\":\"https:\\\/\\\/sokindsport.com\\\/wp-content\\\/uploads\\\/2022\\\/02\\\/Sokind-Sport-Logo.png\",\"contentUrl\":\"https:\\\/\\\/sokindsport.com\\\/wp-content\\\/uploads\\\/2022\\\/02\\\/Sokind-Sport-Logo.png\",\"width\":250,\"height\":64,\"caption\":\"Sokind Cycling Pad\"},\"image\":{\"@id\":\"https:\\\/\\\/sokindsport.com\\\/#\\\/schema\\\/logo\\\/image\\\/\"}}]}<\/script>\n<!-- \/ Yoast SEO plugin. -->","yoast_head_json":{"title":"Commercio all'ingrosso di scamosciati da donna per il ciclismo | SK-691 Pad Produttore - Sokind Cycling Pad","description":"Procuratevi inserti da ciclismo di alta qualit\u00e0 direttamente dalla fabbrica di SOKIND\u00ae. Il camoscio SK-691 da donna per il ciclismo \u00e8 dotato di tecnologia in filo d'argento e schiuma da 90 kg\/m\u00b3 per corse di oltre 6 ore. Contattate per i prezzi B2B!","robots":{"index":"index","follow":"follow","max-snippet":"max-snippet:-1","max-image-preview":"max-image-preview:large","max-video-preview":"max-video-preview:-1"},"canonical":"https:\/\/sokindsport.com\/it\/prodotto\/camoscio-femminile-allingrosso-per-il-ciclismo-sk-691-pad-produttore\/","og_locale":"it_IT","og_type":"article","og_title":"Wholesale Women's Chamois for Cycling | SK-691 Pad Manufacturer - Sokind Cycling Pad","og_description":"Source premium cycling inserts direct from the SOKIND\u00ae factory. The SK-691 Women's Chamois for Cycling features silver yarn tech and 90kg\/m\u00b3 foam for 6+ hour rides. Contact for B2B pricing!","og_url":"https:\/\/sokindsport.com\/it\/prodotto\/camoscio-femminile-allingrosso-per-il-ciclismo-sk-691-pad-produttore\/","og_site_name":"Sokind Cycling Pad","og_image":[{"width":800,"height":800,"url":"https:\/\/sokindsport.com\/wp-content\/uploads\/2026\/04\/Wholesale-Womens-Chamois-for-Cycling-SK-691-Pad-Manufacturer-1.jpg","type":"image\/jpeg"}],"twitter_card":"summary_large_image","twitter_misc":{"Tempo di lettura stimato":"3 minuti"},"schema":{"@context":"https:\/\/schema.org","@graph":[{"@type":"WebPage","@id":"https:\/\/sokindsport.com\/product\/wholesale-womens-chamois-for-cycling-sk-691-pad-manufacturer\/","url":"https:\/\/sokindsport.com\/product\/wholesale-womens-chamois-for-cycling-sk-691-pad-manufacturer\/","name":"Commercio all'ingrosso di scamosciati da donna per il ciclismo | SK-691 Pad Produttore - Sokind Cycling Pad","isPartOf":{"@id":"https:\/\/sokindsport.com\/#website"},"primaryImageOfPage":{"@id":"https:\/\/sokindsport.com\/product\/wholesale-womens-chamois-for-cycling-sk-691-pad-manufacturer\/#primaryimage"},"image":{"@id":"https:\/\/sokindsport.com\/product\/wholesale-womens-chamois-for-cycling-sk-691-pad-manufacturer\/#primaryimage"},"thumbnailUrl":"https:\/\/sokindsport.com\/wp-content\/uploads\/2026\/04\/Wholesale-Womens-Chamois-for-Cycling-SK-691-Pad-Manufacturer-1.jpg","datePublished":"2026-04-09T09:53:27+00:00","description":"Procuratevi inserti da ciclismo di alta qualit\u00e0 direttamente dalla fabbrica di SOKIND\u00ae. Il camoscio SK-691 da donna per il ciclismo \u00e8 dotato di tecnologia in filo d'argento e schiuma da 90 kg\/m\u00b3 per corse di oltre 6 ore. Contattate per i prezzi B2B!","breadcrumb":{"@id":"https:\/\/sokindsport.com\/product\/wholesale-womens-chamois-for-cycling-sk-691-pad-manufacturer\/#breadcrumb"},"inLanguage":"it-IT","potentialAction":[{"@type":"ReadAction","target":["https:\/\/sokindsport.com\/product\/wholesale-womens-chamois-for-cycling-sk-691-pad-manufacturer\/"]}]},{"@type":"ImageObject","inLanguage":"it-IT","@id":"https:\/\/sokindsport.com\/product\/wholesale-womens-chamois-for-cycling-sk-691-pad-manufacturer\/#primaryimage","url":"https:\/\/sokindsport.com\/wp-content\/uploads\/2026\/04\/Wholesale-Womens-Chamois-for-Cycling-SK-691-Pad-Manufacturer-1.jpg","contentUrl":"https:\/\/sokindsport.com\/wp-content\/uploads\/2026\/04\/Wholesale-Womens-Chamois-for-Cycling-SK-691-Pad-Manufacturer-1.jpg","width":800,"height":800,"caption":"Wholesale Women's Chamois For Cycling Sk 691 Pad Manufacturer (1)"},{"@type":"BreadcrumbList","@id":"https:\/\/sokindsport.com\/product\/wholesale-womens-chamois-for-cycling-sk-691-pad-manufacturer\/#breadcrumb","itemListElement":[{"@type":"ListItem","position":1,"name":"Home","item":"https:\/\/sokindsport.com\/"},{"@type":"ListItem","position":2,"name":"\u5546\u5e97","item":"https:\/\/sokindsport.com\/shop\/"},{"@type":"ListItem","position":3,"name":"Wholesale Women&#8217;s Chamois for Cycling | SK-691 Pad Manufacturer"}]},{"@type":"WebSite","@id":"https:\/\/sokindsport.com\/#website","url":"https:\/\/sokindsport.com\/","name":"Cuscino da ciclismo Sokind","description":"Cuscino da ciclismo Sokind","publisher":{"@id":"https:\/\/sokindsport.com\/#organization"},"potentialAction":[{"@type":"SearchAction","target":{"@type":"EntryPoint","urlTemplate":"https:\/\/sokindsport.com\/?s={search_term_string}"},"query-input":{"@type":"PropertyValueSpecification","valueRequired":true,"valueName":"search_term_string"}}],"inLanguage":"it-IT"},{"@type":"Organization","@id":"https:\/\/sokindsport.com\/#organization","name":"Cuscino da ciclismo Sokind","url":"https:\/\/sokindsport.com\/","logo":{"@type":"ImageObject","inLanguage":"it-IT","@id":"https:\/\/sokindsport.com\/#\/schema\/logo\/image\/","url":"https:\/\/sokindsport.com\/wp-content\/uploads\/2022\/02\/Sokind-Sport-Logo.png","contentUrl":"https:\/\/sokindsport.com\/wp-content\/uploads\/2022\/02\/Sokind-Sport-Logo.png","width":250,"height":64,"caption":"Sokind Cycling Pad"},"image":{"@id":"https:\/\/sokindsport.com\/#\/schema\/logo\/image\/"}}]}},"_links":{"self":[{"href":"https:\/\/sokindsport.com\/it\/wp-json\/wp\/v2\/product\/3151","targetHints":{"allow":["GET"]}}],"collection":[{"href":"https:\/\/sokindsport.com\/it\/wp-json\/wp\/v2\/product"}],"about":[{"href":"https:\/\/sokindsport.com\/it\/wp-json\/wp\/v2\/types\/product"}],"replies":[{"embeddable":true,"href":"https:\/\/sokindsport.com\/it\/wp-json\/wp\/v2\/comments?post=3151"}],"version-history":[{"count":1,"href":"https:\/\/sokindsport.com\/it\/wp-json\/wp\/v2\/product\/3151\/revisions"}],"predecessor-version":[{"id":3159,"href":"https:\/\/sokindsport.com\/it\/wp-json\/wp\/v2\/product\/3151\/revisions\/3159"}],"wp:featuredmedia":[{"embeddable":true,"href":"https:\/\/sokindsport.com\/it\/wp-json\/wp\/v2\/media\/3153"}],"wp:attachment":[{"href":"https:\/\/sokindsport.com\/it\/wp-json\/wp\/v2\/media?parent=3151"}],"wp:term":[{"taxonomy":"product_brand","embeddable":true,"href":"https:\/\/sokindsport.com\/it\/wp-json\/wp\/v2\/product_brand?post=3151"},{"taxonomy":"product_cat","embeddable":true,"href":"https:\/\/sokindsport.com\/it\/wp-json\/wp\/v2\/product_cat?post=3151"},{"taxonomy":"product_tag","embeddable":true,"href":"https:\/\/sokindsport.com\/it\/wp-json\/wp\/v2\/product_tag?post=3151"}],"curies":[{"name":"wp","href":"https:\/\/api.w.org\/{rel}","templated":true}]}}