{"id":3270,"date":"2026-04-26T14:55:07","date_gmt":"2026-04-26T14:55:07","guid":{"rendered":"https:\/\/sokindsport.com\/?post_type=product&#038;p=3270"},"modified":"2026-04-26T14:55:07","modified_gmt":"2026-04-26T14:55:07","slug":"fabricant-de-chamois-de-cyclisme-pour-enfants-sk-564-3d-ergonomique-en-gros","status":"publish","type":"product","link":"https:\/\/sokindsport.com\/fr\/product\/wholesale-kids-cycling-chamois-sk-564-3d-ergonomic-pad-manufacturer\/","title":{"rendered":"Grossiste chamois de cyclisme pour enfants SK-564 3D Ergonomic Pad Manufacturer"},"content":{"rendered":"<p><img fetchpriority=\"high\" decoding=\"async\" class=\"alignnone size-full wp-image-3277\" src=\"https:\/\/sokindsport.com\/wp-content\/uploads\/2026\/04\/Wholesale-Kids-Cycling-Chamois-SK-564-3D-Ergonomic-Pad-Manufacturer-6-scaled.jpg\" alt=\"Grossiste Peau de Chamois Sk 564 3d Ergonomique pour enfants Fabricant (6)\" width=\"2560\" height=\"1810\" srcset=\"https:\/\/sokindsport.com\/wp-content\/uploads\/2026\/04\/Wholesale-Kids-Cycling-Chamois-SK-564-3D-Ergonomic-Pad-Manufacturer-6-scaled.jpg 2560w, https:\/\/sokindsport.com\/wp-content\/uploads\/2026\/04\/Wholesale-Kids-Cycling-Chamois-SK-564-3D-Ergonomic-Pad-Manufacturer-6-768x543.jpg 768w, https:\/\/sokindsport.com\/wp-content\/uploads\/2026\/04\/Wholesale-Kids-Cycling-Chamois-SK-564-3D-Ergonomic-Pad-Manufacturer-6-1536x1086.jpg 1536w, https:\/\/sokindsport.com\/wp-content\/uploads\/2026\/04\/Wholesale-Kids-Cycling-Chamois-SK-564-3D-Ergonomic-Pad-Manufacturer-6-2048x1448.jpg 2048w, https:\/\/sokindsport.com\/wp-content\/uploads\/2026\/04\/Wholesale-Kids-Cycling-Chamois-SK-564-3D-Ergonomic-Pad-Manufacturer-6-18x12.jpg 18w, https:\/\/sokindsport.com\/wp-content\/uploads\/2026\/04\/Wholesale-Kids-Cycling-Chamois-SK-564-3D-Ergonomic-Pad-Manufacturer-6-600x424.jpg 600w\" sizes=\"(max-width: 2560px) 100vw, 2560px\" \/><\/p>\n<h2>SOKIND\u00ae SK-564 : Chamois de cyclisme 3D ergonomique de premi\u00e8re qualit\u00e9 pour enfants<\/h2>\n<h3>\u00c9quipez votre ligne de v\u00eatements pour jeunes d'une protection de qualit\u00e9 professionnelle sans frottement.<\/h3>\n<p>Alors que le march\u00e9 mondial du cyclisme pour les jeunes continue de se d\u00e9velopper, les parents exigent des v\u00eatements qui offrent la m\u00eame protection haute performance que les v\u00eatements pour adultes. En tant que fabricant d'\u00e9lite de composants athl\u00e9tiques avanc\u00e9s, SOKIND\u00ae a con\u00e7u le SK-564, un chamois sp\u00e9cialis\u00e9 pour le cyclisme des enfants, con\u00e7u pour \u00e9quilibrer parfaitement l'absorption dynamique des chocs avec une libert\u00e9 de mouvement illimit\u00e9e.<\/p>\n<p>Construit avec un noyau en mousse r\u00e9ticul\u00e9e haute densit\u00e9 de 60kg\/m\u00b3 moul\u00e9 avec pr\u00e9cision et un m\u00e9lange de tissu Nylon\/Spandex remarquablement doux, le SK-564 \u00e9limine la sensation encombrante et de \u201ccouche\u201d des protections standard pour les jeunes. Il offre \u00e0 votre marque de v\u00eatements un composant central de premi\u00e8re qualit\u00e9 qui garantit aux jeunes athl\u00e8tes une exp\u00e9rience de conduite s\u00fbre, s\u00e8che et sans frottements pendant une dur\u00e9e pouvant aller jusqu'\u00e0 6 heures en selle.<\/p>\n<h3>Innovations techniques avanc\u00e9es<\/h3>\n<p><strong>Tissu ultra-doux et doux pour la peau<\/strong>: La couche en contact avec la peau est fabriqu\u00e9e \u00e0 partir d'un m\u00e9lange \u00e9lite de Nylon 80% et de Spandex 20%. Cette combinaison offre un toucher remarquablement doux et soyeux sur la peau d\u00e9licate, \u00e9vitant les abrasions tout en offrant une excellente extensibilit\u00e9 quadridirectionnelle pour les enfants tr\u00e8s actifs.<\/p>\n<p><strong>60kg\/m\u00b3 de mousse r\u00e9ticul\u00e9e<\/strong>: Con\u00e7u avec une technologie avanc\u00e9e de mousse \u00e0 cellules ouvertes. La mousse haute densit\u00e9 de 60 kg\/m\u00b3 offre un rebond puissant et une absorption cibl\u00e9e des chocs, isolant activement les jeunes os du bassin des bosses et des vibrations de la route sans encombrement inutile.<\/p>\n<p><strong>Moulage unibody 3D sp\u00e9cifique \u00e0 l'enfant<\/strong>: Gr\u00e2ce \u00e0 une d\u00e9coupe 3D de pr\u00e9cision et \u00e0 un moulage unibody, le pad est anatomiquement profil\u00e9 pour s'adapter aux proportions uniques des jeunes cyclistes. Cette conception sans couture garantit que le coussin se d\u00e9place naturellement avec l'enfant, \u00e9vitant ainsi les d\u00e9placements lors des p\u00e9dalages agressifs.<\/p>\n<p><strong>Profil \u201cinvisible\u201d \u00e0 faible encombrement<\/strong>: Mesurant 26 cm x 15 cm, ce coussin pr\u00e9sente un gradient d'\u00e9paisseur progressif. Il offre un soutien de 8,0 mm au niveau des os de l'assise, passe \u00e0 une zone m\u00e9diane de 6,0 mm et s'affine jusqu'\u00e0 un bord de 2,0 mm pour une int\u00e9gration transparente sous les v\u00eatements.<\/p>\n<h3>Avantages strat\u00e9giques pour vos clients et votre marque<\/h3>\n<p><strong>\u00c9liminer les plaintes relatives \u00e0 la selle<\/strong>: L'absorption dynamique des chocs et la surface ultra-lisse pr\u00e9viennent efficacement les douleurs de la selle qui incitent souvent les enfants \u00e0 abandonner l'\u00e9quitation avant terme. Les enfants roulent plus longtemps et sont plus heureux, ce qui renforce la fid\u00e9lit\u00e9 des parents \u00e0 la marque.<\/p>\n<p><strong>Restez au frais, au sec et sans \u00e9ruption cutan\u00e9e<\/strong>: La mousse r\u00e9ticul\u00e9e hautement ventil\u00e9e et le m\u00e9lange de nylon \u00e9vacuant l'humidit\u00e9 permettent d'expulser activement la chaleur et la sueur. Les jeunes athl\u00e8tes restent au sec, \u00e9vitant ainsi les d\u00e9sagr\u00e9ments li\u00e9s \u00e0 l'accumulation de sueur et aux \u00e9ruptions cutan\u00e9es pendant les aventures estivales.<\/p>\n<p><strong>Libert\u00e9 de circulation sans restriction<\/strong>: Le profil bas de 8,0 mm garantit que le coussin prot\u00e8ge sans g\u00eaner, ce qui permet aux enfants de passer en douceur du v\u00e9lo \u00e0 la course \u00e0 pied et aux jeux en dehors du v\u00e9lo.<\/p>\n<p><strong>Int\u00e9gration transparente de la fabrication<\/strong>: Les bords effil\u00e9s ultra-fins de 2,0 mm permettent \u00e0 votre usine de coudre facilement le coussinet dans les shorts et les dossards des jeunes cyclistes sans cr\u00e9er de lignes de couture \u00e9paisses, visibles ou inconfortables.<\/p>\n<h3>Partenaire de SOKIND\u00ae Manufacturing :<\/h3>\n<p>Offrez \u00e0 vos v\u00eatements de sport pour jeunes la protection et la qualit\u00e9 sup\u00e9rieure que les parents d'aujourd'hui recherchent. Contactez notre \u00e9quipe B2B du commerce ext\u00e9rieur d\u00e8s aujourd'hui pour demander des \u00e9chantillons physiques du SK-564, et explorer les prix de gros en volume et l'int\u00e9gration OEM\/ODM personnalis\u00e9e.<\/p>","protected":false},"excerpt":{"rendered":"<table>\n<tbody>\n<tr>\n<td><strong>Sp\u00e9cifications<\/strong><\/td>\n<td><strong>D\u00e9tails<\/strong><\/td>\n<\/tr>\n<tr>\n<td><strong><b>Mod\u00e8le<\/b><\/strong><\/td>\n<td>SK-564<\/td>\n<\/tr>\n<tr>\n<td><strong><b>Cat\u00e9gorie de produits<\/b><\/strong><\/td>\n<td>Chamois de cyclisme pour enfants \/ Insert pour jeunes<\/td>\n<\/tr>\n<tr>\n<td><strong><b>Dimensions<\/b><\/strong><\/td>\n<td>26cm (Longueur) x 15cm (Largeur)<\/td>\n<\/tr>\n<tr>\n<td><strong><b>Profil d'\u00e9paisseur<\/b><\/strong><\/td>\n<td>2,0 mm (bord) \/ 6,0 mm (milieu) \/ 8,0 mm (c\u0153ur)<\/td>\n<\/tr>\n<tr>\n<td><strong><b>Coussin de base<\/b><\/strong><\/td>\n<td>Mousse r\u00e9ticul\u00e9e haute densit\u00e9 60kg\/m\u00b3.<\/td>\n<\/tr>\n<tr>\n<td><strong><b>Composition du tissu<\/b><\/strong><\/td>\n<td>80% Nylon, 20% Spandex<\/td>\n<\/tr>\n<tr>\n<td><strong><b>Utilisation recommand\u00e9e<\/b><\/strong><\/td>\n<td>Entra\u00eenement des jeunes, randonn\u00e9e en famille, trajet domicile-travail \/ Jusqu'\u00e0 6 heures<\/td>\n<\/tr>\n<\/tbody>\n<\/table>","protected":false},"featured_media":3272,"comment_status":"open","ping_status":"closed","template":"","meta":[],"product_brand":[],"product_cat":[52,50,51],"product_tag":[],"class_list":{"0":"post-3270","1":"product","2":"type-product","3":"status-publish","4":"has-post-thumbnail","6":"product_cat-pads-for-kids","7":"product_cat-pro-3d-pads","8":"product_cat-triathlon-pad","10":"first","11":"instock","12":"shipping-taxable","13":"product-type-simple"},"yoast_head":"<!-- This site is optimized with the Yoast SEO plugin v27.4 - https:\/\/yoast.com\/product\/yoast-seo-wordpress\/ -->\n<title>Wholesale Kids&#039; Cycling Chamois SK-564 3D Ergonomic Pad Manufacturer - Sokind Cycling Pad<\/title>\n<meta name=\"description\" content=\"Source premium youth cycling inserts direct from the SOKIND\u00ae factory. The SK-564 Kids&#039; Cycling Chamois features a low-bulk 8.0mm profile and 60kg\/m\u00b3 foam. Contact for best pricing!\" \/>\n<meta name=\"robots\" content=\"index, follow, max-snippet:-1, max-image-preview:large, max-video-preview:-1\" \/>\n<link rel=\"canonical\" href=\"https:\/\/sokindsport.com\/fr\/produit\/fabricant-de-chamois-de-cyclisme-pour-enfants-sk-564-3d-ergonomique-en-gros\/\" \/>\n<meta property=\"og:locale\" content=\"fr_FR\" \/>\n<meta property=\"og:type\" content=\"article\" \/>\n<meta property=\"og:title\" content=\"Wholesale Kids&#039; Cycling Chamois SK-564 3D Ergonomic Pad Manufacturer - Sokind Cycling Pad\" \/>\n<meta property=\"og:description\" content=\"Source premium youth cycling inserts direct from the SOKIND\u00ae factory. The SK-564 Kids&#039; Cycling Chamois features a low-bulk 8.0mm profile and 60kg\/m\u00b3 foam. Contact for best pricing!\" \/>\n<meta property=\"og:url\" content=\"https:\/\/sokindsport.com\/fr\/produit\/fabricant-de-chamois-de-cyclisme-pour-enfants-sk-564-3d-ergonomique-en-gros\/\" \/>\n<meta property=\"og:site_name\" content=\"Sokind Cycling Pad\" \/>\n<meta property=\"og:image\" content=\"https:\/\/sokindsport.com\/wp-content\/uploads\/2026\/04\/Wholesale-Kids-Cycling-Chamois-SK-564-3D-Ergonomic-Pad-Manufacturer-1.jpg\" \/>\n\t<meta property=\"og:image:width\" content=\"800\" \/>\n\t<meta property=\"og:image:height\" content=\"800\" \/>\n\t<meta property=\"og:image:type\" content=\"image\/jpeg\" \/>\n<meta name=\"twitter:card\" content=\"summary_large_image\" \/>\n<meta name=\"twitter:label1\" content=\"Dur\u00e9e de lecture estim\u00e9e\" \/>\n\t<meta name=\"twitter:data1\" content=\"3 minutes\" \/>\n<script type=\"application\/ld+json\" class=\"yoast-schema-graph\">{\"@context\":\"https:\\\/\\\/schema.org\",\"@graph\":[{\"@type\":\"WebPage\",\"@id\":\"https:\\\/\\\/sokindsport.com\\\/product\\\/wholesale-kids-cycling-chamois-sk-564-3d-ergonomic-pad-manufacturer\\\/\",\"url\":\"https:\\\/\\\/sokindsport.com\\\/product\\\/wholesale-kids-cycling-chamois-sk-564-3d-ergonomic-pad-manufacturer\\\/\",\"name\":\"Wholesale Kids' Cycling Chamois SK-564 3D Ergonomic Pad Manufacturer - Sokind Cycling Pad\",\"isPartOf\":{\"@id\":\"https:\\\/\\\/sokindsport.com\\\/#website\"},\"primaryImageOfPage\":{\"@id\":\"https:\\\/\\\/sokindsport.com\\\/product\\\/wholesale-kids-cycling-chamois-sk-564-3d-ergonomic-pad-manufacturer\\\/#primaryimage\"},\"image\":{\"@id\":\"https:\\\/\\\/sokindsport.com\\\/product\\\/wholesale-kids-cycling-chamois-sk-564-3d-ergonomic-pad-manufacturer\\\/#primaryimage\"},\"thumbnailUrl\":\"https:\\\/\\\/sokindsport.com\\\/wp-content\\\/uploads\\\/2026\\\/04\\\/Wholesale-Kids-Cycling-Chamois-SK-564-3D-Ergonomic-Pad-Manufacturer-1.jpg\",\"datePublished\":\"2026-04-26T14:55:07+00:00\",\"description\":\"Source premium youth cycling inserts direct from the SOKIND\u00ae factory. The SK-564 Kids' Cycling Chamois features a low-bulk 8.0mm profile and 60kg\\\/m\u00b3 foam. Contact for best pricing!\",\"breadcrumb\":{\"@id\":\"https:\\\/\\\/sokindsport.com\\\/product\\\/wholesale-kids-cycling-chamois-sk-564-3d-ergonomic-pad-manufacturer\\\/#breadcrumb\"},\"inLanguage\":\"fr-FR\",\"potentialAction\":[{\"@type\":\"ReadAction\",\"target\":[\"https:\\\/\\\/sokindsport.com\\\/product\\\/wholesale-kids-cycling-chamois-sk-564-3d-ergonomic-pad-manufacturer\\\/\"]}]},{\"@type\":\"ImageObject\",\"inLanguage\":\"fr-FR\",\"@id\":\"https:\\\/\\\/sokindsport.com\\\/product\\\/wholesale-kids-cycling-chamois-sk-564-3d-ergonomic-pad-manufacturer\\\/#primaryimage\",\"url\":\"https:\\\/\\\/sokindsport.com\\\/wp-content\\\/uploads\\\/2026\\\/04\\\/Wholesale-Kids-Cycling-Chamois-SK-564-3D-Ergonomic-Pad-Manufacturer-1.jpg\",\"contentUrl\":\"https:\\\/\\\/sokindsport.com\\\/wp-content\\\/uploads\\\/2026\\\/04\\\/Wholesale-Kids-Cycling-Chamois-SK-564-3D-Ergonomic-Pad-Manufacturer-1.jpg\",\"width\":800,\"height\":800,\"caption\":\"Wholesale Kids' Cycling Chamois Sk 564 3d Ergonomic Pad Manufacturer (1)\"},{\"@type\":\"BreadcrumbList\",\"@id\":\"https:\\\/\\\/sokindsport.com\\\/product\\\/wholesale-kids-cycling-chamois-sk-564-3d-ergonomic-pad-manufacturer\\\/#breadcrumb\",\"itemListElement\":[{\"@type\":\"ListItem\",\"position\":1,\"name\":\"Home\",\"item\":\"https:\\\/\\\/sokindsport.com\\\/\"},{\"@type\":\"ListItem\",\"position\":2,\"name\":\"\u5546\u5e97\",\"item\":\"https:\\\/\\\/sokindsport.com\\\/shop\\\/\"},{\"@type\":\"ListItem\",\"position\":3,\"name\":\"Wholesale Kids&#8217; Cycling Chamois SK-564 3D Ergonomic Pad Manufacturer\"}]},{\"@type\":\"WebSite\",\"@id\":\"https:\\\/\\\/sokindsport.com\\\/#website\",\"url\":\"https:\\\/\\\/sokindsport.com\\\/\",\"name\":\"Sokind Cycling Pad\",\"description\":\"Sokind Cycling Pad\",\"publisher\":{\"@id\":\"https:\\\/\\\/sokindsport.com\\\/#organization\"},\"potentialAction\":[{\"@type\":\"SearchAction\",\"target\":{\"@type\":\"EntryPoint\",\"urlTemplate\":\"https:\\\/\\\/sokindsport.com\\\/?s={search_term_string}\"},\"query-input\":{\"@type\":\"PropertyValueSpecification\",\"valueRequired\":true,\"valueName\":\"search_term_string\"}}],\"inLanguage\":\"fr-FR\"},{\"@type\":\"Organization\",\"@id\":\"https:\\\/\\\/sokindsport.com\\\/#organization\",\"name\":\"Sokind Cycling Pad\",\"url\":\"https:\\\/\\\/sokindsport.com\\\/\",\"logo\":{\"@type\":\"ImageObject\",\"inLanguage\":\"fr-FR\",\"@id\":\"https:\\\/\\\/sokindsport.com\\\/#\\\/schema\\\/logo\\\/image\\\/\",\"url\":\"https:\\\/\\\/sokindsport.com\\\/wp-content\\\/uploads\\\/2022\\\/02\\\/Sokind-Sport-Logo.png\",\"contentUrl\":\"https:\\\/\\\/sokindsport.com\\\/wp-content\\\/uploads\\\/2022\\\/02\\\/Sokind-Sport-Logo.png\",\"width\":250,\"height\":64,\"caption\":\"Sokind Cycling Pad\"},\"image\":{\"@id\":\"https:\\\/\\\/sokindsport.com\\\/#\\\/schema\\\/logo\\\/image\\\/\"}}]}<\/script>\n<!-- \/ Yoast SEO plugin. -->","yoast_head_json":{"title":"Grossiste Peau de Chamois Kids SK-564 3D Ergonomic Pad Manufacturer - Sokind Cycling Pad","description":"Les inserts de cyclisme pour jeunes sont de premi\u00e8re qualit\u00e9 et proviennent directement de l'usine SOKIND\u00ae. La peau de chamois SK-564 Kids' Cycling Chamois est dot\u00e9e d'un profil de 8,0 mm et d'une mousse de 60 kg\/m\u00b3. Contactez-nous pour obtenir les meilleurs prix !","robots":{"index":"index","follow":"follow","max-snippet":"max-snippet:-1","max-image-preview":"max-image-preview:large","max-video-preview":"max-video-preview:-1"},"canonical":"https:\/\/sokindsport.com\/fr\/produit\/fabricant-de-chamois-de-cyclisme-pour-enfants-sk-564-3d-ergonomique-en-gros\/","og_locale":"fr_FR","og_type":"article","og_title":"Wholesale Kids' Cycling Chamois SK-564 3D Ergonomic Pad Manufacturer - Sokind Cycling Pad","og_description":"Source premium youth cycling inserts direct from the SOKIND\u00ae factory. The SK-564 Kids' Cycling Chamois features a low-bulk 8.0mm profile and 60kg\/m\u00b3 foam. Contact for best pricing!","og_url":"https:\/\/sokindsport.com\/fr\/produit\/fabricant-de-chamois-de-cyclisme-pour-enfants-sk-564-3d-ergonomique-en-gros\/","og_site_name":"Sokind Cycling Pad","og_image":[{"width":800,"height":800,"url":"https:\/\/sokindsport.com\/wp-content\/uploads\/2026\/04\/Wholesale-Kids-Cycling-Chamois-SK-564-3D-Ergonomic-Pad-Manufacturer-1.jpg","type":"image\/jpeg"}],"twitter_card":"summary_large_image","twitter_misc":{"Dur\u00e9e de lecture estim\u00e9e":"3 minutes"},"schema":{"@context":"https:\/\/schema.org","@graph":[{"@type":"WebPage","@id":"https:\/\/sokindsport.com\/product\/wholesale-kids-cycling-chamois-sk-564-3d-ergonomic-pad-manufacturer\/","url":"https:\/\/sokindsport.com\/product\/wholesale-kids-cycling-chamois-sk-564-3d-ergonomic-pad-manufacturer\/","name":"Grossiste Peau de Chamois Kids SK-564 3D Ergonomic Pad Manufacturer - Sokind Cycling Pad","isPartOf":{"@id":"https:\/\/sokindsport.com\/#website"},"primaryImageOfPage":{"@id":"https:\/\/sokindsport.com\/product\/wholesale-kids-cycling-chamois-sk-564-3d-ergonomic-pad-manufacturer\/#primaryimage"},"image":{"@id":"https:\/\/sokindsport.com\/product\/wholesale-kids-cycling-chamois-sk-564-3d-ergonomic-pad-manufacturer\/#primaryimage"},"thumbnailUrl":"https:\/\/sokindsport.com\/wp-content\/uploads\/2026\/04\/Wholesale-Kids-Cycling-Chamois-SK-564-3D-Ergonomic-Pad-Manufacturer-1.jpg","datePublished":"2026-04-26T14:55:07+00:00","description":"Les inserts de cyclisme pour jeunes sont de premi\u00e8re qualit\u00e9 et proviennent directement de l'usine SOKIND\u00ae. La peau de chamois SK-564 Kids' Cycling Chamois est dot\u00e9e d'un profil de 8,0 mm et d'une mousse de 60 kg\/m\u00b3. Contactez-nous pour obtenir les meilleurs prix !","breadcrumb":{"@id":"https:\/\/sokindsport.com\/product\/wholesale-kids-cycling-chamois-sk-564-3d-ergonomic-pad-manufacturer\/#breadcrumb"},"inLanguage":"fr-FR","potentialAction":[{"@type":"ReadAction","target":["https:\/\/sokindsport.com\/product\/wholesale-kids-cycling-chamois-sk-564-3d-ergonomic-pad-manufacturer\/"]}]},{"@type":"ImageObject","inLanguage":"fr-FR","@id":"https:\/\/sokindsport.com\/product\/wholesale-kids-cycling-chamois-sk-564-3d-ergonomic-pad-manufacturer\/#primaryimage","url":"https:\/\/sokindsport.com\/wp-content\/uploads\/2026\/04\/Wholesale-Kids-Cycling-Chamois-SK-564-3D-Ergonomic-Pad-Manufacturer-1.jpg","contentUrl":"https:\/\/sokindsport.com\/wp-content\/uploads\/2026\/04\/Wholesale-Kids-Cycling-Chamois-SK-564-3D-Ergonomic-Pad-Manufacturer-1.jpg","width":800,"height":800,"caption":"Wholesale Kids' Cycling Chamois Sk 564 3d Ergonomic Pad Manufacturer (1)"},{"@type":"BreadcrumbList","@id":"https:\/\/sokindsport.com\/product\/wholesale-kids-cycling-chamois-sk-564-3d-ergonomic-pad-manufacturer\/#breadcrumb","itemListElement":[{"@type":"ListItem","position":1,"name":"Home","item":"https:\/\/sokindsport.com\/"},{"@type":"ListItem","position":2,"name":"\u5546\u5e97","item":"https:\/\/sokindsport.com\/shop\/"},{"@type":"ListItem","position":3,"name":"Wholesale Kids&#8217; Cycling Chamois SK-564 3D Ergonomic Pad Manufacturer"}]},{"@type":"WebSite","@id":"https:\/\/sokindsport.com\/#website","url":"https:\/\/sokindsport.com\/","name":"Pad de v\u00e9lo Sokind","description":"Pad de v\u00e9lo Sokind","publisher":{"@id":"https:\/\/sokindsport.com\/#organization"},"potentialAction":[{"@type":"SearchAction","target":{"@type":"EntryPoint","urlTemplate":"https:\/\/sokindsport.com\/?s={search_term_string}"},"query-input":{"@type":"PropertyValueSpecification","valueRequired":true,"valueName":"search_term_string"}}],"inLanguage":"fr-FR"},{"@type":"Organization","@id":"https:\/\/sokindsport.com\/#organization","name":"Pad de v\u00e9lo Sokind","url":"https:\/\/sokindsport.com\/","logo":{"@type":"ImageObject","inLanguage":"fr-FR","@id":"https:\/\/sokindsport.com\/#\/schema\/logo\/image\/","url":"https:\/\/sokindsport.com\/wp-content\/uploads\/2022\/02\/Sokind-Sport-Logo.png","contentUrl":"https:\/\/sokindsport.com\/wp-content\/uploads\/2022\/02\/Sokind-Sport-Logo.png","width":250,"height":64,"caption":"Sokind Cycling Pad"},"image":{"@id":"https:\/\/sokindsport.com\/#\/schema\/logo\/image\/"}}]}},"_links":{"self":[{"href":"https:\/\/sokindsport.com\/fr\/wp-json\/wp\/v2\/product\/3270","targetHints":{"allow":["GET"]}}],"collection":[{"href":"https:\/\/sokindsport.com\/fr\/wp-json\/wp\/v2\/product"}],"about":[{"href":"https:\/\/sokindsport.com\/fr\/wp-json\/wp\/v2\/types\/product"}],"replies":[{"embeddable":true,"href":"https:\/\/sokindsport.com\/fr\/wp-json\/wp\/v2\/comments?post=3270"}],"version-history":[{"count":1,"href":"https:\/\/sokindsport.com\/fr\/wp-json\/wp\/v2\/product\/3270\/revisions"}],"predecessor-version":[{"id":3278,"href":"https:\/\/sokindsport.com\/fr\/wp-json\/wp\/v2\/product\/3270\/revisions\/3278"}],"wp:featuredmedia":[{"embeddable":true,"href":"https:\/\/sokindsport.com\/fr\/wp-json\/wp\/v2\/media\/3272"}],"wp:attachment":[{"href":"https:\/\/sokindsport.com\/fr\/wp-json\/wp\/v2\/media?parent=3270"}],"wp:term":[{"taxonomy":"product_brand","embeddable":true,"href":"https:\/\/sokindsport.com\/fr\/wp-json\/wp\/v2\/product_brand?post=3270"},{"taxonomy":"product_cat","embeddable":true,"href":"https:\/\/sokindsport.com\/fr\/wp-json\/wp\/v2\/product_cat?post=3270"},{"taxonomy":"product_tag","embeddable":true,"href":"https:\/\/sokindsport.com\/fr\/wp-json\/wp\/v2\/product_tag?post=3270"}],"curies":[{"name":"wp","href":"https:\/\/api.w.org\/{rel}","templated":true}]}}