{"id":3261,"date":"2026-04-26T14:49:21","date_gmt":"2026-04-26T14:49:21","guid":{"rendered":"https:\/\/sokindsport.com\/?post_type=product&#038;p=3261"},"modified":"2026-04-26T14:49:21","modified_gmt":"2026-04-26T14:49:21","slug":"grossiste-chamois-unisexe-3d-pad-sk-471-fabricant","status":"publish","type":"product","link":"https:\/\/sokindsport.com\/fr\/product\/wholesale-unisex-chamois-3d-pad-sk-471-manufacturer\/","title":{"rendered":"Wholesale Unisex Chamois 3D Pad SK-471 Fabricant"},"content":{"rendered":"<p><img fetchpriority=\"high\" decoding=\"async\" class=\"alignnone size-full wp-image-3268\" src=\"https:\/\/sokindsport.com\/wp-content\/uploads\/2026\/04\/Wholesale-Unisex-Chamois-3D-Pad-SK-471-Manufacturer-6-scaled.jpg\" alt=\"Wholesale Unisex Chamois 3d Pad Sk 471 Fabricant (6)\" width=\"2560\" height=\"1810\" srcset=\"https:\/\/sokindsport.com\/wp-content\/uploads\/2026\/04\/Wholesale-Unisex-Chamois-3D-Pad-SK-471-Manufacturer-6-scaled.jpg 2560w, https:\/\/sokindsport.com\/wp-content\/uploads\/2026\/04\/Wholesale-Unisex-Chamois-3D-Pad-SK-471-Manufacturer-6-768x543.jpg 768w, https:\/\/sokindsport.com\/wp-content\/uploads\/2026\/04\/Wholesale-Unisex-Chamois-3D-Pad-SK-471-Manufacturer-6-1536x1086.jpg 1536w, https:\/\/sokindsport.com\/wp-content\/uploads\/2026\/04\/Wholesale-Unisex-Chamois-3D-Pad-SK-471-Manufacturer-6-2048x1448.jpg 2048w, https:\/\/sokindsport.com\/wp-content\/uploads\/2026\/04\/Wholesale-Unisex-Chamois-3D-Pad-SK-471-Manufacturer-6-18x12.jpg 18w, https:\/\/sokindsport.com\/wp-content\/uploads\/2026\/04\/Wholesale-Unisex-Chamois-3D-Pad-SK-471-Manufacturer-6-600x424.jpg 600w\" sizes=\"(max-width: 2560px) 100vw, 2560px\" \/><\/p>\n<h2>SOKIND\u00ae SK-471 : Chamois unisexe certifi\u00e9 OEKO-TEX\u00ae 3D Pad<\/h2>\n<h3>Simplifiez votre inventaire et maximisez le confort du pilote gr\u00e2ce au rembourrage universel de premi\u00e8re qualit\u00e9.<\/h3>\n<p>Sur le march\u00e9 diversifi\u00e9 des v\u00eatements de cyclisme, l'approvisionnement en composants de haute qualit\u00e9 destin\u00e9s \u00e0 un large public peut constituer un d\u00e9fi logistique. En tant que premier fabricant de composants athl\u00e9tiques d'\u00e9lite, SOKIND\u00ae a con\u00e7u le SK-471, une peau de chamois 3D unisexe tr\u00e8s polyvalente.<\/p>\n<p>Con\u00e7u pour offrir un confort comparable \u00e0 celui d'un nuage \u00e0 tous les cyclistes, ce coussin utilise un moulage unibody avanc\u00e9 et un noyau de mousse multicouche robuste de 90 kg\/m\u00b3. Que vos utilisateurs finaux s'attaquent \u00e0 des sentiers de VTT \u00e9puisants ou \u00e0 des courses sur route de longue dur\u00e9e, le SK-471 offre une protection de la selle sans compromis pendant plus de 6 heures. Soutenu par la certification OEKO-TEX\u00ae Standard 100, reconnue dans le monde entier, ce rembourrage garantit que votre ligne de v\u00eatements r\u00e9pond aux normes internationales les plus strictes en mati\u00e8re de s\u00e9curit\u00e9 et de qualit\u00e9.<\/p>\n<h3>Innovations techniques avanc\u00e9es<\/h3>\n<p><strong>Tissu de qualit\u00e9 sup\u00e9rieure respectueux de la peau<\/strong>: La couche sup\u00e9rieure est fabriqu\u00e9e \u00e0 partir d'un m\u00e9lange optimal de nylon 80% et de spandex 20%. Cette combinaison \u00e0 haute \u00e9lasticit\u00e9 offre un toucher doux et soyeux qui \u00e9vite les frottements tout en offrant une excellente extensibilit\u00e9 dans les quatre sens.<\/p>\n<p><strong>Mousse r\u00e9ticul\u00e9e double couche 90kg\/m\u00b3<\/strong>: Au c\u0153ur du coussin se trouve un puissant syst\u00e8me d'amortissement multicouche. La mousse r\u00e9ticul\u00e9e haute densit\u00e9 de 90 kg\/m\u00b3 absorbe les fortes vibrations de la route et prot\u00e8ge les tub\u00e9rosit\u00e9s ischiatiques, pr\u00e9venant ainsi efficacement la fatigue des hanches et des tissus profonds.<\/p>\n<p><strong>Moulage unibody 3D ergonomique<\/strong>: Gr\u00e2ce \u00e0 une d\u00e9coupe 3D avanc\u00e9e et \u00e0 un moulage unibody, le pad est ergonomique et s'adapte parfaitement \u00e0 l'anatomie masculine et f\u00e9minine. Il se d\u00e9place parfaitement avec le cavalier, sans se tasser ni se d\u00e9placer.<\/p>\n<p><strong>Profil universel rationalis\u00e9<\/strong>: Mesurant 25 cm x 17 cm, ce coussin pr\u00e9sente un gradient d'\u00e9paisseur \u00e9quilibr\u00e9. Il offre un noyau de soutien de 10,0 mm aux principaux points de pression, passant \u00e0 une zone m\u00e9diane de 10,0 mm et se r\u00e9tr\u00e9cissant en douceur jusqu'\u00e0 un bord de 2,0 mm pour un ajustement invisible sous les v\u00eatements.<\/p>\n<h3>Avantages strat\u00e9giques pour vos clients et votre marque<\/h3>\n<p><strong>Gestion efficace des stocks<\/strong>: En tant que mod\u00e8le unisexe m\u00e9ticuleusement con\u00e7u, le SK-471 permet \u00e0 votre marque de rationaliser le nombre d'unit\u00e9s de stock et de simplifier la fabrication. Utilisez un seul coussin de haute performance pour plusieurs gammes de produits pour hommes et femmes.<\/p>\n<p><strong>Endurance longue distance sans peur (6+ heures)<\/strong>: L'absorption dynamique des chocs du noyau de 90 kg\/m\u00b3 permet \u00e0 vos clients de faire de longues randonn\u00e9es sans ressentir d'engourdissement ou de plaies de selle, ce qui favorise la fid\u00e9lit\u00e9 \u00e0 la marque et les commentaires positifs.<\/p>\n<p><strong>Respirant et r\u00e9sistant \u00e0 la transpiration<\/strong>: La mousse r\u00e9ticul\u00e9e \u00e0 cellules ouvertes et le tissu de surface \u00e0 \u00e9vacuation de l'humidit\u00e9 \u00e9vacuent activement la chaleur et la sueur. Les cavaliers restent au frais et au sec, \u00e9liminant ainsi l'inconfort d'une randonn\u00e9e \u201c\u00e9touffante\u201d.<\/p>\n<p><strong>Assurance de la s\u00e9curit\u00e9 au niveau mondial<\/strong>: L'approvisionnement en composants certifi\u00e9s OEKO-TEX\u00ae offre une tranquillit\u00e9 d'esprit absolue \u00e0 vos acheteurs internationaux et prouve l'engagement de votre marque en faveur d'une fabrication non toxique, respectueuse de l'environnement et s\u00fbre.<\/p>\n<h3>Partenaire de SOKIND\u00ae Manufacturing :<\/h3>\n<p>\u00c9quipez vos v\u00eatements de cyclisme d'un noyau polyvalent et universellement confortable. Contactez notre \u00e9quipe B2B du commerce ext\u00e9rieur d\u00e8s aujourd'hui pour demander des \u00e9chantillons physiques du SK-471, v\u00e9rifier nos certifications OEKO-TEX\u00ae et explorer les prix de gros en volume et l'int\u00e9gration OEM\/ODM personnalis\u00e9e.<\/p>","protected":false},"excerpt":{"rendered":"<table>\n<tbody>\n<tr>\n<td><strong>Sp\u00e9cifications<\/strong><\/td>\n<td><strong>D\u00e9tails<\/strong><\/td>\n<\/tr>\n<tr>\n<td><strong><b>Mod\u00e8le<\/b><\/strong><\/td>\n<td>SK-471<\/td>\n<\/tr>\n<tr>\n<td><strong><b>Cat\u00e9gorie de produits<\/b><\/strong><\/td>\n<td>Coussinets 3D unisexe pour les peaux de chamois<\/td>\n<\/tr>\n<tr>\n<td><strong><b>Certification<\/b><\/strong><\/td>\n<td>OEKO-TEX\u00ae Standard 100<\/td>\n<\/tr>\n<tr>\n<td><strong><b>Dimensions<\/b><\/strong><\/td>\n<td>25cm (Longueur) x 17cm (Largeur)<\/td>\n<\/tr>\n<tr>\n<td><strong><b>Profil d'\u00e9paisseur<\/b><\/strong><\/td>\n<td>2,0 mm (bord) \/ 10,0 mm (milieu) \/ 10,0 mm (c\u0153ur)<\/td>\n<\/tr>\n<tr>\n<td><strong><b>Coussin de base<\/b><\/strong><\/td>\n<td>Mousse r\u00e9ticul\u00e9e multicouche 90kg\/m\u00b3.<\/td>\n<\/tr>\n<tr>\n<td><strong><b>Composition du tissu<\/b><\/strong><\/td>\n<td>80% Nylon, 20% Spandex<\/td>\n<\/tr>\n<tr>\n<td><strong><b>Utilisation recommand\u00e9e<\/b><\/strong><\/td>\n<td>Route, VTT, Trajets quotidiens \/ Randonn\u00e9es de plus de 6 heures<\/td>\n<\/tr>\n<\/tbody>\n<\/table>","protected":false},"featured_media":3263,"comment_status":"open","ping_status":"closed","template":"","meta":[],"product_brand":[],"product_cat":[50,51],"product_tag":[],"class_list":{"0":"post-3261","1":"product","2":"type-product","3":"status-publish","4":"has-post-thumbnail","6":"product_cat-pro-3d-pads","7":"product_cat-triathlon-pad","9":"first","10":"instock","11":"shipping-taxable","12":"product-type-simple"},"yoast_head":"<!-- This site is optimized with the Yoast SEO plugin v27.4 - https:\/\/yoast.com\/product\/yoast-seo-wordpress\/ -->\n<title>Wholesale Unisex Chamois 3D Pad SK-471 Manufacturer - Sokind Cycling Pad<\/title>\n<meta name=\"description\" content=\"Source premium cycling inserts direct from the SOKIND\u00ae factory. The SK-471 Unisex Chamois 3D Pad features a versatile 10mm profile and 90kg\/m\u00b3 foam. Contact for MOQ &amp; pricing!\" \/>\n<meta name=\"robots\" content=\"index, follow, max-snippet:-1, max-image-preview:large, max-video-preview:-1\" \/>\n<link rel=\"canonical\" href=\"https:\/\/sokindsport.com\/fr\/produit\/grossiste-chamois-unisexe-3d-pad-sk-471-fabricant\/\" \/>\n<meta property=\"og:locale\" content=\"fr_FR\" \/>\n<meta property=\"og:type\" content=\"article\" \/>\n<meta property=\"og:title\" content=\"Wholesale Unisex Chamois 3D Pad SK-471 Manufacturer - Sokind Cycling Pad\" \/>\n<meta property=\"og:description\" content=\"Source premium cycling inserts direct from the SOKIND\u00ae factory. The SK-471 Unisex Chamois 3D Pad features a versatile 10mm profile and 90kg\/m\u00b3 foam. Contact for MOQ &amp; pricing!\" \/>\n<meta property=\"og:url\" content=\"https:\/\/sokindsport.com\/fr\/produit\/grossiste-chamois-unisexe-3d-pad-sk-471-fabricant\/\" \/>\n<meta property=\"og:site_name\" content=\"Sokind Cycling Pad\" \/>\n<meta property=\"og:image\" content=\"https:\/\/sokindsport.com\/wp-content\/uploads\/2026\/04\/Wholesale-Unisex-Chamois-3D-Pad-SK-471-Manufacturer-1.jpg\" \/>\n\t<meta property=\"og:image:width\" content=\"800\" \/>\n\t<meta property=\"og:image:height\" content=\"800\" \/>\n\t<meta property=\"og:image:type\" content=\"image\/jpeg\" \/>\n<meta name=\"twitter:card\" content=\"summary_large_image\" \/>\n<meta name=\"twitter:label1\" content=\"Dur\u00e9e de lecture estim\u00e9e\" \/>\n\t<meta name=\"twitter:data1\" content=\"3 minutes\" \/>\n<script type=\"application\/ld+json\" class=\"yoast-schema-graph\">{\"@context\":\"https:\\\/\\\/schema.org\",\"@graph\":[{\"@type\":\"WebPage\",\"@id\":\"https:\\\/\\\/sokindsport.com\\\/product\\\/wholesale-unisex-chamois-3d-pad-sk-471-manufacturer\\\/\",\"url\":\"https:\\\/\\\/sokindsport.com\\\/product\\\/wholesale-unisex-chamois-3d-pad-sk-471-manufacturer\\\/\",\"name\":\"Wholesale Unisex Chamois 3D Pad SK-471 Manufacturer - Sokind Cycling Pad\",\"isPartOf\":{\"@id\":\"https:\\\/\\\/sokindsport.com\\\/#website\"},\"primaryImageOfPage\":{\"@id\":\"https:\\\/\\\/sokindsport.com\\\/product\\\/wholesale-unisex-chamois-3d-pad-sk-471-manufacturer\\\/#primaryimage\"},\"image\":{\"@id\":\"https:\\\/\\\/sokindsport.com\\\/product\\\/wholesale-unisex-chamois-3d-pad-sk-471-manufacturer\\\/#primaryimage\"},\"thumbnailUrl\":\"https:\\\/\\\/sokindsport.com\\\/wp-content\\\/uploads\\\/2026\\\/04\\\/Wholesale-Unisex-Chamois-3D-Pad-SK-471-Manufacturer-1.jpg\",\"datePublished\":\"2026-04-26T14:49:21+00:00\",\"description\":\"Source premium cycling inserts direct from the SOKIND\u00ae factory. The SK-471 Unisex Chamois 3D Pad features a versatile 10mm profile and 90kg\\\/m\u00b3 foam. Contact for MOQ & pricing!\",\"breadcrumb\":{\"@id\":\"https:\\\/\\\/sokindsport.com\\\/product\\\/wholesale-unisex-chamois-3d-pad-sk-471-manufacturer\\\/#breadcrumb\"},\"inLanguage\":\"fr-FR\",\"potentialAction\":[{\"@type\":\"ReadAction\",\"target\":[\"https:\\\/\\\/sokindsport.com\\\/product\\\/wholesale-unisex-chamois-3d-pad-sk-471-manufacturer\\\/\"]}]},{\"@type\":\"ImageObject\",\"inLanguage\":\"fr-FR\",\"@id\":\"https:\\\/\\\/sokindsport.com\\\/product\\\/wholesale-unisex-chamois-3d-pad-sk-471-manufacturer\\\/#primaryimage\",\"url\":\"https:\\\/\\\/sokindsport.com\\\/wp-content\\\/uploads\\\/2026\\\/04\\\/Wholesale-Unisex-Chamois-3D-Pad-SK-471-Manufacturer-1.jpg\",\"contentUrl\":\"https:\\\/\\\/sokindsport.com\\\/wp-content\\\/uploads\\\/2026\\\/04\\\/Wholesale-Unisex-Chamois-3D-Pad-SK-471-Manufacturer-1.jpg\",\"width\":800,\"height\":800,\"caption\":\"Wholesale Unisex Chamois 3d Pad Sk 471 Manufacturer (1)\"},{\"@type\":\"BreadcrumbList\",\"@id\":\"https:\\\/\\\/sokindsport.com\\\/product\\\/wholesale-unisex-chamois-3d-pad-sk-471-manufacturer\\\/#breadcrumb\",\"itemListElement\":[{\"@type\":\"ListItem\",\"position\":1,\"name\":\"Home\",\"item\":\"https:\\\/\\\/sokindsport.com\\\/\"},{\"@type\":\"ListItem\",\"position\":2,\"name\":\"\u5546\u5e97\",\"item\":\"https:\\\/\\\/sokindsport.com\\\/shop\\\/\"},{\"@type\":\"ListItem\",\"position\":3,\"name\":\"Wholesale Unisex Chamois 3D Pad SK-471 Manufacturer\"}]},{\"@type\":\"WebSite\",\"@id\":\"https:\\\/\\\/sokindsport.com\\\/#website\",\"url\":\"https:\\\/\\\/sokindsport.com\\\/\",\"name\":\"Sokind Cycling Pad\",\"description\":\"Sokind Cycling Pad\",\"publisher\":{\"@id\":\"https:\\\/\\\/sokindsport.com\\\/#organization\"},\"potentialAction\":[{\"@type\":\"SearchAction\",\"target\":{\"@type\":\"EntryPoint\",\"urlTemplate\":\"https:\\\/\\\/sokindsport.com\\\/?s={search_term_string}\"},\"query-input\":{\"@type\":\"PropertyValueSpecification\",\"valueRequired\":true,\"valueName\":\"search_term_string\"}}],\"inLanguage\":\"fr-FR\"},{\"@type\":\"Organization\",\"@id\":\"https:\\\/\\\/sokindsport.com\\\/#organization\",\"name\":\"Sokind Cycling Pad\",\"url\":\"https:\\\/\\\/sokindsport.com\\\/\",\"logo\":{\"@type\":\"ImageObject\",\"inLanguage\":\"fr-FR\",\"@id\":\"https:\\\/\\\/sokindsport.com\\\/#\\\/schema\\\/logo\\\/image\\\/\",\"url\":\"https:\\\/\\\/sokindsport.com\\\/wp-content\\\/uploads\\\/2022\\\/02\\\/Sokind-Sport-Logo.png\",\"contentUrl\":\"https:\\\/\\\/sokindsport.com\\\/wp-content\\\/uploads\\\/2022\\\/02\\\/Sokind-Sport-Logo.png\",\"width\":250,\"height\":64,\"caption\":\"Sokind Cycling Pad\"},\"image\":{\"@id\":\"https:\\\/\\\/sokindsport.com\\\/#\\\/schema\\\/logo\\\/image\\\/\"}}]}<\/script>\n<!-- \/ Yoast SEO plugin. -->","yoast_head_json":{"title":"Wholesale Unisex Chamois 3D Pad SK-471 Fabricant - Sokind Cycling Pad","description":"Les inserts cyclistes de qualit\u00e9 sup\u00e9rieure proviennent directement de l'usine SOKIND\u00ae. Le SK-471 Unisex Chamois 3D Pad est dot\u00e9 d'un profil polyvalent de 10 mm et d'une mousse de 90 kg\/m\u00b3. Contactez nous pour le MOQ et les prix !","robots":{"index":"index","follow":"follow","max-snippet":"max-snippet:-1","max-image-preview":"max-image-preview:large","max-video-preview":"max-video-preview:-1"},"canonical":"https:\/\/sokindsport.com\/fr\/produit\/grossiste-chamois-unisexe-3d-pad-sk-471-fabricant\/","og_locale":"fr_FR","og_type":"article","og_title":"Wholesale Unisex Chamois 3D Pad SK-471 Manufacturer - Sokind Cycling Pad","og_description":"Source premium cycling inserts direct from the SOKIND\u00ae factory. The SK-471 Unisex Chamois 3D Pad features a versatile 10mm profile and 90kg\/m\u00b3 foam. Contact for MOQ & pricing!","og_url":"https:\/\/sokindsport.com\/fr\/produit\/grossiste-chamois-unisexe-3d-pad-sk-471-fabricant\/","og_site_name":"Sokind Cycling Pad","og_image":[{"width":800,"height":800,"url":"https:\/\/sokindsport.com\/wp-content\/uploads\/2026\/04\/Wholesale-Unisex-Chamois-3D-Pad-SK-471-Manufacturer-1.jpg","type":"image\/jpeg"}],"twitter_card":"summary_large_image","twitter_misc":{"Dur\u00e9e de lecture estim\u00e9e":"3 minutes"},"schema":{"@context":"https:\/\/schema.org","@graph":[{"@type":"WebPage","@id":"https:\/\/sokindsport.com\/product\/wholesale-unisex-chamois-3d-pad-sk-471-manufacturer\/","url":"https:\/\/sokindsport.com\/product\/wholesale-unisex-chamois-3d-pad-sk-471-manufacturer\/","name":"Wholesale Unisex Chamois 3D Pad SK-471 Fabricant - Sokind Cycling Pad","isPartOf":{"@id":"https:\/\/sokindsport.com\/#website"},"primaryImageOfPage":{"@id":"https:\/\/sokindsport.com\/product\/wholesale-unisex-chamois-3d-pad-sk-471-manufacturer\/#primaryimage"},"image":{"@id":"https:\/\/sokindsport.com\/product\/wholesale-unisex-chamois-3d-pad-sk-471-manufacturer\/#primaryimage"},"thumbnailUrl":"https:\/\/sokindsport.com\/wp-content\/uploads\/2026\/04\/Wholesale-Unisex-Chamois-3D-Pad-SK-471-Manufacturer-1.jpg","datePublished":"2026-04-26T14:49:21+00:00","description":"Les inserts cyclistes de qualit\u00e9 sup\u00e9rieure proviennent directement de l'usine SOKIND\u00ae. Le SK-471 Unisex Chamois 3D Pad est dot\u00e9 d'un profil polyvalent de 10 mm et d'une mousse de 90 kg\/m\u00b3. Contactez nous pour le MOQ et les prix !","breadcrumb":{"@id":"https:\/\/sokindsport.com\/product\/wholesale-unisex-chamois-3d-pad-sk-471-manufacturer\/#breadcrumb"},"inLanguage":"fr-FR","potentialAction":[{"@type":"ReadAction","target":["https:\/\/sokindsport.com\/product\/wholesale-unisex-chamois-3d-pad-sk-471-manufacturer\/"]}]},{"@type":"ImageObject","inLanguage":"fr-FR","@id":"https:\/\/sokindsport.com\/product\/wholesale-unisex-chamois-3d-pad-sk-471-manufacturer\/#primaryimage","url":"https:\/\/sokindsport.com\/wp-content\/uploads\/2026\/04\/Wholesale-Unisex-Chamois-3D-Pad-SK-471-Manufacturer-1.jpg","contentUrl":"https:\/\/sokindsport.com\/wp-content\/uploads\/2026\/04\/Wholesale-Unisex-Chamois-3D-Pad-SK-471-Manufacturer-1.jpg","width":800,"height":800,"caption":"Wholesale Unisex Chamois 3d Pad Sk 471 Manufacturer (1)"},{"@type":"BreadcrumbList","@id":"https:\/\/sokindsport.com\/product\/wholesale-unisex-chamois-3d-pad-sk-471-manufacturer\/#breadcrumb","itemListElement":[{"@type":"ListItem","position":1,"name":"Home","item":"https:\/\/sokindsport.com\/"},{"@type":"ListItem","position":2,"name":"\u5546\u5e97","item":"https:\/\/sokindsport.com\/shop\/"},{"@type":"ListItem","position":3,"name":"Wholesale Unisex Chamois 3D Pad SK-471 Manufacturer"}]},{"@type":"WebSite","@id":"https:\/\/sokindsport.com\/#website","url":"https:\/\/sokindsport.com\/","name":"Pad de v\u00e9lo Sokind","description":"Pad de v\u00e9lo Sokind","publisher":{"@id":"https:\/\/sokindsport.com\/#organization"},"potentialAction":[{"@type":"SearchAction","target":{"@type":"EntryPoint","urlTemplate":"https:\/\/sokindsport.com\/?s={search_term_string}"},"query-input":{"@type":"PropertyValueSpecification","valueRequired":true,"valueName":"search_term_string"}}],"inLanguage":"fr-FR"},{"@type":"Organization","@id":"https:\/\/sokindsport.com\/#organization","name":"Pad de v\u00e9lo Sokind","url":"https:\/\/sokindsport.com\/","logo":{"@type":"ImageObject","inLanguage":"fr-FR","@id":"https:\/\/sokindsport.com\/#\/schema\/logo\/image\/","url":"https:\/\/sokindsport.com\/wp-content\/uploads\/2022\/02\/Sokind-Sport-Logo.png","contentUrl":"https:\/\/sokindsport.com\/wp-content\/uploads\/2022\/02\/Sokind-Sport-Logo.png","width":250,"height":64,"caption":"Sokind Cycling Pad"},"image":{"@id":"https:\/\/sokindsport.com\/#\/schema\/logo\/image\/"}}]}},"_links":{"self":[{"href":"https:\/\/sokindsport.com\/fr\/wp-json\/wp\/v2\/product\/3261","targetHints":{"allow":["GET"]}}],"collection":[{"href":"https:\/\/sokindsport.com\/fr\/wp-json\/wp\/v2\/product"}],"about":[{"href":"https:\/\/sokindsport.com\/fr\/wp-json\/wp\/v2\/types\/product"}],"replies":[{"embeddable":true,"href":"https:\/\/sokindsport.com\/fr\/wp-json\/wp\/v2\/comments?post=3261"}],"version-history":[{"count":1,"href":"https:\/\/sokindsport.com\/fr\/wp-json\/wp\/v2\/product\/3261\/revisions"}],"predecessor-version":[{"id":3269,"href":"https:\/\/sokindsport.com\/fr\/wp-json\/wp\/v2\/product\/3261\/revisions\/3269"}],"wp:featuredmedia":[{"embeddable":true,"href":"https:\/\/sokindsport.com\/fr\/wp-json\/wp\/v2\/media\/3263"}],"wp:attachment":[{"href":"https:\/\/sokindsport.com\/fr\/wp-json\/wp\/v2\/media?parent=3261"}],"wp:term":[{"taxonomy":"product_brand","embeddable":true,"href":"https:\/\/sokindsport.com\/fr\/wp-json\/wp\/v2\/product_brand?post=3261"},{"taxonomy":"product_cat","embeddable":true,"href":"https:\/\/sokindsport.com\/fr\/wp-json\/wp\/v2\/product_cat?post=3261"},{"taxonomy":"product_tag","embeddable":true,"href":"https:\/\/sokindsport.com\/fr\/wp-json\/wp\/v2\/product_tag?post=3261"}],"curies":[{"name":"wp","href":"https:\/\/api.w.org\/{rel}","templated":true}]}}