{"id":3104,"date":"2026-04-01T10:10:11","date_gmt":"2026-04-01T10:10:11","guid":{"rendered":"https:\/\/sokindsport.com\/?post_type=product&#038;p=3104"},"modified":"2026-04-01T11:24:42","modified_gmt":"2026-04-01T11:24:42","slug":"fabricant-de-chamois-en-gros-pour-cyclistes-sk-f35","status":"publish","type":"product","link":"https:\/\/sokindsport.com\/fr\/product\/wholesale-mens-cycling-chamois-sk-f35-cycling-pad-manufacturer\/","title":{"rendered":"Grossiste Chamois Homme SK-F35 Cycling Pad Manufacturer"},"content":{"rendered":"<p><img fetchpriority=\"high\" decoding=\"async\" class=\"alignnone size-full wp-image-3111\" src=\"https:\/\/sokindsport.com\/wp-content\/uploads\/2026\/04\/Wholesale-Mens-Cycling-Chamois-SK-F35-Cycling-Pad-Manufacturer-7-scaled.jpg\" alt=\"Grossiste Chamois Homme Sk F35 Cycling Pad Fabricant (7)\" width=\"2560\" height=\"1810\" srcset=\"https:\/\/sokindsport.com\/wp-content\/uploads\/2026\/04\/Wholesale-Mens-Cycling-Chamois-SK-F35-Cycling-Pad-Manufacturer-7-scaled.jpg 2560w, https:\/\/sokindsport.com\/wp-content\/uploads\/2026\/04\/Wholesale-Mens-Cycling-Chamois-SK-F35-Cycling-Pad-Manufacturer-7-768x543.jpg 768w, https:\/\/sokindsport.com\/wp-content\/uploads\/2026\/04\/Wholesale-Mens-Cycling-Chamois-SK-F35-Cycling-Pad-Manufacturer-7-1536x1086.jpg 1536w, https:\/\/sokindsport.com\/wp-content\/uploads\/2026\/04\/Wholesale-Mens-Cycling-Chamois-SK-F35-Cycling-Pad-Manufacturer-7-2048x1448.jpg 2048w, https:\/\/sokindsport.com\/wp-content\/uploads\/2026\/04\/Wholesale-Mens-Cycling-Chamois-SK-F35-Cycling-Pad-Manufacturer-7-18x12.jpg 18w, https:\/\/sokindsport.com\/wp-content\/uploads\/2026\/04\/Wholesale-Mens-Cycling-Chamois-SK-F35-Cycling-Pad-Manufacturer-7-600x424.jpg 600w\" sizes=\"(max-width: 2560px) 100vw, 2560px\" \/><\/p>\n<h2>SOKIND\u00ae SK-F35 : Chamois de cyclisme haut de gamme en graph\u00e8ne imprim\u00e9 en 3D pour hommes<\/h2>\n<h3>Introduisez une nouvelle dimension de confort cycliste dans votre gamme de v\u00eatements<\/h3>\n<p>En tant que fabricant leader de composants cyclistes avanc\u00e9s, nous savons que le secret des shorts et des cuissards de cyclisme les plus vendus r\u00e9side dans le rembourrage du c\u0153ur. La peau de chamois SOKIND\u00ae SK-F35 Men's Cycling Chamois est con\u00e7ue pour une exp\u00e9rience de conduite ultime. En combinant une structure interne r\u00e9volutionnaire imprim\u00e9e en 3D avec le tissu de contr\u00f4le de la temp\u00e9rature VG+Graphene, ce rembourrage offre \u00e0 vos clients un soulagement dynamique de la pression et une performance sans frottement pour les sorties d'endurance de plus de 6 heures.<\/p>\n<h3>\ud83c\udf1f Innovation technique avanc\u00e9e (construction \u00e0 4 couches)<\/h3>\n<p>Tissu de contr\u00f4le de la temp\u00e9rature VG+Graphene : La couche sup\u00e9rieure est compos\u00e9e d'un m\u00e9lange innovant et tr\u00e8s \u00e9lastique de 69% de polyamide (nylon), 16% de spandex et 15% de graph\u00e8ne. Cette surface de qualit\u00e9 sup\u00e9rieure offre une r\u00e9gulation thermique exceptionnelle, des propri\u00e9t\u00e9s antistatiques et une r\u00e9sistance naturelle aux odeurs antibact\u00e9riennes.<\/p>\n<p>Mousse r\u00e9ticul\u00e9e de 60 kg\/m\u00b3 : Une couche de mousse haute densit\u00e9 tr\u00e8s respirante qui fournit un support durable sans emprisonner la chaleur.<\/p>\n<p>Insert \u00e0 texture spiral\u00e9e imprim\u00e9 en 3D : Le c\u0153ur r\u00e9volutionnaire de la SK-F35. Cette structure imprim\u00e9e en 3D offre une absorption pr\u00e9cise et cibl\u00e9e des chocs au niveau des tub\u00e9rosit\u00e9s ischiatiques (os de l'assise) tout en conservant un profil nettement plus l\u00e9ger et plus respirant que les mousses haute densit\u00e9 traditionnelles.<\/p>\n<p>Tissu sandwich \u00e9vacuant la transpiration : La couche de base maximise la circulation de l'air, garantissant un s\u00e9chage rapide et une \u00e9vacuation active de la transpiration du corps.<\/p>\n<h3>\ud83c\udfc6 Avantages principaux pour vos clients et votre marque<\/h3>\n<p>Rouler sans crainte sur de longues distances : Avec un noyau robuste de 15,0 mm d'\u00e9paisseur, le SK-F35 absorbe les vibrations de la route, garantissant une conduite confortable sans aucune fatigue, m\u00eame apr\u00e8s de longues heures pass\u00e9es en selle.<\/p>\n<p>Z\u00e9ro friction, z\u00e9ro frottement : Gr\u00e2ce \u00e0 une technologie avanc\u00e9e de d\u00e9coupe et de moulage st\u00e9r\u00e9o en 3D, le coussinet s'adapte parfaitement aux courbes ergonomiques de l'homme. Les bords ultra-fins de 4,0 mm s'int\u00e8grent de mani\u00e8re invisible dans les v\u00eatements, ce qui permet aux cyclistes de se concentrer sur chaque coup de p\u00e9dale en toute confiance.<\/p>\n<p>Contr\u00f4le avanc\u00e9 du climat : Dites adieu \u00e0 la sensation d'\u00e9touffement. La conception de l'a\u00e9ration perfor\u00e9e, combin\u00e9e \u00e0 la texture du tissu respirant et au noyau 3D, garantit une \u00e9vacuation rapide de la transpiration et un s\u00e9chage rapide dans des conditions chaudes.<\/p>\n<p>Am\u00e9liorez votre catalogue de produits : En \u00e9quipant vos cuissards de technologies imprim\u00e9es en 3D et de graph\u00e8ne, vous positionnez votre marque sur le march\u00e9 haut de gamme de la haute performance, ce qui vous permet d'augmenter vos marges de vente au d\u00e9tail et d'am\u00e9liorer la satisfaction de vos clients.<\/p>\n<h2>S'associer \u00e0 la source :<\/h2>\n<p>Assurez une cha\u00eene d'approvisionnement fiable et haut de gamme pour votre marque. Contactez notre \u00e9quipe du commerce ext\u00e9rieur d\u00e8s aujourd'hui pour demander des \u00e9chantillons physiques du SK-F35, discuter des prix de gros et explorer l'int\u00e9gration OEM pour votre prochaine collection de v\u00eatements.<\/p>\n<p><img decoding=\"async\" class=\"alignnone size-full wp-image-3029\" src=\"https:\/\/sokindsport.com\/wp-content\/uploads\/2026\/04\/Mens-Cycling-Pads-Manufacturer-1.jpg\" alt=\"Fabricant de protections cyclistes pour hommes (1)\" width=\"790\" height=\"1515\" srcset=\"https:\/\/sokindsport.com\/wp-content\/uploads\/2026\/04\/Mens-Cycling-Pads-Manufacturer-1.jpg 790w, https:\/\/sokindsport.com\/wp-content\/uploads\/2026\/04\/Mens-Cycling-Pads-Manufacturer-1-768x1473.jpg 768w, https:\/\/sokindsport.com\/wp-content\/uploads\/2026\/04\/Mens-Cycling-Pads-Manufacturer-1-6x12.jpg 6w, https:\/\/sokindsport.com\/wp-content\/uploads\/2026\/04\/Mens-Cycling-Pads-Manufacturer-1-600x1151.jpg 600w\" sizes=\"(max-width: 790px) 100vw, 790px\" \/> <img decoding=\"async\" class=\"alignnone size-full wp-image-3030\" src=\"https:\/\/sokindsport.com\/wp-content\/uploads\/2026\/04\/Mens-Cycling-Pads-Manufacturer-2.jpg\" alt=\"Fabricant de protections cyclistes pour hommes (2)\" width=\"790\" height=\"799\" srcset=\"https:\/\/sokindsport.com\/wp-content\/uploads\/2026\/04\/Mens-Cycling-Pads-Manufacturer-2.jpg 790w, https:\/\/sokindsport.com\/wp-content\/uploads\/2026\/04\/Mens-Cycling-Pads-Manufacturer-2-768x777.jpg 768w, https:\/\/sokindsport.com\/wp-content\/uploads\/2026\/04\/Mens-Cycling-Pads-Manufacturer-2-12x12.jpg 12w, https:\/\/sokindsport.com\/wp-content\/uploads\/2026\/04\/Mens-Cycling-Pads-Manufacturer-2-600x607.jpg 600w, https:\/\/sokindsport.com\/wp-content\/uploads\/2026\/04\/Mens-Cycling-Pads-Manufacturer-2-100x100.jpg 100w\" sizes=\"(max-width: 790px) 100vw, 790px\" \/> <img loading=\"lazy\" decoding=\"async\" class=\"alignnone size-full wp-image-3031\" src=\"https:\/\/sokindsport.com\/wp-content\/uploads\/2026\/04\/Mens-Cycling-Pads-Manufacturer-3.jpg\" alt=\"Fabricant de protections cyclistes pour hommes (3)\" width=\"790\" height=\"675\" srcset=\"https:\/\/sokindsport.com\/wp-content\/uploads\/2026\/04\/Mens-Cycling-Pads-Manufacturer-3.jpg 790w, https:\/\/sokindsport.com\/wp-content\/uploads\/2026\/04\/Mens-Cycling-Pads-Manufacturer-3-768x656.jpg 768w, https:\/\/sokindsport.com\/wp-content\/uploads\/2026\/04\/Mens-Cycling-Pads-Manufacturer-3-14x12.jpg 14w, https:\/\/sokindsport.com\/wp-content\/uploads\/2026\/04\/Mens-Cycling-Pads-Manufacturer-3-600x513.jpg 600w\" sizes=\"(max-width: 790px) 100vw, 790px\" \/> <img loading=\"lazy\" decoding=\"async\" class=\"alignnone size-full wp-image-3032\" src=\"https:\/\/sokindsport.com\/wp-content\/uploads\/2026\/04\/Mens-Cycling-Pads-Manufacturer-4.jpg\" alt=\"Fabricant de protections cyclistes pour hommes (4)\" width=\"790\" height=\"1076\" srcset=\"https:\/\/sokindsport.com\/wp-content\/uploads\/2026\/04\/Mens-Cycling-Pads-Manufacturer-4.jpg 790w, https:\/\/sokindsport.com\/wp-content\/uploads\/2026\/04\/Mens-Cycling-Pads-Manufacturer-4-768x1046.jpg 768w, https:\/\/sokindsport.com\/wp-content\/uploads\/2026\/04\/Mens-Cycling-Pads-Manufacturer-4-9x12.jpg 9w, https:\/\/sokindsport.com\/wp-content\/uploads\/2026\/04\/Mens-Cycling-Pads-Manufacturer-4-600x817.jpg 600w\" sizes=\"(max-width: 790px) 100vw, 790px\" \/> <img loading=\"lazy\" decoding=\"async\" class=\"alignnone size-full wp-image-3033\" src=\"https:\/\/sokindsport.com\/wp-content\/uploads\/2026\/04\/Mens-Cycling-Pads-Manufacturer-5.jpg\" alt=\"Fabricant de protections cyclistes pour hommes (5)\" width=\"790\" height=\"1341\" srcset=\"https:\/\/sokindsport.com\/wp-content\/uploads\/2026\/04\/Mens-Cycling-Pads-Manufacturer-5.jpg 790w, https:\/\/sokindsport.com\/wp-content\/uploads\/2026\/04\/Mens-Cycling-Pads-Manufacturer-5-768x1304.jpg 768w, https:\/\/sokindsport.com\/wp-content\/uploads\/2026\/04\/Mens-Cycling-Pads-Manufacturer-5-7x12.jpg 7w, https:\/\/sokindsport.com\/wp-content\/uploads\/2026\/04\/Mens-Cycling-Pads-Manufacturer-5-600x1018.jpg 600w\" sizes=\"(max-width: 790px) 100vw, 790px\" \/> <img loading=\"lazy\" decoding=\"async\" class=\"alignnone size-full wp-image-3034\" src=\"https:\/\/sokindsport.com\/wp-content\/uploads\/2026\/04\/Mens-Cycling-Pads-Manufacturer-6.jpg\" alt=\"Fabricant de protections cyclistes pour hommes (6)\" width=\"790\" height=\"1001\" srcset=\"https:\/\/sokindsport.com\/wp-content\/uploads\/2026\/04\/Mens-Cycling-Pads-Manufacturer-6.jpg 790w, https:\/\/sokindsport.com\/wp-content\/uploads\/2026\/04\/Mens-Cycling-Pads-Manufacturer-6-768x973.jpg 768w, https:\/\/sokindsport.com\/wp-content\/uploads\/2026\/04\/Mens-Cycling-Pads-Manufacturer-6-9x12.jpg 9w, https:\/\/sokindsport.com\/wp-content\/uploads\/2026\/04\/Mens-Cycling-Pads-Manufacturer-6-600x760.jpg 600w\" sizes=\"(max-width: 790px) 100vw, 790px\" \/> <img loading=\"lazy\" decoding=\"async\" class=\"alignnone size-full wp-image-3035\" src=\"https:\/\/sokindsport.com\/wp-content\/uploads\/2026\/04\/Mens-Cycling-Pads-Manufacturer-7.jpg\" alt=\"Fabricant de protections cyclistes pour hommes (7)\" width=\"790\" height=\"1571\" srcset=\"https:\/\/sokindsport.com\/wp-content\/uploads\/2026\/04\/Mens-Cycling-Pads-Manufacturer-7.jpg 790w, https:\/\/sokindsport.com\/wp-content\/uploads\/2026\/04\/Mens-Cycling-Pads-Manufacturer-7-768x1527.jpg 768w, https:\/\/sokindsport.com\/wp-content\/uploads\/2026\/04\/Mens-Cycling-Pads-Manufacturer-7-772x1536.jpg 772w, https:\/\/sokindsport.com\/wp-content\/uploads\/2026\/04\/Mens-Cycling-Pads-Manufacturer-7-6x12.jpg 6w, https:\/\/sokindsport.com\/wp-content\/uploads\/2026\/04\/Mens-Cycling-Pads-Manufacturer-7-600x1193.jpg 600w\" sizes=\"(max-width: 790px) 100vw, 790px\" \/> <img loading=\"lazy\" decoding=\"async\" class=\"alignnone size-full wp-image-3036\" src=\"https:\/\/sokindsport.com\/wp-content\/uploads\/2026\/04\/Mens-Cycling-Pads-Manufacturer-8.jpg\" alt=\"Fabricant de coussinets pour cyclistes (8)\" width=\"790\" height=\"801\" srcset=\"https:\/\/sokindsport.com\/wp-content\/uploads\/2026\/04\/Mens-Cycling-Pads-Manufacturer-8.jpg 790w, https:\/\/sokindsport.com\/wp-content\/uploads\/2026\/04\/Mens-Cycling-Pads-Manufacturer-8-768x779.jpg 768w, https:\/\/sokindsport.com\/wp-content\/uploads\/2026\/04\/Mens-Cycling-Pads-Manufacturer-8-12x12.jpg 12w, https:\/\/sokindsport.com\/wp-content\/uploads\/2026\/04\/Mens-Cycling-Pads-Manufacturer-8-600x608.jpg 600w, https:\/\/sokindsport.com\/wp-content\/uploads\/2026\/04\/Mens-Cycling-Pads-Manufacturer-8-100x100.jpg 100w\" sizes=\"(max-width: 790px) 100vw, 790px\" \/> <img loading=\"lazy\" decoding=\"async\" class=\"alignnone size-full wp-image-3037\" src=\"https:\/\/sokindsport.com\/wp-content\/uploads\/2026\/04\/Mens-Cycling-Pads-Manufacturer-9.jpg\" alt=\"Fabricant de coussinets pour cyclistes (9)\" width=\"790\" height=\"1269\" srcset=\"https:\/\/sokindsport.com\/wp-content\/uploads\/2026\/04\/Mens-Cycling-Pads-Manufacturer-9.jpg 790w, https:\/\/sokindsport.com\/wp-content\/uploads\/2026\/04\/Mens-Cycling-Pads-Manufacturer-9-768x1234.jpg 768w, https:\/\/sokindsport.com\/wp-content\/uploads\/2026\/04\/Mens-Cycling-Pads-Manufacturer-9-7x12.jpg 7w, https:\/\/sokindsport.com\/wp-content\/uploads\/2026\/04\/Mens-Cycling-Pads-Manufacturer-9-600x964.jpg 600w\" sizes=\"(max-width: 790px) 100vw, 790px\" \/><\/p>","protected":false},"excerpt":{"rendered":"<table>\n<tbody>\n<tr>\n<td><strong>Sp\u00e9cifications<\/strong><\/td>\n<td><strong>D\u00e9tails<\/strong><\/td>\n<\/tr>\n<tr>\n<td><strong><b>Mod\u00e8le<\/b><\/strong><\/td>\n<td>SK-F34<\/td>\n<\/tr>\n<tr>\n<td><strong><b>Type de produit<\/b><\/strong><\/td>\n<td>Coussinets de peau de chamois pour cyclistes f\u00e9minines<\/td>\n<\/tr>\n<tr>\n<td><strong><b>Dimensions<\/b><\/strong><\/td>\n<td>32 cm (longueur) x 23 cm (largeur)<\/td>\n<\/tr>\n<tr>\n<td><strong><b>Profil d'\u00e9paisseur<\/b><\/strong><\/td>\n<td>4,0 mm (bord) \/ 15,0 mm (noyau central et arri\u00e8re)<\/td>\n<\/tr>\n<tr>\n<td><strong><b>Mat\u00e9riaux de base<\/b><\/strong><\/td>\n<td>Mousse r\u00e9ticul\u00e9e 60kg\/m\u00b3 + insert imprim\u00e9 en 3D<\/td>\n<\/tr>\n<tr>\n<td><strong><b>Composition du tissu<\/b><\/strong><\/td>\n<td>69% Polyamide, 16% Spandex, 15% Graph\u00e8ne<\/td>\n<\/tr>\n<tr>\n<td><strong><b>Dur\u00e9e appropri\u00e9e<\/b><\/strong><\/td>\n<td>6 heures \u00e0 une journ\u00e9e enti\u00e8re de chevauch\u00e9e<\/td>\n<\/tr>\n<\/tbody>\n<\/table>","protected":false},"featured_media":3105,"comment_status":"open","ping_status":"closed","template":"","meta":[],"product_brand":[],"product_cat":[50],"product_tag":[],"class_list":{"0":"post-3104","1":"product","2":"type-product","3":"status-publish","4":"has-post-thumbnail","6":"product_cat-pro-3d-pads","8":"first","9":"instock","10":"shipping-taxable","11":"product-type-simple"},"yoast_head":"<!-- This site is optimized with the Yoast SEO plugin v27.6 - https:\/\/yoast.com\/product\/yoast-seo-wordpress\/ -->\n<title>Wholesale Chamois Pad SK-F34 for Female Cyclists<\/title>\n<meta name=\"description\" content=\"Source premium women&#039;s cycling pads direct from the factory. The SK-F34 offers 3D precision cutting, quick-dry graphene fabric, and all-day shock absorption. Contact for bulk pricing!\" \/>\n<meta name=\"robots\" content=\"index, follow, max-snippet:-1, max-image-preview:large, max-video-preview:-1\" \/>\n<link rel=\"canonical\" href=\"https:\/\/sokindsport.com\/fr\/produit\/fabricant-de-chamois-en-gros-pour-cyclistes-sk-f35\/\" \/>\n<meta property=\"og:locale\" content=\"fr_FR\" \/>\n<meta property=\"og:type\" content=\"article\" \/>\n<meta property=\"og:title\" content=\"Wholesale Chamois Pad SK-F34 for Female Cyclists\" \/>\n<meta property=\"og:description\" content=\"Source premium women&#039;s cycling pads direct from the factory. The SK-F34 offers 3D precision cutting, quick-dry graphene fabric, and all-day shock absorption. Contact for bulk pricing!\" \/>\n<meta property=\"og:url\" content=\"https:\/\/sokindsport.com\/fr\/produit\/fabricant-de-chamois-en-gros-pour-cyclistes-sk-f35\/\" \/>\n<meta property=\"og:site_name\" content=\"Sokind Cycling Pad\" \/>\n<meta property=\"article:modified_time\" content=\"2026-04-01T11:24:42+00:00\" \/>\n<meta property=\"og:image\" content=\"https:\/\/sokindsport.com\/wp-content\/uploads\/2026\/04\/Wholesale-Mens-Cycling-Chamois-SK-F35-Cycling-Pad-Manufacturer-1.jpg\" \/>\n\t<meta property=\"og:image:width\" content=\"800\" \/>\n\t<meta property=\"og:image:height\" content=\"800\" \/>\n\t<meta property=\"og:image:type\" content=\"image\/jpeg\" \/>\n<meta name=\"twitter:card\" content=\"summary_large_image\" \/>\n<meta name=\"twitter:label1\" content=\"Dur\u00e9e de lecture estim\u00e9e\" \/>\n\t<meta name=\"twitter:data1\" content=\"4 minutes\" \/>\n<script type=\"application\/ld+json\" class=\"yoast-schema-graph\">{\"@context\":\"https:\\\/\\\/schema.org\",\"@graph\":[{\"@type\":\"WebPage\",\"@id\":\"https:\\\/\\\/sokindsport.com\\\/product\\\/wholesale-mens-cycling-chamois-sk-f35-cycling-pad-manufacturer\\\/\",\"url\":\"https:\\\/\\\/sokindsport.com\\\/product\\\/wholesale-mens-cycling-chamois-sk-f35-cycling-pad-manufacturer\\\/\",\"name\":\"Wholesale Chamois Pad SK-F34 for Female Cyclists\",\"isPartOf\":{\"@id\":\"https:\\\/\\\/sokindsport.com\\\/#website\"},\"primaryImageOfPage\":{\"@id\":\"https:\\\/\\\/sokindsport.com\\\/product\\\/wholesale-mens-cycling-chamois-sk-f35-cycling-pad-manufacturer\\\/#primaryimage\"},\"image\":{\"@id\":\"https:\\\/\\\/sokindsport.com\\\/product\\\/wholesale-mens-cycling-chamois-sk-f35-cycling-pad-manufacturer\\\/#primaryimage\"},\"thumbnailUrl\":\"https:\\\/\\\/sokindsport.com\\\/wp-content\\\/uploads\\\/2026\\\/04\\\/Wholesale-Mens-Cycling-Chamois-SK-F35-Cycling-Pad-Manufacturer-1.jpg\",\"datePublished\":\"2026-04-01T10:10:11+00:00\",\"dateModified\":\"2026-04-01T11:24:42+00:00\",\"description\":\"Source premium women's cycling pads direct from the factory. The SK-F34 offers 3D precision cutting, quick-dry graphene fabric, and all-day shock absorption. Contact for bulk pricing!\",\"breadcrumb\":{\"@id\":\"https:\\\/\\\/sokindsport.com\\\/product\\\/wholesale-mens-cycling-chamois-sk-f35-cycling-pad-manufacturer\\\/#breadcrumb\"},\"inLanguage\":\"fr-FR\",\"potentialAction\":[{\"@type\":\"ReadAction\",\"target\":[\"https:\\\/\\\/sokindsport.com\\\/product\\\/wholesale-mens-cycling-chamois-sk-f35-cycling-pad-manufacturer\\\/\"]}]},{\"@type\":\"ImageObject\",\"inLanguage\":\"fr-FR\",\"@id\":\"https:\\\/\\\/sokindsport.com\\\/product\\\/wholesale-mens-cycling-chamois-sk-f35-cycling-pad-manufacturer\\\/#primaryimage\",\"url\":\"https:\\\/\\\/sokindsport.com\\\/wp-content\\\/uploads\\\/2026\\\/04\\\/Wholesale-Mens-Cycling-Chamois-SK-F35-Cycling-Pad-Manufacturer-1.jpg\",\"contentUrl\":\"https:\\\/\\\/sokindsport.com\\\/wp-content\\\/uploads\\\/2026\\\/04\\\/Wholesale-Mens-Cycling-Chamois-SK-F35-Cycling-Pad-Manufacturer-1.jpg\",\"width\":800,\"height\":800,\"caption\":\"Wholesale Men's Cycling Chamois Sk F35 Cycling Pad Manufacturer (1)\"},{\"@type\":\"BreadcrumbList\",\"@id\":\"https:\\\/\\\/sokindsport.com\\\/product\\\/wholesale-mens-cycling-chamois-sk-f35-cycling-pad-manufacturer\\\/#breadcrumb\",\"itemListElement\":[{\"@type\":\"ListItem\",\"position\":1,\"name\":\"Home\",\"item\":\"https:\\\/\\\/sokindsport.com\\\/\"},{\"@type\":\"ListItem\",\"position\":2,\"name\":\"\u5546\u5e97\",\"item\":\"https:\\\/\\\/sokindsport.com\\\/shop\\\/\"},{\"@type\":\"ListItem\",\"position\":3,\"name\":\"Wholesale Men&#8217;s Cycling Chamois SK-F35 Cycling Pad Manufacturer\"}]},{\"@type\":\"WebSite\",\"@id\":\"https:\\\/\\\/sokindsport.com\\\/#website\",\"url\":\"https:\\\/\\\/sokindsport.com\\\/\",\"name\":\"Sokind Cycling Pad\",\"description\":\"Sokind Cycling Pad\",\"publisher\":{\"@id\":\"https:\\\/\\\/sokindsport.com\\\/#organization\"},\"potentialAction\":[{\"@type\":\"SearchAction\",\"target\":{\"@type\":\"EntryPoint\",\"urlTemplate\":\"https:\\\/\\\/sokindsport.com\\\/?s={search_term_string}\"},\"query-input\":{\"@type\":\"PropertyValueSpecification\",\"valueRequired\":true,\"valueName\":\"search_term_string\"}}],\"inLanguage\":\"fr-FR\"},{\"@type\":\"Organization\",\"@id\":\"https:\\\/\\\/sokindsport.com\\\/#organization\",\"name\":\"Sokind Cycling Pad\",\"url\":\"https:\\\/\\\/sokindsport.com\\\/\",\"logo\":{\"@type\":\"ImageObject\",\"inLanguage\":\"fr-FR\",\"@id\":\"https:\\\/\\\/sokindsport.com\\\/#\\\/schema\\\/logo\\\/image\\\/\",\"url\":\"https:\\\/\\\/sokindsport.com\\\/wp-content\\\/uploads\\\/2022\\\/02\\\/Sokind-Sport-Logo.png\",\"contentUrl\":\"https:\\\/\\\/sokindsport.com\\\/wp-content\\\/uploads\\\/2022\\\/02\\\/Sokind-Sport-Logo.png\",\"width\":250,\"height\":64,\"caption\":\"Sokind Cycling Pad\"},\"image\":{\"@id\":\"https:\\\/\\\/sokindsport.com\\\/#\\\/schema\\\/logo\\\/image\\\/\"}}]}<\/script>\n<!-- \/ Yoast SEO plugin. -->","yoast_head_json":{"title":"Wholesale Chamois Pad SK-F34 for Female Cyclists (en anglais)","description":"Fournissez des protections cyclistes pour femmes de premi\u00e8re qualit\u00e9, en provenance directe de l'usine. Le SK-F34 offre une coupe de pr\u00e9cision en 3D, un tissu en graph\u00e8ne \u00e0 s\u00e9chage rapide et une absorption des chocs tout au long de la journ\u00e9e. Contactez-nous pour des prix de gros !","robots":{"index":"index","follow":"follow","max-snippet":"max-snippet:-1","max-image-preview":"max-image-preview:large","max-video-preview":"max-video-preview:-1"},"canonical":"https:\/\/sokindsport.com\/fr\/produit\/fabricant-de-chamois-en-gros-pour-cyclistes-sk-f35\/","og_locale":"fr_FR","og_type":"article","og_title":"Wholesale Chamois Pad SK-F34 for Female Cyclists","og_description":"Source premium women's cycling pads direct from the factory. The SK-F34 offers 3D precision cutting, quick-dry graphene fabric, and all-day shock absorption. Contact for bulk pricing!","og_url":"https:\/\/sokindsport.com\/fr\/produit\/fabricant-de-chamois-en-gros-pour-cyclistes-sk-f35\/","og_site_name":"Sokind Cycling Pad","article_modified_time":"2026-04-01T11:24:42+00:00","og_image":[{"width":800,"height":800,"url":"https:\/\/sokindsport.com\/wp-content\/uploads\/2026\/04\/Wholesale-Mens-Cycling-Chamois-SK-F35-Cycling-Pad-Manufacturer-1.jpg","type":"image\/jpeg"}],"twitter_card":"summary_large_image","twitter_misc":{"Dur\u00e9e de lecture estim\u00e9e":"4 minutes"},"schema":{"@context":"https:\/\/schema.org","@graph":[{"@type":"WebPage","@id":"https:\/\/sokindsport.com\/product\/wholesale-mens-cycling-chamois-sk-f35-cycling-pad-manufacturer\/","url":"https:\/\/sokindsport.com\/product\/wholesale-mens-cycling-chamois-sk-f35-cycling-pad-manufacturer\/","name":"Wholesale Chamois Pad SK-F34 for Female Cyclists (en anglais)","isPartOf":{"@id":"https:\/\/sokindsport.com\/#website"},"primaryImageOfPage":{"@id":"https:\/\/sokindsport.com\/product\/wholesale-mens-cycling-chamois-sk-f35-cycling-pad-manufacturer\/#primaryimage"},"image":{"@id":"https:\/\/sokindsport.com\/product\/wholesale-mens-cycling-chamois-sk-f35-cycling-pad-manufacturer\/#primaryimage"},"thumbnailUrl":"https:\/\/sokindsport.com\/wp-content\/uploads\/2026\/04\/Wholesale-Mens-Cycling-Chamois-SK-F35-Cycling-Pad-Manufacturer-1.jpg","datePublished":"2026-04-01T10:10:11+00:00","dateModified":"2026-04-01T11:24:42+00:00","description":"Fournissez des protections cyclistes pour femmes de premi\u00e8re qualit\u00e9, en provenance directe de l'usine. Le SK-F34 offre une coupe de pr\u00e9cision en 3D, un tissu en graph\u00e8ne \u00e0 s\u00e9chage rapide et une absorption des chocs tout au long de la journ\u00e9e. Contactez-nous pour des prix de gros !","breadcrumb":{"@id":"https:\/\/sokindsport.com\/product\/wholesale-mens-cycling-chamois-sk-f35-cycling-pad-manufacturer\/#breadcrumb"},"inLanguage":"fr-FR","potentialAction":[{"@type":"ReadAction","target":["https:\/\/sokindsport.com\/product\/wholesale-mens-cycling-chamois-sk-f35-cycling-pad-manufacturer\/"]}]},{"@type":"ImageObject","inLanguage":"fr-FR","@id":"https:\/\/sokindsport.com\/product\/wholesale-mens-cycling-chamois-sk-f35-cycling-pad-manufacturer\/#primaryimage","url":"https:\/\/sokindsport.com\/wp-content\/uploads\/2026\/04\/Wholesale-Mens-Cycling-Chamois-SK-F35-Cycling-Pad-Manufacturer-1.jpg","contentUrl":"https:\/\/sokindsport.com\/wp-content\/uploads\/2026\/04\/Wholesale-Mens-Cycling-Chamois-SK-F35-Cycling-Pad-Manufacturer-1.jpg","width":800,"height":800,"caption":"Wholesale Men's Cycling Chamois Sk F35 Cycling Pad Manufacturer (1)"},{"@type":"BreadcrumbList","@id":"https:\/\/sokindsport.com\/product\/wholesale-mens-cycling-chamois-sk-f35-cycling-pad-manufacturer\/#breadcrumb","itemListElement":[{"@type":"ListItem","position":1,"name":"Home","item":"https:\/\/sokindsport.com\/"},{"@type":"ListItem","position":2,"name":"\u5546\u5e97","item":"https:\/\/sokindsport.com\/shop\/"},{"@type":"ListItem","position":3,"name":"Wholesale Men&#8217;s Cycling Chamois SK-F35 Cycling Pad Manufacturer"}]},{"@type":"WebSite","@id":"https:\/\/sokindsport.com\/#website","url":"https:\/\/sokindsport.com\/","name":"Pad de v\u00e9lo Sokind","description":"Pad de v\u00e9lo Sokind","publisher":{"@id":"https:\/\/sokindsport.com\/#organization"},"potentialAction":[{"@type":"SearchAction","target":{"@type":"EntryPoint","urlTemplate":"https:\/\/sokindsport.com\/?s={search_term_string}"},"query-input":{"@type":"PropertyValueSpecification","valueRequired":true,"valueName":"search_term_string"}}],"inLanguage":"fr-FR"},{"@type":"Organization","@id":"https:\/\/sokindsport.com\/#organization","name":"Pad de v\u00e9lo Sokind","url":"https:\/\/sokindsport.com\/","logo":{"@type":"ImageObject","inLanguage":"fr-FR","@id":"https:\/\/sokindsport.com\/#\/schema\/logo\/image\/","url":"https:\/\/sokindsport.com\/wp-content\/uploads\/2022\/02\/Sokind-Sport-Logo.png","contentUrl":"https:\/\/sokindsport.com\/wp-content\/uploads\/2022\/02\/Sokind-Sport-Logo.png","width":250,"height":64,"caption":"Sokind Cycling Pad"},"image":{"@id":"https:\/\/sokindsport.com\/#\/schema\/logo\/image\/"}}]}},"_links":{"self":[{"href":"https:\/\/sokindsport.com\/fr\/wp-json\/wp\/v2\/product\/3104","targetHints":{"allow":["GET"]}}],"collection":[{"href":"https:\/\/sokindsport.com\/fr\/wp-json\/wp\/v2\/product"}],"about":[{"href":"https:\/\/sokindsport.com\/fr\/wp-json\/wp\/v2\/types\/product"}],"replies":[{"embeddable":true,"href":"https:\/\/sokindsport.com\/fr\/wp-json\/wp\/v2\/comments?post=3104"}],"version-history":[{"count":1,"href":"https:\/\/sokindsport.com\/fr\/wp-json\/wp\/v2\/product\/3104\/revisions"}],"predecessor-version":[{"id":3112,"href":"https:\/\/sokindsport.com\/fr\/wp-json\/wp\/v2\/product\/3104\/revisions\/3112"}],"wp:featuredmedia":[{"embeddable":true,"href":"https:\/\/sokindsport.com\/fr\/wp-json\/wp\/v2\/media\/3105"}],"wp:attachment":[{"href":"https:\/\/sokindsport.com\/fr\/wp-json\/wp\/v2\/media?parent=3104"}],"wp:term":[{"taxonomy":"product_brand","embeddable":true,"href":"https:\/\/sokindsport.com\/fr\/wp-json\/wp\/v2\/product_brand?post=3104"},{"taxonomy":"product_cat","embeddable":true,"href":"https:\/\/sokindsport.com\/fr\/wp-json\/wp\/v2\/product_cat?post=3104"},{"taxonomy":"product_tag","embeddable":true,"href":"https:\/\/sokindsport.com\/fr\/wp-json\/wp\/v2\/product_tag?post=3104"}],"curies":[{"name":"wp","href":"https:\/\/api.w.org\/{rel}","templated":true}]}}