{"id":2935,"date":"2024-05-14T02:39:54","date_gmt":"2024-05-14T02:39:54","guid":{"rendered":"https:\/\/sokindsport.com\/?post_type=product&#038;p=2935"},"modified":"2024-05-14T02:44:37","modified_gmt":"2024-05-14T02:44:37","slug":"mousse-de-cyclisme-3d-pour-velo-de-montagne-femme-sk-389","status":"publish","type":"product","link":"https:\/\/sokindsport.com\/fr\/product\/womens-mountain-bike-3d-cycling-foam-pad-sk-389\/","title":{"rendered":"Mousse de v\u00e9lo de montagne 3D pour femmes SK-389"},"content":{"rendered":"<h3>Caract\u00e9ristiques principales<\/h3>\n<ul>\n<li><strong>Protection avanc\u00e9e<\/strong>: Le coussin offre un niveau sup\u00e9rieur de protection et de confort, con\u00e7u pour s'adapter parfaitement \u00e0 l'\u00e9quitation. La mousse haute densit\u00e9 se transforme en douceur pour fournir un soutien cibl\u00e9, r\u00e9duire l'abrasion dans la zone de la selle et amortir les os d'Ischia.<\/li>\n<li><strong>Un confort accru<\/strong>: L'ensemble de la zone p\u00e9rin\u00e9ale est rembourr\u00e9e, ce qui garantit une conduite confortable m\u00eame lors de s\u00e9ances de cyclisme prolong\u00e9es.<\/li>\n<li><strong>Conception sp\u00e9cialis\u00e9e<\/strong>: Le matelas est compos\u00e9 de mat\u00e9riaux respirants, durables et r\u00e9versibles. Le matelas s\u00e8che rapidement, est coupe-vent, antibact\u00e9rien et anti-UV, ce qui le rend id\u00e9al pour des conditions m\u00e9t\u00e9orologiques vari\u00e9es et une utilisation rigoureuse.<\/li>\n<li><strong>Option personnalisable<\/strong>s : Le mat\u00e9riau et la taille peuvent \u00eatre personnalis\u00e9s pour r\u00e9pondre \u00e0 des besoins sp\u00e9cifiques. Le coussin comprend \u00e9galement une ceinture \u00e9lastique confortable et un tissu extensible et pr\u00e8s du corps qui assure un ajustement serr\u00e9 mais confortable.<\/li>\n<\/ul>\n<h3>Fonctionnalit\u00e9<\/h3>\n<ul>\n<li><strong>Qualit\u00e9 professionnelle<\/strong>: Con\u00e7u pour la course cycliste professionnelle, le coussin SK-426 garantit la commodit\u00e9 et les meilleures performances pour les cyclistes s\u00e9rieux.<\/li>\n<li><strong>Durabilit\u00e9<\/strong>: L\u00e9ger et imperm\u00e9able, ce coussin en mousse pour v\u00e9lo MTB est con\u00e7u pour durer, offrant des performances constantes au fil du temps.<\/li>\n<\/ul>\n<h3>Avantages<\/h3>\n<ul>\n<li><strong>Confort ultime<\/strong>: R\u00e9duit l'inconfort et am\u00e9liore l'endurance pendant les longues randonn\u00e9es.<\/li>\n<li><strong>Protection renforc\u00e9e<\/strong>: Le rembourrage et le soutien sont complets, ce qui r\u00e9duit le risque de plaies de selle et d'autres d\u00e9sagr\u00e9ments li\u00e9s au cyclisme.<\/li>\n<li><strong>Polyvalence<\/strong>: Convient \u00e0 diverses disciplines cyclistes, du triathlon au VTT.<\/li>\n<li><strong>Hygi\u00e8ne et s\u00e9curit\u00e9<\/strong>: Les propri\u00e9t\u00e9s antibact\u00e9riennes garantissent une exp\u00e9rience propre et s\u00fbre, tandis que la fonction anti-UV prot\u00e8ge contre les rayons solaires nocifs.<\/li>\n<\/ul>\n<h3>Offre sp\u00e9ciale<\/h3>\n<p><span style=\"color: #0000ff;\">\u00c9CHANTILLON GRATUIT<\/span>: Essayez le coussin SK-389 avec notre offre d'\u00e9chantillons gratuits pour d\u00e9couvrir le confort et la qualit\u00e9 par vous-m\u00eame.<\/p>","protected":false},"excerpt":{"rendered":"<p>D\u00e9couvrez un confort et des performances in\u00e9gal\u00e9s avec le Women's Mountain Bike 3D Cycling Foam Pad SK-389, con\u00e7u pour les combinaisons et les shorts. Con\u00e7ue pour les athl\u00e8tes de l'Ironman, cette peau de chamois GEL assure un soutien exceptionnel pour les sorties de moyenne et longue dur\u00e9e, ce qui en fait un compl\u00e9ment indispensable \u00e0 l'\u00e9quipement de toute cycliste.<\/p>\n<p><strong>Nom du produit<\/strong>: Coussin en mousse pour le cyclisme<\/p>\n<p><strong>Mod\u00e8le NO.<\/strong>: SK-389<\/p>\n<p><strong>Couleur<\/strong>: Gris \/ Personnalis\u00e9<\/p>\n<p><strong>\u00c9paisseur<\/strong>: 4mm \/ 15mm<\/p>\n<p><strong>Densit\u00e9 de la mousse :<\/strong> 55kg\/m<sup>3<\/sup> | 80 kg\/m<sup>3<\/sup><\/p>\n<p><strong>Taille<\/strong>: Sur mesure<\/p>\n<p><strong>Mat\u00e9riau :<\/strong>\u00a080% Nylon \/ 20% Spandex<\/p>\n<p><strong>Caract\u00e9ristiques<\/strong>Taille \u00e9lastiqu\u00e9e confortable, antibact\u00e9rienne et respirante<\/p>","protected":false},"featured_media":2937,"comment_status":"open","ping_status":"closed","template":"","meta":[],"product_brand":[],"product_cat":[48],"product_tag":[45],"class_list":{"0":"post-2935","1":"product","2":"type-product","3":"status-publish","4":"has-post-thumbnail","6":"product_cat-new-pad","7":"product_tag-cycling-pads","9":"first","10":"instock","11":"shipping-taxable","12":"product-type-simple"},"yoast_head":"<!-- This site is optimized with the Yoast SEO plugin v27.4 - https:\/\/yoast.com\/product\/yoast-seo-wordpress\/ -->\n<title>Wholesale Custom Cycling Bib Shorts Underwear 3D Cycling Gel Pads SK-426<\/title>\n<meta name=\"description\" content=\"Discover premium comfort with our customizable Cycling Gel Pads SK-426 for bib shorts. Ideal for bulk orders and online cycling stores. Free samples available.\" \/>\n<meta name=\"robots\" content=\"index, follow, max-snippet:-1, max-image-preview:large, max-video-preview:-1\" \/>\n<link rel=\"canonical\" href=\"https:\/\/sokindsport.com\/fr\/produit\/mousse-de-cyclisme-3d-pour-velo-de-montagne-femme-sk-389\/\" \/>\n<meta property=\"og:locale\" content=\"fr_FR\" \/>\n<meta property=\"og:type\" content=\"article\" \/>\n<meta property=\"og:title\" content=\"Wholesale Custom Cycling Bib Shorts Underwear 3D Cycling Gel Pads SK-426\" \/>\n<meta property=\"og:description\" content=\"Discover premium comfort with our customizable Cycling Gel Pads SK-426 for bib shorts. Ideal for bulk orders and online cycling stores. Free samples available.\" \/>\n<meta property=\"og:url\" content=\"https:\/\/sokindsport.com\/fr\/produit\/mousse-de-cyclisme-3d-pour-velo-de-montagne-femme-sk-389\/\" \/>\n<meta property=\"og:site_name\" content=\"Sokind Cycling Pad\" \/>\n<meta property=\"article:modified_time\" content=\"2024-05-14T02:44:37+00:00\" \/>\n<meta property=\"og:image\" content=\"https:\/\/sokindsport.com\/wp-content\/uploads\/2024\/05\/Womens-Mountain-Bike-3D-Cycling-Foam-Pad-SK-426-Product-Image-01.jpg\" \/>\n\t<meta property=\"og:image:width\" content=\"800\" \/>\n\t<meta property=\"og:image:height\" content=\"800\" \/>\n\t<meta property=\"og:image:type\" content=\"image\/jpeg\" \/>\n<meta name=\"twitter:card\" content=\"summary_large_image\" \/>\n<meta name=\"twitter:label1\" content=\"Dur\u00e9e de lecture estim\u00e9e\" \/>\n\t<meta name=\"twitter:data1\" content=\"2 minutes\" \/>\n<script type=\"application\/ld+json\" class=\"yoast-schema-graph\">{\"@context\":\"https:\\\/\\\/schema.org\",\"@graph\":[{\"@type\":\"WebPage\",\"@id\":\"https:\\\/\\\/sokindsport.com\\\/product\\\/womens-mountain-bike-3d-cycling-foam-pad-sk-389\\\/\",\"url\":\"https:\\\/\\\/sokindsport.com\\\/product\\\/womens-mountain-bike-3d-cycling-foam-pad-sk-389\\\/\",\"name\":\"Wholesale Custom Cycling Bib Shorts Underwear 3D Cycling Gel Pads SK-426\",\"isPartOf\":{\"@id\":\"https:\\\/\\\/sokindsport.com\\\/#website\"},\"primaryImageOfPage\":{\"@id\":\"https:\\\/\\\/sokindsport.com\\\/product\\\/womens-mountain-bike-3d-cycling-foam-pad-sk-389\\\/#primaryimage\"},\"image\":{\"@id\":\"https:\\\/\\\/sokindsport.com\\\/product\\\/womens-mountain-bike-3d-cycling-foam-pad-sk-389\\\/#primaryimage\"},\"thumbnailUrl\":\"https:\\\/\\\/sokindsport.com\\\/wp-content\\\/uploads\\\/2024\\\/05\\\/Womens-Mountain-Bike-3D-Cycling-Foam-Pad-SK-426-Product-Image-01.jpg\",\"datePublished\":\"2024-05-14T02:39:54+00:00\",\"dateModified\":\"2024-05-14T02:44:37+00:00\",\"description\":\"Discover premium comfort with our customizable Cycling Gel Pads SK-426 for bib shorts. Ideal for bulk orders and online cycling stores. Free samples available.\",\"breadcrumb\":{\"@id\":\"https:\\\/\\\/sokindsport.com\\\/product\\\/womens-mountain-bike-3d-cycling-foam-pad-sk-389\\\/#breadcrumb\"},\"inLanguage\":\"fr-FR\",\"potentialAction\":[{\"@type\":\"ReadAction\",\"target\":[\"https:\\\/\\\/sokindsport.com\\\/product\\\/womens-mountain-bike-3d-cycling-foam-pad-sk-389\\\/\"]}]},{\"@type\":\"ImageObject\",\"inLanguage\":\"fr-FR\",\"@id\":\"https:\\\/\\\/sokindsport.com\\\/product\\\/womens-mountain-bike-3d-cycling-foam-pad-sk-389\\\/#primaryimage\",\"url\":\"https:\\\/\\\/sokindsport.com\\\/wp-content\\\/uploads\\\/2024\\\/05\\\/Womens-Mountain-Bike-3D-Cycling-Foam-Pad-SK-426-Product-Image-01.jpg\",\"contentUrl\":\"https:\\\/\\\/sokindsport.com\\\/wp-content\\\/uploads\\\/2024\\\/05\\\/Womens-Mountain-Bike-3D-Cycling-Foam-Pad-SK-426-Product-Image-01.jpg\",\"width\":800,\"height\":800,\"caption\":\"Women's Mountain Bike 3d Cycling Foam Pad Sk 426 Product Image 01\"},{\"@type\":\"BreadcrumbList\",\"@id\":\"https:\\\/\\\/sokindsport.com\\\/product\\\/womens-mountain-bike-3d-cycling-foam-pad-sk-389\\\/#breadcrumb\",\"itemListElement\":[{\"@type\":\"ListItem\",\"position\":1,\"name\":\"Home\",\"item\":\"https:\\\/\\\/sokindsport.com\\\/\"},{\"@type\":\"ListItem\",\"position\":2,\"name\":\"\u5546\u5e97\",\"item\":\"https:\\\/\\\/sokindsport.com\\\/shop\\\/\"},{\"@type\":\"ListItem\",\"position\":3,\"name\":\"Women&#8217;s Mountain Bike 3D Cycling Foam Pad SK-389\"}]},{\"@type\":\"WebSite\",\"@id\":\"https:\\\/\\\/sokindsport.com\\\/#website\",\"url\":\"https:\\\/\\\/sokindsport.com\\\/\",\"name\":\"Sokind Cycling Pad\",\"description\":\"Sokind Cycling Pad\",\"publisher\":{\"@id\":\"https:\\\/\\\/sokindsport.com\\\/#organization\"},\"potentialAction\":[{\"@type\":\"SearchAction\",\"target\":{\"@type\":\"EntryPoint\",\"urlTemplate\":\"https:\\\/\\\/sokindsport.com\\\/?s={search_term_string}\"},\"query-input\":{\"@type\":\"PropertyValueSpecification\",\"valueRequired\":true,\"valueName\":\"search_term_string\"}}],\"inLanguage\":\"fr-FR\"},{\"@type\":\"Organization\",\"@id\":\"https:\\\/\\\/sokindsport.com\\\/#organization\",\"name\":\"Sokind Cycling Pad\",\"url\":\"https:\\\/\\\/sokindsport.com\\\/\",\"logo\":{\"@type\":\"ImageObject\",\"inLanguage\":\"fr-FR\",\"@id\":\"https:\\\/\\\/sokindsport.com\\\/#\\\/schema\\\/logo\\\/image\\\/\",\"url\":\"https:\\\/\\\/sokindsport.com\\\/wp-content\\\/uploads\\\/2022\\\/02\\\/Sokind-Sport-Logo.png\",\"contentUrl\":\"https:\\\/\\\/sokindsport.com\\\/wp-content\\\/uploads\\\/2022\\\/02\\\/Sokind-Sport-Logo.png\",\"width\":250,\"height\":64,\"caption\":\"Sokind Cycling Pad\"},\"image\":{\"@id\":\"https:\\\/\\\/sokindsport.com\\\/#\\\/schema\\\/logo\\\/image\\\/\"}}]}<\/script>\n<!-- \/ Yoast SEO plugin. -->","yoast_head_json":{"title":"Wholesale Custom Cycling Bib Shorts Underwear 3D Cycling Gel Pads SK-426","description":"D\u00e9couvrez un confort optimal avec nos coussinets de gel SK-426 pour cuissardes personnalisables. Id\u00e9al pour les commandes en gros et les magasins de cyclisme en ligne. Echantillons gratuits disponibles.","robots":{"index":"index","follow":"follow","max-snippet":"max-snippet:-1","max-image-preview":"max-image-preview:large","max-video-preview":"max-video-preview:-1"},"canonical":"https:\/\/sokindsport.com\/fr\/produit\/mousse-de-cyclisme-3d-pour-velo-de-montagne-femme-sk-389\/","og_locale":"fr_FR","og_type":"article","og_title":"Wholesale Custom Cycling Bib Shorts Underwear 3D Cycling Gel Pads SK-426","og_description":"Discover premium comfort with our customizable Cycling Gel Pads SK-426 for bib shorts. Ideal for bulk orders and online cycling stores. Free samples available.","og_url":"https:\/\/sokindsport.com\/fr\/produit\/mousse-de-cyclisme-3d-pour-velo-de-montagne-femme-sk-389\/","og_site_name":"Sokind Cycling Pad","article_modified_time":"2024-05-14T02:44:37+00:00","og_image":[{"width":800,"height":800,"url":"https:\/\/sokindsport.com\/wp-content\/uploads\/2024\/05\/Womens-Mountain-Bike-3D-Cycling-Foam-Pad-SK-426-Product-Image-01.jpg","type":"image\/jpeg"}],"twitter_card":"summary_large_image","twitter_misc":{"Dur\u00e9e de lecture estim\u00e9e":"2 minutes"},"schema":{"@context":"https:\/\/schema.org","@graph":[{"@type":"WebPage","@id":"https:\/\/sokindsport.com\/product\/womens-mountain-bike-3d-cycling-foam-pad-sk-389\/","url":"https:\/\/sokindsport.com\/product\/womens-mountain-bike-3d-cycling-foam-pad-sk-389\/","name":"Wholesale Custom Cycling Bib Shorts Underwear 3D Cycling Gel Pads SK-426","isPartOf":{"@id":"https:\/\/sokindsport.com\/#website"},"primaryImageOfPage":{"@id":"https:\/\/sokindsport.com\/product\/womens-mountain-bike-3d-cycling-foam-pad-sk-389\/#primaryimage"},"image":{"@id":"https:\/\/sokindsport.com\/product\/womens-mountain-bike-3d-cycling-foam-pad-sk-389\/#primaryimage"},"thumbnailUrl":"https:\/\/sokindsport.com\/wp-content\/uploads\/2024\/05\/Womens-Mountain-Bike-3D-Cycling-Foam-Pad-SK-426-Product-Image-01.jpg","datePublished":"2024-05-14T02:39:54+00:00","dateModified":"2024-05-14T02:44:37+00:00","description":"D\u00e9couvrez un confort optimal avec nos coussinets de gel SK-426 pour cuissardes personnalisables. Id\u00e9al pour les commandes en gros et les magasins de cyclisme en ligne. Echantillons gratuits disponibles.","breadcrumb":{"@id":"https:\/\/sokindsport.com\/product\/womens-mountain-bike-3d-cycling-foam-pad-sk-389\/#breadcrumb"},"inLanguage":"fr-FR","potentialAction":[{"@type":"ReadAction","target":["https:\/\/sokindsport.com\/product\/womens-mountain-bike-3d-cycling-foam-pad-sk-389\/"]}]},{"@type":"ImageObject","inLanguage":"fr-FR","@id":"https:\/\/sokindsport.com\/product\/womens-mountain-bike-3d-cycling-foam-pad-sk-389\/#primaryimage","url":"https:\/\/sokindsport.com\/wp-content\/uploads\/2024\/05\/Womens-Mountain-Bike-3D-Cycling-Foam-Pad-SK-426-Product-Image-01.jpg","contentUrl":"https:\/\/sokindsport.com\/wp-content\/uploads\/2024\/05\/Womens-Mountain-Bike-3D-Cycling-Foam-Pad-SK-426-Product-Image-01.jpg","width":800,"height":800,"caption":"Women's Mountain Bike 3d Cycling Foam Pad Sk 426 Product Image 01"},{"@type":"BreadcrumbList","@id":"https:\/\/sokindsport.com\/product\/womens-mountain-bike-3d-cycling-foam-pad-sk-389\/#breadcrumb","itemListElement":[{"@type":"ListItem","position":1,"name":"Home","item":"https:\/\/sokindsport.com\/"},{"@type":"ListItem","position":2,"name":"\u5546\u5e97","item":"https:\/\/sokindsport.com\/shop\/"},{"@type":"ListItem","position":3,"name":"Women&#8217;s Mountain Bike 3D Cycling Foam Pad SK-389"}]},{"@type":"WebSite","@id":"https:\/\/sokindsport.com\/#website","url":"https:\/\/sokindsport.com\/","name":"Pad de v\u00e9lo Sokind","description":"Pad de v\u00e9lo Sokind","publisher":{"@id":"https:\/\/sokindsport.com\/#organization"},"potentialAction":[{"@type":"SearchAction","target":{"@type":"EntryPoint","urlTemplate":"https:\/\/sokindsport.com\/?s={search_term_string}"},"query-input":{"@type":"PropertyValueSpecification","valueRequired":true,"valueName":"search_term_string"}}],"inLanguage":"fr-FR"},{"@type":"Organization","@id":"https:\/\/sokindsport.com\/#organization","name":"Pad de v\u00e9lo Sokind","url":"https:\/\/sokindsport.com\/","logo":{"@type":"ImageObject","inLanguage":"fr-FR","@id":"https:\/\/sokindsport.com\/#\/schema\/logo\/image\/","url":"https:\/\/sokindsport.com\/wp-content\/uploads\/2022\/02\/Sokind-Sport-Logo.png","contentUrl":"https:\/\/sokindsport.com\/wp-content\/uploads\/2022\/02\/Sokind-Sport-Logo.png","width":250,"height":64,"caption":"Sokind Cycling Pad"},"image":{"@id":"https:\/\/sokindsport.com\/#\/schema\/logo\/image\/"}}]}},"_links":{"self":[{"href":"https:\/\/sokindsport.com\/fr\/wp-json\/wp\/v2\/product\/2935","targetHints":{"allow":["GET"]}}],"collection":[{"href":"https:\/\/sokindsport.com\/fr\/wp-json\/wp\/v2\/product"}],"about":[{"href":"https:\/\/sokindsport.com\/fr\/wp-json\/wp\/v2\/types\/product"}],"replies":[{"embeddable":true,"href":"https:\/\/sokindsport.com\/fr\/wp-json\/wp\/v2\/comments?post=2935"}],"version-history":[{"count":0,"href":"https:\/\/sokindsport.com\/fr\/wp-json\/wp\/v2\/product\/2935\/revisions"}],"wp:featuredmedia":[{"embeddable":true,"href":"https:\/\/sokindsport.com\/fr\/wp-json\/wp\/v2\/media\/2937"}],"wp:attachment":[{"href":"https:\/\/sokindsport.com\/fr\/wp-json\/wp\/v2\/media?parent=2935"}],"wp:term":[{"taxonomy":"product_brand","embeddable":true,"href":"https:\/\/sokindsport.com\/fr\/wp-json\/wp\/v2\/product_brand?post=2935"},{"taxonomy":"product_cat","embeddable":true,"href":"https:\/\/sokindsport.com\/fr\/wp-json\/wp\/v2\/product_cat?post=2935"},{"taxonomy":"product_tag","embeddable":true,"href":"https:\/\/sokindsport.com\/fr\/wp-json\/wp\/v2\/product_tag?post=2935"}],"curies":[{"name":"wp","href":"https:\/\/api.w.org\/{rel}","templated":true}]}}