{"id":2931,"date":"2024-05-14T02:19:16","date_gmt":"2024-05-14T02:19:16","guid":{"rendered":"https:\/\/sokindsport.com\/?post_type=product&#038;p=2931"},"modified":"2024-05-14T02:45:34","modified_gmt":"2024-05-14T02:45:34","slug":"short-a-bretelles-de-cyclisme-en-gros-sous-vetements-3d-cycling-gel-pads-sk-426","status":"publish","type":"product","link":"https:\/\/sokindsport.com\/fr\/product\/wholesale-cycling-bib-shorts-underwear-3d-cycling-gel-pads-sk-426\/","title":{"rendered":"Wholesale Custom Cycling Bib Shorts Underwear 3D 5D 19D 20D Cycling Gel Pads SK-426"},"content":{"rendered":"<h3>Caract\u00e9ristiques principales<\/h3>\n<ul>\n<li>Taille \u00e9lastique confortable : La ceinture \u00e9lastique offre un ajustement confortable, permettant la libert\u00e9 de mouvement sans compromettre le soutien.<\/li>\n<li>Extensible et bien ajust\u00e9 : Nos coussinets en gel sont fabriqu\u00e9s \u00e0 partir de mat\u00e9riaux qui offrent une extensibilit\u00e9 exceptionnelle, garantissant un ajustement serr\u00e9 qui am\u00e9liore le confort pendant les longues randonn\u00e9es.<\/li>\n<li>Anti-bact\u00e9rien et respirant : Con\u00e7us dans un souci d'hygi\u00e8ne et de confort, nos coussinets sont dot\u00e9s de propri\u00e9t\u00e9s antibact\u00e9riennes et d'une respirabilit\u00e9 sup\u00e9rieure, ce qui permet aux cyclistes de rester frais et \u00e0 l'aise m\u00eame pendant les sorties intenses.<br \/>\nMat\u00e9riaux et personnalisation<\/li>\n<\/ul>\n<p>Id\u00e9ales pour les courses cyclistes professionnelles, nos protections en gel pour cyclistes SK-426 am\u00e9liorent les performances en offrant un confort et un soutien in\u00e9gal\u00e9s, en r\u00e9duisant la fatigue et en permettant aux cyclistes de se concentrer sur la course.<\/p>\n<h3>Avantages<\/h3>\n<ul>\n<li>Confort accru : Avec une ceinture \u00e9lastique confortable et un mat\u00e9riau extensible, nos coussinets en gel garantissent un bon maintien.<\/li>\n<li>Hygi\u00e9nique et respirant : Les propri\u00e9t\u00e9s antibact\u00e9riennes et respirantes assurent l'hygi\u00e8ne et le confort, m\u00eame pendant les longues randonn\u00e9es.<\/li>\n<li>Personnalisable : Adaptez le mat\u00e9riau et la taille \u00e0 vos besoins sp\u00e9cifiques, afin de garantir un produit parfait pour vos clients.<\/li>\n<li>Performance professionnelle : Con\u00e7us pour le cyclisme professionnel, nos coussinets en gel offrent le soutien n\u00e9cessaire pour des performances optimales.<\/li>\n<\/ul>\n<h3>Pourquoi nous choisir ?<\/h3>\n<p>Avec plus de 20 ans d'exp\u00e9rience et une r\u00e9putation d'excellence, nous nous consacrons \u00e0 la production de protections cyclistes de haute qualit\u00e9 r\u00e9pondant aux normes les plus strictes. Notre usine, situ\u00e9e \u00e0 Quanzhou, est \u00e9quip\u00e9e de machines de pointe et employ\u00e9e par des travailleurs qualifi\u00e9s, ce qui garantit la pr\u00e9cision et la qualit\u00e9 de chaque produit.<\/p>\n<h3>Responsabilit\u00e9 environnementale<\/h3>\n<p>Nous nous engageons en faveur du d\u00e9veloppement durable en utilisant des \u00e9ponges \u00e9cologiques et des tissus recyclables conformes aux normes europ\u00e9ennes. Nos processus de production sont con\u00e7us pour minimiser les d\u00e9chets et nous recyclons les mat\u00e9riaux coup\u00e9s pour les utiliser dans d'autres produits.<\/p>\n<h3>Certifications<\/h3>\n<p>Certifi\u00e9 Oeko-Tex 100 : Garantit que nos produits sont exempts de substances nocives et qu'ils peuvent \u00eatre utilis\u00e9s en toute s\u00e9curit\u00e9.<br \/>\nCertifi\u00e9 GRS : Nos tissus en polyester recycl\u00e9 sont conformes \u00e0 la norme Global Recycled Standard.<br \/>\nPublic cible<\/p>\n<p>Nos coussins de gel pour le cyclisme SK-426 sont parfaits pour les entreprises qui cherchent \u00e0 stocker des v\u00eatements de cyclisme de haute qualit\u00e9. Que vous soyez une boutique en ligne ou un distributeur sp\u00e9cialis\u00e9 dans l'\u00e9quipement cycliste, nos coussinets offrent la qualit\u00e9 et la performance que vos clients exigent.<\/p>\n<h3><span style=\"color: #0000ff;\">\u00c9CHANTILLON GRATUIT<\/span><\/h3>\n<p>Nous proposons des \u00e9chantillons gratuits afin que vous puissiez vous rendre compte de la qualit\u00e9 de nos produits avant de passer une commande en gros.<\/p>","protected":false},"excerpt":{"rendered":"<p>En tant que fabricant leader dans l'industrie des protections cyclistes, nous vous pr\u00e9sentons notre derni\u00e8re innovation : les protections cyclistes en gel SK-426 pour les sous-v\u00eatements \u00e0 bretelles. Sp\u00e9cialement con\u00e7u pour les commandes en gros et en gros, notre produit assure un confort, une durabilit\u00e9 et une performance sup\u00e9rieurs, ce qui en fait un produit incontournable pour les magasins en ligne sp\u00e9cialis\u00e9s dans les produits li\u00e9s au cyclisme.<\/p>\n<p><strong>Nom du produit<\/strong>: Coussinets de gel pour le cyclisme<\/p>\n<p><strong>Mod\u00e8le NO.<\/strong>: SK-426<\/p>\n<p><strong>Couleur<\/strong>: Sur mesure<\/p>\n<p><strong>\u00c9paisseur<\/strong>: 4mm \/ 15mm<\/p>\n<p><strong>Densit\u00e9 de la mousse :<\/strong> 55kg\/m<sup>3<\/sup> | 80 kg\/m<sup>3<\/sup><\/p>\n<p><strong>Taille<\/strong>: Sur mesure<\/p>\n<p><strong>Mat\u00e9riau :<\/strong>\u00a080% Nylon \/ 20% Spandex<\/p>\n<p><strong>Caract\u00e9ristiques<\/strong>Taille \u00e9lastiqu\u00e9e confortable, antibact\u00e9rienne et respirante<\/p>","protected":false},"featured_media":2933,"comment_status":"open","ping_status":"closed","template":"","meta":[],"product_brand":[],"product_cat":[48],"product_tag":[45],"class_list":{"0":"post-2931","1":"product","2":"type-product","3":"status-publish","4":"has-post-thumbnail","6":"product_cat-new-pad","7":"product_tag-cycling-pads","9":"first","10":"instock","11":"shipping-taxable","12":"product-type-simple"},"yoast_head":"<!-- This site is optimized with the Yoast SEO plugin v27.4 - https:\/\/yoast.com\/product\/yoast-seo-wordpress\/ -->\n<title>Wholesale Custom Cycling Bib Shorts Underwear 3D Cycling Gel Pads SK-426<\/title>\n<meta name=\"description\" content=\"Discover premium comfort with our customizable Cycling Gel Pads SK-426 for bib shorts. Ideal for bulk orders and online cycling stores. Free samples available.\" \/>\n<meta name=\"robots\" content=\"index, follow, max-snippet:-1, max-image-preview:large, max-video-preview:-1\" \/>\n<link rel=\"canonical\" href=\"https:\/\/sokindsport.com\/fr\/produit\/short-a-bretelles-de-cyclisme-en-gros-sous-vetements-3d-cycling-gel-pads-sk-426\/\" \/>\n<meta property=\"og:locale\" content=\"fr_FR\" \/>\n<meta property=\"og:type\" content=\"article\" \/>\n<meta property=\"og:title\" content=\"Wholesale Custom Cycling Bib Shorts Underwear 3D Cycling Gel Pads SK-426\" \/>\n<meta property=\"og:description\" content=\"Discover premium comfort with our customizable Cycling Gel Pads SK-426 for bib shorts. Ideal for bulk orders and online cycling stores. Free samples available.\" \/>\n<meta property=\"og:url\" content=\"https:\/\/sokindsport.com\/fr\/produit\/short-a-bretelles-de-cyclisme-en-gros-sous-vetements-3d-cycling-gel-pads-sk-426\/\" \/>\n<meta property=\"og:site_name\" content=\"Sokind Cycling Pad\" \/>\n<meta property=\"article:modified_time\" content=\"2024-05-14T02:45:34+00:00\" \/>\n<meta property=\"og:image\" content=\"https:\/\/sokindsport.com\/wp-content\/uploads\/2024\/05\/SK-426-Product-Image-01.jpg\" \/>\n\t<meta property=\"og:image:width\" content=\"800\" \/>\n\t<meta property=\"og:image:height\" content=\"800\" \/>\n\t<meta property=\"og:image:type\" content=\"image\/jpeg\" \/>\n<meta name=\"twitter:card\" content=\"summary_large_image\" \/>\n<meta name=\"twitter:label1\" content=\"Dur\u00e9e de lecture estim\u00e9e\" \/>\n\t<meta name=\"twitter:data1\" content=\"2 minutes\" \/>\n<script type=\"application\/ld+json\" class=\"yoast-schema-graph\">{\"@context\":\"https:\\\/\\\/schema.org\",\"@graph\":[{\"@type\":\"WebPage\",\"@id\":\"https:\\\/\\\/sokindsport.com\\\/product\\\/wholesale-cycling-bib-shorts-underwear-3d-cycling-gel-pads-sk-426\\\/\",\"url\":\"https:\\\/\\\/sokindsport.com\\\/product\\\/wholesale-cycling-bib-shorts-underwear-3d-cycling-gel-pads-sk-426\\\/\",\"name\":\"Wholesale Custom Cycling Bib Shorts Underwear 3D Cycling Gel Pads SK-426\",\"isPartOf\":{\"@id\":\"https:\\\/\\\/sokindsport.com\\\/#website\"},\"primaryImageOfPage\":{\"@id\":\"https:\\\/\\\/sokindsport.com\\\/product\\\/wholesale-cycling-bib-shorts-underwear-3d-cycling-gel-pads-sk-426\\\/#primaryimage\"},\"image\":{\"@id\":\"https:\\\/\\\/sokindsport.com\\\/product\\\/wholesale-cycling-bib-shorts-underwear-3d-cycling-gel-pads-sk-426\\\/#primaryimage\"},\"thumbnailUrl\":\"https:\\\/\\\/sokindsport.com\\\/wp-content\\\/uploads\\\/2024\\\/05\\\/SK-426-Product-Image-01.jpg\",\"datePublished\":\"2024-05-14T02:19:16+00:00\",\"dateModified\":\"2024-05-14T02:45:34+00:00\",\"description\":\"Discover premium comfort with our customizable Cycling Gel Pads SK-426 for bib shorts. Ideal for bulk orders and online cycling stores. Free samples available.\",\"breadcrumb\":{\"@id\":\"https:\\\/\\\/sokindsport.com\\\/product\\\/wholesale-cycling-bib-shorts-underwear-3d-cycling-gel-pads-sk-426\\\/#breadcrumb\"},\"inLanguage\":\"fr-FR\",\"potentialAction\":[{\"@type\":\"ReadAction\",\"target\":[\"https:\\\/\\\/sokindsport.com\\\/product\\\/wholesale-cycling-bib-shorts-underwear-3d-cycling-gel-pads-sk-426\\\/\"]}]},{\"@type\":\"ImageObject\",\"inLanguage\":\"fr-FR\",\"@id\":\"https:\\\/\\\/sokindsport.com\\\/product\\\/wholesale-cycling-bib-shorts-underwear-3d-cycling-gel-pads-sk-426\\\/#primaryimage\",\"url\":\"https:\\\/\\\/sokindsport.com\\\/wp-content\\\/uploads\\\/2024\\\/05\\\/SK-426-Product-Image-01.jpg\",\"contentUrl\":\"https:\\\/\\\/sokindsport.com\\\/wp-content\\\/uploads\\\/2024\\\/05\\\/SK-426-Product-Image-01.jpg\",\"width\":800,\"height\":800,\"caption\":\"Sk 426 Product Image 01\"},{\"@type\":\"BreadcrumbList\",\"@id\":\"https:\\\/\\\/sokindsport.com\\\/product\\\/wholesale-cycling-bib-shorts-underwear-3d-cycling-gel-pads-sk-426\\\/#breadcrumb\",\"itemListElement\":[{\"@type\":\"ListItem\",\"position\":1,\"name\":\"Home\",\"item\":\"https:\\\/\\\/sokindsport.com\\\/\"},{\"@type\":\"ListItem\",\"position\":2,\"name\":\"\u5546\u5e97\",\"item\":\"https:\\\/\\\/sokindsport.com\\\/shop\\\/\"},{\"@type\":\"ListItem\",\"position\":3,\"name\":\"Wholesale Custom Cycling Bib Shorts Underwear 3D 5D 19D 20D Cycling Gel Pads SK-426\"}]},{\"@type\":\"WebSite\",\"@id\":\"https:\\\/\\\/sokindsport.com\\\/#website\",\"url\":\"https:\\\/\\\/sokindsport.com\\\/\",\"name\":\"Sokind Cycling Pad\",\"description\":\"Sokind Cycling Pad\",\"publisher\":{\"@id\":\"https:\\\/\\\/sokindsport.com\\\/#organization\"},\"potentialAction\":[{\"@type\":\"SearchAction\",\"target\":{\"@type\":\"EntryPoint\",\"urlTemplate\":\"https:\\\/\\\/sokindsport.com\\\/?s={search_term_string}\"},\"query-input\":{\"@type\":\"PropertyValueSpecification\",\"valueRequired\":true,\"valueName\":\"search_term_string\"}}],\"inLanguage\":\"fr-FR\"},{\"@type\":\"Organization\",\"@id\":\"https:\\\/\\\/sokindsport.com\\\/#organization\",\"name\":\"Sokind Cycling Pad\",\"url\":\"https:\\\/\\\/sokindsport.com\\\/\",\"logo\":{\"@type\":\"ImageObject\",\"inLanguage\":\"fr-FR\",\"@id\":\"https:\\\/\\\/sokindsport.com\\\/#\\\/schema\\\/logo\\\/image\\\/\",\"url\":\"https:\\\/\\\/sokindsport.com\\\/wp-content\\\/uploads\\\/2022\\\/02\\\/Sokind-Sport-Logo.png\",\"contentUrl\":\"https:\\\/\\\/sokindsport.com\\\/wp-content\\\/uploads\\\/2022\\\/02\\\/Sokind-Sport-Logo.png\",\"width\":250,\"height\":64,\"caption\":\"Sokind Cycling Pad\"},\"image\":{\"@id\":\"https:\\\/\\\/sokindsport.com\\\/#\\\/schema\\\/logo\\\/image\\\/\"}}]}<\/script>\n<!-- \/ Yoast SEO plugin. -->","yoast_head_json":{"title":"Wholesale Custom Cycling Bib Shorts Underwear 3D Cycling Gel Pads SK-426","description":"D\u00e9couvrez un confort optimal avec nos coussinets de gel SK-426 pour cuissardes personnalisables. Id\u00e9al pour les commandes en gros et les magasins de cyclisme en ligne. Echantillons gratuits disponibles.","robots":{"index":"index","follow":"follow","max-snippet":"max-snippet:-1","max-image-preview":"max-image-preview:large","max-video-preview":"max-video-preview:-1"},"canonical":"https:\/\/sokindsport.com\/fr\/produit\/short-a-bretelles-de-cyclisme-en-gros-sous-vetements-3d-cycling-gel-pads-sk-426\/","og_locale":"fr_FR","og_type":"article","og_title":"Wholesale Custom Cycling Bib Shorts Underwear 3D Cycling Gel Pads SK-426","og_description":"Discover premium comfort with our customizable Cycling Gel Pads SK-426 for bib shorts. Ideal for bulk orders and online cycling stores. Free samples available.","og_url":"https:\/\/sokindsport.com\/fr\/produit\/short-a-bretelles-de-cyclisme-en-gros-sous-vetements-3d-cycling-gel-pads-sk-426\/","og_site_name":"Sokind Cycling Pad","article_modified_time":"2024-05-14T02:45:34+00:00","og_image":[{"width":800,"height":800,"url":"https:\/\/sokindsport.com\/wp-content\/uploads\/2024\/05\/SK-426-Product-Image-01.jpg","type":"image\/jpeg"}],"twitter_card":"summary_large_image","twitter_misc":{"Dur\u00e9e de lecture estim\u00e9e":"2 minutes"},"schema":{"@context":"https:\/\/schema.org","@graph":[{"@type":"WebPage","@id":"https:\/\/sokindsport.com\/product\/wholesale-cycling-bib-shorts-underwear-3d-cycling-gel-pads-sk-426\/","url":"https:\/\/sokindsport.com\/product\/wholesale-cycling-bib-shorts-underwear-3d-cycling-gel-pads-sk-426\/","name":"Wholesale Custom Cycling Bib Shorts Underwear 3D Cycling Gel Pads SK-426","isPartOf":{"@id":"https:\/\/sokindsport.com\/#website"},"primaryImageOfPage":{"@id":"https:\/\/sokindsport.com\/product\/wholesale-cycling-bib-shorts-underwear-3d-cycling-gel-pads-sk-426\/#primaryimage"},"image":{"@id":"https:\/\/sokindsport.com\/product\/wholesale-cycling-bib-shorts-underwear-3d-cycling-gel-pads-sk-426\/#primaryimage"},"thumbnailUrl":"https:\/\/sokindsport.com\/wp-content\/uploads\/2024\/05\/SK-426-Product-Image-01.jpg","datePublished":"2024-05-14T02:19:16+00:00","dateModified":"2024-05-14T02:45:34+00:00","description":"D\u00e9couvrez un confort optimal avec nos coussinets de gel SK-426 pour cuissardes personnalisables. Id\u00e9al pour les commandes en gros et les magasins de cyclisme en ligne. Echantillons gratuits disponibles.","breadcrumb":{"@id":"https:\/\/sokindsport.com\/product\/wholesale-cycling-bib-shorts-underwear-3d-cycling-gel-pads-sk-426\/#breadcrumb"},"inLanguage":"fr-FR","potentialAction":[{"@type":"ReadAction","target":["https:\/\/sokindsport.com\/product\/wholesale-cycling-bib-shorts-underwear-3d-cycling-gel-pads-sk-426\/"]}]},{"@type":"ImageObject","inLanguage":"fr-FR","@id":"https:\/\/sokindsport.com\/product\/wholesale-cycling-bib-shorts-underwear-3d-cycling-gel-pads-sk-426\/#primaryimage","url":"https:\/\/sokindsport.com\/wp-content\/uploads\/2024\/05\/SK-426-Product-Image-01.jpg","contentUrl":"https:\/\/sokindsport.com\/wp-content\/uploads\/2024\/05\/SK-426-Product-Image-01.jpg","width":800,"height":800,"caption":"Sk 426 Product Image 01"},{"@type":"BreadcrumbList","@id":"https:\/\/sokindsport.com\/product\/wholesale-cycling-bib-shorts-underwear-3d-cycling-gel-pads-sk-426\/#breadcrumb","itemListElement":[{"@type":"ListItem","position":1,"name":"Home","item":"https:\/\/sokindsport.com\/"},{"@type":"ListItem","position":2,"name":"\u5546\u5e97","item":"https:\/\/sokindsport.com\/shop\/"},{"@type":"ListItem","position":3,"name":"Wholesale Custom Cycling Bib Shorts Underwear 3D 5D 19D 20D Cycling Gel Pads SK-426"}]},{"@type":"WebSite","@id":"https:\/\/sokindsport.com\/#website","url":"https:\/\/sokindsport.com\/","name":"Pad de v\u00e9lo Sokind","description":"Pad de v\u00e9lo Sokind","publisher":{"@id":"https:\/\/sokindsport.com\/#organization"},"potentialAction":[{"@type":"SearchAction","target":{"@type":"EntryPoint","urlTemplate":"https:\/\/sokindsport.com\/?s={search_term_string}"},"query-input":{"@type":"PropertyValueSpecification","valueRequired":true,"valueName":"search_term_string"}}],"inLanguage":"fr-FR"},{"@type":"Organization","@id":"https:\/\/sokindsport.com\/#organization","name":"Pad de v\u00e9lo Sokind","url":"https:\/\/sokindsport.com\/","logo":{"@type":"ImageObject","inLanguage":"fr-FR","@id":"https:\/\/sokindsport.com\/#\/schema\/logo\/image\/","url":"https:\/\/sokindsport.com\/wp-content\/uploads\/2022\/02\/Sokind-Sport-Logo.png","contentUrl":"https:\/\/sokindsport.com\/wp-content\/uploads\/2022\/02\/Sokind-Sport-Logo.png","width":250,"height":64,"caption":"Sokind Cycling Pad"},"image":{"@id":"https:\/\/sokindsport.com\/#\/schema\/logo\/image\/"}}]}},"_links":{"self":[{"href":"https:\/\/sokindsport.com\/fr\/wp-json\/wp\/v2\/product\/2931","targetHints":{"allow":["GET"]}}],"collection":[{"href":"https:\/\/sokindsport.com\/fr\/wp-json\/wp\/v2\/product"}],"about":[{"href":"https:\/\/sokindsport.com\/fr\/wp-json\/wp\/v2\/types\/product"}],"replies":[{"embeddable":true,"href":"https:\/\/sokindsport.com\/fr\/wp-json\/wp\/v2\/comments?post=2931"}],"version-history":[{"count":0,"href":"https:\/\/sokindsport.com\/fr\/wp-json\/wp\/v2\/product\/2931\/revisions"}],"wp:featuredmedia":[{"embeddable":true,"href":"https:\/\/sokindsport.com\/fr\/wp-json\/wp\/v2\/media\/2933"}],"wp:attachment":[{"href":"https:\/\/sokindsport.com\/fr\/wp-json\/wp\/v2\/media?parent=2931"}],"wp:term":[{"taxonomy":"product_brand","embeddable":true,"href":"https:\/\/sokindsport.com\/fr\/wp-json\/wp\/v2\/product_brand?post=2931"},{"taxonomy":"product_cat","embeddable":true,"href":"https:\/\/sokindsport.com\/fr\/wp-json\/wp\/v2\/product_cat?post=2931"},{"taxonomy":"product_tag","embeddable":true,"href":"https:\/\/sokindsport.com\/fr\/wp-json\/wp\/v2\/product_tag?post=2931"}],"curies":[{"name":"wp","href":"https:\/\/api.w.org\/{rel}","templated":true}]}}