{"id":2913,"date":"2024-05-08T09:54:26","date_gmt":"2024-05-08T09:54:26","guid":{"rendered":"https:\/\/sokindsport.com\/?post_type=product&#038;p=2913"},"modified":"2024-05-08T15:37:00","modified_gmt":"2024-05-08T15:37:00","slug":"chamois-velo-unisexe-respirant-punching-cycling-crotch-pad-sk-845","status":"publish","type":"product","link":"https:\/\/sokindsport.com\/fr\/product\/unisex-bike-chamois-breathable-punching-cycling-crotch-pad-sk-845\/","title":{"rendered":"Chamois de v\u00e9lo unisexe Breathable Punching Cycling Crotch Pad SK-845"},"content":{"rendered":"<p>Voici l'entrejambe de v\u00e9lo unisexe SK-845, un produit r\u00e9volutionnaire d'une entreprise qui a un riche h\u00e9ritage dans l'am\u00e9lioration du confort et de la performance des cyclistes. Fabriqu\u00e9 avec pr\u00e9cision et avec les mat\u00e9riaux les plus nobles, ce prot\u00e8ge-cycliste est le choix par excellence des fabricants et des d\u00e9taillants qui souhaitent offrir \u00e0 leurs clients une qualit\u00e9 in\u00e9gal\u00e9e.<\/p>\n<p><strong>Caract\u00e9ristiques principales :<\/strong><\/p>\n<ul>\n<li><strong>Options de double \u00e9paisseur :<\/strong> Disponible en 4 mm pour un confort rationalis\u00e9 et en 15 mm pour un meilleur amorti.<\/li>\n<li><strong>Densit\u00e9 variable de la mousse :<\/strong> Choisissez entre 55 kg\/m3 pour un support plus l\u00e9ger et flexible, et 80 kg\/m3 pour une utilisation robuste et durable.<\/li>\n<li><strong>Dimensions g\u00e9n\u00e9reuses :<\/strong> Con\u00e7u sp\u00e9cifiquement pour une taille de 36,5*21,5cm afin d'assurer un ajustement parfait \u00e0 tous les styles de v\u00eatements de cyclisme.<\/li>\n<li><strong>Mousse de qualit\u00e9 sup\u00e9rieure import\u00e9e :<\/strong> Utilise une mousse de haute qualit\u00e9 qui respecte des normes environnementales et de qualit\u00e9 strictes.<\/li>\n<li><strong>Caract\u00e9ristiques de confort avanc\u00e9es :<\/strong> Offre un confort optimis\u00e9, une att\u00e9nuation sup\u00e9rieure des impacts et un soulagement efficace de la pression, ce qui rend les longs trajets plus agr\u00e9ables.<\/li>\n<\/ul>\n<p><strong>Avantages :<\/strong><\/p>\n<ul>\n<li><strong>Personnalisation polyvalente :<\/strong> Des solutions sur mesure pour r\u00e9pondre aux divers besoins du march\u00e9, des d\u00e9taillants locaux aux marques internationales.<\/li>\n<li><strong>Pratiques durables :<\/strong> Elle s'engage \u00e0 respecter l'environnement gr\u00e2ce \u00e0 des mat\u00e9riaux recyclables et \u00e0 des techniques de production avanc\u00e9es et respectueuses de l'environnement.<\/li>\n<li><strong>Expertise et innovation :<\/strong> Il s'appuie sur des d\u00e9cennies d'exp\u00e9rience dans l'industrie et sur une connaissance approfondie de la conception ergonomique influenc\u00e9e par les grandes marques italiennes.<\/li>\n<li><strong>Qualit\u00e9 garantie :<\/strong> Chaque coussin est soumis \u00e0 des tests rigoureux et \u00e0 un contr\u00f4le de qualit\u00e9 pour s'assurer qu'il r\u00e9pond aux exigences des cyclistes actifs.<\/li>\n<li><strong>Amortisseurs cyclistes certifi\u00e9s<\/strong>: Okex-tex 100, GRS, certificat UL, CE, ISO<\/li>\n<li><strong>Usine exp\u00e9riment\u00e9e depuis 10 ans<\/strong>: avec plus de 10 ans d'exp\u00e9rience dans la fabrication de patins de v\u00e9lo.<\/li>\n<\/ul>\n<p>Le SK-845 est con\u00e7u pour r\u00e9pondre aux attentes d'une client\u00e8le exigeante qui recherche \u00e0 la fois la performance et la durabilit\u00e9 dans ses produits cyclistes.<\/p>\n<p>Am\u00e9liorez votre offre de mat\u00e9riel cycliste avec l'entrejambe unisexe SK-845 et offrez \u00e0 vos clients un produit qui allie tradition, innovation et engagement en faveur de la qualit\u00e9 et de la durabilit\u00e9. Commandez d\u00e8s maintenant pour commencer \u00e0 avoir un impact significatif sur la communaut\u00e9 cycliste !<\/p>","protected":false},"excerpt":{"rendered":"<p>Voici l'entrejambe de v\u00e9lo unisexe SK-845, un produit r\u00e9volutionnaire de Sokind Sport, riche d'une longue exp\u00e9rience en mati\u00e8re de confort et de performances cyclistes. Fabriqu\u00e9 avec pr\u00e9cision et avec les mat\u00e9riaux les plus nobles, ce prot\u00e8ge-entrejambe est le choix par excellence des fabricants et des d\u00e9taillants qui souhaitent offrir \u00e0 leurs clients une qualit\u00e9 in\u00e9gal\u00e9e.<\/p>\n<p><strong>Nom du produit<\/strong>: Coussin d'entrejambe pour cyclisme<\/p>\n<p><strong>Mod\u00e8le NO.<\/strong>: SK-845<\/p>\n<p><strong>Couleur<\/strong>: Gris \/ Personnalis\u00e9<\/p>\n<p><strong>\u00c9paisseur<\/strong>: 4mm \/ 15mm<\/p>\n<p><strong>Densit\u00e9 de la mousse :<\/strong> 55kg\/m<sup>3<\/sup> | 80 kg\/m<sup>3<\/sup><\/p>\n<p><strong>Taille<\/strong>: 36.5*21.5cm<\/p>\n<p><strong>Tissu Pad's Face :<\/strong>\u00a080% Nylon \/ 20% Spandex<\/p>\n<p><strong>Caract\u00e9ristiques<\/strong>: Confort accru, excellente absorption des chocs, soulagement de la pression<\/p>","protected":false},"featured_media":2915,"comment_status":"open","ping_status":"closed","template":"","meta":[],"product_brand":[],"product_cat":[48],"product_tag":[45],"class_list":{"0":"post-2913","1":"product","2":"type-product","3":"status-publish","4":"has-post-thumbnail","6":"product_cat-new-pad","7":"product_tag-cycling-pads","9":"first","10":"instock","11":"shipping-taxable","12":"product-type-simple"},"yoast_head":"<!-- This site is optimized with the Yoast SEO plugin v27.4 - https:\/\/yoast.com\/product\/yoast-seo-wordpress\/ -->\n<title>Unisex Bike Chamois Breathable Punching Cycling Crotch Pad SK-845<\/title>\n<meta name=\"description\" content=\"Unisex Cycling Crotch Pad SK-845: Superior comfort, robust impact protection, and eco-friendly design for business cycling gear retailers and wholesalers.\" \/>\n<meta name=\"robots\" content=\"index, follow, max-snippet:-1, max-image-preview:large, max-video-preview:-1\" \/>\n<link rel=\"canonical\" href=\"https:\/\/sokindsport.com\/fr\/produit\/chamois-velo-unisexe-respirant-punching-cycling-crotch-pad-sk-845\/\" \/>\n<meta property=\"og:locale\" content=\"fr_FR\" \/>\n<meta property=\"og:type\" content=\"article\" \/>\n<meta property=\"og:title\" content=\"Unisex Bike Chamois Breathable Punching Cycling Crotch Pad SK-845\" \/>\n<meta property=\"og:description\" content=\"Unisex Cycling Crotch Pad SK-845: Superior comfort, robust impact protection, and eco-friendly design for business cycling gear retailers and wholesalers.\" \/>\n<meta property=\"og:url\" content=\"https:\/\/sokindsport.com\/fr\/produit\/chamois-velo-unisexe-respirant-punching-cycling-crotch-pad-sk-845\/\" \/>\n<meta property=\"og:site_name\" content=\"Sokind Cycling Pad\" \/>\n<meta property=\"article:modified_time\" content=\"2024-05-08T15:37:00+00:00\" \/>\n<meta property=\"og:image\" content=\"https:\/\/sokindsport.com\/wp-content\/uploads\/2024\/05\/Unisex-Bike-Chamois-Breathable-Punching-Cycling-Crotch-Pad-SK-845-Product-Image.jpg\" \/>\n\t<meta property=\"og:image:width\" content=\"800\" \/>\n\t<meta property=\"og:image:height\" content=\"800\" \/>\n\t<meta property=\"og:image:type\" content=\"image\/jpeg\" \/>\n<meta name=\"twitter:card\" content=\"summary_large_image\" \/>\n<meta name=\"twitter:label1\" content=\"Dur\u00e9e de lecture estim\u00e9e\" \/>\n\t<meta name=\"twitter:data1\" content=\"2 minutes\" \/>\n<script type=\"application\/ld+json\" class=\"yoast-schema-graph\">{\"@context\":\"https:\\\/\\\/schema.org\",\"@graph\":[{\"@type\":\"WebPage\",\"@id\":\"https:\\\/\\\/sokindsport.com\\\/product\\\/unisex-bike-chamois-breathable-punching-cycling-crotch-pad-sk-845\\\/\",\"url\":\"https:\\\/\\\/sokindsport.com\\\/product\\\/unisex-bike-chamois-breathable-punching-cycling-crotch-pad-sk-845\\\/\",\"name\":\"Unisex Bike Chamois Breathable Punching Cycling Crotch Pad SK-845\",\"isPartOf\":{\"@id\":\"https:\\\/\\\/sokindsport.com\\\/#website\"},\"primaryImageOfPage\":{\"@id\":\"https:\\\/\\\/sokindsport.com\\\/product\\\/unisex-bike-chamois-breathable-punching-cycling-crotch-pad-sk-845\\\/#primaryimage\"},\"image\":{\"@id\":\"https:\\\/\\\/sokindsport.com\\\/product\\\/unisex-bike-chamois-breathable-punching-cycling-crotch-pad-sk-845\\\/#primaryimage\"},\"thumbnailUrl\":\"https:\\\/\\\/sokindsport.com\\\/wp-content\\\/uploads\\\/2024\\\/05\\\/Unisex-Bike-Chamois-Breathable-Punching-Cycling-Crotch-Pad-SK-845-Product-Image.jpg\",\"datePublished\":\"2024-05-08T09:54:26+00:00\",\"dateModified\":\"2024-05-08T15:37:00+00:00\",\"description\":\"Unisex Cycling Crotch Pad SK-845: Superior comfort, robust impact protection, and eco-friendly design for business cycling gear retailers and wholesalers.\",\"breadcrumb\":{\"@id\":\"https:\\\/\\\/sokindsport.com\\\/product\\\/unisex-bike-chamois-breathable-punching-cycling-crotch-pad-sk-845\\\/#breadcrumb\"},\"inLanguage\":\"fr-FR\",\"potentialAction\":[{\"@type\":\"ReadAction\",\"target\":[\"https:\\\/\\\/sokindsport.com\\\/product\\\/unisex-bike-chamois-breathable-punching-cycling-crotch-pad-sk-845\\\/\"]}]},{\"@type\":\"ImageObject\",\"inLanguage\":\"fr-FR\",\"@id\":\"https:\\\/\\\/sokindsport.com\\\/product\\\/unisex-bike-chamois-breathable-punching-cycling-crotch-pad-sk-845\\\/#primaryimage\",\"url\":\"https:\\\/\\\/sokindsport.com\\\/wp-content\\\/uploads\\\/2024\\\/05\\\/Unisex-Bike-Chamois-Breathable-Punching-Cycling-Crotch-Pad-SK-845-Product-Image.jpg\",\"contentUrl\":\"https:\\\/\\\/sokindsport.com\\\/wp-content\\\/uploads\\\/2024\\\/05\\\/Unisex-Bike-Chamois-Breathable-Punching-Cycling-Crotch-Pad-SK-845-Product-Image.jpg\",\"width\":800,\"height\":800,\"caption\":\"Unisex Bike Chamois Breathable Punching Cycling Crotch Pad Sk 845 Product Image\"},{\"@type\":\"BreadcrumbList\",\"@id\":\"https:\\\/\\\/sokindsport.com\\\/product\\\/unisex-bike-chamois-breathable-punching-cycling-crotch-pad-sk-845\\\/#breadcrumb\",\"itemListElement\":[{\"@type\":\"ListItem\",\"position\":1,\"name\":\"Home\",\"item\":\"https:\\\/\\\/sokindsport.com\\\/\"},{\"@type\":\"ListItem\",\"position\":2,\"name\":\"\u5546\u5e97\",\"item\":\"https:\\\/\\\/sokindsport.com\\\/shop\\\/\"},{\"@type\":\"ListItem\",\"position\":3,\"name\":\"Unisex Bike Chamois Breathable Punching Cycling Crotch Pad SK-845\"}]},{\"@type\":\"WebSite\",\"@id\":\"https:\\\/\\\/sokindsport.com\\\/#website\",\"url\":\"https:\\\/\\\/sokindsport.com\\\/\",\"name\":\"Sokind Cycling Pad\",\"description\":\"Sokind Cycling Pad\",\"publisher\":{\"@id\":\"https:\\\/\\\/sokindsport.com\\\/#organization\"},\"potentialAction\":[{\"@type\":\"SearchAction\",\"target\":{\"@type\":\"EntryPoint\",\"urlTemplate\":\"https:\\\/\\\/sokindsport.com\\\/?s={search_term_string}\"},\"query-input\":{\"@type\":\"PropertyValueSpecification\",\"valueRequired\":true,\"valueName\":\"search_term_string\"}}],\"inLanguage\":\"fr-FR\"},{\"@type\":\"Organization\",\"@id\":\"https:\\\/\\\/sokindsport.com\\\/#organization\",\"name\":\"Sokind Cycling Pad\",\"url\":\"https:\\\/\\\/sokindsport.com\\\/\",\"logo\":{\"@type\":\"ImageObject\",\"inLanguage\":\"fr-FR\",\"@id\":\"https:\\\/\\\/sokindsport.com\\\/#\\\/schema\\\/logo\\\/image\\\/\",\"url\":\"https:\\\/\\\/sokindsport.com\\\/wp-content\\\/uploads\\\/2022\\\/02\\\/Sokind-Sport-Logo.png\",\"contentUrl\":\"https:\\\/\\\/sokindsport.com\\\/wp-content\\\/uploads\\\/2022\\\/02\\\/Sokind-Sport-Logo.png\",\"width\":250,\"height\":64,\"caption\":\"Sokind Cycling Pad\"},\"image\":{\"@id\":\"https:\\\/\\\/sokindsport.com\\\/#\\\/schema\\\/logo\\\/image\\\/\"}}]}<\/script>\n<!-- \/ Yoast SEO plugin. -->","yoast_head_json":{"title":"Chamois de v\u00e9lo unisexe Breathable Punching Cycling Crotch Pad SK-845","description":"Entrejambe de v\u00e9lo unisexe SK-845 : Confort sup\u00e9rieur, protection robuste contre les chocs et conception \u00e9cologique pour les d\u00e9taillants et les grossistes de mat\u00e9riel cycliste.","robots":{"index":"index","follow":"follow","max-snippet":"max-snippet:-1","max-image-preview":"max-image-preview:large","max-video-preview":"max-video-preview:-1"},"canonical":"https:\/\/sokindsport.com\/fr\/produit\/chamois-velo-unisexe-respirant-punching-cycling-crotch-pad-sk-845\/","og_locale":"fr_FR","og_type":"article","og_title":"Unisex Bike Chamois Breathable Punching Cycling Crotch Pad SK-845","og_description":"Unisex Cycling Crotch Pad SK-845: Superior comfort, robust impact protection, and eco-friendly design for business cycling gear retailers and wholesalers.","og_url":"https:\/\/sokindsport.com\/fr\/produit\/chamois-velo-unisexe-respirant-punching-cycling-crotch-pad-sk-845\/","og_site_name":"Sokind Cycling Pad","article_modified_time":"2024-05-08T15:37:00+00:00","og_image":[{"width":800,"height":800,"url":"https:\/\/sokindsport.com\/wp-content\/uploads\/2024\/05\/Unisex-Bike-Chamois-Breathable-Punching-Cycling-Crotch-Pad-SK-845-Product-Image.jpg","type":"image\/jpeg"}],"twitter_card":"summary_large_image","twitter_misc":{"Dur\u00e9e de lecture estim\u00e9e":"2 minutes"},"schema":{"@context":"https:\/\/schema.org","@graph":[{"@type":"WebPage","@id":"https:\/\/sokindsport.com\/product\/unisex-bike-chamois-breathable-punching-cycling-crotch-pad-sk-845\/","url":"https:\/\/sokindsport.com\/product\/unisex-bike-chamois-breathable-punching-cycling-crotch-pad-sk-845\/","name":"Chamois de v\u00e9lo unisexe Breathable Punching Cycling Crotch Pad SK-845","isPartOf":{"@id":"https:\/\/sokindsport.com\/#website"},"primaryImageOfPage":{"@id":"https:\/\/sokindsport.com\/product\/unisex-bike-chamois-breathable-punching-cycling-crotch-pad-sk-845\/#primaryimage"},"image":{"@id":"https:\/\/sokindsport.com\/product\/unisex-bike-chamois-breathable-punching-cycling-crotch-pad-sk-845\/#primaryimage"},"thumbnailUrl":"https:\/\/sokindsport.com\/wp-content\/uploads\/2024\/05\/Unisex-Bike-Chamois-Breathable-Punching-Cycling-Crotch-Pad-SK-845-Product-Image.jpg","datePublished":"2024-05-08T09:54:26+00:00","dateModified":"2024-05-08T15:37:00+00:00","description":"Entrejambe de v\u00e9lo unisexe SK-845 : Confort sup\u00e9rieur, protection robuste contre les chocs et conception \u00e9cologique pour les d\u00e9taillants et les grossistes de mat\u00e9riel cycliste.","breadcrumb":{"@id":"https:\/\/sokindsport.com\/product\/unisex-bike-chamois-breathable-punching-cycling-crotch-pad-sk-845\/#breadcrumb"},"inLanguage":"fr-FR","potentialAction":[{"@type":"ReadAction","target":["https:\/\/sokindsport.com\/product\/unisex-bike-chamois-breathable-punching-cycling-crotch-pad-sk-845\/"]}]},{"@type":"ImageObject","inLanguage":"fr-FR","@id":"https:\/\/sokindsport.com\/product\/unisex-bike-chamois-breathable-punching-cycling-crotch-pad-sk-845\/#primaryimage","url":"https:\/\/sokindsport.com\/wp-content\/uploads\/2024\/05\/Unisex-Bike-Chamois-Breathable-Punching-Cycling-Crotch-Pad-SK-845-Product-Image.jpg","contentUrl":"https:\/\/sokindsport.com\/wp-content\/uploads\/2024\/05\/Unisex-Bike-Chamois-Breathable-Punching-Cycling-Crotch-Pad-SK-845-Product-Image.jpg","width":800,"height":800,"caption":"Unisex Bike Chamois Breathable Punching Cycling Crotch Pad Sk 845 Product Image"},{"@type":"BreadcrumbList","@id":"https:\/\/sokindsport.com\/product\/unisex-bike-chamois-breathable-punching-cycling-crotch-pad-sk-845\/#breadcrumb","itemListElement":[{"@type":"ListItem","position":1,"name":"Home","item":"https:\/\/sokindsport.com\/"},{"@type":"ListItem","position":2,"name":"\u5546\u5e97","item":"https:\/\/sokindsport.com\/shop\/"},{"@type":"ListItem","position":3,"name":"Unisex Bike Chamois Breathable Punching Cycling Crotch Pad SK-845"}]},{"@type":"WebSite","@id":"https:\/\/sokindsport.com\/#website","url":"https:\/\/sokindsport.com\/","name":"Pad de v\u00e9lo Sokind","description":"Pad de v\u00e9lo Sokind","publisher":{"@id":"https:\/\/sokindsport.com\/#organization"},"potentialAction":[{"@type":"SearchAction","target":{"@type":"EntryPoint","urlTemplate":"https:\/\/sokindsport.com\/?s={search_term_string}"},"query-input":{"@type":"PropertyValueSpecification","valueRequired":true,"valueName":"search_term_string"}}],"inLanguage":"fr-FR"},{"@type":"Organization","@id":"https:\/\/sokindsport.com\/#organization","name":"Pad de v\u00e9lo Sokind","url":"https:\/\/sokindsport.com\/","logo":{"@type":"ImageObject","inLanguage":"fr-FR","@id":"https:\/\/sokindsport.com\/#\/schema\/logo\/image\/","url":"https:\/\/sokindsport.com\/wp-content\/uploads\/2022\/02\/Sokind-Sport-Logo.png","contentUrl":"https:\/\/sokindsport.com\/wp-content\/uploads\/2022\/02\/Sokind-Sport-Logo.png","width":250,"height":64,"caption":"Sokind Cycling Pad"},"image":{"@id":"https:\/\/sokindsport.com\/#\/schema\/logo\/image\/"}}]}},"_links":{"self":[{"href":"https:\/\/sokindsport.com\/fr\/wp-json\/wp\/v2\/product\/2913","targetHints":{"allow":["GET"]}}],"collection":[{"href":"https:\/\/sokindsport.com\/fr\/wp-json\/wp\/v2\/product"}],"about":[{"href":"https:\/\/sokindsport.com\/fr\/wp-json\/wp\/v2\/types\/product"}],"replies":[{"embeddable":true,"href":"https:\/\/sokindsport.com\/fr\/wp-json\/wp\/v2\/comments?post=2913"}],"version-history":[{"count":0,"href":"https:\/\/sokindsport.com\/fr\/wp-json\/wp\/v2\/product\/2913\/revisions"}],"wp:featuredmedia":[{"embeddable":true,"href":"https:\/\/sokindsport.com\/fr\/wp-json\/wp\/v2\/media\/2915"}],"wp:attachment":[{"href":"https:\/\/sokindsport.com\/fr\/wp-json\/wp\/v2\/media?parent=2913"}],"wp:term":[{"taxonomy":"product_brand","embeddable":true,"href":"https:\/\/sokindsport.com\/fr\/wp-json\/wp\/v2\/product_brand?post=2913"},{"taxonomy":"product_cat","embeddable":true,"href":"https:\/\/sokindsport.com\/fr\/wp-json\/wp\/v2\/product_cat?post=2913"},{"taxonomy":"product_tag","embeddable":true,"href":"https:\/\/sokindsport.com\/fr\/wp-json\/wp\/v2\/product_tag?post=2913"}],"curies":[{"name":"wp","href":"https:\/\/api.w.org\/{rel}","templated":true}]}}