{"id":2903,"date":"2024-05-08T07:44:16","date_gmt":"2024-05-08T07:44:16","guid":{"rendered":"https:\/\/sokindsport.com\/?post_type=product&#038;p=2903"},"modified":"2024-05-08T15:44:56","modified_gmt":"2024-05-08T15:44:56","slug":"chamois-de-cyclisme-pour-femmes-sk-844-pour-cuissardes","status":"publish","type":"product","link":"https:\/\/sokindsport.com\/fr\/product\/women-cycling-chamois-pad-sk-844-for-shorts\/","title":{"rendered":"Coussinets de peau de chamois pour femmes SK-844 pour cuissardes"},"content":{"rendered":"<p><strong>Caract\u00e9ristiques principales :<\/strong><\/p>\n<ul>\n<li><strong>Variabilit\u00e9 de l'\u00e9paisseur :<\/strong> Choisissez entre 3 mm pour un encombrement minimal et 12 mm pour un amortissement maximal.<\/li>\n<li><strong>Densit\u00e9 \u00e9lev\u00e9e de la mousse :<\/strong> Disponible en 55kg\/m3 pour la flexibilit\u00e9 ou en 80kg\/m3 pour un soutien durable.<\/li>\n<li><strong>Dimensionnement optimal :<\/strong> Con\u00e7u dans une taille pratique de 29*21,5cm pour s'adapter \u00e0 une vari\u00e9t\u00e9 de shorts et de pantalons de cyclisme.<\/li>\n<li><strong>Mat\u00e9riaux de premi\u00e8re qualit\u00e9 :<\/strong> Fabriqu\u00e9 \u00e0 partir de mousse import\u00e9e qui r\u00e9pond aux normes les plus strictes en mati\u00e8re de qualit\u00e9 et de durabilit\u00e9 environnementale.<\/li>\n<li><strong>Design de confort avanc\u00e9 :<\/strong> Con\u00e7ue pour offrir un confort accru, elle garantit des s\u00e9ances de cyclisme prolong\u00e9es sans inconfort.<\/li>\n<li><strong>Absorption des chocs sup\u00e9rieure :<\/strong> Offre un excellent soulagement de la pression, prot\u00e9geant contre les impacts et les vibrations pendant les randonn\u00e9es.<\/li>\n<\/ul>\n<p><strong>Avantages :<\/strong><\/p>\n<ul>\n<li><strong>Solutions personnalisables :<\/strong> Adapt\u00e9s pour r\u00e9pondre \u00e0 des besoins sp\u00e9cifiques, qu'il s'agisse de march\u00e9s locaux \u00e0 petite \u00e9chelle ou de demandes internationales \u00e0 grande \u00e9chelle.<\/li>\n<li><strong>Respectueux de l'environnement :<\/strong> Fabriqu\u00e9 avec des mat\u00e9riaux recyclables et respectueux de l'environnement, conforme aux normes mondiales de d\u00e9veloppement durable.<\/li>\n<li><strong>Un savoir-faire d'expert :<\/strong> Elle s'appuie sur des ann\u00e9es d'expertise dans la fabrication de peaux de chamois et sur une connaissance approfondie des besoins des cyclistes.<\/li>\n<li><strong>Assurance qualit\u00e9 :<\/strong> Chaque tapis cycliste est soumis \u00e0 des contr\u00f4les de qualit\u00e9 rigoureux afin de garantir des performances de premier ordre.<\/li>\n<\/ul>\n<p>Am\u00e9liorez votre offre de produits avec le Cycling Pad SK-844, o\u00f9 la durabilit\u00e9 rencontre le design dans la poursuite de l'excellence cycliste. Investissez dans un coussin cycliste qui vous accompagnera tout au long de votre parcours. Passez votre commande d\u00e8s aujourd'hui et d\u00e9couvrez le summum du confort et de la performance en cyclisme !<\/p>","protected":false},"excerpt":{"rendered":"<p>Am\u00e9liorez vos v\u00eatements de cyclisme avec le Cycling Chamois Pad SK-844, m\u00e9ticuleusement con\u00e7u pour r\u00e9pondre aux exigences rigoureuses des cyclistes passionn\u00e9s et des fabricants de v\u00eatements de cyclisme. Cette peau de chamois de pointe n'est pas seulement un accessoire, c'est un composant essentiel pour tout cycliste recherchant un confort sup\u00e9rieur et une absorption exceptionnelle des chocs.<\/p>\n<p><strong>Nom du produit<\/strong>: Coussinets de peau de chamois pour le cyclisme<\/p>\n<p><strong>Mod\u00e8le NO.<\/strong>: SK-844<\/p>\n<p><strong>Couleur<\/strong>: Rose \/ Personnalis\u00e9<\/p>\n<p><strong>\u00c9paisseur<\/strong>: 3mm \/ 12mm<\/p>\n<p><strong>Densit\u00e9 de la mousse :<\/strong> 55kg\/m<sup>3<\/sup> | 80 kg\/m<sup>3<\/sup><\/p>\n<p><strong>Taille<\/strong>Taille : 29*21,5cm<\/p>\n<p><strong>Tissu Pad's Face :<\/strong>\u00a080% Nylon \/ 20% Spandex<\/p>\n<p><strong>Caract\u00e9ristiques<\/strong>: Confort accru, excellente absorption des chocs, soulagement de la pression<\/p>","protected":false},"featured_media":2911,"comment_status":"open","ping_status":"closed","template":"","meta":[],"product_brand":[],"product_cat":[48],"product_tag":[45],"class_list":{"0":"post-2903","1":"product","2":"type-product","3":"status-publish","4":"has-post-thumbnail","6":"product_cat-new-pad","7":"product_tag-cycling-pads","9":"first","10":"instock","11":"shipping-taxable","12":"product-type-simple"},"yoast_head":"<!-- This site is optimized with the Yoast SEO plugin v27.4 - https:\/\/yoast.com\/product\/yoast-seo-wordpress\/ -->\n<title>Women Cycling Chamois Pad SK-844 for shorts - Sokind Sport<\/title>\n<meta name=\"description\" content=\"Premium Cycling Pad SK-844: Enhanced comfort, superior shock absorption, and eco-friendly materials for wholesale and B2B cycling gear suppliers.\" \/>\n<meta name=\"robots\" content=\"index, follow, max-snippet:-1, max-image-preview:large, max-video-preview:-1\" \/>\n<link rel=\"canonical\" href=\"https:\/\/sokindsport.com\/fr\/produit\/chamois-de-cyclisme-pour-femmes-sk-844-pour-cuissardes\/\" \/>\n<meta property=\"og:locale\" content=\"fr_FR\" \/>\n<meta property=\"og:type\" content=\"article\" \/>\n<meta property=\"og:title\" content=\"Women Cycling Chamois Pad SK-844 for shorts - Sokind Sport\" \/>\n<meta property=\"og:description\" content=\"Premium Cycling Pad SK-844: Enhanced comfort, superior shock absorption, and eco-friendly materials for wholesale and B2B cycling gear suppliers.\" \/>\n<meta property=\"og:url\" content=\"https:\/\/sokindsport.com\/fr\/produit\/chamois-de-cyclisme-pour-femmes-sk-844-pour-cuissardes\/\" \/>\n<meta property=\"og:site_name\" content=\"Sokind Cycling Pad\" \/>\n<meta property=\"article:modified_time\" content=\"2024-05-08T15:44:56+00:00\" \/>\n<meta property=\"og:image\" content=\"https:\/\/sokindsport.com\/wp-content\/uploads\/2024\/05\/Women-Cycling-Chamois-Pad-SK-844-for-shorts-Product-Image.jpg\" \/>\n\t<meta property=\"og:image:width\" content=\"800\" \/>\n\t<meta property=\"og:image:height\" content=\"800\" \/>\n\t<meta property=\"og:image:type\" content=\"image\/jpeg\" \/>\n<meta name=\"twitter:card\" content=\"summary_large_image\" \/>\n<meta name=\"twitter:label1\" content=\"Dur\u00e9e de lecture estim\u00e9e\" \/>\n\t<meta name=\"twitter:data1\" content=\"2 minutes\" \/>\n<script type=\"application\/ld+json\" class=\"yoast-schema-graph\">{\"@context\":\"https:\\\/\\\/schema.org\",\"@graph\":[{\"@type\":\"WebPage\",\"@id\":\"https:\\\/\\\/sokindsport.com\\\/product\\\/women-cycling-chamois-pad-sk-844-for-shorts\\\/\",\"url\":\"https:\\\/\\\/sokindsport.com\\\/product\\\/women-cycling-chamois-pad-sk-844-for-shorts\\\/\",\"name\":\"Women Cycling Chamois Pad SK-844 for shorts - Sokind Sport\",\"isPartOf\":{\"@id\":\"https:\\\/\\\/sokindsport.com\\\/#website\"},\"primaryImageOfPage\":{\"@id\":\"https:\\\/\\\/sokindsport.com\\\/product\\\/women-cycling-chamois-pad-sk-844-for-shorts\\\/#primaryimage\"},\"image\":{\"@id\":\"https:\\\/\\\/sokindsport.com\\\/product\\\/women-cycling-chamois-pad-sk-844-for-shorts\\\/#primaryimage\"},\"thumbnailUrl\":\"https:\\\/\\\/sokindsport.com\\\/wp-content\\\/uploads\\\/2024\\\/05\\\/Women-Cycling-Chamois-Pad-SK-844-for-shorts-Product-Image.jpg\",\"datePublished\":\"2024-05-08T07:44:16+00:00\",\"dateModified\":\"2024-05-08T15:44:56+00:00\",\"description\":\"Premium Cycling Pad SK-844: Enhanced comfort, superior shock absorption, and eco-friendly materials for wholesale and B2B cycling gear suppliers.\",\"breadcrumb\":{\"@id\":\"https:\\\/\\\/sokindsport.com\\\/product\\\/women-cycling-chamois-pad-sk-844-for-shorts\\\/#breadcrumb\"},\"inLanguage\":\"fr-FR\",\"potentialAction\":[{\"@type\":\"ReadAction\",\"target\":[\"https:\\\/\\\/sokindsport.com\\\/product\\\/women-cycling-chamois-pad-sk-844-for-shorts\\\/\"]}]},{\"@type\":\"ImageObject\",\"inLanguage\":\"fr-FR\",\"@id\":\"https:\\\/\\\/sokindsport.com\\\/product\\\/women-cycling-chamois-pad-sk-844-for-shorts\\\/#primaryimage\",\"url\":\"https:\\\/\\\/sokindsport.com\\\/wp-content\\\/uploads\\\/2024\\\/05\\\/Women-Cycling-Chamois-Pad-SK-844-for-shorts-Product-Image.jpg\",\"contentUrl\":\"https:\\\/\\\/sokindsport.com\\\/wp-content\\\/uploads\\\/2024\\\/05\\\/Women-Cycling-Chamois-Pad-SK-844-for-shorts-Product-Image.jpg\",\"width\":800,\"height\":800,\"caption\":\"Women Cycling Chamois Pad Sk 844 For Shorts Product Image\"},{\"@type\":\"BreadcrumbList\",\"@id\":\"https:\\\/\\\/sokindsport.com\\\/product\\\/women-cycling-chamois-pad-sk-844-for-shorts\\\/#breadcrumb\",\"itemListElement\":[{\"@type\":\"ListItem\",\"position\":1,\"name\":\"Home\",\"item\":\"https:\\\/\\\/sokindsport.com\\\/\"},{\"@type\":\"ListItem\",\"position\":2,\"name\":\"\u5546\u5e97\",\"item\":\"https:\\\/\\\/sokindsport.com\\\/shop\\\/\"},{\"@type\":\"ListItem\",\"position\":3,\"name\":\"Women Cycling Chamois Pad SK-844 for shorts\"}]},{\"@type\":\"WebSite\",\"@id\":\"https:\\\/\\\/sokindsport.com\\\/#website\",\"url\":\"https:\\\/\\\/sokindsport.com\\\/\",\"name\":\"Sokind Cycling Pad\",\"description\":\"Sokind Cycling Pad\",\"publisher\":{\"@id\":\"https:\\\/\\\/sokindsport.com\\\/#organization\"},\"potentialAction\":[{\"@type\":\"SearchAction\",\"target\":{\"@type\":\"EntryPoint\",\"urlTemplate\":\"https:\\\/\\\/sokindsport.com\\\/?s={search_term_string}\"},\"query-input\":{\"@type\":\"PropertyValueSpecification\",\"valueRequired\":true,\"valueName\":\"search_term_string\"}}],\"inLanguage\":\"fr-FR\"},{\"@type\":\"Organization\",\"@id\":\"https:\\\/\\\/sokindsport.com\\\/#organization\",\"name\":\"Sokind Cycling Pad\",\"url\":\"https:\\\/\\\/sokindsport.com\\\/\",\"logo\":{\"@type\":\"ImageObject\",\"inLanguage\":\"fr-FR\",\"@id\":\"https:\\\/\\\/sokindsport.com\\\/#\\\/schema\\\/logo\\\/image\\\/\",\"url\":\"https:\\\/\\\/sokindsport.com\\\/wp-content\\\/uploads\\\/2022\\\/02\\\/Sokind-Sport-Logo.png\",\"contentUrl\":\"https:\\\/\\\/sokindsport.com\\\/wp-content\\\/uploads\\\/2022\\\/02\\\/Sokind-Sport-Logo.png\",\"width\":250,\"height\":64,\"caption\":\"Sokind Cycling Pad\"},\"image\":{\"@id\":\"https:\\\/\\\/sokindsport.com\\\/#\\\/schema\\\/logo\\\/image\\\/\"}}]}<\/script>\n<!-- \/ Yoast SEO plugin. -->","yoast_head_json":{"title":"Peau de chamois femme SK-844 pour cuissardes - Sokind Sport","description":"Matelas de cyclisme de qualit\u00e9 sup\u00e9rieure SK-844 : Confort am\u00e9lior\u00e9, absorption sup\u00e9rieure des chocs et mat\u00e9riaux respectueux de l'environnement pour les grossistes et les fournisseurs de mat\u00e9riel de cyclisme B2B.","robots":{"index":"index","follow":"follow","max-snippet":"max-snippet:-1","max-image-preview":"max-image-preview:large","max-video-preview":"max-video-preview:-1"},"canonical":"https:\/\/sokindsport.com\/fr\/produit\/chamois-de-cyclisme-pour-femmes-sk-844-pour-cuissardes\/","og_locale":"fr_FR","og_type":"article","og_title":"Women Cycling Chamois Pad SK-844 for shorts - Sokind Sport","og_description":"Premium Cycling Pad SK-844: Enhanced comfort, superior shock absorption, and eco-friendly materials for wholesale and B2B cycling gear suppliers.","og_url":"https:\/\/sokindsport.com\/fr\/produit\/chamois-de-cyclisme-pour-femmes-sk-844-pour-cuissardes\/","og_site_name":"Sokind Cycling Pad","article_modified_time":"2024-05-08T15:44:56+00:00","og_image":[{"width":800,"height":800,"url":"https:\/\/sokindsport.com\/wp-content\/uploads\/2024\/05\/Women-Cycling-Chamois-Pad-SK-844-for-shorts-Product-Image.jpg","type":"image\/jpeg"}],"twitter_card":"summary_large_image","twitter_misc":{"Dur\u00e9e de lecture estim\u00e9e":"2 minutes"},"schema":{"@context":"https:\/\/schema.org","@graph":[{"@type":"WebPage","@id":"https:\/\/sokindsport.com\/product\/women-cycling-chamois-pad-sk-844-for-shorts\/","url":"https:\/\/sokindsport.com\/product\/women-cycling-chamois-pad-sk-844-for-shorts\/","name":"Peau de chamois femme SK-844 pour cuissardes - Sokind Sport","isPartOf":{"@id":"https:\/\/sokindsport.com\/#website"},"primaryImageOfPage":{"@id":"https:\/\/sokindsport.com\/product\/women-cycling-chamois-pad-sk-844-for-shorts\/#primaryimage"},"image":{"@id":"https:\/\/sokindsport.com\/product\/women-cycling-chamois-pad-sk-844-for-shorts\/#primaryimage"},"thumbnailUrl":"https:\/\/sokindsport.com\/wp-content\/uploads\/2024\/05\/Women-Cycling-Chamois-Pad-SK-844-for-shorts-Product-Image.jpg","datePublished":"2024-05-08T07:44:16+00:00","dateModified":"2024-05-08T15:44:56+00:00","description":"Matelas de cyclisme de qualit\u00e9 sup\u00e9rieure SK-844 : Confort am\u00e9lior\u00e9, absorption sup\u00e9rieure des chocs et mat\u00e9riaux respectueux de l'environnement pour les grossistes et les fournisseurs de mat\u00e9riel de cyclisme B2B.","breadcrumb":{"@id":"https:\/\/sokindsport.com\/product\/women-cycling-chamois-pad-sk-844-for-shorts\/#breadcrumb"},"inLanguage":"fr-FR","potentialAction":[{"@type":"ReadAction","target":["https:\/\/sokindsport.com\/product\/women-cycling-chamois-pad-sk-844-for-shorts\/"]}]},{"@type":"ImageObject","inLanguage":"fr-FR","@id":"https:\/\/sokindsport.com\/product\/women-cycling-chamois-pad-sk-844-for-shorts\/#primaryimage","url":"https:\/\/sokindsport.com\/wp-content\/uploads\/2024\/05\/Women-Cycling-Chamois-Pad-SK-844-for-shorts-Product-Image.jpg","contentUrl":"https:\/\/sokindsport.com\/wp-content\/uploads\/2024\/05\/Women-Cycling-Chamois-Pad-SK-844-for-shorts-Product-Image.jpg","width":800,"height":800,"caption":"Women Cycling Chamois Pad Sk 844 For Shorts Product Image"},{"@type":"BreadcrumbList","@id":"https:\/\/sokindsport.com\/product\/women-cycling-chamois-pad-sk-844-for-shorts\/#breadcrumb","itemListElement":[{"@type":"ListItem","position":1,"name":"Home","item":"https:\/\/sokindsport.com\/"},{"@type":"ListItem","position":2,"name":"\u5546\u5e97","item":"https:\/\/sokindsport.com\/shop\/"},{"@type":"ListItem","position":3,"name":"Women Cycling Chamois Pad SK-844 for shorts"}]},{"@type":"WebSite","@id":"https:\/\/sokindsport.com\/#website","url":"https:\/\/sokindsport.com\/","name":"Pad de v\u00e9lo Sokind","description":"Pad de v\u00e9lo Sokind","publisher":{"@id":"https:\/\/sokindsport.com\/#organization"},"potentialAction":[{"@type":"SearchAction","target":{"@type":"EntryPoint","urlTemplate":"https:\/\/sokindsport.com\/?s={search_term_string}"},"query-input":{"@type":"PropertyValueSpecification","valueRequired":true,"valueName":"search_term_string"}}],"inLanguage":"fr-FR"},{"@type":"Organization","@id":"https:\/\/sokindsport.com\/#organization","name":"Pad de v\u00e9lo Sokind","url":"https:\/\/sokindsport.com\/","logo":{"@type":"ImageObject","inLanguage":"fr-FR","@id":"https:\/\/sokindsport.com\/#\/schema\/logo\/image\/","url":"https:\/\/sokindsport.com\/wp-content\/uploads\/2022\/02\/Sokind-Sport-Logo.png","contentUrl":"https:\/\/sokindsport.com\/wp-content\/uploads\/2022\/02\/Sokind-Sport-Logo.png","width":250,"height":64,"caption":"Sokind Cycling Pad"},"image":{"@id":"https:\/\/sokindsport.com\/#\/schema\/logo\/image\/"}}]}},"_links":{"self":[{"href":"https:\/\/sokindsport.com\/fr\/wp-json\/wp\/v2\/product\/2903","targetHints":{"allow":["GET"]}}],"collection":[{"href":"https:\/\/sokindsport.com\/fr\/wp-json\/wp\/v2\/product"}],"about":[{"href":"https:\/\/sokindsport.com\/fr\/wp-json\/wp\/v2\/types\/product"}],"replies":[{"embeddable":true,"href":"https:\/\/sokindsport.com\/fr\/wp-json\/wp\/v2\/comments?post=2903"}],"version-history":[{"count":1,"href":"https:\/\/sokindsport.com\/fr\/wp-json\/wp\/v2\/product\/2903\/revisions"}],"predecessor-version":[{"id":2914,"href":"https:\/\/sokindsport.com\/fr\/wp-json\/wp\/v2\/product\/2903\/revisions\/2914"}],"wp:featuredmedia":[{"embeddable":true,"href":"https:\/\/sokindsport.com\/fr\/wp-json\/wp\/v2\/media\/2911"}],"wp:attachment":[{"href":"https:\/\/sokindsport.com\/fr\/wp-json\/wp\/v2\/media?parent=2903"}],"wp:term":[{"taxonomy":"product_brand","embeddable":true,"href":"https:\/\/sokindsport.com\/fr\/wp-json\/wp\/v2\/product_brand?post=2903"},{"taxonomy":"product_cat","embeddable":true,"href":"https:\/\/sokindsport.com\/fr\/wp-json\/wp\/v2\/product_cat?post=2903"},{"taxonomy":"product_tag","embeddable":true,"href":"https:\/\/sokindsport.com\/fr\/wp-json\/wp\/v2\/product_tag?post=2903"}],"curies":[{"name":"wp","href":"https:\/\/api.w.org\/{rel}","templated":true}]}}