{"id":2886,"date":"2024-05-07T00:31:42","date_gmt":"2024-05-07T00:31:42","guid":{"rendered":"https:\/\/sokindsport.com\/?post_type=product&#038;p=2886"},"modified":"2024-05-08T03:39:29","modified_gmt":"2024-05-08T03:39:29","slug":"chamois-epais-en-mousse-pour-femmes-cyclistes","status":"publish","type":"product","link":"https:\/\/sokindsport.com\/fr\/product\/thick-foam-chamois-pad-for-women-cycling\/","title":{"rendered":"Chamois en mousse \u00e9paisse pour femmes cyclistes SK-816"},"content":{"rendered":"<h4>Un confort accru<\/h4>\n<p>La conception tridimensionnelle du coussin de si\u00e8ge de v\u00e9lo offre un confort sup\u00e9rieur \u00e0 celui des si\u00e8ges de v\u00e9lo ordinaires. Il comporte plusieurs couches de rembourrage et des inserts de mousse ou de gel strat\u00e9giquement plac\u00e9s, qui aident \u00e0 r\u00e9partir la pression de mani\u00e8re uniforme sur les fesses et la r\u00e9gion pelvienne. Cet effet de rembourrage r\u00e9duit l'inconfort, minimise les plaies de selle et soulage les points de pression, ce qui permet aux cyclistes de profiter de longues sorties sans douleur ni engourdissement.<\/p>\n<h4>Absorption des chocs<\/h4>\n<p>La peau de chamois en mousse du coussin de si\u00e8ge de v\u00e9lo tridimensionnel agit comme un absorbeur de chocs, amortissant efficacement les vibrations et les impacts caus\u00e9s par les routes accident\u00e9es ou les terrains irr\u00e9guliers. Cette caract\u00e9ristique est particuli\u00e8rement utile pour le tout-terrain ou le v\u00e9lo de montagne, o\u00f9 le si\u00e8ge du v\u00e9lo est soumis \u00e0 davantage de secousses et de bosses. La capacit\u00e9 du coussin \u00e0 absorber les chocs contribue \u00e0 minimiser la fatigue et les tensions sur le corps du cycliste, ce qui permet une conduite plus agr\u00e9able et plus souple.<\/p>\n<h4>Am\u00e9lioration de la circulation sanguine<\/h4>\n<p>La conception tridimensionnelle comprend souvent des contours anatomiques et des d\u00e9coupes strat\u00e9giquement plac\u00e9s pour am\u00e9liorer la circulation sanguine dans la zone p\u00e9rin\u00e9ale. En r\u00e9duisant la pression sur les vaisseaux sanguins et les nerfs sensibles, le coussin aide \u00e0 pr\u00e9venir les engourdissements, les picotements et les probl\u00e8mes de sant\u00e9 potentiels \u00e0 long terme associ\u00e9s \u00e0 une circulation sanguine restreinte. Une bonne circulation sanguine est essentielle pour maintenir le confort et r\u00e9duire le risque d'inconfort pendant et apr\u00e8s une promenade.<\/p>","protected":false},"excerpt":{"rendered":"<p><strong>Sp\u00e9cifications des produits de la peau de chamois en mousse \u00e9paisse<\/strong><\/p>\n<p><strong>Mod\u00e8le NO.<\/strong>: SK-816<\/p>\n<p><strong>Couleur<\/strong>: Gris<\/p>\n<p><strong>Densit\u00e9 :<\/strong> 55kg\/m3+120kg\/m3<\/p>\n<p><strong>Tissu Pad's Face :<\/strong>\u00a080% Nylon \/ 20% Spandex<\/p>\n<p><strong>Mousse :<\/strong>\u00a0Perforations \u00e0 fort impact. Les cellules de la mousse ont une \"structure cellulaire ouverte\" qui permet le transport de l'eau tout en conservant sa capacit\u00e9 \u00e0 absorber les chocs sans s'affaisser.<\/p>","protected":false},"featured_media":2457,"comment_status":"open","ping_status":"closed","template":"","meta":[],"product_brand":[],"product_cat":[48],"product_tag":[45],"class_list":{"0":"post-2886","1":"product","2":"type-product","3":"status-publish","4":"has-post-thumbnail","6":"product_cat-new-pad","7":"product_tag-cycling-pads","9":"first","10":"instock","11":"shipping-taxable","12":"product-type-simple"},"yoast_head":"<!-- This site is optimized with the Yoast SEO plugin v27.4 - https:\/\/yoast.com\/product\/yoast-seo-wordpress\/ -->\n<title>Excellent Chamois Cycling Pad F06 - Sokind Cycling Pad Manufacturer<\/title>\n<meta name=\"description\" content=\"one stop manufacturer for Foam Chamois Pad for women with factory prices. OEM\/ODM available with UL, SGS, Okex-tex certificates.\" \/>\n<meta name=\"robots\" content=\"index, follow, max-snippet:-1, max-image-preview:large, max-video-preview:-1\" \/>\n<link rel=\"canonical\" href=\"https:\/\/sokindsport.com\/fr\/produit\/chamois-epais-en-mousse-pour-femmes-cyclistes\/\" \/>\n<meta property=\"og:locale\" content=\"fr_FR\" \/>\n<meta property=\"og:type\" content=\"article\" \/>\n<meta property=\"og:title\" content=\"Excellent Chamois Cycling Pad F06 - Sokind Cycling Pad Manufacturer\" \/>\n<meta property=\"og:description\" content=\"one stop manufacturer for Foam Chamois Pad for women with factory prices. OEM\/ODM available with UL, SGS, Okex-tex certificates.\" \/>\n<meta property=\"og:url\" content=\"https:\/\/sokindsport.com\/fr\/produit\/chamois-epais-en-mousse-pour-femmes-cyclistes\/\" \/>\n<meta property=\"og:site_name\" content=\"Sokind Cycling Pad\" \/>\n<meta property=\"article:modified_time\" content=\"2024-05-08T03:39:29+00:00\" \/>\n<meta property=\"og:image\" content=\"https:\/\/sokindsport.com\/wp-content\/uploads\/2023\/11\/sk816-c.png\" \/>\n\t<meta property=\"og:image:width\" content=\"800\" \/>\n\t<meta property=\"og:image:height\" content=\"800\" \/>\n\t<meta property=\"og:image:type\" content=\"image\/png\" \/>\n<meta name=\"twitter:card\" content=\"summary_large_image\" \/>\n<meta name=\"twitter:label1\" content=\"Dur\u00e9e de lecture estim\u00e9e\" \/>\n\t<meta name=\"twitter:data1\" content=\"2 minutes\" \/>\n<script type=\"application\/ld+json\" class=\"yoast-schema-graph\">{\"@context\":\"https:\\\/\\\/schema.org\",\"@graph\":[{\"@type\":\"WebPage\",\"@id\":\"https:\\\/\\\/sokindsport.com\\\/product\\\/thick-foam-chamois-pad-for-women-cycling\\\/\",\"url\":\"https:\\\/\\\/sokindsport.com\\\/product\\\/thick-foam-chamois-pad-for-women-cycling\\\/\",\"name\":\"Excellent Chamois Cycling Pad F06 - Sokind Cycling Pad Manufacturer\",\"isPartOf\":{\"@id\":\"https:\\\/\\\/sokindsport.com\\\/#website\"},\"primaryImageOfPage\":{\"@id\":\"https:\\\/\\\/sokindsport.com\\\/product\\\/thick-foam-chamois-pad-for-women-cycling\\\/#primaryimage\"},\"image\":{\"@id\":\"https:\\\/\\\/sokindsport.com\\\/product\\\/thick-foam-chamois-pad-for-women-cycling\\\/#primaryimage\"},\"thumbnailUrl\":\"https:\\\/\\\/sokindsport.com\\\/wp-content\\\/uploads\\\/2023\\\/11\\\/sk816-c.png\",\"datePublished\":\"2024-05-07T00:31:42+00:00\",\"dateModified\":\"2024-05-08T03:39:29+00:00\",\"description\":\"one stop manufacturer for Foam Chamois Pad for women with factory prices. OEM\\\/ODM available with UL, SGS, Okex-tex certificates.\",\"breadcrumb\":{\"@id\":\"https:\\\/\\\/sokindsport.com\\\/product\\\/thick-foam-chamois-pad-for-women-cycling\\\/#breadcrumb\"},\"inLanguage\":\"fr-FR\",\"potentialAction\":[{\"@type\":\"ReadAction\",\"target\":[\"https:\\\/\\\/sokindsport.com\\\/product\\\/thick-foam-chamois-pad-for-women-cycling\\\/\"]}]},{\"@type\":\"ImageObject\",\"inLanguage\":\"fr-FR\",\"@id\":\"https:\\\/\\\/sokindsport.com\\\/product\\\/thick-foam-chamois-pad-for-women-cycling\\\/#primaryimage\",\"url\":\"https:\\\/\\\/sokindsport.com\\\/wp-content\\\/uploads\\\/2023\\\/11\\\/sk816-c.png\",\"contentUrl\":\"https:\\\/\\\/sokindsport.com\\\/wp-content\\\/uploads\\\/2023\\\/11\\\/sk816-c.png\",\"width\":800,\"height\":800,\"caption\":\"sk816 Thick Foam Chamois Pad for Women Cycling product image\"},{\"@type\":\"BreadcrumbList\",\"@id\":\"https:\\\/\\\/sokindsport.com\\\/product\\\/thick-foam-chamois-pad-for-women-cycling\\\/#breadcrumb\",\"itemListElement\":[{\"@type\":\"ListItem\",\"position\":1,\"name\":\"Home\",\"item\":\"https:\\\/\\\/sokindsport.com\\\/\"},{\"@type\":\"ListItem\",\"position\":2,\"name\":\"\u5546\u5e97\",\"item\":\"https:\\\/\\\/sokindsport.com\\\/shop\\\/\"},{\"@type\":\"ListItem\",\"position\":3,\"name\":\"Thick Foam Chamois Pad for Women Cycling SK-816\"}]},{\"@type\":\"WebSite\",\"@id\":\"https:\\\/\\\/sokindsport.com\\\/#website\",\"url\":\"https:\\\/\\\/sokindsport.com\\\/\",\"name\":\"Sokind Cycling Pad\",\"description\":\"Sokind Cycling Pad\",\"publisher\":{\"@id\":\"https:\\\/\\\/sokindsport.com\\\/#organization\"},\"potentialAction\":[{\"@type\":\"SearchAction\",\"target\":{\"@type\":\"EntryPoint\",\"urlTemplate\":\"https:\\\/\\\/sokindsport.com\\\/?s={search_term_string}\"},\"query-input\":{\"@type\":\"PropertyValueSpecification\",\"valueRequired\":true,\"valueName\":\"search_term_string\"}}],\"inLanguage\":\"fr-FR\"},{\"@type\":\"Organization\",\"@id\":\"https:\\\/\\\/sokindsport.com\\\/#organization\",\"name\":\"Sokind Cycling Pad\",\"url\":\"https:\\\/\\\/sokindsport.com\\\/\",\"logo\":{\"@type\":\"ImageObject\",\"inLanguage\":\"fr-FR\",\"@id\":\"https:\\\/\\\/sokindsport.com\\\/#\\\/schema\\\/logo\\\/image\\\/\",\"url\":\"https:\\\/\\\/sokindsport.com\\\/wp-content\\\/uploads\\\/2022\\\/02\\\/Sokind-Sport-Logo.png\",\"contentUrl\":\"https:\\\/\\\/sokindsport.com\\\/wp-content\\\/uploads\\\/2022\\\/02\\\/Sokind-Sport-Logo.png\",\"width\":250,\"height\":64,\"caption\":\"Sokind Cycling Pad\"},\"image\":{\"@id\":\"https:\\\/\\\/sokindsport.com\\\/#\\\/schema\\\/logo\\\/image\\\/\"}}]}<\/script>\n<!-- \/ Yoast SEO plugin. -->","yoast_head_json":{"title":"Excellente peau de chamois F06 - Sokind - Fabricant de protections cyclistes","description":"Fabricant de chamois en mousse pour femmes \u00e0 des prix d'usine. OEM\/ODM disponible avec les certificats UL, SGS, Okex-tex.","robots":{"index":"index","follow":"follow","max-snippet":"max-snippet:-1","max-image-preview":"max-image-preview:large","max-video-preview":"max-video-preview:-1"},"canonical":"https:\/\/sokindsport.com\/fr\/produit\/chamois-epais-en-mousse-pour-femmes-cyclistes\/","og_locale":"fr_FR","og_type":"article","og_title":"Excellent Chamois Cycling Pad F06 - Sokind Cycling Pad Manufacturer","og_description":"one stop manufacturer for Foam Chamois Pad for women with factory prices. OEM\/ODM available with UL, SGS, Okex-tex certificates.","og_url":"https:\/\/sokindsport.com\/fr\/produit\/chamois-epais-en-mousse-pour-femmes-cyclistes\/","og_site_name":"Sokind Cycling Pad","article_modified_time":"2024-05-08T03:39:29+00:00","og_image":[{"width":800,"height":800,"url":"https:\/\/sokindsport.com\/wp-content\/uploads\/2023\/11\/sk816-c.png","type":"image\/png"}],"twitter_card":"summary_large_image","twitter_misc":{"Dur\u00e9e de lecture estim\u00e9e":"2 minutes"},"schema":{"@context":"https:\/\/schema.org","@graph":[{"@type":"WebPage","@id":"https:\/\/sokindsport.com\/product\/thick-foam-chamois-pad-for-women-cycling\/","url":"https:\/\/sokindsport.com\/product\/thick-foam-chamois-pad-for-women-cycling\/","name":"Excellente peau de chamois F06 - Sokind - Fabricant de protections cyclistes","isPartOf":{"@id":"https:\/\/sokindsport.com\/#website"},"primaryImageOfPage":{"@id":"https:\/\/sokindsport.com\/product\/thick-foam-chamois-pad-for-women-cycling\/#primaryimage"},"image":{"@id":"https:\/\/sokindsport.com\/product\/thick-foam-chamois-pad-for-women-cycling\/#primaryimage"},"thumbnailUrl":"https:\/\/sokindsport.com\/wp-content\/uploads\/2023\/11\/sk816-c.png","datePublished":"2024-05-07T00:31:42+00:00","dateModified":"2024-05-08T03:39:29+00:00","description":"Fabricant de chamois en mousse pour femmes \u00e0 des prix d'usine. OEM\/ODM disponible avec les certificats UL, SGS, Okex-tex.","breadcrumb":{"@id":"https:\/\/sokindsport.com\/product\/thick-foam-chamois-pad-for-women-cycling\/#breadcrumb"},"inLanguage":"fr-FR","potentialAction":[{"@type":"ReadAction","target":["https:\/\/sokindsport.com\/product\/thick-foam-chamois-pad-for-women-cycling\/"]}]},{"@type":"ImageObject","inLanguage":"fr-FR","@id":"https:\/\/sokindsport.com\/product\/thick-foam-chamois-pad-for-women-cycling\/#primaryimage","url":"https:\/\/sokindsport.com\/wp-content\/uploads\/2023\/11\/sk816-c.png","contentUrl":"https:\/\/sokindsport.com\/wp-content\/uploads\/2023\/11\/sk816-c.png","width":800,"height":800,"caption":"sk816 Thick Foam Chamois Pad for Women Cycling product image"},{"@type":"BreadcrumbList","@id":"https:\/\/sokindsport.com\/product\/thick-foam-chamois-pad-for-women-cycling\/#breadcrumb","itemListElement":[{"@type":"ListItem","position":1,"name":"Home","item":"https:\/\/sokindsport.com\/"},{"@type":"ListItem","position":2,"name":"\u5546\u5e97","item":"https:\/\/sokindsport.com\/shop\/"},{"@type":"ListItem","position":3,"name":"Thick Foam Chamois Pad for Women Cycling SK-816"}]},{"@type":"WebSite","@id":"https:\/\/sokindsport.com\/#website","url":"https:\/\/sokindsport.com\/","name":"Pad de v\u00e9lo Sokind","description":"Pad de v\u00e9lo Sokind","publisher":{"@id":"https:\/\/sokindsport.com\/#organization"},"potentialAction":[{"@type":"SearchAction","target":{"@type":"EntryPoint","urlTemplate":"https:\/\/sokindsport.com\/?s={search_term_string}"},"query-input":{"@type":"PropertyValueSpecification","valueRequired":true,"valueName":"search_term_string"}}],"inLanguage":"fr-FR"},{"@type":"Organization","@id":"https:\/\/sokindsport.com\/#organization","name":"Pad de v\u00e9lo Sokind","url":"https:\/\/sokindsport.com\/","logo":{"@type":"ImageObject","inLanguage":"fr-FR","@id":"https:\/\/sokindsport.com\/#\/schema\/logo\/image\/","url":"https:\/\/sokindsport.com\/wp-content\/uploads\/2022\/02\/Sokind-Sport-Logo.png","contentUrl":"https:\/\/sokindsport.com\/wp-content\/uploads\/2022\/02\/Sokind-Sport-Logo.png","width":250,"height":64,"caption":"Sokind Cycling Pad"},"image":{"@id":"https:\/\/sokindsport.com\/#\/schema\/logo\/image\/"}}]}},"_links":{"self":[{"href":"https:\/\/sokindsport.com\/fr\/wp-json\/wp\/v2\/product\/2886","targetHints":{"allow":["GET"]}}],"collection":[{"href":"https:\/\/sokindsport.com\/fr\/wp-json\/wp\/v2\/product"}],"about":[{"href":"https:\/\/sokindsport.com\/fr\/wp-json\/wp\/v2\/types\/product"}],"replies":[{"embeddable":true,"href":"https:\/\/sokindsport.com\/fr\/wp-json\/wp\/v2\/comments?post=2886"}],"version-history":[{"count":0,"href":"https:\/\/sokindsport.com\/fr\/wp-json\/wp\/v2\/product\/2886\/revisions"}],"wp:featuredmedia":[{"embeddable":true,"href":"https:\/\/sokindsport.com\/fr\/wp-json\/wp\/v2\/media\/2457"}],"wp:attachment":[{"href":"https:\/\/sokindsport.com\/fr\/wp-json\/wp\/v2\/media?parent=2886"}],"wp:term":[{"taxonomy":"product_brand","embeddable":true,"href":"https:\/\/sokindsport.com\/fr\/wp-json\/wp\/v2\/product_brand?post=2886"},{"taxonomy":"product_cat","embeddable":true,"href":"https:\/\/sokindsport.com\/fr\/wp-json\/wp\/v2\/product_cat?post=2886"},{"taxonomy":"product_tag","embeddable":true,"href":"https:\/\/sokindsport.com\/fr\/wp-json\/wp\/v2\/product_tag?post=2886"}],"curies":[{"name":"wp","href":"https:\/\/api.w.org\/{rel}","templated":true}]}}