{"id":2736,"date":"2023-12-30T13:38:51","date_gmt":"2023-12-30T13:38:51","guid":{"rendered":"https:\/\/sokindsport.com\/?post_type=product&#038;p=2736"},"modified":"2023-12-30T14:03:41","modified_gmt":"2023-12-30T14:03:41","slug":"sokind-chamois-cycliste-f06","status":"publish","type":"product","link":"https:\/\/sokindsport.com\/fr\/product\/sokind-chamois-cycling-pad-f06\/","title":{"rendered":"Sokind Chamois Cycling Pad F06"},"content":{"rendered":"<p>L'id\u00e9e de cette mousse haute densit\u00e9 <a href=\"https:\/\/sokindsport.com\/fr\/fabricant-damortisseurs-de-velo\/\">chamois de cyclisme<\/a>Le tapis de course, 120kg\/m3 en 15mm, avec une surface plate et douce, est id\u00e9al pour les moyennes et longues distances ; il r\u00e9pond \u00e0 la demande des cyclistes de tous les types de course, de position et de temps pass\u00e9 sur la selle. Gr\u00e2ce au tissu extensible dans les 4 sens et antibact\u00e9rien, les athl\u00e8tes se sentent sans frottement, au frais et en pleine forme pendant le cyclisme.<\/p>\n<p><img fetchpriority=\"high\" decoding=\"async\" class=\"alignnone size-full wp-image-2739\" src=\"https:\/\/sokindsport.com\/wp-content\/uploads\/2023\/12\/Sokind-Chamois-Cycling-Pad-F06-Product-Details.png\" alt=\"Sokind Chamois Cycling Pad F06 D\u00e9tails du produit\" width=\"800\" height=\"400\" srcset=\"https:\/\/sokindsport.com\/wp-content\/uploads\/2023\/12\/Sokind-Chamois-Cycling-Pad-F06-Product-Details.png 800w, https:\/\/sokindsport.com\/wp-content\/uploads\/2023\/12\/Sokind-Chamois-Cycling-Pad-F06-Product-Details-300x150.png 300w, https:\/\/sokindsport.com\/wp-content\/uploads\/2023\/12\/Sokind-Chamois-Cycling-Pad-F06-Product-Details-768x384.png 768w, https:\/\/sokindsport.com\/wp-content\/uploads\/2023\/12\/Sokind-Chamois-Cycling-Pad-F06-Product-Details-600x300.png 600w\" sizes=\"(max-width: 800px) 100vw, 800px\" \/><\/p>","protected":false},"excerpt":{"rendered":"<p><strong>Sp\u00e9cifications des chamois de cyclisme en mousse F06<\/strong><\/p>\n<p><strong>Num\u00e9ro d'article<\/strong>: F06<\/p>\n<p><strong>Tissu<\/strong>: Tricotage cha\u00eene 85% polyester + 15% spandex<\/p>\n<p><strong>Caract\u00e9ristiques<\/strong>: Anti-bact\u00e9rien, \u00e9vacuation de l'humidit\u00e9, anti-chocs<\/p>\n<p><strong>Densit\u00e9 de la mousse<\/strong>: 55kg\/m3+120kg\/m3<\/p>\n<p><strong>Taille<\/strong>: 36*20.5cm<\/p>\n<p><strong>\u00c9paisseur<\/strong>: 5+15mm<\/p>","protected":false},"featured_media":2738,"comment_status":"open","ping_status":"closed","template":"","meta":[],"product_brand":[],"product_cat":[44],"product_tag":[45],"class_list":{"0":"post-2736","1":"product","2":"type-product","3":"status-publish","4":"has-post-thumbnail","6":"product_cat-2d-cycling-pads","7":"product_tag-cycling-pads","9":"first","10":"instock","11":"shipping-taxable","12":"product-type-simple"},"yoast_head":"<!-- This site is optimized with the Yoast SEO plugin v27.4 - https:\/\/yoast.com\/product\/yoast-seo-wordpress\/ -->\n<title>Excellent Chamois Cycling Pad F06 - Sokind Cycling Pad Manufacturer<\/title>\n<meta name=\"description\" content=\"The idea of this high-density foam cycling chamois pad, 120kg\/m3 in 15mm, with a flat and soft surface, is ideally suited for medium to long-distance riding\" \/>\n<meta name=\"robots\" content=\"index, follow, max-snippet:-1, max-image-preview:large, max-video-preview:-1\" \/>\n<link rel=\"canonical\" href=\"https:\/\/sokindsport.com\/fr\/produit\/sokind-chamois-cycliste-f06\/\" \/>\n<meta property=\"og:locale\" content=\"fr_FR\" \/>\n<meta property=\"og:type\" content=\"article\" \/>\n<meta property=\"og:title\" content=\"Excellent Chamois Cycling Pad F06 - Sokind Cycling Pad Manufacturer\" \/>\n<meta property=\"og:description\" content=\"The idea of this high-density foam cycling chamois pad, 120kg\/m3 in 15mm, with a flat and soft surface, is ideally suited for medium to long-distance riding\" \/>\n<meta property=\"og:url\" content=\"https:\/\/sokindsport.com\/fr\/produit\/sokind-chamois-cycliste-f06\/\" \/>\n<meta property=\"og:site_name\" content=\"Sokind Cycling Pad\" \/>\n<meta property=\"article:modified_time\" content=\"2023-12-30T14:03:41+00:00\" \/>\n<meta property=\"og:image\" content=\"https:\/\/sokindsport.com\/wp-content\/uploads\/2023\/12\/Sokind-Chamois-Cycling-Pad-F06-Featured-Image.png\" \/>\n\t<meta property=\"og:image:width\" content=\"800\" \/>\n\t<meta property=\"og:image:height\" content=\"800\" \/>\n\t<meta property=\"og:image:type\" content=\"image\/png\" \/>\n<meta name=\"twitter:card\" content=\"summary_large_image\" \/>\n<meta name=\"twitter:label1\" content=\"Dur\u00e9e de lecture estim\u00e9e\" \/>\n\t<meta name=\"twitter:data1\" content=\"1 minute\" \/>\n<script type=\"application\/ld+json\" class=\"yoast-schema-graph\">{\"@context\":\"https:\\\/\\\/schema.org\",\"@graph\":[{\"@type\":\"WebPage\",\"@id\":\"https:\\\/\\\/sokindsport.com\\\/product\\\/sokind-chamois-cycling-pad-f06\\\/\",\"url\":\"https:\\\/\\\/sokindsport.com\\\/product\\\/sokind-chamois-cycling-pad-f06\\\/\",\"name\":\"Excellent Chamois Cycling Pad F06 - Sokind Cycling Pad Manufacturer\",\"isPartOf\":{\"@id\":\"https:\\\/\\\/sokindsport.com\\\/#website\"},\"primaryImageOfPage\":{\"@id\":\"https:\\\/\\\/sokindsport.com\\\/product\\\/sokind-chamois-cycling-pad-f06\\\/#primaryimage\"},\"image\":{\"@id\":\"https:\\\/\\\/sokindsport.com\\\/product\\\/sokind-chamois-cycling-pad-f06\\\/#primaryimage\"},\"thumbnailUrl\":\"https:\\\/\\\/sokindsport.com\\\/wp-content\\\/uploads\\\/2023\\\/12\\\/Sokind-Chamois-Cycling-Pad-F06-Featured-Image.png\",\"datePublished\":\"2023-12-30T13:38:51+00:00\",\"dateModified\":\"2023-12-30T14:03:41+00:00\",\"description\":\"The idea of this high-density foam cycling chamois pad, 120kg\\\/m3 in 15mm, with a flat and soft surface, is ideally suited for medium to long-distance riding\",\"breadcrumb\":{\"@id\":\"https:\\\/\\\/sokindsport.com\\\/product\\\/sokind-chamois-cycling-pad-f06\\\/#breadcrumb\"},\"inLanguage\":\"fr-FR\",\"potentialAction\":[{\"@type\":\"ReadAction\",\"target\":[\"https:\\\/\\\/sokindsport.com\\\/product\\\/sokind-chamois-cycling-pad-f06\\\/\"]}]},{\"@type\":\"ImageObject\",\"inLanguage\":\"fr-FR\",\"@id\":\"https:\\\/\\\/sokindsport.com\\\/product\\\/sokind-chamois-cycling-pad-f06\\\/#primaryimage\",\"url\":\"https:\\\/\\\/sokindsport.com\\\/wp-content\\\/uploads\\\/2023\\\/12\\\/Sokind-Chamois-Cycling-Pad-F06-Featured-Image.png\",\"contentUrl\":\"https:\\\/\\\/sokindsport.com\\\/wp-content\\\/uploads\\\/2023\\\/12\\\/Sokind-Chamois-Cycling-Pad-F06-Featured-Image.png\",\"width\":800,\"height\":800,\"caption\":\"Sokind Chamois Cycling Pad F06 Featured Image\"},{\"@type\":\"BreadcrumbList\",\"@id\":\"https:\\\/\\\/sokindsport.com\\\/product\\\/sokind-chamois-cycling-pad-f06\\\/#breadcrumb\",\"itemListElement\":[{\"@type\":\"ListItem\",\"position\":1,\"name\":\"Home\",\"item\":\"https:\\\/\\\/sokindsport.com\\\/\"},{\"@type\":\"ListItem\",\"position\":2,\"name\":\"\u5546\u5e97\",\"item\":\"https:\\\/\\\/sokindsport.com\\\/shop\\\/\"},{\"@type\":\"ListItem\",\"position\":3,\"name\":\"Sokind Chamois Cycling Pad F06\"}]},{\"@type\":\"WebSite\",\"@id\":\"https:\\\/\\\/sokindsport.com\\\/#website\",\"url\":\"https:\\\/\\\/sokindsport.com\\\/\",\"name\":\"Sokind Cycling Pad\",\"description\":\"Sokind Cycling Pad\",\"publisher\":{\"@id\":\"https:\\\/\\\/sokindsport.com\\\/#organization\"},\"potentialAction\":[{\"@type\":\"SearchAction\",\"target\":{\"@type\":\"EntryPoint\",\"urlTemplate\":\"https:\\\/\\\/sokindsport.com\\\/?s={search_term_string}\"},\"query-input\":{\"@type\":\"PropertyValueSpecification\",\"valueRequired\":true,\"valueName\":\"search_term_string\"}}],\"inLanguage\":\"fr-FR\"},{\"@type\":\"Organization\",\"@id\":\"https:\\\/\\\/sokindsport.com\\\/#organization\",\"name\":\"Sokind Cycling Pad\",\"url\":\"https:\\\/\\\/sokindsport.com\\\/\",\"logo\":{\"@type\":\"ImageObject\",\"inLanguage\":\"fr-FR\",\"@id\":\"https:\\\/\\\/sokindsport.com\\\/#\\\/schema\\\/logo\\\/image\\\/\",\"url\":\"https:\\\/\\\/sokindsport.com\\\/wp-content\\\/uploads\\\/2022\\\/02\\\/Sokind-Sport-Logo.png\",\"contentUrl\":\"https:\\\/\\\/sokindsport.com\\\/wp-content\\\/uploads\\\/2022\\\/02\\\/Sokind-Sport-Logo.png\",\"width\":250,\"height\":64,\"caption\":\"Sokind Cycling Pad\"},\"image\":{\"@id\":\"https:\\\/\\\/sokindsport.com\\\/#\\\/schema\\\/logo\\\/image\\\/\"}}]}<\/script>\n<!-- \/ Yoast SEO plugin. -->","yoast_head_json":{"title":"Excellente peau de chamois F06 - Sokind - Fabricant de protections cyclistes","description":"L'id\u00e9e de cette peau de chamois cycliste en mousse haute densit\u00e9, 120kg\/m3 en 15mm, avec une surface plate et souple, est id\u00e9alement adapt\u00e9e \u00e0 la pratique du v\u00e9lo sur moyenne et longue distance.","robots":{"index":"index","follow":"follow","max-snippet":"max-snippet:-1","max-image-preview":"max-image-preview:large","max-video-preview":"max-video-preview:-1"},"canonical":"https:\/\/sokindsport.com\/fr\/produit\/sokind-chamois-cycliste-f06\/","og_locale":"fr_FR","og_type":"article","og_title":"Excellent Chamois Cycling Pad F06 - Sokind Cycling Pad Manufacturer","og_description":"The idea of this high-density foam cycling chamois pad, 120kg\/m3 in 15mm, with a flat and soft surface, is ideally suited for medium to long-distance riding","og_url":"https:\/\/sokindsport.com\/fr\/produit\/sokind-chamois-cycliste-f06\/","og_site_name":"Sokind Cycling Pad","article_modified_time":"2023-12-30T14:03:41+00:00","og_image":[{"width":800,"height":800,"url":"https:\/\/sokindsport.com\/wp-content\/uploads\/2023\/12\/Sokind-Chamois-Cycling-Pad-F06-Featured-Image.png","type":"image\/png"}],"twitter_card":"summary_large_image","twitter_misc":{"Dur\u00e9e de lecture estim\u00e9e":"1 minute"},"schema":{"@context":"https:\/\/schema.org","@graph":[{"@type":"WebPage","@id":"https:\/\/sokindsport.com\/product\/sokind-chamois-cycling-pad-f06\/","url":"https:\/\/sokindsport.com\/product\/sokind-chamois-cycling-pad-f06\/","name":"Excellente peau de chamois F06 - Sokind - Fabricant de protections cyclistes","isPartOf":{"@id":"https:\/\/sokindsport.com\/#website"},"primaryImageOfPage":{"@id":"https:\/\/sokindsport.com\/product\/sokind-chamois-cycling-pad-f06\/#primaryimage"},"image":{"@id":"https:\/\/sokindsport.com\/product\/sokind-chamois-cycling-pad-f06\/#primaryimage"},"thumbnailUrl":"https:\/\/sokindsport.com\/wp-content\/uploads\/2023\/12\/Sokind-Chamois-Cycling-Pad-F06-Featured-Image.png","datePublished":"2023-12-30T13:38:51+00:00","dateModified":"2023-12-30T14:03:41+00:00","description":"L'id\u00e9e de cette peau de chamois cycliste en mousse haute densit\u00e9, 120kg\/m3 en 15mm, avec une surface plate et souple, est id\u00e9alement adapt\u00e9e \u00e0 la pratique du v\u00e9lo sur moyenne et longue distance.","breadcrumb":{"@id":"https:\/\/sokindsport.com\/product\/sokind-chamois-cycling-pad-f06\/#breadcrumb"},"inLanguage":"fr-FR","potentialAction":[{"@type":"ReadAction","target":["https:\/\/sokindsport.com\/product\/sokind-chamois-cycling-pad-f06\/"]}]},{"@type":"ImageObject","inLanguage":"fr-FR","@id":"https:\/\/sokindsport.com\/product\/sokind-chamois-cycling-pad-f06\/#primaryimage","url":"https:\/\/sokindsport.com\/wp-content\/uploads\/2023\/12\/Sokind-Chamois-Cycling-Pad-F06-Featured-Image.png","contentUrl":"https:\/\/sokindsport.com\/wp-content\/uploads\/2023\/12\/Sokind-Chamois-Cycling-Pad-F06-Featured-Image.png","width":800,"height":800,"caption":"Sokind Chamois Cycling Pad F06 Featured Image"},{"@type":"BreadcrumbList","@id":"https:\/\/sokindsport.com\/product\/sokind-chamois-cycling-pad-f06\/#breadcrumb","itemListElement":[{"@type":"ListItem","position":1,"name":"Home","item":"https:\/\/sokindsport.com\/"},{"@type":"ListItem","position":2,"name":"\u5546\u5e97","item":"https:\/\/sokindsport.com\/shop\/"},{"@type":"ListItem","position":3,"name":"Sokind Chamois Cycling Pad F06"}]},{"@type":"WebSite","@id":"https:\/\/sokindsport.com\/#website","url":"https:\/\/sokindsport.com\/","name":"Pad de v\u00e9lo Sokind","description":"Pad de v\u00e9lo Sokind","publisher":{"@id":"https:\/\/sokindsport.com\/#organization"},"potentialAction":[{"@type":"SearchAction","target":{"@type":"EntryPoint","urlTemplate":"https:\/\/sokindsport.com\/?s={search_term_string}"},"query-input":{"@type":"PropertyValueSpecification","valueRequired":true,"valueName":"search_term_string"}}],"inLanguage":"fr-FR"},{"@type":"Organization","@id":"https:\/\/sokindsport.com\/#organization","name":"Pad de v\u00e9lo Sokind","url":"https:\/\/sokindsport.com\/","logo":{"@type":"ImageObject","inLanguage":"fr-FR","@id":"https:\/\/sokindsport.com\/#\/schema\/logo\/image\/","url":"https:\/\/sokindsport.com\/wp-content\/uploads\/2022\/02\/Sokind-Sport-Logo.png","contentUrl":"https:\/\/sokindsport.com\/wp-content\/uploads\/2022\/02\/Sokind-Sport-Logo.png","width":250,"height":64,"caption":"Sokind Cycling Pad"},"image":{"@id":"https:\/\/sokindsport.com\/#\/schema\/logo\/image\/"}}]}},"_links":{"self":[{"href":"https:\/\/sokindsport.com\/fr\/wp-json\/wp\/v2\/product\/2736","targetHints":{"allow":["GET"]}}],"collection":[{"href":"https:\/\/sokindsport.com\/fr\/wp-json\/wp\/v2\/product"}],"about":[{"href":"https:\/\/sokindsport.com\/fr\/wp-json\/wp\/v2\/types\/product"}],"replies":[{"embeddable":true,"href":"https:\/\/sokindsport.com\/fr\/wp-json\/wp\/v2\/comments?post=2736"}],"version-history":[{"count":1,"href":"https:\/\/sokindsport.com\/fr\/wp-json\/wp\/v2\/product\/2736\/revisions"}],"predecessor-version":[{"id":2737,"href":"https:\/\/sokindsport.com\/fr\/wp-json\/wp\/v2\/product\/2736\/revisions\/2737"}],"wp:featuredmedia":[{"embeddable":true,"href":"https:\/\/sokindsport.com\/fr\/wp-json\/wp\/v2\/media\/2738"}],"wp:attachment":[{"href":"https:\/\/sokindsport.com\/fr\/wp-json\/wp\/v2\/media?parent=2736"}],"wp:term":[{"taxonomy":"product_brand","embeddable":true,"href":"https:\/\/sokindsport.com\/fr\/wp-json\/wp\/v2\/product_brand?post=2736"},{"taxonomy":"product_cat","embeddable":true,"href":"https:\/\/sokindsport.com\/fr\/wp-json\/wp\/v2\/product_cat?post=2736"},{"taxonomy":"product_tag","embeddable":true,"href":"https:\/\/sokindsport.com\/fr\/wp-json\/wp\/v2\/product_tag?post=2736"}],"curies":[{"name":"wp","href":"https:\/\/api.w.org\/{rel}","templated":true}]}}