{"id":18,"date":"2022-02-22T09:33:14","date_gmt":"2022-02-22T09:33:14","guid":{"rendered":"https:\/\/sokindsport.com\/?page_id=18"},"modified":"2024-04-27T16:24:46","modified_gmt":"2024-04-27T16:24:46","slug":"nouvelles","status":"publish","type":"page","link":"https:\/\/sokindsport.com\/fr\/news\/","title":{"rendered":"Actualit\u00e9s"},"content":{"rendered":"<div data-elementor-type=\"wp-page\" data-elementor-id=\"18\" class=\"elementor elementor-18\" data-elementor-post-type=\"page\">\n\t\t\t\t\t\t<section class=\"elementor-section elementor-top-section elementor-element elementor-element-436c42c elementor-section-full_width elementor-section-height-min-height elementor-section-height-default elementor-section-items-middle\" data-id=\"436c42c\" data-element_type=\"section\" data-e-type=\"section\" data-settings=\"{&quot;background_background&quot;:&quot;classic&quot;}\">\n\t\t\t\t\t\t<div class=\"elementor-container elementor-column-gap-default\">\n\t\t\t\t\t<div class=\"elementor-column elementor-col-100 elementor-top-column elementor-element elementor-element-6c904a4\" data-id=\"6c904a4\" data-element_type=\"column\" data-e-type=\"column\">\n\t\t\t<div class=\"elementor-widget-wrap elementor-element-populated\">\n\t\t\t\t\t\t<div class=\"elementor-element elementor-element-1065d91 elementor-widget elementor-widget-heading\" data-id=\"1065d91\" data-element_type=\"widget\" data-e-type=\"widget\" data-widget_type=\"heading.default\">\n\t\t\t\t\t<h2 class=\"elementor-heading-title elementor-size-default\">NOUVELLES<\/h2>\t\t\t\t<\/div>\n\t\t\t\t\t<\/div>\n\t\t<\/div>\n\t\t\t\t\t<\/div>\n\t\t<\/section>\n\t\t\t\t<section class=\"elementor-section elementor-top-section elementor-element elementor-element-15be4fb elementor-section-boxed elementor-section-height-default elementor-section-height-default\" data-id=\"15be4fb\" data-element_type=\"section\" data-e-type=\"section\">\n\t\t\t\t\t\t<div class=\"elementor-container elementor-column-gap-default\">\n\t\t\t\t\t<div class=\"elementor-column elementor-col-100 elementor-top-column elementor-element elementor-element-37a5488\" data-id=\"37a5488\" data-element_type=\"column\" data-e-type=\"column\">\n\t\t\t<div class=\"elementor-widget-wrap elementor-element-populated\">\n\t\t\t\t\t\t<div class=\"elementor-element elementor-element-6234548 elementor-grid-3 elementor-grid-tablet-2 elementor-grid-mobile-1 elementor-posts--thumbnail-top elementor-card-shadow-yes elementor-posts__hover-gradient elementor-widget elementor-widget-posts\" data-id=\"6234548\" data-element_type=\"widget\" data-e-type=\"widget\" data-settings=\"{&quot;pagination_type&quot;:&quot;numbers_and_prev_next&quot;,&quot;cards_columns&quot;:&quot;3&quot;,&quot;cards_columns_tablet&quot;:&quot;2&quot;,&quot;cards_columns_mobile&quot;:&quot;1&quot;,&quot;cards_row_gap&quot;:{&quot;unit&quot;:&quot;px&quot;,&quot;size&quot;:35,&quot;sizes&quot;:[]},&quot;cards_row_gap_tablet&quot;:{&quot;unit&quot;:&quot;px&quot;,&quot;size&quot;:&quot;&quot;,&quot;sizes&quot;:[]},&quot;cards_row_gap_mobile&quot;:{&quot;unit&quot;:&quot;px&quot;,&quot;size&quot;:&quot;&quot;,&quot;sizes&quot;:[]}}\" data-widget_type=\"posts.cards\">\n\t\t\t\t<div class=\"elementor-widget-container\">\n\t\t\t\t\t\t\t<div class=\"elementor-posts-container elementor-posts elementor-posts--skin-cards elementor-grid\" role=\"list\">\n\t\t\t\t<article class=\"elementor-post elementor-grid-item post-2901 post type-post status-publish format-standard has-post-thumbnail hentry category-news\" role=\"listitem\">\n\t\t\t<div class=\"elementor-post__card\">\n\t\t\t\t<a class=\"elementor-post__thumbnail__link\" href=\"https:\/\/sokindsport.com\/fr\/essential-chamois-care-key-dos-and-donts-to-extend-the-life-of-your-cycling-pad\/\" tabindex=\"-1\" ><div class=\"elementor-post__thumbnail\"><img fetchpriority=\"high\" decoding=\"async\" width=\"400\" height=\"270\" src=\"https:\/\/sokindsport.com\/wp-content\/uploads\/2022\/03\/Inside-Test-02a.jpg\" class=\"attachment-medium_large size-medium_large wp-image-1726\" alt=\"Entretien de la peau de chamois\" srcset=\"https:\/\/sokindsport.com\/wp-content\/uploads\/2022\/03\/Inside-Test-02a.jpg 400w, https:\/\/sokindsport.com\/wp-content\/uploads\/2022\/03\/Inside-Test-02a-300x203.jpg 300w\" sizes=\"(max-width: 400px) 100vw, 400px\" \/><\/div><\/a>\n\t\t\t\t<div class=\"elementor-post__badge\">Actualit\u00e9s<\/div>\n\t\t\t\t<div class=\"elementor-post__text\">\n\t\t\t\t<h3 class=\"elementor-post__title\">\n\t\t\t<a href=\"https:\/\/sokindsport.com\/fr\/essential-chamois-care-key-dos-and-donts-to-extend-the-life-of-your-cycling-pad\/\" >\n\t\t\t\tEntretien essentiel de la peau de chamois : Les principales choses \u00e0 faire et \u00e0 ne pas faire pour prolonger la dur\u00e9e de vie de votre jambi\u00e8re de v\u00e9lo\t\t\t<\/a>\n\t\t<\/h3>\n\t\t\t\t<div class=\"elementor-post__excerpt\">\n\t\t\t<p>Les peaux de chamois jouent un r\u00f4le essentiel dans le confort et les performances des cyclistes. En cuir v\u00e9ritable \u00e0 l'origine<\/p>\n\t\t<\/div>\n\t\t\n\t\t<a class=\"elementor-post__read-more\" href=\"https:\/\/sokindsport.com\/fr\/essential-chamois-care-key-dos-and-donts-to-extend-the-life-of-your-cycling-pad\/\" aria-label=\"En savoir plus sur Essential Chamois Care : Les principales choses \u00e0 faire et \u00e0 ne pas faire pour prolonger la dur\u00e9e de vie de votre jambi\u00e8re de v\u00e9lo\" tabindex=\"-1\" >\n\t\t\tLire la suite \"\t\t<\/a>\n\n\t\t\t\t<\/div>\n\t\t\t\t\t<\/div>\n\t\t<\/article>\n\t\t\t\t<article class=\"elementor-post elementor-grid-item post-2899 post type-post status-publish format-standard has-post-thumbnail hentry category-news\" role=\"listitem\">\n\t\t\t<div class=\"elementor-post__card\">\n\t\t\t\t<a class=\"elementor-post__thumbnail__link\" href=\"https:\/\/sokindsport.com\/fr\/chamois-or-no-chamois-that-is-the-question-for-cycling-pads\/\" tabindex=\"-1\" ><div class=\"elementor-post__thumbnail\"><img decoding=\"async\" width=\"768\" height=\"576\" src=\"https:\/\/sokindsport.com\/wp-content\/uploads\/2023\/12\/men-cycling-gel-chamois-pads-men-768x576.jpg\" class=\"attachment-medium_large size-medium_large wp-image-2652\" alt=\"cyclisme hommes gel chamois pads men\" srcset=\"https:\/\/sokindsport.com\/wp-content\/uploads\/2023\/12\/men-cycling-gel-chamois-pads-men-768x576.jpg 768w, https:\/\/sokindsport.com\/wp-content\/uploads\/2023\/12\/men-cycling-gel-chamois-pads-men-300x225.jpg 300w, https:\/\/sokindsport.com\/wp-content\/uploads\/2023\/12\/men-cycling-gel-chamois-pads-men-600x450.jpg 600w, https:\/\/sokindsport.com\/wp-content\/uploads\/2023\/12\/men-cycling-gel-chamois-pads-men.jpg 800w\" sizes=\"(max-width: 768px) 100vw, 768px\" \/><\/div><\/a>\n\t\t\t\t<div class=\"elementor-post__badge\">Actualit\u00e9s<\/div>\n\t\t\t\t<div class=\"elementor-post__text\">\n\t\t\t\t<h3 class=\"elementor-post__title\">\n\t\t\t<a href=\"https:\/\/sokindsport.com\/fr\/chamois-or-no-chamois-that-is-the-question-for-cycling-pads\/\" >\n\t\t\t\tChamois ou pas chamois : Telle est la question pour les protections cyclistes\t\t\t<\/a>\n\t\t<\/h3>\n\t\t\t\t<div class=\"elementor-post__excerpt\">\n\t\t\t<p>Le cyclisme ne se limite pas \u00e0 l'exercice physique ou au transport : c'est une passion et un mode de vie adopt\u00e9 par des millions de personnes dans le monde entier.<\/p>\n\t\t<\/div>\n\t\t\n\t\t<a class=\"elementor-post__read-more\" href=\"https:\/\/sokindsport.com\/fr\/chamois-or-no-chamois-that-is-the-question-for-cycling-pads\/\" aria-label=\"En savoir plus sur Chamois ou pas chamois : Telle est la question pour les protections cyclistes\" tabindex=\"-1\" >\n\t\t\tLire la suite \"\t\t<\/a>\n\n\t\t\t\t<\/div>\n\t\t\t\t\t<\/div>\n\t\t<\/article>\n\t\t\t\t<article class=\"elementor-post elementor-grid-item post-2819 post type-post status-publish format-standard has-post-thumbnail hentry category-news\" role=\"listitem\">\n\t\t\t<div class=\"elementor-post__card\">\n\t\t\t\t<a class=\"elementor-post__thumbnail__link\" href=\"https:\/\/sokindsport.com\/fr\/are-padded-cycling-shorts-necessary\/\" tabindex=\"-1\" ><div class=\"elementor-post__thumbnail\"><img decoding=\"async\" width=\"768\" height=\"461\" src=\"https:\/\/sokindsport.com\/wp-content\/uploads\/2024\/04\/Are-Padded-Cycling-Shorts-Necessary-Featured-Image-768x461.jpg\" class=\"attachment-medium_large size-medium_large wp-image-2821\" alt=\"Les shorts de cyclisme rembourr\u00e9s sont-ils n\u00e9cessaires ? - Featured Image\" srcset=\"https:\/\/sokindsport.com\/wp-content\/uploads\/2024\/04\/Are-Padded-Cycling-Shorts-Necessary-Featured-Image-768x461.jpg 768w, https:\/\/sokindsport.com\/wp-content\/uploads\/2024\/04\/Are-Padded-Cycling-Shorts-Necessary-Featured-Image-300x180.jpg 300w, https:\/\/sokindsport.com\/wp-content\/uploads\/2024\/04\/Are-Padded-Cycling-Shorts-Necessary-Featured-Image-600x360.jpg 600w, https:\/\/sokindsport.com\/wp-content\/uploads\/2024\/04\/Are-Padded-Cycling-Shorts-Necessary-Featured-Image.jpg 1000w\" sizes=\"(max-width: 768px) 100vw, 768px\" \/><\/div><\/a>\n\t\t\t\t<div class=\"elementor-post__badge\">Actualit\u00e9s<\/div>\n\t\t\t\t<div class=\"elementor-post__text\">\n\t\t\t\t<h3 class=\"elementor-post__title\">\n\t\t\t<a href=\"https:\/\/sokindsport.com\/fr\/are-padded-cycling-shorts-necessary\/\" >\n\t\t\t\tLes shorts de cyclisme rembourr\u00e9s sont-ils n\u00e9cessaires ?\t\t\t<\/a>\n\t\t<\/h3>\n\t\t\t\t<div class=\"elementor-post__excerpt\">\n\t\t\t<p>Le cyclisme, qu'il soit pratiqu\u00e9 comme un sport de comp\u00e9tition, une forme d'exercice quotidien ou une simple activit\u00e9 de loisir, est une activit\u00e9 qui peut \u00eatre pratiqu\u00e9e en toute s\u00e9curit\u00e9.<\/p>\n\t\t<\/div>\n\t\t\n\t\t<a class=\"elementor-post__read-more\" href=\"https:\/\/sokindsport.com\/fr\/are-padded-cycling-shorts-necessary\/\" aria-label=\"En savoir plus sur Les shorts de v\u00e9lo rembourr\u00e9s sont-ils n\u00e9cessaires ?\" tabindex=\"-1\" >\n\t\t\tLire la suite \"\t\t<\/a>\n\n\t\t\t\t<\/div>\n\t\t\t\t\t<\/div>\n\t\t<\/article>\n\t\t\t\t<article class=\"elementor-post elementor-grid-item post-2806 post type-post status-publish format-standard has-post-thumbnail hentry category-news\" role=\"listitem\">\n\t\t\t<div class=\"elementor-post__card\">\n\t\t\t\t<a class=\"elementor-post__thumbnail__link\" href=\"https:\/\/sokindsport.com\/fr\/explore-the-best-cycling-pad-manufacturers-for-optimal-comfort-and-performance\/\" tabindex=\"-1\" ><div class=\"elementor-post__thumbnail\"><img loading=\"lazy\" decoding=\"async\" width=\"768\" height=\"576\" src=\"https:\/\/sokindsport.com\/wp-content\/uploads\/2023\/12\/Cycling-Chamois-Pads-Featured-Image-768x576.jpg\" class=\"attachment-medium_large size-medium_large wp-image-2651\" alt=\"Coussinets de peau de chamois pour le cyclisme Image en vedette\" srcset=\"https:\/\/sokindsport.com\/wp-content\/uploads\/2023\/12\/Cycling-Chamois-Pads-Featured-Image-768x576.jpg 768w, https:\/\/sokindsport.com\/wp-content\/uploads\/2023\/12\/Cycling-Chamois-Pads-Featured-Image-300x225.jpg 300w, https:\/\/sokindsport.com\/wp-content\/uploads\/2023\/12\/Cycling-Chamois-Pads-Featured-Image-600x450.jpg 600w, https:\/\/sokindsport.com\/wp-content\/uploads\/2023\/12\/Cycling-Chamois-Pads-Featured-Image.jpg 800w\" sizes=\"(max-width: 768px) 100vw, 768px\" \/><\/div><\/a>\n\t\t\t\t<div class=\"elementor-post__badge\">Actualit\u00e9s<\/div>\n\t\t\t\t<div class=\"elementor-post__text\">\n\t\t\t\t<h3 class=\"elementor-post__title\">\n\t\t\t<a href=\"https:\/\/sokindsport.com\/fr\/explore-the-best-cycling-pad-manufacturers-for-optimal-comfort-and-performance\/\" >\n\t\t\t\tD\u00e9couvrez les meilleurs fabricants de protections cyclistes pour un confort et des performances optimales\t\t\t<\/a>\n\t\t<\/h3>\n\t\t\t\t<div class=\"elementor-post__excerpt\">\n\t\t\t<p>Le cyclisme, m\u00e9lange de passion et de pr\u00e9cision, exige un \u00e9quipement de haute qualit\u00e9 pour le confort et la performance.<\/p>\n\t\t<\/div>\n\t\t\n\t\t<a class=\"elementor-post__read-more\" href=\"https:\/\/sokindsport.com\/fr\/explore-the-best-cycling-pad-manufacturers-for-optimal-comfort-and-performance\/\" aria-label=\"En savoir plus sur D\u00e9couvrez les meilleurs fabricants de protections cyclistes pour un confort et une performance optimaux\" tabindex=\"-1\" >\n\t\t\tLire la suite \"\t\t<\/a>\n\n\t\t\t\t<\/div>\n\t\t\t\t\t<\/div>\n\t\t<\/article>\n\t\t\t\t<article class=\"elementor-post elementor-grid-item post-2794 post type-post status-publish format-standard has-post-thumbnail hentry category-news\" role=\"listitem\">\n\t\t\t<div class=\"elementor-post__card\">\n\t\t\t\t<a class=\"elementor-post__thumbnail__link\" href=\"https:\/\/sokindsport.com\/fr\/triathlon-cycling-pads-guide\/\" tabindex=\"-1\" ><div class=\"elementor-post__thumbnail\"><img loading=\"lazy\" decoding=\"async\" width=\"768\" height=\"461\" src=\"https:\/\/sokindsport.com\/wp-content\/uploads\/2024\/04\/Triathlon-Cycling-Pads-Enhancing-Your-Ride-Comfort-and-Performance-Featured-Image-768x461.jpg\" class=\"attachment-medium_large size-medium_large wp-image-2797\" alt=\"Triathlon Cycling Pads Enhancing Your Ride Comfort and Performance Featured Image\" srcset=\"https:\/\/sokindsport.com\/wp-content\/uploads\/2024\/04\/Triathlon-Cycling-Pads-Enhancing-Your-Ride-Comfort-and-Performance-Featured-Image-768x461.jpg 768w, https:\/\/sokindsport.com\/wp-content\/uploads\/2024\/04\/Triathlon-Cycling-Pads-Enhancing-Your-Ride-Comfort-and-Performance-Featured-Image-300x180.jpg 300w, https:\/\/sokindsport.com\/wp-content\/uploads\/2024\/04\/Triathlon-Cycling-Pads-Enhancing-Your-Ride-Comfort-and-Performance-Featured-Image-600x360.jpg 600w, https:\/\/sokindsport.com\/wp-content\/uploads\/2024\/04\/Triathlon-Cycling-Pads-Enhancing-Your-Ride-Comfort-and-Performance-Featured-Image.jpg 1000w\" sizes=\"(max-width: 768px) 100vw, 768px\" \/><\/div><\/a>\n\t\t\t\t<div class=\"elementor-post__badge\">Actualit\u00e9s<\/div>\n\t\t\t\t<div class=\"elementor-post__text\">\n\t\t\t\t<h3 class=\"elementor-post__title\">\n\t\t\t<a href=\"https:\/\/sokindsport.com\/fr\/triathlon-cycling-pads-guide\/\" >\n\t\t\t\tLes protections cyclistes pour le triathlon : Am\u00e9liorer votre confort et vos performances\t\t\t<\/a>\n\t\t<\/h3>\n\t\t\t\t<div class=\"elementor-post__excerpt\">\n\t\t\t<p>Le triathlon pose un ensemble unique de d\u00e9fis, exigeant non seulement une pr\u00e9paration physique intense, mais aussi une pr\u00e9paration physique de haut niveau.<\/p>\n\t\t<\/div>\n\t\t\n\t\t<a class=\"elementor-post__read-more\" href=\"https:\/\/sokindsport.com\/fr\/triathlon-cycling-pads-guide\/\" aria-label=\"En savoir plus sur Triathlon Cycling Pads : Am\u00e9liorer votre confort et vos performances\" tabindex=\"-1\" >\n\t\t\tLire la suite \"\t\t<\/a>\n\n\t\t\t\t<\/div>\n\t\t\t\t\t<\/div>\n\t\t<\/article>\n\t\t\t\t<article class=\"elementor-post elementor-grid-item post-2778 post type-post status-publish format-standard has-post-thumbnail hentry category-news\" role=\"listitem\">\n\t\t\t<div class=\"elementor-post__card\">\n\t\t\t\t<a class=\"elementor-post__thumbnail__link\" href=\"https:\/\/sokindsport.com\/fr\/cycling-pads-for-women-guide\/\" tabindex=\"-1\" ><div class=\"elementor-post__thumbnail\"><img loading=\"lazy\" decoding=\"async\" width=\"768\" height=\"461\" src=\"https:\/\/sokindsport.com\/wp-content\/uploads\/2024\/04\/Guide-to-Cycling-Pads-for-Women-Featured-Image-768x461.jpg\" class=\"attachment-medium_large size-medium_large wp-image-2784\" alt=\"Guide des protections cyclistes pour les femmes Featured Image\" srcset=\"https:\/\/sokindsport.com\/wp-content\/uploads\/2024\/04\/Guide-to-Cycling-Pads-for-Women-Featured-Image-768x461.jpg 768w, https:\/\/sokindsport.com\/wp-content\/uploads\/2024\/04\/Guide-to-Cycling-Pads-for-Women-Featured-Image-300x180.jpg 300w, https:\/\/sokindsport.com\/wp-content\/uploads\/2024\/04\/Guide-to-Cycling-Pads-for-Women-Featured-Image-600x360.jpg 600w, https:\/\/sokindsport.com\/wp-content\/uploads\/2024\/04\/Guide-to-Cycling-Pads-for-Women-Featured-Image.jpg 1000w\" sizes=\"(max-width: 768px) 100vw, 768px\" \/><\/div><\/a>\n\t\t\t\t<div class=\"elementor-post__badge\">Actualit\u00e9s<\/div>\n\t\t\t\t<div class=\"elementor-post__text\">\n\t\t\t\t<h3 class=\"elementor-post__title\">\n\t\t\t<a href=\"https:\/\/sokindsport.com\/fr\/cycling-pads-for-women-guide\/\" >\n\t\t\t\tLe confort sur roues : Guide essentiel des protections cyclistes pour les femmes\t\t\t<\/a>\n\t\t<\/h3>\n\t\t\t\t<div class=\"elementor-post__excerpt\">\n\t\t\t<p>Pour les femmes qui aiment le v\u00e9lo, qu'il s'agisse d'une balade tranquille dans le parc ou d'une course \u00e0 pied.<\/p>\n\t\t<\/div>\n\t\t\n\t\t<a class=\"elementor-post__read-more\" href=\"https:\/\/sokindsport.com\/fr\/cycling-pads-for-women-guide\/\" aria-label=\"En savoir plus sur Comfort on Wheels : Guide essentiel des protections cyclistes pour les femmes\" tabindex=\"-1\" >\n\t\t\tLire la suite \"\t\t<\/a>\n\n\t\t\t\t<\/div>\n\t\t\t\t\t<\/div>\n\t\t<\/article>\n\t\t\t\t<\/div>\n\t\t\n\t\t\t\t<div class=\"e-load-more-anchor\" data-page=\"1\" data-max-page=\"8\" data-next-page=\"https:\/\/sokindsport.com\/fr\/wp-json\/wp\/v2\/pages\/18\/page\/2\/\"><\/div>\n\t\t\t\t<nav class=\"elementor-pagination\" aria-label=\"Pagination\">\n\t\t\t<span class=\"page-numbers prev\">\" Pr\u00e9c\u00e9dent<\/span>\n<span aria-current=\"page\" class=\"page-numbers current\"><span class=\"elementor-screen-only\">Page<\/span>1<\/span>\n<a class=\"page-numbers\" href=\"https:\/\/sokindsport.com\/fr\/wp-json\/wp\/v2\/pages\/18\/page\/2\/\"><span class=\"elementor-screen-only\">Page<\/span>2<\/a>\n<a class=\"page-numbers\" href=\"https:\/\/sokindsport.com\/fr\/wp-json\/wp\/v2\/pages\/18\/page\/3\/\"><span class=\"elementor-screen-only\">Page<\/span>3<\/a>\n<a class=\"page-numbers\" href=\"https:\/\/sokindsport.com\/fr\/wp-json\/wp\/v2\/pages\/18\/page\/4\/\"><span class=\"elementor-screen-only\">Page<\/span>4<\/a>\n<a class=\"page-numbers\" href=\"https:\/\/sokindsport.com\/fr\/wp-json\/wp\/v2\/pages\/18\/page\/5\/\"><span class=\"elementor-screen-only\">Page<\/span>5<\/a>\n<a class=\"page-numbers next\" href=\"https:\/\/sokindsport.com\/fr\/wp-json\/wp\/v2\/pages\/18\/page\/2\/\">Suivant \"<\/a>\t\t<\/nav>\n\t\t\t\t\t\t<\/div>\n\t\t\t\t<\/div>\n\t\t\t\t\t<\/div>\n\t\t<\/div>\n\t\t\t\t\t<\/div>\n\t\t<\/section>\n\t\t\t\t<\/div>","protected":false},"excerpt":{"rendered":"<p>NOUVELLES<\/p>","protected":false},"author":1,"featured_media":0,"parent":0,"menu_order":0,"comment_status":"closed","ping_status":"closed","template":"","meta":{"footnotes":""},"class_list":["post-18","page","type-page","status-publish","hentry"],"yoast_head":"<!-- This site is optimized with the Yoast SEO plugin v27.3 - https:\/\/yoast.com\/product\/yoast-seo-wordpress\/ -->\n<title>News - Sokind Cycling Pad<\/title>\n<meta name=\"robots\" content=\"index, follow, max-snippet:-1, max-image-preview:large, max-video-preview:-1\" \/>\n<link rel=\"canonical\" href=\"https:\/\/sokindsport.com\/fr\/nouvelles\/\" \/>\n<meta property=\"og:locale\" content=\"fr_FR\" \/>\n<meta property=\"og:type\" content=\"article\" \/>\n<meta property=\"og:title\" content=\"News - Sokind Cycling Pad\" \/>\n<meta property=\"og:description\" content=\"NEWS\" \/>\n<meta property=\"og:url\" content=\"https:\/\/sokindsport.com\/fr\/nouvelles\/\" \/>\n<meta property=\"og:site_name\" content=\"Sokind Cycling Pad\" \/>\n<meta property=\"article:modified_time\" content=\"2024-04-27T16:24:46+00:00\" \/>\n<meta name=\"twitter:card\" content=\"summary_large_image\" \/>\n<meta name=\"twitter:label1\" content=\"Dur\u00e9e de lecture estim\u00e9e\" \/>\n\t<meta name=\"twitter:data1\" content=\"5 minutes\" \/>\n<script type=\"application\/ld+json\" class=\"yoast-schema-graph\">{\"@context\":\"https:\\\/\\\/schema.org\",\"@graph\":[{\"@type\":\"WebPage\",\"@id\":\"https:\\\/\\\/sokindsport.com\\\/news\\\/\",\"url\":\"https:\\\/\\\/sokindsport.com\\\/news\\\/\",\"name\":\"News - Sokind Cycling Pad\",\"isPartOf\":{\"@id\":\"https:\\\/\\\/sokindsport.com\\\/#website\"},\"datePublished\":\"2022-02-22T09:33:14+00:00\",\"dateModified\":\"2024-04-27T16:24:46+00:00\",\"breadcrumb\":{\"@id\":\"https:\\\/\\\/sokindsport.com\\\/news\\\/#breadcrumb\"},\"inLanguage\":\"fr-FR\",\"potentialAction\":[{\"@type\":\"ReadAction\",\"target\":[\"https:\\\/\\\/sokindsport.com\\\/news\\\/\"]}]},{\"@type\":\"BreadcrumbList\",\"@id\":\"https:\\\/\\\/sokindsport.com\\\/news\\\/#breadcrumb\",\"itemListElement\":[{\"@type\":\"ListItem\",\"position\":1,\"name\":\"Home\",\"item\":\"https:\\\/\\\/sokindsport.com\\\/\"},{\"@type\":\"ListItem\",\"position\":2,\"name\":\"News\"}]},{\"@type\":\"WebSite\",\"@id\":\"https:\\\/\\\/sokindsport.com\\\/#website\",\"url\":\"https:\\\/\\\/sokindsport.com\\\/\",\"name\":\"Sokind Cycling Pad\",\"description\":\"Sokind Cycling Pad\",\"publisher\":{\"@id\":\"https:\\\/\\\/sokindsport.com\\\/#organization\"},\"potentialAction\":[{\"@type\":\"SearchAction\",\"target\":{\"@type\":\"EntryPoint\",\"urlTemplate\":\"https:\\\/\\\/sokindsport.com\\\/?s={search_term_string}\"},\"query-input\":{\"@type\":\"PropertyValueSpecification\",\"valueRequired\":true,\"valueName\":\"search_term_string\"}}],\"inLanguage\":\"fr-FR\"},{\"@type\":\"Organization\",\"@id\":\"https:\\\/\\\/sokindsport.com\\\/#organization\",\"name\":\"Sokind Cycling Pad\",\"url\":\"https:\\\/\\\/sokindsport.com\\\/\",\"logo\":{\"@type\":\"ImageObject\",\"inLanguage\":\"fr-FR\",\"@id\":\"https:\\\/\\\/sokindsport.com\\\/#\\\/schema\\\/logo\\\/image\\\/\",\"url\":\"https:\\\/\\\/sokindsport.com\\\/wp-content\\\/uploads\\\/2022\\\/02\\\/Sokind-Sport-Logo.png\",\"contentUrl\":\"https:\\\/\\\/sokindsport.com\\\/wp-content\\\/uploads\\\/2022\\\/02\\\/Sokind-Sport-Logo.png\",\"width\":250,\"height\":64,\"caption\":\"Sokind Cycling Pad\"},\"image\":{\"@id\":\"https:\\\/\\\/sokindsport.com\\\/#\\\/schema\\\/logo\\\/image\\\/\"}}]}<\/script>\n<!-- \/ Yoast SEO plugin. -->","yoast_head_json":{"title":"Actualit\u00e9s - Sokind Cycling Pad","robots":{"index":"index","follow":"follow","max-snippet":"max-snippet:-1","max-image-preview":"max-image-preview:large","max-video-preview":"max-video-preview:-1"},"canonical":"https:\/\/sokindsport.com\/fr\/nouvelles\/","og_locale":"fr_FR","og_type":"article","og_title":"News - Sokind Cycling Pad","og_description":"NEWS","og_url":"https:\/\/sokindsport.com\/fr\/nouvelles\/","og_site_name":"Sokind Cycling Pad","article_modified_time":"2024-04-27T16:24:46+00:00","twitter_card":"summary_large_image","twitter_misc":{"Dur\u00e9e de lecture estim\u00e9e":"5 minutes"},"schema":{"@context":"https:\/\/schema.org","@graph":[{"@type":"WebPage","@id":"https:\/\/sokindsport.com\/news\/","url":"https:\/\/sokindsport.com\/news\/","name":"Actualit\u00e9s - Sokind Cycling Pad","isPartOf":{"@id":"https:\/\/sokindsport.com\/#website"},"datePublished":"2022-02-22T09:33:14+00:00","dateModified":"2024-04-27T16:24:46+00:00","breadcrumb":{"@id":"https:\/\/sokindsport.com\/news\/#breadcrumb"},"inLanguage":"fr-FR","potentialAction":[{"@type":"ReadAction","target":["https:\/\/sokindsport.com\/news\/"]}]},{"@type":"BreadcrumbList","@id":"https:\/\/sokindsport.com\/news\/#breadcrumb","itemListElement":[{"@type":"ListItem","position":1,"name":"Home","item":"https:\/\/sokindsport.com\/"},{"@type":"ListItem","position":2,"name":"News"}]},{"@type":"WebSite","@id":"https:\/\/sokindsport.com\/#website","url":"https:\/\/sokindsport.com\/","name":"Pad de v\u00e9lo Sokind","description":"Pad de v\u00e9lo Sokind","publisher":{"@id":"https:\/\/sokindsport.com\/#organization"},"potentialAction":[{"@type":"SearchAction","target":{"@type":"EntryPoint","urlTemplate":"https:\/\/sokindsport.com\/?s={search_term_string}"},"query-input":{"@type":"PropertyValueSpecification","valueRequired":true,"valueName":"search_term_string"}}],"inLanguage":"fr-FR"},{"@type":"Organization","@id":"https:\/\/sokindsport.com\/#organization","name":"Pad de v\u00e9lo Sokind","url":"https:\/\/sokindsport.com\/","logo":{"@type":"ImageObject","inLanguage":"fr-FR","@id":"https:\/\/sokindsport.com\/#\/schema\/logo\/image\/","url":"https:\/\/sokindsport.com\/wp-content\/uploads\/2022\/02\/Sokind-Sport-Logo.png","contentUrl":"https:\/\/sokindsport.com\/wp-content\/uploads\/2022\/02\/Sokind-Sport-Logo.png","width":250,"height":64,"caption":"Sokind Cycling Pad"},"image":{"@id":"https:\/\/sokindsport.com\/#\/schema\/logo\/image\/"}}]}},"_hostinger_reach_plugin_has_subscription_block":false,"_hostinger_reach_plugin_is_elementor":false,"_links":{"self":[{"href":"https:\/\/sokindsport.com\/fr\/wp-json\/wp\/v2\/pages\/18","targetHints":{"allow":["GET"]}}],"collection":[{"href":"https:\/\/sokindsport.com\/fr\/wp-json\/wp\/v2\/pages"}],"about":[{"href":"https:\/\/sokindsport.com\/fr\/wp-json\/wp\/v2\/types\/page"}],"author":[{"embeddable":true,"href":"https:\/\/sokindsport.com\/fr\/wp-json\/wp\/v2\/users\/1"}],"replies":[{"embeddable":true,"href":"https:\/\/sokindsport.com\/fr\/wp-json\/wp\/v2\/comments?post=18"}],"version-history":[{"count":28,"href":"https:\/\/sokindsport.com\/fr\/wp-json\/wp\/v2\/pages\/18\/revisions"}],"predecessor-version":[{"id":2817,"href":"https:\/\/sokindsport.com\/fr\/wp-json\/wp\/v2\/pages\/18\/revisions\/2817"}],"wp:attachment":[{"href":"https:\/\/sokindsport.com\/fr\/wp-json\/wp\/v2\/media?parent=18"}],"curies":[{"name":"wp","href":"https:\/\/api.w.org\/{rel}","templated":true}]}}