{"id":3114,"date":"2026-04-09T09:09:19","date_gmt":"2026-04-09T09:09:19","guid":{"rendered":"https:\/\/sokindsport.com\/?post_type=product&#038;p=3114"},"modified":"2026-04-09T09:09:19","modified_gmt":"2026-04-09T09:09:19","slug":"venta-al-mayor-triathlon-pad-sk-52-mens-chamois-for-cycling","status":"publish","type":"product","link":"https:\/\/sokindsport.com\/es\/product\/wholesale-triathlon-pad-sk-52-mens-chamois-for-cycling\/","title":{"rendered":"Mayorista Badana de Triatl\u00f3n SK-52 Badana de hombre para ciclismo"},"content":{"rendered":"<p><img fetchpriority=\"high\" decoding=\"async\" class=\"alignnone size-full wp-image-3121\" src=\"https:\/\/sokindsport.com\/wp-content\/uploads\/2026\/04\/Wholesale-Triathlon-Pad-SK-52-Mens-Chamois-for-Cycling-1.jpg\" alt=\"Venta al Mayor Triatl\u00f3n Badana Sk 52 Hombre Para Ciclismo (1)\" width=\"1500\" height=\"1060\" srcset=\"https:\/\/sokindsport.com\/wp-content\/uploads\/2026\/04\/Wholesale-Triathlon-Pad-SK-52-Mens-Chamois-for-Cycling-1.jpg 1500w, https:\/\/sokindsport.com\/wp-content\/uploads\/2026\/04\/Wholesale-Triathlon-Pad-SK-52-Mens-Chamois-for-Cycling-1-768x543.jpg 768w, https:\/\/sokindsport.com\/wp-content\/uploads\/2026\/04\/Wholesale-Triathlon-Pad-SK-52-Mens-Chamois-for-Cycling-1-18x12.jpg 18w, https:\/\/sokindsport.com\/wp-content\/uploads\/2026\/04\/Wholesale-Triathlon-Pad-SK-52-Mens-Chamois-for-Cycling-1-600x424.jpg 600w\" sizes=\"(max-width: 1500px) 100vw, 1500px\" \/><\/p>\n<h2>SOKIND\u00ae SK-52: badana de triatl\u00f3n para hombre con certificaci\u00f3n OEKO-TEX\u00ae para ciclismo<\/h2>\n<h3>Optimice su l\u00ednea de ropa de triatl\u00f3n con protecci\u00f3n ultraeficiente y de secado r\u00e1pido<\/h3>\n<p>En el exigente mundo de las carreras multideporte, los atletas necesitan un equipo que funcione a la perfecci\u00f3n en nataci\u00f3n, ciclismo y carrera a pie. Como fabricante especializado en componentes atl\u00e9ticos de primera calidad, SOKIND\u00ae ha dise\u00f1ado la SK-F52 (SK-52) para que sea la badana de triatl\u00f3n definitiva. Esta badana especializada para ciclismo ofrece la amortiguaci\u00f3n crucial necesaria para la etapa de ciclismo sin a\u00f1adir volumen de retenci\u00f3n de agua que podr\u00eda obstaculizar la nataci\u00f3n o rozar durante la carrera.<\/p>\n<p>Respaldada por la certificaci\u00f3n OEKO-TEX\u00ae Standard 100, esta badana garantiza que tus trajes de triatl\u00f3n cumplen las normas internacionales m\u00e1s exigentes en materia de seguridad y rendimiento.<\/p>\n<h3>\ud83c\udf1f Caracter\u00edsticas t\u00e9cnicas avanzadas<\/h3>\n<p><strong>Perfil ultrafino espec\u00edfico para triatl\u00f3n<\/strong>: A diferencia de las voluminosas almohadillas de carretera, la SK-52 presenta un grosor m\u00e1ximo aerodin\u00e1mico de 4,0 mm. Esto proporciona un soporte p\u00e9lvico esencial en el sill\u00edn mientras permanece pr\u00e1cticamente imperceptible durante la carrera.<\/p>\n<p><strong>N\u00facleo de espuma reticulada de alta densidad<\/strong>: A pesar de su delgado perfil, la almohadilla utiliza una robusta espuma reticulada de alta densidad de 90 kg\/m\u00b3. Esta avanzada estructura de celdas abiertas proporciona una amortiguaci\u00f3n potente y de gran elasticidad para soportar f\u00e1cilmente la presi\u00f3n del pedaleo de hasta 6 horas.<\/p>\n<p><strong>Tejido de primera calidad con certificaci\u00f3n OEKO-TEX<\/strong>: La capa de contacto con la piel est\u00e1 fabricada con una mezcla de alto rendimiento de 82% de poliamida (nailon) y 18% de elastano. Est\u00e1 certificada como segura, excepcionalmente suave y altamente el\u00e1stica para moverse con el cuerpo del atleta.<\/p>\n<p><strong>Moldeado ergon\u00f3mico por zonas<\/strong>: Gracias a su avanzada tecnolog\u00eda de moldeado, el coj\u00edn se adapta perfectamente a las curvas del cuerpo masculino, lo que garantiza una distribuci\u00f3n uniforme de la presi\u00f3n y evita la aparici\u00f3n de llagas en la silla.<\/p>\n<h3>\ud83c\udfc6 Principales ventajas para sus clientes y su marca<\/h3>\n<p><strong>Transiciones multideporte sin fisuras<\/strong>: La espuma reticulada altamente ventilada y la mezcla de nailon de secado r\u00e1pido garantizan que la badana elimine el agua r\u00e1pidamente despu\u00e9s de nadar, proporcionando una experiencia seca y transpirable para el resto de la carrera.<\/p>\n<p><strong>No irrita la piel y reduce la fricci\u00f3n<\/strong>: El tejido de superficie incre\u00edblemente suave combinado con bordes c\u00f3nicos ultrafinos de 2,0 mm minimiza las rozaduras y la fricci\u00f3n, un punto de dolor cr\u00edtico para los triatletas.<\/p>\n<p><strong>Preparaci\u00f3n para el mercado mundial<\/strong>: La etiqueta OEKO-TEX\u00ae Standard 100 a\u00f1ade un valor significativo a su producto final, garantizando a sus compradores internacionales una estricta seguridad textil y una fabricaci\u00f3n respetuosa con el medio ambiente.<\/p>\n<p><strong>Atracci\u00f3n de nichos espec\u00edficos<\/strong>: Al adquirir una badana de triatl\u00f3n espec\u00edfica en lugar de una badana de ciclismo gen\u00e9rica, su marca de ropa se posiciona como experta en el mercado multideporte.<\/p>\n<h3>Mejore su producci\u00f3n de trajes triples:<\/h3>\n<p>Aseg\u00farate de que tu ropa de triatl\u00f3n ofrece un rendimiento a la altura del podio. P\u00f3ngase en contacto con el equipo de comercio exterior B2B de SOKIND\u00ae hoy mismo para solicitar muestras del SK-52, verificar nuestras certificaciones OEKO-TEX y hablar sobre la fabricaci\u00f3n OEM\/ODM al por mayor para su pr\u00f3xima colecci\u00f3n.<\/p>","protected":false},"excerpt":{"rendered":"<table>\n<tbody>\n<tr>\n<td><strong>Especificaci\u00f3n<\/strong><\/td>\n<td><strong>Detalles<\/strong><\/td>\n<\/tr>\n<tr>\n<td><strong><b>Modelo<\/b><\/strong><\/td>\n<td>SK-52<\/td>\n<\/tr>\n<tr>\n<td><strong><b>Tipo de producto<\/b><\/strong><\/td>\n<td>Badana de triatl\u00f3n \/ Badana de hombre para ciclismo<\/td>\n<\/tr>\n<tr>\n<td><strong><b>Certificaci\u00f3n<\/b><\/strong><\/td>\n<td>Norma OEKO-TEX\u00ae 100<\/td>\n<\/tr>\n<tr>\n<td><strong><b>Dimensiones<\/b><\/strong><\/td>\n<td>27 cm (largo) x 17 cm (ancho)<\/td>\n<\/tr>\n<tr>\n<td><strong><b>Perfil de espesor<\/b><\/strong><\/td>\n<td>2,0 mm (Borde) \/ 4,0 mm (Medio) \/ 4,0 mm (N\u00facleo)<\/td>\n<\/tr>\n<tr>\n<td><strong><b>Amortiguaci\u00f3n del n\u00facleo<\/b><\/strong><\/td>\n<td>Espuma reticulada de alta densidad de 90 kg\/m\u00b3<\/td>\n<\/tr>\n<tr>\n<td><strong><b>Composici\u00f3n del tejido<\/b><\/strong><\/td>\n<td>82% Poliamida, 18% Elastano<\/td>\n<\/tr>\n<tr>\n<td><strong><b>Uso recomendado<\/b><\/strong><\/td>\n<td>Triatl\u00f3n (nataci\u00f3n\/bicicleta\/carrera) \/ Hasta 6 horas<\/td>\n<\/tr>\n<\/tbody>\n<\/table>","protected":false},"featured_media":3116,"comment_status":"open","ping_status":"closed","template":"","meta":[],"product_brand":[],"product_cat":[50,51],"product_tag":[],"class_list":{"0":"post-3114","1":"product","2":"type-product","3":"status-publish","4":"has-post-thumbnail","6":"product_cat-pro-3d-pads","7":"product_cat-triathlon-pad","9":"first","10":"instock","11":"shipping-taxable","12":"product-type-simple"},"yoast_head":"<!-- This site is optimized with the Yoast SEO plugin v27.4 - https:\/\/yoast.com\/product\/yoast-seo-wordpress\/ -->\n<title>Wholesale Triathlon Pad SK-52 Men&#039;s Chamois for Cycling - Sokind Cycling Pad<\/title>\n<meta name=\"description\" content=\"Source premium triathlon pads direct from the SOKIND\u00ae factory. The SK-52 Men&#039;s Chamois for Cycling features a quick-dry 4.0mm profile and 90kg\/m\u00b3 reticulated foam. Contact for factory pricing!\" \/>\n<meta name=\"robots\" content=\"index, follow, max-snippet:-1, max-image-preview:large, max-video-preview:-1\" \/>\n<link rel=\"canonical\" href=\"https:\/\/sokindsport.com\/es\/producto\/venta-al-mayor-triathlon-pad-sk-52-mens-chamois-for-cycling\/\" \/>\n<meta property=\"og:locale\" content=\"es_ES\" \/>\n<meta property=\"og:type\" content=\"article\" \/>\n<meta property=\"og:title\" content=\"Wholesale Triathlon Pad SK-52 Men&#039;s Chamois for Cycling - Sokind Cycling Pad\" \/>\n<meta property=\"og:description\" content=\"Source premium triathlon pads direct from the SOKIND\u00ae factory. The SK-52 Men&#039;s Chamois for Cycling features a quick-dry 4.0mm profile and 90kg\/m\u00b3 reticulated foam. Contact for factory pricing!\" \/>\n<meta property=\"og:url\" content=\"https:\/\/sokindsport.com\/es\/producto\/venta-al-mayor-triathlon-pad-sk-52-mens-chamois-for-cycling\/\" \/>\n<meta property=\"og:site_name\" content=\"Sokind Cycling Pad\" \/>\n<meta property=\"og:image\" content=\"https:\/\/sokindsport.com\/wp-content\/uploads\/2026\/04\/Wholesale-Triathlon-Pad-SK-52-Mens-Chamois-for-Cycling-2.jpg\" \/>\n\t<meta property=\"og:image:width\" content=\"800\" \/>\n\t<meta property=\"og:image:height\" content=\"800\" \/>\n\t<meta property=\"og:image:type\" content=\"image\/jpeg\" \/>\n<meta name=\"twitter:card\" content=\"summary_large_image\" \/>\n<meta name=\"twitter:label1\" content=\"Tiempo de lectura\" \/>\n\t<meta name=\"twitter:data1\" content=\"3 minutos\" \/>\n<script type=\"application\/ld+json\" class=\"yoast-schema-graph\">{\"@context\":\"https:\\\/\\\/schema.org\",\"@graph\":[{\"@type\":\"WebPage\",\"@id\":\"https:\\\/\\\/sokindsport.com\\\/product\\\/wholesale-triathlon-pad-sk-52-mens-chamois-for-cycling\\\/\",\"url\":\"https:\\\/\\\/sokindsport.com\\\/product\\\/wholesale-triathlon-pad-sk-52-mens-chamois-for-cycling\\\/\",\"name\":\"Wholesale Triathlon Pad SK-52 Men's Chamois for Cycling - Sokind Cycling Pad\",\"isPartOf\":{\"@id\":\"https:\\\/\\\/sokindsport.com\\\/#website\"},\"primaryImageOfPage\":{\"@id\":\"https:\\\/\\\/sokindsport.com\\\/product\\\/wholesale-triathlon-pad-sk-52-mens-chamois-for-cycling\\\/#primaryimage\"},\"image\":{\"@id\":\"https:\\\/\\\/sokindsport.com\\\/product\\\/wholesale-triathlon-pad-sk-52-mens-chamois-for-cycling\\\/#primaryimage\"},\"thumbnailUrl\":\"https:\\\/\\\/sokindsport.com\\\/wp-content\\\/uploads\\\/2026\\\/04\\\/Wholesale-Triathlon-Pad-SK-52-Mens-Chamois-for-Cycling-2.jpg\",\"datePublished\":\"2026-04-09T09:09:19+00:00\",\"description\":\"Source premium triathlon pads direct from the SOKIND\u00ae factory. The SK-52 Men's Chamois for Cycling features a quick-dry 4.0mm profile and 90kg\\\/m\u00b3 reticulated foam. Contact for factory pricing!\",\"breadcrumb\":{\"@id\":\"https:\\\/\\\/sokindsport.com\\\/product\\\/wholesale-triathlon-pad-sk-52-mens-chamois-for-cycling\\\/#breadcrumb\"},\"inLanguage\":\"es\",\"potentialAction\":[{\"@type\":\"ReadAction\",\"target\":[\"https:\\\/\\\/sokindsport.com\\\/product\\\/wholesale-triathlon-pad-sk-52-mens-chamois-for-cycling\\\/\"]}]},{\"@type\":\"ImageObject\",\"inLanguage\":\"es\",\"@id\":\"https:\\\/\\\/sokindsport.com\\\/product\\\/wholesale-triathlon-pad-sk-52-mens-chamois-for-cycling\\\/#primaryimage\",\"url\":\"https:\\\/\\\/sokindsport.com\\\/wp-content\\\/uploads\\\/2026\\\/04\\\/Wholesale-Triathlon-Pad-SK-52-Mens-Chamois-for-Cycling-2.jpg\",\"contentUrl\":\"https:\\\/\\\/sokindsport.com\\\/wp-content\\\/uploads\\\/2026\\\/04\\\/Wholesale-Triathlon-Pad-SK-52-Mens-Chamois-for-Cycling-2.jpg\",\"width\":800,\"height\":800,\"caption\":\"Wholesale Triathlon Pad Sk 52 Men's Chamois For Cycling (2)\"},{\"@type\":\"BreadcrumbList\",\"@id\":\"https:\\\/\\\/sokindsport.com\\\/product\\\/wholesale-triathlon-pad-sk-52-mens-chamois-for-cycling\\\/#breadcrumb\",\"itemListElement\":[{\"@type\":\"ListItem\",\"position\":1,\"name\":\"Home\",\"item\":\"https:\\\/\\\/sokindsport.com\\\/\"},{\"@type\":\"ListItem\",\"position\":2,\"name\":\"\u5546\u5e97\",\"item\":\"https:\\\/\\\/sokindsport.com\\\/shop\\\/\"},{\"@type\":\"ListItem\",\"position\":3,\"name\":\"Wholesale Triathlon Pad SK-52 Men&#8217;s Chamois for Cycling\"}]},{\"@type\":\"WebSite\",\"@id\":\"https:\\\/\\\/sokindsport.com\\\/#website\",\"url\":\"https:\\\/\\\/sokindsport.com\\\/\",\"name\":\"Sokind Cycling Pad\",\"description\":\"Sokind Cycling Pad\",\"publisher\":{\"@id\":\"https:\\\/\\\/sokindsport.com\\\/#organization\"},\"potentialAction\":[{\"@type\":\"SearchAction\",\"target\":{\"@type\":\"EntryPoint\",\"urlTemplate\":\"https:\\\/\\\/sokindsport.com\\\/?s={search_term_string}\"},\"query-input\":{\"@type\":\"PropertyValueSpecification\",\"valueRequired\":true,\"valueName\":\"search_term_string\"}}],\"inLanguage\":\"es\"},{\"@type\":\"Organization\",\"@id\":\"https:\\\/\\\/sokindsport.com\\\/#organization\",\"name\":\"Sokind Cycling Pad\",\"url\":\"https:\\\/\\\/sokindsport.com\\\/\",\"logo\":{\"@type\":\"ImageObject\",\"inLanguage\":\"es\",\"@id\":\"https:\\\/\\\/sokindsport.com\\\/#\\\/schema\\\/logo\\\/image\\\/\",\"url\":\"https:\\\/\\\/sokindsport.com\\\/wp-content\\\/uploads\\\/2022\\\/02\\\/Sokind-Sport-Logo.png\",\"contentUrl\":\"https:\\\/\\\/sokindsport.com\\\/wp-content\\\/uploads\\\/2022\\\/02\\\/Sokind-Sport-Logo.png\",\"width\":250,\"height\":64,\"caption\":\"Sokind Cycling Pad\"},\"image\":{\"@id\":\"https:\\\/\\\/sokindsport.com\\\/#\\\/schema\\\/logo\\\/image\\\/\"}}]}<\/script>\n<!-- \/ Yoast SEO plugin. -->","yoast_head_json":{"title":"Mayorista Badana Triatl\u00f3n SK-52 Badana para hombre para ciclismo - Sokind Cycling Pad","description":"Obt\u00e9n badanas de triatl\u00f3n de primera calidad directamente de la f\u00e1brica SOKIND\u00ae. La badana SK-52 para hombre para ciclismo presenta un perfil de 4,0 mm de secado r\u00e1pido y espuma reticulada de 90 kg\/m\u00b3. Contacte con nosotros para precios de f\u00e1brica.","robots":{"index":"index","follow":"follow","max-snippet":"max-snippet:-1","max-image-preview":"max-image-preview:large","max-video-preview":"max-video-preview:-1"},"canonical":"https:\/\/sokindsport.com\/es\/producto\/venta-al-mayor-triathlon-pad-sk-52-mens-chamois-for-cycling\/","og_locale":"es_ES","og_type":"article","og_title":"Wholesale Triathlon Pad SK-52 Men's Chamois for Cycling - Sokind Cycling Pad","og_description":"Source premium triathlon pads direct from the SOKIND\u00ae factory. The SK-52 Men's Chamois for Cycling features a quick-dry 4.0mm profile and 90kg\/m\u00b3 reticulated foam. Contact for factory pricing!","og_url":"https:\/\/sokindsport.com\/es\/producto\/venta-al-mayor-triathlon-pad-sk-52-mens-chamois-for-cycling\/","og_site_name":"Sokind Cycling Pad","og_image":[{"width":800,"height":800,"url":"https:\/\/sokindsport.com\/wp-content\/uploads\/2026\/04\/Wholesale-Triathlon-Pad-SK-52-Mens-Chamois-for-Cycling-2.jpg","type":"image\/jpeg"}],"twitter_card":"summary_large_image","twitter_misc":{"Tiempo de lectura":"3 minutos"},"schema":{"@context":"https:\/\/schema.org","@graph":[{"@type":"WebPage","@id":"https:\/\/sokindsport.com\/product\/wholesale-triathlon-pad-sk-52-mens-chamois-for-cycling\/","url":"https:\/\/sokindsport.com\/product\/wholesale-triathlon-pad-sk-52-mens-chamois-for-cycling\/","name":"Mayorista Badana Triatl\u00f3n SK-52 Badana para hombre para ciclismo - Sokind Cycling Pad","isPartOf":{"@id":"https:\/\/sokindsport.com\/#website"},"primaryImageOfPage":{"@id":"https:\/\/sokindsport.com\/product\/wholesale-triathlon-pad-sk-52-mens-chamois-for-cycling\/#primaryimage"},"image":{"@id":"https:\/\/sokindsport.com\/product\/wholesale-triathlon-pad-sk-52-mens-chamois-for-cycling\/#primaryimage"},"thumbnailUrl":"https:\/\/sokindsport.com\/wp-content\/uploads\/2026\/04\/Wholesale-Triathlon-Pad-SK-52-Mens-Chamois-for-Cycling-2.jpg","datePublished":"2026-04-09T09:09:19+00:00","description":"Obt\u00e9n badanas de triatl\u00f3n de primera calidad directamente de la f\u00e1brica SOKIND\u00ae. La badana SK-52 para hombre para ciclismo presenta un perfil de 4,0 mm de secado r\u00e1pido y espuma reticulada de 90 kg\/m\u00b3. Contacte con nosotros para precios de f\u00e1brica.","breadcrumb":{"@id":"https:\/\/sokindsport.com\/product\/wholesale-triathlon-pad-sk-52-mens-chamois-for-cycling\/#breadcrumb"},"inLanguage":"es","potentialAction":[{"@type":"ReadAction","target":["https:\/\/sokindsport.com\/product\/wholesale-triathlon-pad-sk-52-mens-chamois-for-cycling\/"]}]},{"@type":"ImageObject","inLanguage":"es","@id":"https:\/\/sokindsport.com\/product\/wholesale-triathlon-pad-sk-52-mens-chamois-for-cycling\/#primaryimage","url":"https:\/\/sokindsport.com\/wp-content\/uploads\/2026\/04\/Wholesale-Triathlon-Pad-SK-52-Mens-Chamois-for-Cycling-2.jpg","contentUrl":"https:\/\/sokindsport.com\/wp-content\/uploads\/2026\/04\/Wholesale-Triathlon-Pad-SK-52-Mens-Chamois-for-Cycling-2.jpg","width":800,"height":800,"caption":"Wholesale Triathlon Pad Sk 52 Men's Chamois For Cycling (2)"},{"@type":"BreadcrumbList","@id":"https:\/\/sokindsport.com\/product\/wholesale-triathlon-pad-sk-52-mens-chamois-for-cycling\/#breadcrumb","itemListElement":[{"@type":"ListItem","position":1,"name":"Home","item":"https:\/\/sokindsport.com\/"},{"@type":"ListItem","position":2,"name":"\u5546\u5e97","item":"https:\/\/sokindsport.com\/shop\/"},{"@type":"ListItem","position":3,"name":"Wholesale Triathlon Pad SK-52 Men&#8217;s Chamois for Cycling"}]},{"@type":"WebSite","@id":"https:\/\/sokindsport.com\/#website","url":"https:\/\/sokindsport.com\/","name":"Coj\u00edn de ciclismo Sokind","description":"Coj\u00edn de ciclismo Sokind","publisher":{"@id":"https:\/\/sokindsport.com\/#organization"},"potentialAction":[{"@type":"SearchAction","target":{"@type":"EntryPoint","urlTemplate":"https:\/\/sokindsport.com\/?s={search_term_string}"},"query-input":{"@type":"PropertyValueSpecification","valueRequired":true,"valueName":"search_term_string"}}],"inLanguage":"es"},{"@type":"Organization","@id":"https:\/\/sokindsport.com\/#organization","name":"Coj\u00edn de ciclismo Sokind","url":"https:\/\/sokindsport.com\/","logo":{"@type":"ImageObject","inLanguage":"es","@id":"https:\/\/sokindsport.com\/#\/schema\/logo\/image\/","url":"https:\/\/sokindsport.com\/wp-content\/uploads\/2022\/02\/Sokind-Sport-Logo.png","contentUrl":"https:\/\/sokindsport.com\/wp-content\/uploads\/2022\/02\/Sokind-Sport-Logo.png","width":250,"height":64,"caption":"Sokind Cycling Pad"},"image":{"@id":"https:\/\/sokindsport.com\/#\/schema\/logo\/image\/"}}]}},"_links":{"self":[{"href":"https:\/\/sokindsport.com\/es\/wp-json\/wp\/v2\/product\/3114","targetHints":{"allow":["GET"]}}],"collection":[{"href":"https:\/\/sokindsport.com\/es\/wp-json\/wp\/v2\/product"}],"about":[{"href":"https:\/\/sokindsport.com\/es\/wp-json\/wp\/v2\/types\/product"}],"replies":[{"embeddable":true,"href":"https:\/\/sokindsport.com\/es\/wp-json\/wp\/v2\/comments?post=3114"}],"version-history":[{"count":1,"href":"https:\/\/sokindsport.com\/es\/wp-json\/wp\/v2\/product\/3114\/revisions"}],"predecessor-version":[{"id":3122,"href":"https:\/\/sokindsport.com\/es\/wp-json\/wp\/v2\/product\/3114\/revisions\/3122"}],"wp:featuredmedia":[{"embeddable":true,"href":"https:\/\/sokindsport.com\/es\/wp-json\/wp\/v2\/media\/3116"}],"wp:attachment":[{"href":"https:\/\/sokindsport.com\/es\/wp-json\/wp\/v2\/media?parent=3114"}],"wp:term":[{"taxonomy":"product_brand","embeddable":true,"href":"https:\/\/sokindsport.com\/es\/wp-json\/wp\/v2\/product_brand?post=3114"},{"taxonomy":"product_cat","embeddable":true,"href":"https:\/\/sokindsport.com\/es\/wp-json\/wp\/v2\/product_cat?post=3114"},{"taxonomy":"product_tag","embeddable":true,"href":"https:\/\/sokindsport.com\/es\/wp-json\/wp\/v2\/product_tag?post=3114"}],"curies":[{"name":"wp","href":"https:\/\/api.w.org\/{rel}","templated":true}]}}