{"id":3104,"date":"2026-04-01T10:10:11","date_gmt":"2026-04-01T10:10:11","guid":{"rendered":"https:\/\/sokindsport.com\/?post_type=product&#038;p=3104"},"modified":"2026-04-01T11:24:42","modified_gmt":"2026-04-01T11:24:42","slug":"mayorista-badana-ciclismo-sk-f35-fabricante-de-badana-ciclismo","status":"publish","type":"product","link":"https:\/\/sokindsport.com\/es\/product\/wholesale-mens-cycling-chamois-sk-f35-cycling-pad-manufacturer\/","title":{"rendered":"Fabricante al por mayor de badanas de ciclismo SK-F35 para hombres"},"content":{"rendered":"<p><img fetchpriority=\"high\" decoding=\"async\" class=\"alignnone size-full wp-image-3111\" src=\"https:\/\/sokindsport.com\/wp-content\/uploads\/2026\/04\/Wholesale-Mens-Cycling-Chamois-SK-F35-Cycling-Pad-Manufacturer-7-scaled.jpg\" alt=\"Fabricante al por mayor de badanas Sk F35 para ciclismo (7)\" width=\"2560\" height=\"1810\" srcset=\"https:\/\/sokindsport.com\/wp-content\/uploads\/2026\/04\/Wholesale-Mens-Cycling-Chamois-SK-F35-Cycling-Pad-Manufacturer-7-scaled.jpg 2560w, https:\/\/sokindsport.com\/wp-content\/uploads\/2026\/04\/Wholesale-Mens-Cycling-Chamois-SK-F35-Cycling-Pad-Manufacturer-7-768x543.jpg 768w, https:\/\/sokindsport.com\/wp-content\/uploads\/2026\/04\/Wholesale-Mens-Cycling-Chamois-SK-F35-Cycling-Pad-Manufacturer-7-1536x1086.jpg 1536w, https:\/\/sokindsport.com\/wp-content\/uploads\/2026\/04\/Wholesale-Mens-Cycling-Chamois-SK-F35-Cycling-Pad-Manufacturer-7-2048x1448.jpg 2048w, https:\/\/sokindsport.com\/wp-content\/uploads\/2026\/04\/Wholesale-Mens-Cycling-Chamois-SK-F35-Cycling-Pad-Manufacturer-7-18x12.jpg 18w, https:\/\/sokindsport.com\/wp-content\/uploads\/2026\/04\/Wholesale-Mens-Cycling-Chamois-SK-F35-Cycling-Pad-Manufacturer-7-600x424.jpg 600w\" sizes=\"(max-width: 2560px) 100vw, 2560px\" \/><\/p>\n<h2>SOKIND\u00ae SK-F35: badana ciclista para hombre con grafeno impreso en 3D de alta calidad<\/h2>\n<h3>Introduzca una nueva dimensi\u00f3n de comodidad ciclista en su l\u00ednea de ropa<\/h3>\n<p>Como fabricante l\u00edder de componentes avanzados para ciclismo, sabemos que el secreto de los culottes y tirantes de ciclismo m\u00e1s vendidos reside en el acolchado del n\u00facleo. La badana SOKIND\u00ae SK-F35 Men's Cycling Chamois est\u00e1 dise\u00f1ada para ofrecer la mejor experiencia de conducci\u00f3n. Combinando una revolucionaria estructura interior impresa en 3D con el vanguardista tejido de control de temperatura VG+Graphene, esta badana ofrece a tus clientes un alivio din\u00e1mico de la presi\u00f3n y un rendimiento sin fricciones para salidas de resistencia de m\u00e1s de 6 horas.<\/p>\n<h3>\ud83c\udf1f Innovaci\u00f3n t\u00e9cnica avanzada (construcci\u00f3n de 4 capas)<\/h3>\n<p>Tejido de control de la temperatura VG+Grafeno: La capa superior presenta una innovadora mezcla altamente el\u00e1stica de 69% de poliamida (nailon), 16% de elastano y 15% de grafeno. Esta superficie de primera calidad ofrece una regulaci\u00f3n t\u00e9rmica excepcional, propiedades antiest\u00e1ticas y resistencia natural a los olores antibacterianos.<\/p>\n<p>Espuma reticulada de 60 kg\/m\u00b3: Una capa de espuma de alta densidad muy transpirable que proporciona un soporte duradero a la base sin atrapar el calor.<\/p>\n<p>Inserto impreso en 3D con textura en espiral: El revolucionario n\u00facleo del SK-F35. Esta estructura impresa en 3D ofrece una amortiguaci\u00f3n precisa y espec\u00edfica en las tuberosidades isqui\u00e1ticas (huesos de la sentadilla), al tiempo que mantiene un perfil significativamente m\u00e1s ligero y transpirable que las espumas tradicionales de alta densidad.<\/p>\n<p>Tejido Sandwich que absorbe la humedad: La capa base maximiza el flujo de aire, asegurando que la badana se seque r\u00e1pidamente y aleje activamente el sudor del cuerpo.<\/p>\n<h3>\ud83c\udfc6 Principales ventajas para sus clientes y su marca<\/h3>\n<p>Conducci\u00f3n de larga distancia sin miedo: Con un robusto n\u00facleo de 15,0 mm de grosor, el SK-F35 absorbe las duras vibraciones de la carretera, garantizando una conducci\u00f3n c\u00f3moda y sin fatiga, incluso tras largas horas sobre el sill\u00edn.<\/p>\n<p>Cero fricci\u00f3n, cero rozaduras: Utilizando la avanzada tecnolog\u00eda de corte y moldeado estereosc\u00f3pico en 3D, la almohadilla se adapta perfectamente a las curvas ergon\u00f3micas masculinas. Los bordes ultrafinos sin costuras de 4,0 mm se integran de forma invisible en las prendas, lo que permite a los ciclistas centrarse en cada pedalada con confianza.<\/p>\n<p>Climatizaci\u00f3n avanzada: Desp\u00eddete de la congesti\u00f3n. El dise\u00f1o de ventilaci\u00f3n perforada, combinado con la textura transpirable del tejido y el n\u00facleo 3D, garantiza una r\u00e1pida evacuaci\u00f3n del sudor y un secado r\u00e1pido en condiciones calurosas.<\/p>\n<p>Eleve su cat\u00e1logo de productos: Equipar su culotte con tecnolog\u00edas de impresi\u00f3n en 3D y grafeno posiciona su marca en el mercado premium de alto rendimiento, lo que permite mayores m\u00e1rgenes de venta al por menor y una mayor satisfacci\u00f3n del cliente.<\/p>\n<h2>As\u00f3ciate con la Fuente:<\/h2>\n<p>Aseg\u00farese una cadena de suministro fiable y de gama alta para su marca. P\u00f3ngase en contacto hoy mismo con nuestro equipo de comercio exterior para solicitar muestras f\u00edsicas de la SK-F35, hablar de precios al por mayor y explorar la integraci\u00f3n OEM para su pr\u00f3xima colecci\u00f3n de ropa.<\/p>\n<p><img decoding=\"async\" class=\"alignnone size-full wp-image-3029\" src=\"https:\/\/sokindsport.com\/wp-content\/uploads\/2026\/04\/Mens-Cycling-Pads-Manufacturer-1.jpg\" alt=\"Mens Cycling Pads Fabricante (1)\" width=\"790\" height=\"1515\" srcset=\"https:\/\/sokindsport.com\/wp-content\/uploads\/2026\/04\/Mens-Cycling-Pads-Manufacturer-1.jpg 790w, https:\/\/sokindsport.com\/wp-content\/uploads\/2026\/04\/Mens-Cycling-Pads-Manufacturer-1-768x1473.jpg 768w, https:\/\/sokindsport.com\/wp-content\/uploads\/2026\/04\/Mens-Cycling-Pads-Manufacturer-1-6x12.jpg 6w, https:\/\/sokindsport.com\/wp-content\/uploads\/2026\/04\/Mens-Cycling-Pads-Manufacturer-1-600x1151.jpg 600w\" sizes=\"(max-width: 790px) 100vw, 790px\" \/> <img decoding=\"async\" class=\"alignnone size-full wp-image-3030\" src=\"https:\/\/sokindsport.com\/wp-content\/uploads\/2026\/04\/Mens-Cycling-Pads-Manufacturer-2.jpg\" alt=\"Mens Cycling Pads Fabricantes (2)\" width=\"790\" height=\"799\" srcset=\"https:\/\/sokindsport.com\/wp-content\/uploads\/2026\/04\/Mens-Cycling-Pads-Manufacturer-2.jpg 790w, https:\/\/sokindsport.com\/wp-content\/uploads\/2026\/04\/Mens-Cycling-Pads-Manufacturer-2-768x777.jpg 768w, https:\/\/sokindsport.com\/wp-content\/uploads\/2026\/04\/Mens-Cycling-Pads-Manufacturer-2-12x12.jpg 12w, https:\/\/sokindsport.com\/wp-content\/uploads\/2026\/04\/Mens-Cycling-Pads-Manufacturer-2-600x607.jpg 600w, https:\/\/sokindsport.com\/wp-content\/uploads\/2026\/04\/Mens-Cycling-Pads-Manufacturer-2-100x100.jpg 100w\" sizes=\"(max-width: 790px) 100vw, 790px\" \/> <img loading=\"lazy\" decoding=\"async\" class=\"alignnone size-full wp-image-3031\" src=\"https:\/\/sokindsport.com\/wp-content\/uploads\/2026\/04\/Mens-Cycling-Pads-Manufacturer-3.jpg\" alt=\"Mens Cycling Pads Fabricantes (3)\" width=\"790\" height=\"675\" srcset=\"https:\/\/sokindsport.com\/wp-content\/uploads\/2026\/04\/Mens-Cycling-Pads-Manufacturer-3.jpg 790w, https:\/\/sokindsport.com\/wp-content\/uploads\/2026\/04\/Mens-Cycling-Pads-Manufacturer-3-768x656.jpg 768w, https:\/\/sokindsport.com\/wp-content\/uploads\/2026\/04\/Mens-Cycling-Pads-Manufacturer-3-14x12.jpg 14w, https:\/\/sokindsport.com\/wp-content\/uploads\/2026\/04\/Mens-Cycling-Pads-Manufacturer-3-600x513.jpg 600w\" sizes=\"(max-width: 790px) 100vw, 790px\" \/> <img loading=\"lazy\" decoding=\"async\" class=\"alignnone size-full wp-image-3032\" src=\"https:\/\/sokindsport.com\/wp-content\/uploads\/2026\/04\/Mens-Cycling-Pads-Manufacturer-4.jpg\" alt=\"Mens Cycling Pads Fabricantes (4)\" width=\"790\" height=\"1076\" srcset=\"https:\/\/sokindsport.com\/wp-content\/uploads\/2026\/04\/Mens-Cycling-Pads-Manufacturer-4.jpg 790w, https:\/\/sokindsport.com\/wp-content\/uploads\/2026\/04\/Mens-Cycling-Pads-Manufacturer-4-768x1046.jpg 768w, https:\/\/sokindsport.com\/wp-content\/uploads\/2026\/04\/Mens-Cycling-Pads-Manufacturer-4-9x12.jpg 9w, https:\/\/sokindsport.com\/wp-content\/uploads\/2026\/04\/Mens-Cycling-Pads-Manufacturer-4-600x817.jpg 600w\" sizes=\"(max-width: 790px) 100vw, 790px\" \/> <img loading=\"lazy\" decoding=\"async\" class=\"alignnone size-full wp-image-3033\" src=\"https:\/\/sokindsport.com\/wp-content\/uploads\/2026\/04\/Mens-Cycling-Pads-Manufacturer-5.jpg\" alt=\"Mens Cycling Pads Fabricantes (5)\" width=\"790\" height=\"1341\" srcset=\"https:\/\/sokindsport.com\/wp-content\/uploads\/2026\/04\/Mens-Cycling-Pads-Manufacturer-5.jpg 790w, https:\/\/sokindsport.com\/wp-content\/uploads\/2026\/04\/Mens-Cycling-Pads-Manufacturer-5-768x1304.jpg 768w, https:\/\/sokindsport.com\/wp-content\/uploads\/2026\/04\/Mens-Cycling-Pads-Manufacturer-5-7x12.jpg 7w, https:\/\/sokindsport.com\/wp-content\/uploads\/2026\/04\/Mens-Cycling-Pads-Manufacturer-5-600x1018.jpg 600w\" sizes=\"(max-width: 790px) 100vw, 790px\" \/> <img loading=\"lazy\" decoding=\"async\" class=\"alignnone size-full wp-image-3034\" src=\"https:\/\/sokindsport.com\/wp-content\/uploads\/2026\/04\/Mens-Cycling-Pads-Manufacturer-6.jpg\" alt=\"Mens Cycling Pads Fabricantes (6)\" width=\"790\" height=\"1001\" srcset=\"https:\/\/sokindsport.com\/wp-content\/uploads\/2026\/04\/Mens-Cycling-Pads-Manufacturer-6.jpg 790w, https:\/\/sokindsport.com\/wp-content\/uploads\/2026\/04\/Mens-Cycling-Pads-Manufacturer-6-768x973.jpg 768w, https:\/\/sokindsport.com\/wp-content\/uploads\/2026\/04\/Mens-Cycling-Pads-Manufacturer-6-9x12.jpg 9w, https:\/\/sokindsport.com\/wp-content\/uploads\/2026\/04\/Mens-Cycling-Pads-Manufacturer-6-600x760.jpg 600w\" sizes=\"(max-width: 790px) 100vw, 790px\" \/> <img loading=\"lazy\" decoding=\"async\" class=\"alignnone size-full wp-image-3035\" src=\"https:\/\/sokindsport.com\/wp-content\/uploads\/2026\/04\/Mens-Cycling-Pads-Manufacturer-7.jpg\" alt=\"Protectores ciclismo hombre Fabricantes (7)\" width=\"790\" height=\"1571\" srcset=\"https:\/\/sokindsport.com\/wp-content\/uploads\/2026\/04\/Mens-Cycling-Pads-Manufacturer-7.jpg 790w, https:\/\/sokindsport.com\/wp-content\/uploads\/2026\/04\/Mens-Cycling-Pads-Manufacturer-7-768x1527.jpg 768w, https:\/\/sokindsport.com\/wp-content\/uploads\/2026\/04\/Mens-Cycling-Pads-Manufacturer-7-772x1536.jpg 772w, https:\/\/sokindsport.com\/wp-content\/uploads\/2026\/04\/Mens-Cycling-Pads-Manufacturer-7-6x12.jpg 6w, https:\/\/sokindsport.com\/wp-content\/uploads\/2026\/04\/Mens-Cycling-Pads-Manufacturer-7-600x1193.jpg 600w\" sizes=\"(max-width: 790px) 100vw, 790px\" \/> <img loading=\"lazy\" decoding=\"async\" class=\"alignnone size-full wp-image-3036\" src=\"https:\/\/sokindsport.com\/wp-content\/uploads\/2026\/04\/Mens-Cycling-Pads-Manufacturer-8.jpg\" alt=\"Protectores ciclismo hombre Fabricantes (8)\" width=\"790\" height=\"801\" srcset=\"https:\/\/sokindsport.com\/wp-content\/uploads\/2026\/04\/Mens-Cycling-Pads-Manufacturer-8.jpg 790w, https:\/\/sokindsport.com\/wp-content\/uploads\/2026\/04\/Mens-Cycling-Pads-Manufacturer-8-768x779.jpg 768w, https:\/\/sokindsport.com\/wp-content\/uploads\/2026\/04\/Mens-Cycling-Pads-Manufacturer-8-12x12.jpg 12w, https:\/\/sokindsport.com\/wp-content\/uploads\/2026\/04\/Mens-Cycling-Pads-Manufacturer-8-600x608.jpg 600w, https:\/\/sokindsport.com\/wp-content\/uploads\/2026\/04\/Mens-Cycling-Pads-Manufacturer-8-100x100.jpg 100w\" sizes=\"(max-width: 790px) 100vw, 790px\" \/> <img loading=\"lazy\" decoding=\"async\" class=\"alignnone size-full wp-image-3037\" src=\"https:\/\/sokindsport.com\/wp-content\/uploads\/2026\/04\/Mens-Cycling-Pads-Manufacturer-9.jpg\" alt=\"Protectores ciclismo hombre Fabricantes (9)\" width=\"790\" height=\"1269\" srcset=\"https:\/\/sokindsport.com\/wp-content\/uploads\/2026\/04\/Mens-Cycling-Pads-Manufacturer-9.jpg 790w, https:\/\/sokindsport.com\/wp-content\/uploads\/2026\/04\/Mens-Cycling-Pads-Manufacturer-9-768x1234.jpg 768w, https:\/\/sokindsport.com\/wp-content\/uploads\/2026\/04\/Mens-Cycling-Pads-Manufacturer-9-7x12.jpg 7w, https:\/\/sokindsport.com\/wp-content\/uploads\/2026\/04\/Mens-Cycling-Pads-Manufacturer-9-600x964.jpg 600w\" sizes=\"(max-width: 790px) 100vw, 790px\" \/><\/p>","protected":false},"excerpt":{"rendered":"<table>\n<tbody>\n<tr>\n<td><strong>Especificaci\u00f3n<\/strong><\/td>\n<td><strong>Detalles<\/strong><\/td>\n<\/tr>\n<tr>\n<td><strong><b>Modelo<\/b><\/strong><\/td>\n<td>SK-F34<\/td>\n<\/tr>\n<tr>\n<td><strong><b>Tipo de producto<\/b><\/strong><\/td>\n<td>Badana para mujeres ciclistas<\/td>\n<\/tr>\n<tr>\n<td><strong><b>Dimensiones<\/b><\/strong><\/td>\n<td>32 cm (largo) x 23 cm (ancho)<\/td>\n<\/tr>\n<tr>\n<td><strong><b>Perfil de espesor<\/b><\/strong><\/td>\n<td>4,0 mm (borde) \/ 15,0 mm (n\u00facleo medio y trasero)<\/td>\n<\/tr>\n<tr>\n<td><strong><b>Materiales b\u00e1sicos<\/b><\/strong><\/td>\n<td>Espuma reticulada de 60 kg\/m\u00b3 + inserto impreso en 3D<\/td>\n<\/tr>\n<tr>\n<td><strong><b>Composici\u00f3n del tejido<\/b><\/strong><\/td>\n<td>69% Poliamida, 16% Elastano, 15% Grafeno<\/td>\n<\/tr>\n<tr>\n<td><strong><b>Duraci\u00f3n adecuada<\/b><\/strong><\/td>\n<td>De 6 horas a todo el d\u00eda<\/td>\n<\/tr>\n<\/tbody>\n<\/table>","protected":false},"featured_media":3105,"comment_status":"open","ping_status":"closed","template":"","meta":[],"product_brand":[],"product_cat":[50],"product_tag":[],"class_list":{"0":"post-3104","1":"product","2":"type-product","3":"status-publish","4":"has-post-thumbnail","6":"product_cat-pro-3d-pads","8":"first","9":"instock","10":"shipping-taxable","11":"product-type-simple"},"yoast_head":"<!-- This site is optimized with the Yoast SEO plugin v27.6 - https:\/\/yoast.com\/product\/yoast-seo-wordpress\/ -->\n<title>Wholesale Chamois Pad SK-F34 for Female Cyclists<\/title>\n<meta name=\"description\" content=\"Source premium women&#039;s cycling pads direct from the factory. The SK-F34 offers 3D precision cutting, quick-dry graphene fabric, and all-day shock absorption. Contact for bulk pricing!\" \/>\n<meta name=\"robots\" content=\"index, follow, max-snippet:-1, max-image-preview:large, max-video-preview:-1\" \/>\n<link rel=\"canonical\" href=\"https:\/\/sokindsport.com\/es\/producto\/mayorista-badana-ciclismo-sk-f35-fabricante-de-badana-ciclismo\/\" \/>\n<meta property=\"og:locale\" content=\"es_ES\" \/>\n<meta property=\"og:type\" content=\"article\" \/>\n<meta property=\"og:title\" content=\"Wholesale Chamois Pad SK-F34 for Female Cyclists\" \/>\n<meta property=\"og:description\" content=\"Source premium women&#039;s cycling pads direct from the factory. The SK-F34 offers 3D precision cutting, quick-dry graphene fabric, and all-day shock absorption. Contact for bulk pricing!\" \/>\n<meta property=\"og:url\" content=\"https:\/\/sokindsport.com\/es\/producto\/mayorista-badana-ciclismo-sk-f35-fabricante-de-badana-ciclismo\/\" \/>\n<meta property=\"og:site_name\" content=\"Sokind Cycling Pad\" \/>\n<meta property=\"article:modified_time\" content=\"2026-04-01T11:24:42+00:00\" \/>\n<meta property=\"og:image\" content=\"https:\/\/sokindsport.com\/wp-content\/uploads\/2026\/04\/Wholesale-Mens-Cycling-Chamois-SK-F35-Cycling-Pad-Manufacturer-1.jpg\" \/>\n\t<meta property=\"og:image:width\" content=\"800\" \/>\n\t<meta property=\"og:image:height\" content=\"800\" \/>\n\t<meta property=\"og:image:type\" content=\"image\/jpeg\" \/>\n<meta name=\"twitter:card\" content=\"summary_large_image\" \/>\n<meta name=\"twitter:label1\" content=\"Tiempo de lectura\" \/>\n\t<meta name=\"twitter:data1\" content=\"4 minutos\" \/>\n<script type=\"application\/ld+json\" class=\"yoast-schema-graph\">{\"@context\":\"https:\\\/\\\/schema.org\",\"@graph\":[{\"@type\":\"WebPage\",\"@id\":\"https:\\\/\\\/sokindsport.com\\\/product\\\/wholesale-mens-cycling-chamois-sk-f35-cycling-pad-manufacturer\\\/\",\"url\":\"https:\\\/\\\/sokindsport.com\\\/product\\\/wholesale-mens-cycling-chamois-sk-f35-cycling-pad-manufacturer\\\/\",\"name\":\"Wholesale Chamois Pad SK-F34 for Female Cyclists\",\"isPartOf\":{\"@id\":\"https:\\\/\\\/sokindsport.com\\\/#website\"},\"primaryImageOfPage\":{\"@id\":\"https:\\\/\\\/sokindsport.com\\\/product\\\/wholesale-mens-cycling-chamois-sk-f35-cycling-pad-manufacturer\\\/#primaryimage\"},\"image\":{\"@id\":\"https:\\\/\\\/sokindsport.com\\\/product\\\/wholesale-mens-cycling-chamois-sk-f35-cycling-pad-manufacturer\\\/#primaryimage\"},\"thumbnailUrl\":\"https:\\\/\\\/sokindsport.com\\\/wp-content\\\/uploads\\\/2026\\\/04\\\/Wholesale-Mens-Cycling-Chamois-SK-F35-Cycling-Pad-Manufacturer-1.jpg\",\"datePublished\":\"2026-04-01T10:10:11+00:00\",\"dateModified\":\"2026-04-01T11:24:42+00:00\",\"description\":\"Source premium women's cycling pads direct from the factory. The SK-F34 offers 3D precision cutting, quick-dry graphene fabric, and all-day shock absorption. Contact for bulk pricing!\",\"breadcrumb\":{\"@id\":\"https:\\\/\\\/sokindsport.com\\\/product\\\/wholesale-mens-cycling-chamois-sk-f35-cycling-pad-manufacturer\\\/#breadcrumb\"},\"inLanguage\":\"es\",\"potentialAction\":[{\"@type\":\"ReadAction\",\"target\":[\"https:\\\/\\\/sokindsport.com\\\/product\\\/wholesale-mens-cycling-chamois-sk-f35-cycling-pad-manufacturer\\\/\"]}]},{\"@type\":\"ImageObject\",\"inLanguage\":\"es\",\"@id\":\"https:\\\/\\\/sokindsport.com\\\/product\\\/wholesale-mens-cycling-chamois-sk-f35-cycling-pad-manufacturer\\\/#primaryimage\",\"url\":\"https:\\\/\\\/sokindsport.com\\\/wp-content\\\/uploads\\\/2026\\\/04\\\/Wholesale-Mens-Cycling-Chamois-SK-F35-Cycling-Pad-Manufacturer-1.jpg\",\"contentUrl\":\"https:\\\/\\\/sokindsport.com\\\/wp-content\\\/uploads\\\/2026\\\/04\\\/Wholesale-Mens-Cycling-Chamois-SK-F35-Cycling-Pad-Manufacturer-1.jpg\",\"width\":800,\"height\":800,\"caption\":\"Wholesale Men's Cycling Chamois Sk F35 Cycling Pad Manufacturer (1)\"},{\"@type\":\"BreadcrumbList\",\"@id\":\"https:\\\/\\\/sokindsport.com\\\/product\\\/wholesale-mens-cycling-chamois-sk-f35-cycling-pad-manufacturer\\\/#breadcrumb\",\"itemListElement\":[{\"@type\":\"ListItem\",\"position\":1,\"name\":\"Home\",\"item\":\"https:\\\/\\\/sokindsport.com\\\/\"},{\"@type\":\"ListItem\",\"position\":2,\"name\":\"\u5546\u5e97\",\"item\":\"https:\\\/\\\/sokindsport.com\\\/shop\\\/\"},{\"@type\":\"ListItem\",\"position\":3,\"name\":\"Wholesale Men&#8217;s Cycling Chamois SK-F35 Cycling Pad Manufacturer\"}]},{\"@type\":\"WebSite\",\"@id\":\"https:\\\/\\\/sokindsport.com\\\/#website\",\"url\":\"https:\\\/\\\/sokindsport.com\\\/\",\"name\":\"Sokind Cycling Pad\",\"description\":\"Sokind Cycling Pad\",\"publisher\":{\"@id\":\"https:\\\/\\\/sokindsport.com\\\/#organization\"},\"potentialAction\":[{\"@type\":\"SearchAction\",\"target\":{\"@type\":\"EntryPoint\",\"urlTemplate\":\"https:\\\/\\\/sokindsport.com\\\/?s={search_term_string}\"},\"query-input\":{\"@type\":\"PropertyValueSpecification\",\"valueRequired\":true,\"valueName\":\"search_term_string\"}}],\"inLanguage\":\"es\"},{\"@type\":\"Organization\",\"@id\":\"https:\\\/\\\/sokindsport.com\\\/#organization\",\"name\":\"Sokind Cycling Pad\",\"url\":\"https:\\\/\\\/sokindsport.com\\\/\",\"logo\":{\"@type\":\"ImageObject\",\"inLanguage\":\"es\",\"@id\":\"https:\\\/\\\/sokindsport.com\\\/#\\\/schema\\\/logo\\\/image\\\/\",\"url\":\"https:\\\/\\\/sokindsport.com\\\/wp-content\\\/uploads\\\/2022\\\/02\\\/Sokind-Sport-Logo.png\",\"contentUrl\":\"https:\\\/\\\/sokindsport.com\\\/wp-content\\\/uploads\\\/2022\\\/02\\\/Sokind-Sport-Logo.png\",\"width\":250,\"height\":64,\"caption\":\"Sokind Cycling Pad\"},\"image\":{\"@id\":\"https:\\\/\\\/sokindsport.com\\\/#\\\/schema\\\/logo\\\/image\\\/\"}}]}<\/script>\n<!-- \/ Yoast SEO plugin. -->","yoast_head_json":{"title":"Venta al por mayor Badana SK-F34 para mujeres ciclistas","description":"Obtenga las mejores badanas de ciclismo para mujer directamente de f\u00e1brica. La SK-F34 ofrece corte de precisi\u00f3n 3D, tejido de grafeno de secado r\u00e1pido y absorci\u00f3n de impactos durante todo el d\u00eda. Ponte en contacto para precios al por mayor.","robots":{"index":"index","follow":"follow","max-snippet":"max-snippet:-1","max-image-preview":"max-image-preview:large","max-video-preview":"max-video-preview:-1"},"canonical":"https:\/\/sokindsport.com\/es\/producto\/mayorista-badana-ciclismo-sk-f35-fabricante-de-badana-ciclismo\/","og_locale":"es_ES","og_type":"article","og_title":"Wholesale Chamois Pad SK-F34 for Female Cyclists","og_description":"Source premium women's cycling pads direct from the factory. The SK-F34 offers 3D precision cutting, quick-dry graphene fabric, and all-day shock absorption. Contact for bulk pricing!","og_url":"https:\/\/sokindsport.com\/es\/producto\/mayorista-badana-ciclismo-sk-f35-fabricante-de-badana-ciclismo\/","og_site_name":"Sokind Cycling Pad","article_modified_time":"2026-04-01T11:24:42+00:00","og_image":[{"width":800,"height":800,"url":"https:\/\/sokindsport.com\/wp-content\/uploads\/2026\/04\/Wholesale-Mens-Cycling-Chamois-SK-F35-Cycling-Pad-Manufacturer-1.jpg","type":"image\/jpeg"}],"twitter_card":"summary_large_image","twitter_misc":{"Tiempo de lectura":"4 minutos"},"schema":{"@context":"https:\/\/schema.org","@graph":[{"@type":"WebPage","@id":"https:\/\/sokindsport.com\/product\/wholesale-mens-cycling-chamois-sk-f35-cycling-pad-manufacturer\/","url":"https:\/\/sokindsport.com\/product\/wholesale-mens-cycling-chamois-sk-f35-cycling-pad-manufacturer\/","name":"Venta al por mayor Badana SK-F34 para mujeres ciclistas","isPartOf":{"@id":"https:\/\/sokindsport.com\/#website"},"primaryImageOfPage":{"@id":"https:\/\/sokindsport.com\/product\/wholesale-mens-cycling-chamois-sk-f35-cycling-pad-manufacturer\/#primaryimage"},"image":{"@id":"https:\/\/sokindsport.com\/product\/wholesale-mens-cycling-chamois-sk-f35-cycling-pad-manufacturer\/#primaryimage"},"thumbnailUrl":"https:\/\/sokindsport.com\/wp-content\/uploads\/2026\/04\/Wholesale-Mens-Cycling-Chamois-SK-F35-Cycling-Pad-Manufacturer-1.jpg","datePublished":"2026-04-01T10:10:11+00:00","dateModified":"2026-04-01T11:24:42+00:00","description":"Obtenga las mejores badanas de ciclismo para mujer directamente de f\u00e1brica. La SK-F34 ofrece corte de precisi\u00f3n 3D, tejido de grafeno de secado r\u00e1pido y absorci\u00f3n de impactos durante todo el d\u00eda. Ponte en contacto para precios al por mayor.","breadcrumb":{"@id":"https:\/\/sokindsport.com\/product\/wholesale-mens-cycling-chamois-sk-f35-cycling-pad-manufacturer\/#breadcrumb"},"inLanguage":"es","potentialAction":[{"@type":"ReadAction","target":["https:\/\/sokindsport.com\/product\/wholesale-mens-cycling-chamois-sk-f35-cycling-pad-manufacturer\/"]}]},{"@type":"ImageObject","inLanguage":"es","@id":"https:\/\/sokindsport.com\/product\/wholesale-mens-cycling-chamois-sk-f35-cycling-pad-manufacturer\/#primaryimage","url":"https:\/\/sokindsport.com\/wp-content\/uploads\/2026\/04\/Wholesale-Mens-Cycling-Chamois-SK-F35-Cycling-Pad-Manufacturer-1.jpg","contentUrl":"https:\/\/sokindsport.com\/wp-content\/uploads\/2026\/04\/Wholesale-Mens-Cycling-Chamois-SK-F35-Cycling-Pad-Manufacturer-1.jpg","width":800,"height":800,"caption":"Wholesale Men's Cycling Chamois Sk F35 Cycling Pad Manufacturer (1)"},{"@type":"BreadcrumbList","@id":"https:\/\/sokindsport.com\/product\/wholesale-mens-cycling-chamois-sk-f35-cycling-pad-manufacturer\/#breadcrumb","itemListElement":[{"@type":"ListItem","position":1,"name":"Home","item":"https:\/\/sokindsport.com\/"},{"@type":"ListItem","position":2,"name":"\u5546\u5e97","item":"https:\/\/sokindsport.com\/shop\/"},{"@type":"ListItem","position":3,"name":"Wholesale Men&#8217;s Cycling Chamois SK-F35 Cycling Pad Manufacturer"}]},{"@type":"WebSite","@id":"https:\/\/sokindsport.com\/#website","url":"https:\/\/sokindsport.com\/","name":"Coj\u00edn de ciclismo Sokind","description":"Coj\u00edn de ciclismo Sokind","publisher":{"@id":"https:\/\/sokindsport.com\/#organization"},"potentialAction":[{"@type":"SearchAction","target":{"@type":"EntryPoint","urlTemplate":"https:\/\/sokindsport.com\/?s={search_term_string}"},"query-input":{"@type":"PropertyValueSpecification","valueRequired":true,"valueName":"search_term_string"}}],"inLanguage":"es"},{"@type":"Organization","@id":"https:\/\/sokindsport.com\/#organization","name":"Coj\u00edn de ciclismo Sokind","url":"https:\/\/sokindsport.com\/","logo":{"@type":"ImageObject","inLanguage":"es","@id":"https:\/\/sokindsport.com\/#\/schema\/logo\/image\/","url":"https:\/\/sokindsport.com\/wp-content\/uploads\/2022\/02\/Sokind-Sport-Logo.png","contentUrl":"https:\/\/sokindsport.com\/wp-content\/uploads\/2022\/02\/Sokind-Sport-Logo.png","width":250,"height":64,"caption":"Sokind Cycling Pad"},"image":{"@id":"https:\/\/sokindsport.com\/#\/schema\/logo\/image\/"}}]}},"_links":{"self":[{"href":"https:\/\/sokindsport.com\/es\/wp-json\/wp\/v2\/product\/3104","targetHints":{"allow":["GET"]}}],"collection":[{"href":"https:\/\/sokindsport.com\/es\/wp-json\/wp\/v2\/product"}],"about":[{"href":"https:\/\/sokindsport.com\/es\/wp-json\/wp\/v2\/types\/product"}],"replies":[{"embeddable":true,"href":"https:\/\/sokindsport.com\/es\/wp-json\/wp\/v2\/comments?post=3104"}],"version-history":[{"count":1,"href":"https:\/\/sokindsport.com\/es\/wp-json\/wp\/v2\/product\/3104\/revisions"}],"predecessor-version":[{"id":3112,"href":"https:\/\/sokindsport.com\/es\/wp-json\/wp\/v2\/product\/3104\/revisions\/3112"}],"wp:featuredmedia":[{"embeddable":true,"href":"https:\/\/sokindsport.com\/es\/wp-json\/wp\/v2\/media\/3105"}],"wp:attachment":[{"href":"https:\/\/sokindsport.com\/es\/wp-json\/wp\/v2\/media?parent=3104"}],"wp:term":[{"taxonomy":"product_brand","embeddable":true,"href":"https:\/\/sokindsport.com\/es\/wp-json\/wp\/v2\/product_brand?post=3104"},{"taxonomy":"product_cat","embeddable":true,"href":"https:\/\/sokindsport.com\/es\/wp-json\/wp\/v2\/product_cat?post=3104"},{"taxonomy":"product_tag","embeddable":true,"href":"https:\/\/sokindsport.com\/es\/wp-json\/wp\/v2\/product_tag?post=3104"}],"curies":[{"name":"wp","href":"https:\/\/api.w.org\/{rel}","templated":true}]}}