{"id":3064,"date":"2026-04-01T09:03:14","date_gmt":"2026-04-01T09:03:14","guid":{"rendered":"https:\/\/sokindsport.com\/?post_type=product&#038;p=3064"},"modified":"2026-04-01T09:11:10","modified_gmt":"2026-04-01T09:11:10","slug":"graphene-infused-3d-mens-cycling-pad-high-density-chamois-supplier","status":"publish","type":"product","link":"https:\/\/sokindsport.com\/es\/product\/graphene-infused-3d-mens-cycling-pad-high-density-chamois-supplier\/","title":{"rendered":"Almohadilla de ciclismo para hombre 3D con infusi\u00f3n de grafeno | Proveedor de badana de alta densidad"},"content":{"rendered":"<p><img fetchpriority=\"high\" decoding=\"async\" class=\"alignnone size-full wp-image-3068\" src=\"https:\/\/sokindsport.com\/wp-content\/uploads\/2026\/04\/Graphene-Infused-3D-Mens-Cycling-Pad-SK-637-High-Density-Chamois-Supplier-4-scaled.jpg\" alt=\"Grafeno infundido 3d Hombres Ciclismo Pad Sk 637 Alta Densidad Gamuza Proveedor (4)\" width=\"2560\" height=\"1810\" srcset=\"https:\/\/sokindsport.com\/wp-content\/uploads\/2026\/04\/Graphene-Infused-3D-Mens-Cycling-Pad-SK-637-High-Density-Chamois-Supplier-4-scaled.jpg 2560w, https:\/\/sokindsport.com\/wp-content\/uploads\/2026\/04\/Graphene-Infused-3D-Mens-Cycling-Pad-SK-637-High-Density-Chamois-Supplier-4-768x543.jpg 768w, https:\/\/sokindsport.com\/wp-content\/uploads\/2026\/04\/Graphene-Infused-3D-Mens-Cycling-Pad-SK-637-High-Density-Chamois-Supplier-4-1536x1086.jpg 1536w, https:\/\/sokindsport.com\/wp-content\/uploads\/2026\/04\/Graphene-Infused-3D-Mens-Cycling-Pad-SK-637-High-Density-Chamois-Supplier-4-2048x1448.jpg 2048w, https:\/\/sokindsport.com\/wp-content\/uploads\/2026\/04\/Graphene-Infused-3D-Mens-Cycling-Pad-SK-637-High-Density-Chamois-Supplier-4-18x12.jpg 18w, https:\/\/sokindsport.com\/wp-content\/uploads\/2026\/04\/Graphene-Infused-3D-Mens-Cycling-Pad-SK-637-High-Density-Chamois-Supplier-4-600x424.jpg 600w\" sizes=\"(max-width: 2560px) 100vw, 2560px\" \/><\/p>\n<h2>SOKIND\u00ae SK-637: Badana ciclista masculina 3D avanzada con infusi\u00f3n de grafeno<\/h2>\n<h3>Potencie su colecci\u00f3n de prendas de ciclismo con la tecnolog\u00eda de badana de \u00faltima generaci\u00f3n<\/h3>\n<p>Como fabricante premium de componentes de ciclismo, dise\u00f1amos nuestros productos para dar a su marca una ventaja competitiva en el mercado. La SOKIND\u00ae SK-637 es una badana de ciclismo 3D para hombre de \u00faltima generaci\u00f3n dise\u00f1ada para la pr\u00e1ctica del ciclismo de resistencia de alto rendimiento. Gracias a la integraci\u00f3n del tejido de grafeno de \u00faltima generaci\u00f3n con una estructura de espuma graduada de 3 densidades, esta badana proporciona a sus clientes finales un equilibrio inigualable de tacto suave y agradable para la piel y un s\u00f3lido soporte isqui\u00e1tico para salidas de m\u00e1s de 6 horas.<\/p>\n<h3>\ud83c\udf1f Caracter\u00edsticas innovadoras y superioridad t\u00e9cnica<\/h3>\n<p><strong>Tejido de grafeno de \u00faltima generaci\u00f3n<\/strong>: La capa superior est\u00e1 confeccionada con una innovadora mezcla de poliamida 69%, elastano 16% y poli\u00e9ster con infusi\u00f3n de grafeno 15%. Esta superficie de alta tecnolog\u00eda es excepcionalmente resistente al desgaste, antibacteriana por naturaleza y ofrece una regulaci\u00f3n t\u00e9rmica superior.<\/p>\n<p><strong>Gradiente N\u00facleo 3-Densidad<\/strong>: Dise\u00f1ado con un sistema especializado de espuma de tres capas (60\/90\/200 kg\/m\u00b3) para proporcionar una absorci\u00f3n de impactos espec\u00edfica justo donde el ciclista la necesita, distribuyendo eficazmente la presi\u00f3n lejos de las tuberosidades isqui\u00e1ticas.<\/p>\n<p><strong>Corte de precisi\u00f3n ergon\u00f3mico en 3D<\/strong>: Moldeado integralmente para adaptarse perfectamente a los contornos de la anatom\u00eda masculina. Este moldeado tridimensional sin costuras asegura que la almohadilla se mueva con el cuerpo, reduciendo significativamente la fricci\u00f3n.<\/p>\n<p><strong>Perfil de grosor aerodin\u00e1mico<\/strong>: Dise\u00f1ada para integrarse con elegancia en culotes y culottes, la badana presenta un borde enrasado de 4,0 mm para evitar rozaduras, que aumenta a 10,0 mm en la zona de transici\u00f3n y a 13,0 mm en las zonas de apoyo del n\u00facleo.<\/p>\n<p><strong>Dimensiones a medida<\/strong>: Mide 36 cm x 22 cm y ofrece una cobertura optimizada que protege sin a\u00f1adir volumen innecesario.<\/p>\n<h3>\ud83c\udfc6 Principales ventajas para sus usuarios finales (y su marca)<\/h3>\n<p><strong>Comodidad durante todo el d\u00eda<\/strong>: Clasificado para m\u00e1s de 6 horas de conducci\u00f3n continua, el n\u00facleo de alta densidad de 200 kg\/m\u00b3 absorbe las vibraciones intensas de la carretera, por lo que es perfecto para las carreras de carretera, la grava y el turismo.<\/p>\n<p><strong>\u201cExperiencia \u201dNi sofocante, ni apretada<\/strong>: Las capas de espuma altamente transpirable y amortiguadora trabajan junto con el tejido de grafeno que absorbe la humedad para mantener a los ciclistas secos y c\u00f3modos, eliminando la temida sensaci\u00f3n de \u201ccongesti\u00f3n\u201d en las subidas largas.<\/p>\n<p><strong>M\u00e1xima higiene y control de olores<\/strong>: Las propiedades inherentes del grafeno, combinadas con nuestras espumas transpirables de c\u00e9lula abierta, proporcionan unos beneficios antibacterianos y desodorizantes excepcionales, garantizando el frescor trayecto tras trayecto.<\/p>\n<p><strong>Rendimiento sin fricci\u00f3n<\/strong>: El corte anat\u00f3mico 3D y la cara de tejido ultrasuave evitan las llagas y rozaduras del sill\u00edn, garantizando una alta satisfacci\u00f3n del cliente y bajas tasas de devoluci\u00f3n para su l\u00ednea de ropa.<\/p>\n<h3>Eleve su cadena de suministro:<\/h3>\n<p>Incorpore la badana SOKIND\u00ae SK-637 3D Men's Cycling Pad en su pr\u00f3xima producci\u00f3n para ofrecer a sus clientes lo \u00faltimo en confort ciclista y tecnolog\u00eda textil. P\u00f3ngase en contacto hoy mismo con nuestro departamento de comercio exterior para obtener precios al por mayor, solicitar muestras y conocer los detalles de integraci\u00f3n OEM\/ODM.<\/p>\n<p><img decoding=\"async\" class=\"alignnone size-full wp-image-3029\" src=\"https:\/\/sokindsport.com\/wp-content\/uploads\/2026\/04\/Mens-Cycling-Pads-Manufacturer-1.jpg\" alt=\"Mens Cycling Pads Fabricante (1)\" width=\"790\" height=\"1515\" srcset=\"https:\/\/sokindsport.com\/wp-content\/uploads\/2026\/04\/Mens-Cycling-Pads-Manufacturer-1.jpg 790w, https:\/\/sokindsport.com\/wp-content\/uploads\/2026\/04\/Mens-Cycling-Pads-Manufacturer-1-768x1473.jpg 768w, https:\/\/sokindsport.com\/wp-content\/uploads\/2026\/04\/Mens-Cycling-Pads-Manufacturer-1-6x12.jpg 6w, https:\/\/sokindsport.com\/wp-content\/uploads\/2026\/04\/Mens-Cycling-Pads-Manufacturer-1-600x1151.jpg 600w\" sizes=\"(max-width: 790px) 100vw, 790px\" \/> <img decoding=\"async\" class=\"alignnone size-full wp-image-3030\" src=\"https:\/\/sokindsport.com\/wp-content\/uploads\/2026\/04\/Mens-Cycling-Pads-Manufacturer-2.jpg\" alt=\"Mens Cycling Pads Fabricantes (2)\" width=\"790\" height=\"799\" srcset=\"https:\/\/sokindsport.com\/wp-content\/uploads\/2026\/04\/Mens-Cycling-Pads-Manufacturer-2.jpg 790w, https:\/\/sokindsport.com\/wp-content\/uploads\/2026\/04\/Mens-Cycling-Pads-Manufacturer-2-768x777.jpg 768w, https:\/\/sokindsport.com\/wp-content\/uploads\/2026\/04\/Mens-Cycling-Pads-Manufacturer-2-12x12.jpg 12w, https:\/\/sokindsport.com\/wp-content\/uploads\/2026\/04\/Mens-Cycling-Pads-Manufacturer-2-600x607.jpg 600w, https:\/\/sokindsport.com\/wp-content\/uploads\/2026\/04\/Mens-Cycling-Pads-Manufacturer-2-100x100.jpg 100w\" sizes=\"(max-width: 790px) 100vw, 790px\" \/> <img loading=\"lazy\" decoding=\"async\" class=\"alignnone size-full wp-image-3031\" src=\"https:\/\/sokindsport.com\/wp-content\/uploads\/2026\/04\/Mens-Cycling-Pads-Manufacturer-3.jpg\" alt=\"Mens Cycling Pads Fabricantes (3)\" width=\"790\" height=\"675\" srcset=\"https:\/\/sokindsport.com\/wp-content\/uploads\/2026\/04\/Mens-Cycling-Pads-Manufacturer-3.jpg 790w, https:\/\/sokindsport.com\/wp-content\/uploads\/2026\/04\/Mens-Cycling-Pads-Manufacturer-3-768x656.jpg 768w, https:\/\/sokindsport.com\/wp-content\/uploads\/2026\/04\/Mens-Cycling-Pads-Manufacturer-3-14x12.jpg 14w, https:\/\/sokindsport.com\/wp-content\/uploads\/2026\/04\/Mens-Cycling-Pads-Manufacturer-3-600x513.jpg 600w\" sizes=\"(max-width: 790px) 100vw, 790px\" \/> <img loading=\"lazy\" decoding=\"async\" class=\"alignnone size-full wp-image-3032\" src=\"https:\/\/sokindsport.com\/wp-content\/uploads\/2026\/04\/Mens-Cycling-Pads-Manufacturer-4.jpg\" alt=\"Mens Cycling Pads Fabricantes (4)\" width=\"790\" height=\"1076\" srcset=\"https:\/\/sokindsport.com\/wp-content\/uploads\/2026\/04\/Mens-Cycling-Pads-Manufacturer-4.jpg 790w, https:\/\/sokindsport.com\/wp-content\/uploads\/2026\/04\/Mens-Cycling-Pads-Manufacturer-4-768x1046.jpg 768w, https:\/\/sokindsport.com\/wp-content\/uploads\/2026\/04\/Mens-Cycling-Pads-Manufacturer-4-9x12.jpg 9w, https:\/\/sokindsport.com\/wp-content\/uploads\/2026\/04\/Mens-Cycling-Pads-Manufacturer-4-600x817.jpg 600w\" sizes=\"(max-width: 790px) 100vw, 790px\" \/> <img loading=\"lazy\" decoding=\"async\" class=\"alignnone size-full wp-image-3033\" src=\"https:\/\/sokindsport.com\/wp-content\/uploads\/2026\/04\/Mens-Cycling-Pads-Manufacturer-5.jpg\" alt=\"Mens Cycling Pads Fabricantes (5)\" width=\"790\" height=\"1341\" srcset=\"https:\/\/sokindsport.com\/wp-content\/uploads\/2026\/04\/Mens-Cycling-Pads-Manufacturer-5.jpg 790w, https:\/\/sokindsport.com\/wp-content\/uploads\/2026\/04\/Mens-Cycling-Pads-Manufacturer-5-768x1304.jpg 768w, https:\/\/sokindsport.com\/wp-content\/uploads\/2026\/04\/Mens-Cycling-Pads-Manufacturer-5-7x12.jpg 7w, https:\/\/sokindsport.com\/wp-content\/uploads\/2026\/04\/Mens-Cycling-Pads-Manufacturer-5-600x1018.jpg 600w\" sizes=\"(max-width: 790px) 100vw, 790px\" \/> <img loading=\"lazy\" decoding=\"async\" class=\"alignnone size-full wp-image-3034\" src=\"https:\/\/sokindsport.com\/wp-content\/uploads\/2026\/04\/Mens-Cycling-Pads-Manufacturer-6.jpg\" alt=\"Mens Cycling Pads Fabricantes (6)\" width=\"790\" height=\"1001\" srcset=\"https:\/\/sokindsport.com\/wp-content\/uploads\/2026\/04\/Mens-Cycling-Pads-Manufacturer-6.jpg 790w, https:\/\/sokindsport.com\/wp-content\/uploads\/2026\/04\/Mens-Cycling-Pads-Manufacturer-6-768x973.jpg 768w, https:\/\/sokindsport.com\/wp-content\/uploads\/2026\/04\/Mens-Cycling-Pads-Manufacturer-6-9x12.jpg 9w, https:\/\/sokindsport.com\/wp-content\/uploads\/2026\/04\/Mens-Cycling-Pads-Manufacturer-6-600x760.jpg 600w\" sizes=\"(max-width: 790px) 100vw, 790px\" \/> <img loading=\"lazy\" decoding=\"async\" class=\"alignnone size-full wp-image-3035\" src=\"https:\/\/sokindsport.com\/wp-content\/uploads\/2026\/04\/Mens-Cycling-Pads-Manufacturer-7.jpg\" alt=\"Protectores ciclismo hombre Fabricantes (7)\" width=\"790\" height=\"1571\" srcset=\"https:\/\/sokindsport.com\/wp-content\/uploads\/2026\/04\/Mens-Cycling-Pads-Manufacturer-7.jpg 790w, https:\/\/sokindsport.com\/wp-content\/uploads\/2026\/04\/Mens-Cycling-Pads-Manufacturer-7-768x1527.jpg 768w, https:\/\/sokindsport.com\/wp-content\/uploads\/2026\/04\/Mens-Cycling-Pads-Manufacturer-7-772x1536.jpg 772w, https:\/\/sokindsport.com\/wp-content\/uploads\/2026\/04\/Mens-Cycling-Pads-Manufacturer-7-6x12.jpg 6w, https:\/\/sokindsport.com\/wp-content\/uploads\/2026\/04\/Mens-Cycling-Pads-Manufacturer-7-600x1193.jpg 600w\" sizes=\"(max-width: 790px) 100vw, 790px\" \/> <img loading=\"lazy\" decoding=\"async\" class=\"alignnone size-full wp-image-3036\" src=\"https:\/\/sokindsport.com\/wp-content\/uploads\/2026\/04\/Mens-Cycling-Pads-Manufacturer-8.jpg\" alt=\"Protectores ciclismo hombre Fabricantes (8)\" width=\"790\" height=\"801\" srcset=\"https:\/\/sokindsport.com\/wp-content\/uploads\/2026\/04\/Mens-Cycling-Pads-Manufacturer-8.jpg 790w, https:\/\/sokindsport.com\/wp-content\/uploads\/2026\/04\/Mens-Cycling-Pads-Manufacturer-8-768x779.jpg 768w, https:\/\/sokindsport.com\/wp-content\/uploads\/2026\/04\/Mens-Cycling-Pads-Manufacturer-8-12x12.jpg 12w, https:\/\/sokindsport.com\/wp-content\/uploads\/2026\/04\/Mens-Cycling-Pads-Manufacturer-8-600x608.jpg 600w, https:\/\/sokindsport.com\/wp-content\/uploads\/2026\/04\/Mens-Cycling-Pads-Manufacturer-8-100x100.jpg 100w\" sizes=\"(max-width: 790px) 100vw, 790px\" \/> <img loading=\"lazy\" decoding=\"async\" class=\"alignnone size-full wp-image-3037\" src=\"https:\/\/sokindsport.com\/wp-content\/uploads\/2026\/04\/Mens-Cycling-Pads-Manufacturer-9.jpg\" alt=\"Protectores ciclismo hombre Fabricantes (9)\" width=\"790\" height=\"1269\" srcset=\"https:\/\/sokindsport.com\/wp-content\/uploads\/2026\/04\/Mens-Cycling-Pads-Manufacturer-9.jpg 790w, https:\/\/sokindsport.com\/wp-content\/uploads\/2026\/04\/Mens-Cycling-Pads-Manufacturer-9-768x1234.jpg 768w, https:\/\/sokindsport.com\/wp-content\/uploads\/2026\/04\/Mens-Cycling-Pads-Manufacturer-9-7x12.jpg 7w, https:\/\/sokindsport.com\/wp-content\/uploads\/2026\/04\/Mens-Cycling-Pads-Manufacturer-9-600x964.jpg 600w\" sizes=\"(max-width: 790px) 100vw, 790px\" \/><\/p>","protected":false},"excerpt":{"rendered":"<table>\n<tbody>\n<tr>\n<td><strong>Especificaci\u00f3n<\/strong><\/td>\n<td><strong>Detalles<\/strong><\/td>\n<\/tr>\n<tr>\n<td><strong><b>Modelo<\/b><\/strong><\/td>\n<td>SK-637<\/td>\n<\/tr>\n<tr>\n<td><strong><b>Tipo de producto<\/b><\/strong><\/td>\n<td>Almohadilla de ciclismo 3D para hombre<\/td>\n<\/tr>\n<tr>\n<td><strong><b>Dimensiones<\/b><\/strong><\/td>\n<td>36cm x 22cm<\/td>\n<\/tr>\n<tr>\n<td><strong><b>Perfil de espesor<\/b><\/strong><\/td>\n<td>4,0 mm \/ 10,0 mm \/ 13,0 mm<\/td>\n<\/tr>\n<tr>\n<td><strong><b>Densidad de la espuma<\/b><\/strong><\/td>\n<td>60 + 90 + 200kg\/m\u00b3<\/td>\n<\/tr>\n<tr>\n<td><strong><b>Composici\u00f3n del tejido<\/b><\/strong><\/td>\n<td>69% Poliamida, 16% Elastano, 15% Grafeno (Poli\u00e9ster)<\/td>\n<\/tr>\n<tr>\n<td><strong><b>Duraci\u00f3n adecuada<\/b><\/strong><\/td>\n<td>De 6 horas a todo el d\u00eda<\/td>\n<\/tr>\n<\/tbody>\n<\/table>\n<p>&nbsp;<\/p>","protected":false},"featured_media":3065,"comment_status":"open","ping_status":"closed","template":"","meta":[],"product_brand":[],"product_cat":[50],"product_tag":[],"class_list":{"0":"post-3064","1":"product","2":"type-product","3":"status-publish","4":"has-post-thumbnail","6":"product_cat-pro-3d-pads","8":"first","9":"instock","10":"shipping-taxable","11":"product-type-simple"},"yoast_head":"<!-- This site is optimized with the Yoast SEO plugin v27.4 - https:\/\/yoast.com\/product\/yoast-seo-wordpress\/ -->\n<title>Wholesale Men&#039;s Cycling Pads | 3D High-Density Chamois Manufacturer<\/title>\n<meta name=\"description\" content=\"Looking for a reliable chamois supplier? The SOKIND\u00ae SK-637 3D Men&#039;s Cycling Pad offers precision cutting, anti-friction technology, and all-day shock absorption. Contact us for B2B manufacturing.\" \/>\n<meta name=\"robots\" content=\"index, follow, max-snippet:-1, max-image-preview:large, max-video-preview:-1\" \/>\n<link rel=\"canonical\" href=\"https:\/\/sokindsport.com\/es\/producto\/graphene-infused-3d-mens-cycling-pad-high-density-chamois-supplier\/\" \/>\n<meta property=\"og:locale\" content=\"es_ES\" \/>\n<meta property=\"og:type\" content=\"article\" \/>\n<meta property=\"og:title\" content=\"Wholesale Men&#039;s Cycling Pads | 3D High-Density Chamois Manufacturer\" \/>\n<meta property=\"og:description\" content=\"Looking for a reliable chamois supplier? The SOKIND\u00ae SK-637 3D Men&#039;s Cycling Pad offers precision cutting, anti-friction technology, and all-day shock absorption. Contact us for B2B manufacturing.\" \/>\n<meta property=\"og:url\" content=\"https:\/\/sokindsport.com\/es\/producto\/graphene-infused-3d-mens-cycling-pad-high-density-chamois-supplier\/\" \/>\n<meta property=\"og:site_name\" content=\"Sokind Cycling Pad\" \/>\n<meta property=\"article:modified_time\" content=\"2026-04-01T09:11:10+00:00\" \/>\n<meta property=\"og:image\" content=\"https:\/\/sokindsport.com\/wp-content\/uploads\/2026\/04\/Graphene-Infused-3D-Mens-Cycling-Pad-SK-637-High-Density-Chamois-Supplier-1.jpg\" \/>\n\t<meta property=\"og:image:width\" content=\"800\" \/>\n\t<meta property=\"og:image:height\" content=\"800\" \/>\n\t<meta property=\"og:image:type\" content=\"image\/jpeg\" \/>\n<meta name=\"twitter:card\" content=\"summary_large_image\" \/>\n<meta name=\"twitter:label1\" content=\"Tiempo de lectura\" \/>\n\t<meta name=\"twitter:data1\" content=\"4 minutos\" \/>\n<script type=\"application\/ld+json\" class=\"yoast-schema-graph\">{\"@context\":\"https:\\\/\\\/schema.org\",\"@graph\":[{\"@type\":\"WebPage\",\"@id\":\"https:\\\/\\\/sokindsport.com\\\/product\\\/graphene-infused-3d-mens-cycling-pad-high-density-chamois-supplier\\\/\",\"url\":\"https:\\\/\\\/sokindsport.com\\\/product\\\/graphene-infused-3d-mens-cycling-pad-high-density-chamois-supplier\\\/\",\"name\":\"Wholesale Men's Cycling Pads | 3D High-Density Chamois Manufacturer\",\"isPartOf\":{\"@id\":\"https:\\\/\\\/sokindsport.com\\\/#website\"},\"primaryImageOfPage\":{\"@id\":\"https:\\\/\\\/sokindsport.com\\\/product\\\/graphene-infused-3d-mens-cycling-pad-high-density-chamois-supplier\\\/#primaryimage\"},\"image\":{\"@id\":\"https:\\\/\\\/sokindsport.com\\\/product\\\/graphene-infused-3d-mens-cycling-pad-high-density-chamois-supplier\\\/#primaryimage\"},\"thumbnailUrl\":\"https:\\\/\\\/sokindsport.com\\\/wp-content\\\/uploads\\\/2026\\\/04\\\/Graphene-Infused-3D-Mens-Cycling-Pad-SK-637-High-Density-Chamois-Supplier-1.jpg\",\"datePublished\":\"2026-04-01T09:03:14+00:00\",\"dateModified\":\"2026-04-01T09:11:10+00:00\",\"description\":\"Looking for a reliable chamois supplier? The SOKIND\u00ae SK-637 3D Men's Cycling Pad offers precision cutting, anti-friction technology, and all-day shock absorption. Contact us for B2B manufacturing.\",\"breadcrumb\":{\"@id\":\"https:\\\/\\\/sokindsport.com\\\/product\\\/graphene-infused-3d-mens-cycling-pad-high-density-chamois-supplier\\\/#breadcrumb\"},\"inLanguage\":\"es\",\"potentialAction\":[{\"@type\":\"ReadAction\",\"target\":[\"https:\\\/\\\/sokindsport.com\\\/product\\\/graphene-infused-3d-mens-cycling-pad-high-density-chamois-supplier\\\/\"]}]},{\"@type\":\"ImageObject\",\"inLanguage\":\"es\",\"@id\":\"https:\\\/\\\/sokindsport.com\\\/product\\\/graphene-infused-3d-mens-cycling-pad-high-density-chamois-supplier\\\/#primaryimage\",\"url\":\"https:\\\/\\\/sokindsport.com\\\/wp-content\\\/uploads\\\/2026\\\/04\\\/Graphene-Infused-3D-Mens-Cycling-Pad-SK-637-High-Density-Chamois-Supplier-1.jpg\",\"contentUrl\":\"https:\\\/\\\/sokindsport.com\\\/wp-content\\\/uploads\\\/2026\\\/04\\\/Graphene-Infused-3D-Mens-Cycling-Pad-SK-637-High-Density-Chamois-Supplier-1.jpg\",\"width\":800,\"height\":800,\"caption\":\"Graphene Infused 3d Men's Cycling Pad Sk 637 High Density Chamois Supplier (1)\"},{\"@type\":\"BreadcrumbList\",\"@id\":\"https:\\\/\\\/sokindsport.com\\\/product\\\/graphene-infused-3d-mens-cycling-pad-high-density-chamois-supplier\\\/#breadcrumb\",\"itemListElement\":[{\"@type\":\"ListItem\",\"position\":1,\"name\":\"Home\",\"item\":\"https:\\\/\\\/sokindsport.com\\\/\"},{\"@type\":\"ListItem\",\"position\":2,\"name\":\"\u5546\u5e97\",\"item\":\"https:\\\/\\\/sokindsport.com\\\/shop\\\/\"},{\"@type\":\"ListItem\",\"position\":3,\"name\":\"Graphene-Infused 3D Men&#8217;s Cycling Pad | High-Density Chamois Supplier\"}]},{\"@type\":\"WebSite\",\"@id\":\"https:\\\/\\\/sokindsport.com\\\/#website\",\"url\":\"https:\\\/\\\/sokindsport.com\\\/\",\"name\":\"Sokind Cycling Pad\",\"description\":\"Sokind Cycling Pad\",\"publisher\":{\"@id\":\"https:\\\/\\\/sokindsport.com\\\/#organization\"},\"potentialAction\":[{\"@type\":\"SearchAction\",\"target\":{\"@type\":\"EntryPoint\",\"urlTemplate\":\"https:\\\/\\\/sokindsport.com\\\/?s={search_term_string}\"},\"query-input\":{\"@type\":\"PropertyValueSpecification\",\"valueRequired\":true,\"valueName\":\"search_term_string\"}}],\"inLanguage\":\"es\"},{\"@type\":\"Organization\",\"@id\":\"https:\\\/\\\/sokindsport.com\\\/#organization\",\"name\":\"Sokind Cycling Pad\",\"url\":\"https:\\\/\\\/sokindsport.com\\\/\",\"logo\":{\"@type\":\"ImageObject\",\"inLanguage\":\"es\",\"@id\":\"https:\\\/\\\/sokindsport.com\\\/#\\\/schema\\\/logo\\\/image\\\/\",\"url\":\"https:\\\/\\\/sokindsport.com\\\/wp-content\\\/uploads\\\/2022\\\/02\\\/Sokind-Sport-Logo.png\",\"contentUrl\":\"https:\\\/\\\/sokindsport.com\\\/wp-content\\\/uploads\\\/2022\\\/02\\\/Sokind-Sport-Logo.png\",\"width\":250,\"height\":64,\"caption\":\"Sokind Cycling Pad\"},\"image\":{\"@id\":\"https:\\\/\\\/sokindsport.com\\\/#\\\/schema\\\/logo\\\/image\\\/\"}}]}<\/script>\n<!-- \/ Yoast SEO plugin. -->","yoast_head_json":{"title":"Mayorista Badanas Ciclismo Hombre | Fabricante Badana 3D Alta Densidad","description":"\u00bfBuscas un proveedor de badanas fiable? La badana SOKIND\u00ae SK-637 3D para hombre ofrece un corte de precisi\u00f3n, tecnolog\u00eda antifricci\u00f3n y absorci\u00f3n de impactos durante todo el d\u00eda. P\u00f3ngase en contacto con nosotros para la fabricaci\u00f3n B2B.","robots":{"index":"index","follow":"follow","max-snippet":"max-snippet:-1","max-image-preview":"max-image-preview:large","max-video-preview":"max-video-preview:-1"},"canonical":"https:\/\/sokindsport.com\/es\/producto\/graphene-infused-3d-mens-cycling-pad-high-density-chamois-supplier\/","og_locale":"es_ES","og_type":"article","og_title":"Wholesale Men's Cycling Pads | 3D High-Density Chamois Manufacturer","og_description":"Looking for a reliable chamois supplier? The SOKIND\u00ae SK-637 3D Men's Cycling Pad offers precision cutting, anti-friction technology, and all-day shock absorption. Contact us for B2B manufacturing.","og_url":"https:\/\/sokindsport.com\/es\/producto\/graphene-infused-3d-mens-cycling-pad-high-density-chamois-supplier\/","og_site_name":"Sokind Cycling Pad","article_modified_time":"2026-04-01T09:11:10+00:00","og_image":[{"width":800,"height":800,"url":"https:\/\/sokindsport.com\/wp-content\/uploads\/2026\/04\/Graphene-Infused-3D-Mens-Cycling-Pad-SK-637-High-Density-Chamois-Supplier-1.jpg","type":"image\/jpeg"}],"twitter_card":"summary_large_image","twitter_misc":{"Tiempo de lectura":"4 minutos"},"schema":{"@context":"https:\/\/schema.org","@graph":[{"@type":"WebPage","@id":"https:\/\/sokindsport.com\/product\/graphene-infused-3d-mens-cycling-pad-high-density-chamois-supplier\/","url":"https:\/\/sokindsport.com\/product\/graphene-infused-3d-mens-cycling-pad-high-density-chamois-supplier\/","name":"Mayorista Badanas Ciclismo Hombre | Fabricante Badana 3D Alta Densidad","isPartOf":{"@id":"https:\/\/sokindsport.com\/#website"},"primaryImageOfPage":{"@id":"https:\/\/sokindsport.com\/product\/graphene-infused-3d-mens-cycling-pad-high-density-chamois-supplier\/#primaryimage"},"image":{"@id":"https:\/\/sokindsport.com\/product\/graphene-infused-3d-mens-cycling-pad-high-density-chamois-supplier\/#primaryimage"},"thumbnailUrl":"https:\/\/sokindsport.com\/wp-content\/uploads\/2026\/04\/Graphene-Infused-3D-Mens-Cycling-Pad-SK-637-High-Density-Chamois-Supplier-1.jpg","datePublished":"2026-04-01T09:03:14+00:00","dateModified":"2026-04-01T09:11:10+00:00","description":"\u00bfBuscas un proveedor de badanas fiable? La badana SOKIND\u00ae SK-637 3D para hombre ofrece un corte de precisi\u00f3n, tecnolog\u00eda antifricci\u00f3n y absorci\u00f3n de impactos durante todo el d\u00eda. P\u00f3ngase en contacto con nosotros para la fabricaci\u00f3n B2B.","breadcrumb":{"@id":"https:\/\/sokindsport.com\/product\/graphene-infused-3d-mens-cycling-pad-high-density-chamois-supplier\/#breadcrumb"},"inLanguage":"es","potentialAction":[{"@type":"ReadAction","target":["https:\/\/sokindsport.com\/product\/graphene-infused-3d-mens-cycling-pad-high-density-chamois-supplier\/"]}]},{"@type":"ImageObject","inLanguage":"es","@id":"https:\/\/sokindsport.com\/product\/graphene-infused-3d-mens-cycling-pad-high-density-chamois-supplier\/#primaryimage","url":"https:\/\/sokindsport.com\/wp-content\/uploads\/2026\/04\/Graphene-Infused-3D-Mens-Cycling-Pad-SK-637-High-Density-Chamois-Supplier-1.jpg","contentUrl":"https:\/\/sokindsport.com\/wp-content\/uploads\/2026\/04\/Graphene-Infused-3D-Mens-Cycling-Pad-SK-637-High-Density-Chamois-Supplier-1.jpg","width":800,"height":800,"caption":"Graphene Infused 3d Men's Cycling Pad Sk 637 High Density Chamois Supplier (1)"},{"@type":"BreadcrumbList","@id":"https:\/\/sokindsport.com\/product\/graphene-infused-3d-mens-cycling-pad-high-density-chamois-supplier\/#breadcrumb","itemListElement":[{"@type":"ListItem","position":1,"name":"Home","item":"https:\/\/sokindsport.com\/"},{"@type":"ListItem","position":2,"name":"\u5546\u5e97","item":"https:\/\/sokindsport.com\/shop\/"},{"@type":"ListItem","position":3,"name":"Graphene-Infused 3D Men&#8217;s Cycling Pad | High-Density Chamois Supplier"}]},{"@type":"WebSite","@id":"https:\/\/sokindsport.com\/#website","url":"https:\/\/sokindsport.com\/","name":"Coj\u00edn de ciclismo Sokind","description":"Coj\u00edn de ciclismo Sokind","publisher":{"@id":"https:\/\/sokindsport.com\/#organization"},"potentialAction":[{"@type":"SearchAction","target":{"@type":"EntryPoint","urlTemplate":"https:\/\/sokindsport.com\/?s={search_term_string}"},"query-input":{"@type":"PropertyValueSpecification","valueRequired":true,"valueName":"search_term_string"}}],"inLanguage":"es"},{"@type":"Organization","@id":"https:\/\/sokindsport.com\/#organization","name":"Coj\u00edn de ciclismo Sokind","url":"https:\/\/sokindsport.com\/","logo":{"@type":"ImageObject","inLanguage":"es","@id":"https:\/\/sokindsport.com\/#\/schema\/logo\/image\/","url":"https:\/\/sokindsport.com\/wp-content\/uploads\/2022\/02\/Sokind-Sport-Logo.png","contentUrl":"https:\/\/sokindsport.com\/wp-content\/uploads\/2022\/02\/Sokind-Sport-Logo.png","width":250,"height":64,"caption":"Sokind Cycling Pad"},"image":{"@id":"https:\/\/sokindsport.com\/#\/schema\/logo\/image\/"}}]}},"_links":{"self":[{"href":"https:\/\/sokindsport.com\/es\/wp-json\/wp\/v2\/product\/3064","targetHints":{"allow":["GET"]}}],"collection":[{"href":"https:\/\/sokindsport.com\/es\/wp-json\/wp\/v2\/product"}],"about":[{"href":"https:\/\/sokindsport.com\/es\/wp-json\/wp\/v2\/types\/product"}],"replies":[{"embeddable":true,"href":"https:\/\/sokindsport.com\/es\/wp-json\/wp\/v2\/comments?post=3064"}],"version-history":[{"count":1,"href":"https:\/\/sokindsport.com\/es\/wp-json\/wp\/v2\/product\/3064\/revisions"}],"predecessor-version":[{"id":3071,"href":"https:\/\/sokindsport.com\/es\/wp-json\/wp\/v2\/product\/3064\/revisions\/3071"}],"wp:featuredmedia":[{"embeddable":true,"href":"https:\/\/sokindsport.com\/es\/wp-json\/wp\/v2\/media\/3065"}],"wp:attachment":[{"href":"https:\/\/sokindsport.com\/es\/wp-json\/wp\/v2\/media?parent=3064"}],"wp:term":[{"taxonomy":"product_brand","embeddable":true,"href":"https:\/\/sokindsport.com\/es\/wp-json\/wp\/v2\/product_brand?post=3064"},{"taxonomy":"product_cat","embeddable":true,"href":"https:\/\/sokindsport.com\/es\/wp-json\/wp\/v2\/product_cat?post=3064"},{"taxonomy":"product_tag","embeddable":true,"href":"https:\/\/sokindsport.com\/es\/wp-json\/wp\/v2\/product_tag?post=3064"}],"curies":[{"name":"wp","href":"https:\/\/api.w.org\/{rel}","templated":true}]}}