{"id":2931,"date":"2024-05-14T02:19:16","date_gmt":"2024-05-14T02:19:16","guid":{"rendered":"https:\/\/sokindsport.com\/?post_type=product&#038;p=2931"},"modified":"2024-05-14T02:45:34","modified_gmt":"2024-05-14T02:45:34","slug":"venta-al-por-mayor-culotte-ciclismo-ropa-interior-3d-ciclismo-almohadillas-de-gel-sk-426","status":"publish","type":"product","link":"https:\/\/sokindsport.com\/es\/product\/wholesale-cycling-bib-shorts-underwear-3d-cycling-gel-pads-sk-426\/","title":{"rendered":"Mayorista Culotte con tirantes 3D 5D 19D 20D Ciclismo Gel Pads SK-426"},"content":{"rendered":"<h3>Caracter\u00edsticas principales<\/h3>\n<ul>\n<li>C\u00f3moda cintura el\u00e1stica: La cintura el\u00e1stica proporciona un ajuste ce\u00f1ido pero c\u00f3modo, permitiendo libertad de movimiento sin comprometer la sujeci\u00f3n.<\/li>\n<li>El\u00e1sticas y ajustadas: Nuestras almohadillas de gel est\u00e1n fabricadas con materiales que ofrecen una elasticidad excepcional, lo que garantiza un ajuste ce\u00f1ido que mejora la comodidad durante las salidas largas.<\/li>\n<li>Antibacterianas y transpirables: Dise\u00f1adas pensando en la higiene y la comodidad, nuestras almohadillas cuentan con propiedades antibacterianas y una transpirabilidad superior, lo que mantiene a los ciclistas frescos y c\u00f3modos incluso durante salidas intensas.<br \/>\nMaterial y personalizaci\u00f3n<\/li>\n<\/ul>\n<p>Ideales para las carreras ciclistas profesionales, nuestras almohadillas de gel SK-426 para ciclismo mejoran el rendimiento proporcionando una comodidad y una sujeci\u00f3n inigualables, reduciendo la fatiga y permitiendo a los ciclistas centrarse en la carrera.<\/p>\n<h3>Beneficios<\/h3>\n<ul>\n<li>Mayor comodidad: Con una c\u00f3moda cintura el\u00e1stica y material el\u00e1stico, nuestras almohadillas de gel garantizan un ajuste ce\u00f1ido y de apoyo.<\/li>\n<li>Higi\u00e9nico y transpirable: Las propiedades antibacterianas y transpirables mantienen la higiene y la comodidad, incluso durante los viajes largos.<\/li>\n<li>Personalizable: Adapte el material y el tama\u00f1o a sus requisitos espec\u00edficos, garantizando el producto perfecto para sus clientes.<\/li>\n<li>Rendimiento profesional: Dise\u00f1adas para el ciclismo profesional, nuestras almohadillas de gel proporcionan el apoyo necesario para el m\u00e1ximo rendimiento.<\/li>\n<\/ul>\n<h3>\u00bfPor qu\u00e9 elegirnos?<\/h3>\n<p>Con m\u00e1s de 20 a\u00f1os de experiencia y una reputaci\u00f3n de excelencia, nos dedicamos a producir almohadillas de ciclismo de alta calidad que cumplen los est\u00e1ndares m\u00e1s exigentes. Nuestra f\u00e1brica, situada en Quanzhou, est\u00e1 equipada con maquinaria de \u00faltima generaci\u00f3n y cuenta con trabajadores cualificados, lo que garantiza la precisi\u00f3n y la calidad en cada producto.<\/p>\n<h3>Responsabilidad medioambiental<\/h3>\n<p>Estamos comprometidos con la sostenibilidad, y utilizamos esponjas ecol\u00f3gicas y tejidos reciclables que cumplen las normas europeas. Nuestros procesos de producci\u00f3n est\u00e1n dise\u00f1ados para minimizar los residuos y reciclamos los materiales cortados para utilizarlos en otros productos.<\/p>\n<h3>Certificaciones<\/h3>\n<p>Certificado Oeko-Tex 100: Garantiza que nuestros productos no contienen sustancias nocivas y son seguros de usar.<br \/>\nCertificado GRS: Nuestros tejidos de poli\u00e9ster reciclado cumplen la norma Global Recycled Standard.<br \/>\nP\u00fablico destinatario<\/p>\n<p>Nuestras almohadillas de gel para ciclismo SK-426 son perfectas para negocios que buscan almacenar ropa de ciclismo de alta calidad. Tanto si eres una tienda online como un distribuidor especializado en ropa de ciclismo, nuestras almohadillas ofrecen la calidad y el rendimiento que exigen tus clientes.<\/p>\n<h3><span style=\"color: #0000ff;\">MUESTRA GRATUITA<\/span><\/h3>\n<p>Ofrecemos muestras gratuitas para que pueda comprobar de primera mano la calidad de nuestros productos antes de hacer un pedido al por mayor.<\/p>","protected":false},"excerpt":{"rendered":"<p>Como fabricante l\u00edder en el sector de las almohadillas para ciclismo, presentamos nuestra \u00faltima innovaci\u00f3n: las almohadillas de gel SK-426 para culottes con tirantes. Especialmente dise\u00f1ado para pedidos al por mayor y al por mayor de empresa a empresa, nuestro producto garantiza una comodidad, durabilidad y rendimiento superiores, lo que lo convierte en un producto imprescindible para las tiendas online especializadas en productos relacionados con el ciclismo.<\/p>\n<p><strong>Nombre del producto<\/strong>: Almohadillas de gel para ciclismo<\/p>\n<p><strong>Modelo NO.<\/strong>: SK-426<\/p>\n<p><strong>Color<\/strong>: A medida<\/p>\n<p><strong>Espesor<\/strong>: 4mm \/ 15mm<\/p>\n<p><strong>Densidad de la espuma:<\/strong> 55 kg\/m<sup>3<\/sup> | 80 kg\/m<sup>3<\/sup><\/p>\n<p><strong>Talla<\/strong>: A medida<\/p>\n<p><strong>Material:<\/strong>\u00a080% Nylon \/ 20% Spandex<\/p>\n<p><strong>Caracter\u00edsticas<\/strong>: c\u00f3moda cintura el\u00e1stica;, antibacteriana y transpirable<\/p>","protected":false},"featured_media":2933,"comment_status":"open","ping_status":"closed","template":"","meta":[],"product_brand":[],"product_cat":[48],"product_tag":[45],"class_list":{"0":"post-2931","1":"product","2":"type-product","3":"status-publish","4":"has-post-thumbnail","6":"product_cat-new-pad","7":"product_tag-cycling-pads","9":"first","10":"instock","11":"shipping-taxable","12":"product-type-simple"},"yoast_head":"<!-- This site is optimized with the Yoast SEO plugin v27.4 - https:\/\/yoast.com\/product\/yoast-seo-wordpress\/ -->\n<title>Wholesale Custom Cycling Bib Shorts Underwear 3D Cycling Gel Pads SK-426<\/title>\n<meta name=\"description\" content=\"Discover premium comfort with our customizable Cycling Gel Pads SK-426 for bib shorts. Ideal for bulk orders and online cycling stores. Free samples available.\" \/>\n<meta name=\"robots\" content=\"index, follow, max-snippet:-1, max-image-preview:large, max-video-preview:-1\" \/>\n<link rel=\"canonical\" href=\"https:\/\/sokindsport.com\/es\/producto\/venta-al-por-mayor-culotte-ciclismo-ropa-interior-3d-ciclismo-almohadillas-de-gel-sk-426\/\" \/>\n<meta property=\"og:locale\" content=\"es_ES\" \/>\n<meta property=\"og:type\" content=\"article\" \/>\n<meta property=\"og:title\" content=\"Wholesale Custom Cycling Bib Shorts Underwear 3D Cycling Gel Pads SK-426\" \/>\n<meta property=\"og:description\" content=\"Discover premium comfort with our customizable Cycling Gel Pads SK-426 for bib shorts. Ideal for bulk orders and online cycling stores. Free samples available.\" \/>\n<meta property=\"og:url\" content=\"https:\/\/sokindsport.com\/es\/producto\/venta-al-por-mayor-culotte-ciclismo-ropa-interior-3d-ciclismo-almohadillas-de-gel-sk-426\/\" \/>\n<meta property=\"og:site_name\" content=\"Sokind Cycling Pad\" \/>\n<meta property=\"article:modified_time\" content=\"2024-05-14T02:45:34+00:00\" \/>\n<meta property=\"og:image\" content=\"https:\/\/sokindsport.com\/wp-content\/uploads\/2024\/05\/SK-426-Product-Image-01.jpg\" \/>\n\t<meta property=\"og:image:width\" content=\"800\" \/>\n\t<meta property=\"og:image:height\" content=\"800\" \/>\n\t<meta property=\"og:image:type\" content=\"image\/jpeg\" \/>\n<meta name=\"twitter:card\" content=\"summary_large_image\" \/>\n<meta name=\"twitter:label1\" content=\"Tiempo de lectura\" \/>\n\t<meta name=\"twitter:data1\" content=\"2 minutos\" \/>\n<script type=\"application\/ld+json\" class=\"yoast-schema-graph\">{\"@context\":\"https:\\\/\\\/schema.org\",\"@graph\":[{\"@type\":\"WebPage\",\"@id\":\"https:\\\/\\\/sokindsport.com\\\/product\\\/wholesale-cycling-bib-shorts-underwear-3d-cycling-gel-pads-sk-426\\\/\",\"url\":\"https:\\\/\\\/sokindsport.com\\\/product\\\/wholesale-cycling-bib-shorts-underwear-3d-cycling-gel-pads-sk-426\\\/\",\"name\":\"Wholesale Custom Cycling Bib Shorts Underwear 3D Cycling Gel Pads SK-426\",\"isPartOf\":{\"@id\":\"https:\\\/\\\/sokindsport.com\\\/#website\"},\"primaryImageOfPage\":{\"@id\":\"https:\\\/\\\/sokindsport.com\\\/product\\\/wholesale-cycling-bib-shorts-underwear-3d-cycling-gel-pads-sk-426\\\/#primaryimage\"},\"image\":{\"@id\":\"https:\\\/\\\/sokindsport.com\\\/product\\\/wholesale-cycling-bib-shorts-underwear-3d-cycling-gel-pads-sk-426\\\/#primaryimage\"},\"thumbnailUrl\":\"https:\\\/\\\/sokindsport.com\\\/wp-content\\\/uploads\\\/2024\\\/05\\\/SK-426-Product-Image-01.jpg\",\"datePublished\":\"2024-05-14T02:19:16+00:00\",\"dateModified\":\"2024-05-14T02:45:34+00:00\",\"description\":\"Discover premium comfort with our customizable Cycling Gel Pads SK-426 for bib shorts. Ideal for bulk orders and online cycling stores. Free samples available.\",\"breadcrumb\":{\"@id\":\"https:\\\/\\\/sokindsport.com\\\/product\\\/wholesale-cycling-bib-shorts-underwear-3d-cycling-gel-pads-sk-426\\\/#breadcrumb\"},\"inLanguage\":\"es\",\"potentialAction\":[{\"@type\":\"ReadAction\",\"target\":[\"https:\\\/\\\/sokindsport.com\\\/product\\\/wholesale-cycling-bib-shorts-underwear-3d-cycling-gel-pads-sk-426\\\/\"]}]},{\"@type\":\"ImageObject\",\"inLanguage\":\"es\",\"@id\":\"https:\\\/\\\/sokindsport.com\\\/product\\\/wholesale-cycling-bib-shorts-underwear-3d-cycling-gel-pads-sk-426\\\/#primaryimage\",\"url\":\"https:\\\/\\\/sokindsport.com\\\/wp-content\\\/uploads\\\/2024\\\/05\\\/SK-426-Product-Image-01.jpg\",\"contentUrl\":\"https:\\\/\\\/sokindsport.com\\\/wp-content\\\/uploads\\\/2024\\\/05\\\/SK-426-Product-Image-01.jpg\",\"width\":800,\"height\":800,\"caption\":\"Sk 426 Product Image 01\"},{\"@type\":\"BreadcrumbList\",\"@id\":\"https:\\\/\\\/sokindsport.com\\\/product\\\/wholesale-cycling-bib-shorts-underwear-3d-cycling-gel-pads-sk-426\\\/#breadcrumb\",\"itemListElement\":[{\"@type\":\"ListItem\",\"position\":1,\"name\":\"Home\",\"item\":\"https:\\\/\\\/sokindsport.com\\\/\"},{\"@type\":\"ListItem\",\"position\":2,\"name\":\"\u5546\u5e97\",\"item\":\"https:\\\/\\\/sokindsport.com\\\/shop\\\/\"},{\"@type\":\"ListItem\",\"position\":3,\"name\":\"Wholesale Custom Cycling Bib Shorts Underwear 3D 5D 19D 20D Cycling Gel Pads SK-426\"}]},{\"@type\":\"WebSite\",\"@id\":\"https:\\\/\\\/sokindsport.com\\\/#website\",\"url\":\"https:\\\/\\\/sokindsport.com\\\/\",\"name\":\"Sokind Cycling Pad\",\"description\":\"Sokind Cycling Pad\",\"publisher\":{\"@id\":\"https:\\\/\\\/sokindsport.com\\\/#organization\"},\"potentialAction\":[{\"@type\":\"SearchAction\",\"target\":{\"@type\":\"EntryPoint\",\"urlTemplate\":\"https:\\\/\\\/sokindsport.com\\\/?s={search_term_string}\"},\"query-input\":{\"@type\":\"PropertyValueSpecification\",\"valueRequired\":true,\"valueName\":\"search_term_string\"}}],\"inLanguage\":\"es\"},{\"@type\":\"Organization\",\"@id\":\"https:\\\/\\\/sokindsport.com\\\/#organization\",\"name\":\"Sokind Cycling Pad\",\"url\":\"https:\\\/\\\/sokindsport.com\\\/\",\"logo\":{\"@type\":\"ImageObject\",\"inLanguage\":\"es\",\"@id\":\"https:\\\/\\\/sokindsport.com\\\/#\\\/schema\\\/logo\\\/image\\\/\",\"url\":\"https:\\\/\\\/sokindsport.com\\\/wp-content\\\/uploads\\\/2022\\\/02\\\/Sokind-Sport-Logo.png\",\"contentUrl\":\"https:\\\/\\\/sokindsport.com\\\/wp-content\\\/uploads\\\/2022\\\/02\\\/Sokind-Sport-Logo.png\",\"width\":250,\"height\":64,\"caption\":\"Sokind Cycling Pad\"},\"image\":{\"@id\":\"https:\\\/\\\/sokindsport.com\\\/#\\\/schema\\\/logo\\\/image\\\/\"}}]}<\/script>\n<!-- \/ Yoast SEO plugin. -->","yoast_head_json":{"title":"Mayorista Culotte con tirantes personalizado Ropa interior 3D Ciclismo Almohadillas de gel SK-426","description":"Descubre una comodidad superior con nuestras almohadillas de gel personalizables SK-426 para culottes. Ideal para pedidos al por mayor y tiendas de ciclismo online. Muestras gratuitas disponibles.","robots":{"index":"index","follow":"follow","max-snippet":"max-snippet:-1","max-image-preview":"max-image-preview:large","max-video-preview":"max-video-preview:-1"},"canonical":"https:\/\/sokindsport.com\/es\/producto\/venta-al-por-mayor-culotte-ciclismo-ropa-interior-3d-ciclismo-almohadillas-de-gel-sk-426\/","og_locale":"es_ES","og_type":"article","og_title":"Wholesale Custom Cycling Bib Shorts Underwear 3D Cycling Gel Pads SK-426","og_description":"Discover premium comfort with our customizable Cycling Gel Pads SK-426 for bib shorts. Ideal for bulk orders and online cycling stores. Free samples available.","og_url":"https:\/\/sokindsport.com\/es\/producto\/venta-al-por-mayor-culotte-ciclismo-ropa-interior-3d-ciclismo-almohadillas-de-gel-sk-426\/","og_site_name":"Sokind Cycling Pad","article_modified_time":"2024-05-14T02:45:34+00:00","og_image":[{"width":800,"height":800,"url":"https:\/\/sokindsport.com\/wp-content\/uploads\/2024\/05\/SK-426-Product-Image-01.jpg","type":"image\/jpeg"}],"twitter_card":"summary_large_image","twitter_misc":{"Tiempo de lectura":"2 minutos"},"schema":{"@context":"https:\/\/schema.org","@graph":[{"@type":"WebPage","@id":"https:\/\/sokindsport.com\/product\/wholesale-cycling-bib-shorts-underwear-3d-cycling-gel-pads-sk-426\/","url":"https:\/\/sokindsport.com\/product\/wholesale-cycling-bib-shorts-underwear-3d-cycling-gel-pads-sk-426\/","name":"Mayorista Culotte con tirantes personalizado Ropa interior 3D Ciclismo Almohadillas de gel SK-426","isPartOf":{"@id":"https:\/\/sokindsport.com\/#website"},"primaryImageOfPage":{"@id":"https:\/\/sokindsport.com\/product\/wholesale-cycling-bib-shorts-underwear-3d-cycling-gel-pads-sk-426\/#primaryimage"},"image":{"@id":"https:\/\/sokindsport.com\/product\/wholesale-cycling-bib-shorts-underwear-3d-cycling-gel-pads-sk-426\/#primaryimage"},"thumbnailUrl":"https:\/\/sokindsport.com\/wp-content\/uploads\/2024\/05\/SK-426-Product-Image-01.jpg","datePublished":"2024-05-14T02:19:16+00:00","dateModified":"2024-05-14T02:45:34+00:00","description":"Descubre una comodidad superior con nuestras almohadillas de gel personalizables SK-426 para culottes. Ideal para pedidos al por mayor y tiendas de ciclismo online. Muestras gratuitas disponibles.","breadcrumb":{"@id":"https:\/\/sokindsport.com\/product\/wholesale-cycling-bib-shorts-underwear-3d-cycling-gel-pads-sk-426\/#breadcrumb"},"inLanguage":"es","potentialAction":[{"@type":"ReadAction","target":["https:\/\/sokindsport.com\/product\/wholesale-cycling-bib-shorts-underwear-3d-cycling-gel-pads-sk-426\/"]}]},{"@type":"ImageObject","inLanguage":"es","@id":"https:\/\/sokindsport.com\/product\/wholesale-cycling-bib-shorts-underwear-3d-cycling-gel-pads-sk-426\/#primaryimage","url":"https:\/\/sokindsport.com\/wp-content\/uploads\/2024\/05\/SK-426-Product-Image-01.jpg","contentUrl":"https:\/\/sokindsport.com\/wp-content\/uploads\/2024\/05\/SK-426-Product-Image-01.jpg","width":800,"height":800,"caption":"Sk 426 Product Image 01"},{"@type":"BreadcrumbList","@id":"https:\/\/sokindsport.com\/product\/wholesale-cycling-bib-shorts-underwear-3d-cycling-gel-pads-sk-426\/#breadcrumb","itemListElement":[{"@type":"ListItem","position":1,"name":"Home","item":"https:\/\/sokindsport.com\/"},{"@type":"ListItem","position":2,"name":"\u5546\u5e97","item":"https:\/\/sokindsport.com\/shop\/"},{"@type":"ListItem","position":3,"name":"Wholesale Custom Cycling Bib Shorts Underwear 3D 5D 19D 20D Cycling Gel Pads SK-426"}]},{"@type":"WebSite","@id":"https:\/\/sokindsport.com\/#website","url":"https:\/\/sokindsport.com\/","name":"Coj\u00edn de ciclismo Sokind","description":"Coj\u00edn de ciclismo Sokind","publisher":{"@id":"https:\/\/sokindsport.com\/#organization"},"potentialAction":[{"@type":"SearchAction","target":{"@type":"EntryPoint","urlTemplate":"https:\/\/sokindsport.com\/?s={search_term_string}"},"query-input":{"@type":"PropertyValueSpecification","valueRequired":true,"valueName":"search_term_string"}}],"inLanguage":"es"},{"@type":"Organization","@id":"https:\/\/sokindsport.com\/#organization","name":"Coj\u00edn de ciclismo Sokind","url":"https:\/\/sokindsport.com\/","logo":{"@type":"ImageObject","inLanguage":"es","@id":"https:\/\/sokindsport.com\/#\/schema\/logo\/image\/","url":"https:\/\/sokindsport.com\/wp-content\/uploads\/2022\/02\/Sokind-Sport-Logo.png","contentUrl":"https:\/\/sokindsport.com\/wp-content\/uploads\/2022\/02\/Sokind-Sport-Logo.png","width":250,"height":64,"caption":"Sokind Cycling Pad"},"image":{"@id":"https:\/\/sokindsport.com\/#\/schema\/logo\/image\/"}}]}},"_links":{"self":[{"href":"https:\/\/sokindsport.com\/es\/wp-json\/wp\/v2\/product\/2931","targetHints":{"allow":["GET"]}}],"collection":[{"href":"https:\/\/sokindsport.com\/es\/wp-json\/wp\/v2\/product"}],"about":[{"href":"https:\/\/sokindsport.com\/es\/wp-json\/wp\/v2\/types\/product"}],"replies":[{"embeddable":true,"href":"https:\/\/sokindsport.com\/es\/wp-json\/wp\/v2\/comments?post=2931"}],"version-history":[{"count":0,"href":"https:\/\/sokindsport.com\/es\/wp-json\/wp\/v2\/product\/2931\/revisions"}],"wp:featuredmedia":[{"embeddable":true,"href":"https:\/\/sokindsport.com\/es\/wp-json\/wp\/v2\/media\/2933"}],"wp:attachment":[{"href":"https:\/\/sokindsport.com\/es\/wp-json\/wp\/v2\/media?parent=2931"}],"wp:term":[{"taxonomy":"product_brand","embeddable":true,"href":"https:\/\/sokindsport.com\/es\/wp-json\/wp\/v2\/product_brand?post=2931"},{"taxonomy":"product_cat","embeddable":true,"href":"https:\/\/sokindsport.com\/es\/wp-json\/wp\/v2\/product_cat?post=2931"},{"taxonomy":"product_tag","embeddable":true,"href":"https:\/\/sokindsport.com\/es\/wp-json\/wp\/v2\/product_tag?post=2931"}],"curies":[{"name":"wp","href":"https:\/\/api.w.org\/{rel}","templated":true}]}}