{"id":2913,"date":"2024-05-08T09:54:26","date_gmt":"2024-05-08T09:54:26","guid":{"rendered":"https:\/\/sokindsport.com\/?post_type=product&#038;p=2913"},"modified":"2024-05-08T15:37:00","modified_gmt":"2024-05-08T15:37:00","slug":"badana-ciclismo-unisex-transpirable-punzonada-entrepierna-sk-845","status":"publish","type":"product","link":"https:\/\/sokindsport.com\/es\/product\/unisex-bike-chamois-breathable-punching-cycling-crotch-pad-sk-845\/","title":{"rendered":"Badana de ciclismo transpirable unisex SK-845"},"content":{"rendered":"<p>Presentamos la badana unisex SK-845, un producto revolucionario de una empresa con una larga tradici\u00f3n en el avance de la comodidad y el rendimiento en el ciclismo. Fabricada con precisi\u00f3n y con los mejores materiales, esta almohadilla para ciclismo es la opci\u00f3n preferida de fabricantes y minoristas que desean ofrecer a sus clientes una calidad inigualable.<\/p>\n<p><strong>Caracter\u00edsticas principales:<\/strong><\/p>\n<ul>\n<li><strong>Opciones de doble grosor:<\/strong> Disponible en 4 mm para un confort aerodin\u00e1mico y en 15 mm para una mayor amortiguaci\u00f3n.<\/li>\n<li><strong>Densidad de espuma variada:<\/strong> Elija entre 55 kg\/m3 para un soporte m\u00e1s ligero y flexible, y 80 kg\/m3 para un uso robusto y duradero.<\/li>\n<li><strong>Dimensiones generosas:<\/strong> Espec\u00edficamente dise\u00f1ado en 36.5*21.5cm para asegurar un ajuste perfecto en varios estilos de ropa de ciclismo.<\/li>\n<li><strong>Espuma Premium importada:<\/strong> Utiliza espuma de alta calidad que cumple estrictas normas medioambientales y de calidad.<\/li>\n<li><strong>Caracter\u00edsticas de confort avanzadas:<\/strong> Ofrece un confort optimizado, una mitigaci\u00f3n superior de los impactos y un alivio eficaz de la presi\u00f3n, lo que hace que los viajes largos sean m\u00e1s agradables.<\/li>\n<\/ul>\n<p><strong>Ventajas:<\/strong><\/p>\n<ul>\n<li><strong>Personalizaci\u00f3n vers\u00e1til:<\/strong> Soluciones a medida para satisfacer las diversas necesidades del mercado, desde minoristas locales a marcas internacionales.<\/li>\n<li><strong>Pr\u00e1cticas sostenibles:<\/strong> Comprometidos con la sostenibilidad medioambiental con materiales reciclables y t\u00e9cnicas de producci\u00f3n avanzadas y respetuosas con el medio ambiente.<\/li>\n<li><strong>Experiencia e innovaci\u00f3n:<\/strong> Aprovecha d\u00e9cadas de experiencia en el sector y un profundo conocimiento del dise\u00f1o ergon\u00f3mico influenciado por las principales marcas italianas.<\/li>\n<li><strong>Calidad garantizada:<\/strong> Cada almohadilla se somete a rigurosas pruebas y controles de calidad para garantizar que resiste las exigencias de los ciclistas activos.<\/li>\n<li><strong>Calcetines de ciclismo certificados<\/strong>: Certificado Okex-tex 100, GRS, UL, CE, ISO<\/li>\n<li><strong>F\u00e1brica con 10 a\u00f1os de experiencia<\/strong>con m\u00e1s de 10 a\u00f1os de experiencia en la fabricaci\u00f3n de almohadillas para ciclismo.<\/li>\n<\/ul>\n<p>El SK-845 est\u00e1 dise\u00f1ado para satisfacer las expectativas de una clientela exigente que busca rendimiento y sostenibilidad en sus productos para ciclismo.<\/p>\n<p>Mejore su oferta de art\u00edculos de ciclismo con la badana unisex SK-845 y ofrezca a sus clientes un producto que combina tradici\u00f3n, innovaci\u00f3n y compromiso con la calidad y la sostenibilidad. Haz tu pedido ahora y empieza a dejar huella en la comunidad ciclista.<\/p>","protected":false},"excerpt":{"rendered":"<p>Presentamos la almohadilla de entrepierna SK-845, un producto revolucionario de Sokind Sport, que cuenta con una larga tradici\u00f3n en la mejora de la comodidad y el rendimiento en el ciclismo. Fabricada con precisi\u00f3n y con los mejores materiales, esta almohadilla de ciclismo es la opci\u00f3n preferida de fabricantes y minoristas que desean ofrecer a sus clientes una calidad inigualable.<\/p>\n<p><strong>Nombre del producto<\/strong>: Almohadilla para la entrepierna<\/p>\n<p><strong>Modelo NO.<\/strong>: SK-845<\/p>\n<p><strong>Color<\/strong>: Gris \/ Personalizado<\/p>\n<p><strong>Espesor<\/strong>: 4mm \/ 15mm<\/p>\n<p><strong>Densidad de la espuma:<\/strong> 55 kg\/m<sup>3<\/sup> | 80 kg\/m<sup>3<\/sup><\/p>\n<p><strong>Talla<\/strong>: 36.5*21.5cm<\/p>\n<p><strong>Tejido Pad's Face:<\/strong>\u00a080% Nylon \/ 20% Spandex<\/p>\n<p><strong>Caracter\u00edsticas<\/strong>: Mayor confort, excelente amortiguaci\u00f3n, alivio de la presi\u00f3n<\/p>","protected":false},"featured_media":2915,"comment_status":"open","ping_status":"closed","template":"","meta":[],"product_brand":[],"product_cat":[48],"product_tag":[45],"class_list":{"0":"post-2913","1":"product","2":"type-product","3":"status-publish","4":"has-post-thumbnail","6":"product_cat-new-pad","7":"product_tag-cycling-pads","9":"first","10":"instock","11":"shipping-taxable","12":"product-type-simple"},"yoast_head":"<!-- This site is optimized with the Yoast SEO plugin v27.4 - https:\/\/yoast.com\/product\/yoast-seo-wordpress\/ -->\n<title>Unisex Bike Chamois Breathable Punching Cycling Crotch Pad SK-845<\/title>\n<meta name=\"description\" content=\"Unisex Cycling Crotch Pad SK-845: Superior comfort, robust impact protection, and eco-friendly design for business cycling gear retailers and wholesalers.\" \/>\n<meta name=\"robots\" content=\"index, follow, max-snippet:-1, max-image-preview:large, max-video-preview:-1\" \/>\n<link rel=\"canonical\" href=\"https:\/\/sokindsport.com\/es\/producto\/badana-ciclismo-unisex-transpirable-punzonada-entrepierna-sk-845\/\" \/>\n<meta property=\"og:locale\" content=\"es_ES\" \/>\n<meta property=\"og:type\" content=\"article\" \/>\n<meta property=\"og:title\" content=\"Unisex Bike Chamois Breathable Punching Cycling Crotch Pad SK-845\" \/>\n<meta property=\"og:description\" content=\"Unisex Cycling Crotch Pad SK-845: Superior comfort, robust impact protection, and eco-friendly design for business cycling gear retailers and wholesalers.\" \/>\n<meta property=\"og:url\" content=\"https:\/\/sokindsport.com\/es\/producto\/badana-ciclismo-unisex-transpirable-punzonada-entrepierna-sk-845\/\" \/>\n<meta property=\"og:site_name\" content=\"Sokind Cycling Pad\" \/>\n<meta property=\"article:modified_time\" content=\"2024-05-08T15:37:00+00:00\" \/>\n<meta property=\"og:image\" content=\"https:\/\/sokindsport.com\/wp-content\/uploads\/2024\/05\/Unisex-Bike-Chamois-Breathable-Punching-Cycling-Crotch-Pad-SK-845-Product-Image.jpg\" \/>\n\t<meta property=\"og:image:width\" content=\"800\" \/>\n\t<meta property=\"og:image:height\" content=\"800\" \/>\n\t<meta property=\"og:image:type\" content=\"image\/jpeg\" \/>\n<meta name=\"twitter:card\" content=\"summary_large_image\" \/>\n<meta name=\"twitter:label1\" content=\"Tiempo de lectura\" \/>\n\t<meta name=\"twitter:data1\" content=\"2 minutos\" \/>\n<script type=\"application\/ld+json\" class=\"yoast-schema-graph\">{\"@context\":\"https:\\\/\\\/schema.org\",\"@graph\":[{\"@type\":\"WebPage\",\"@id\":\"https:\\\/\\\/sokindsport.com\\\/product\\\/unisex-bike-chamois-breathable-punching-cycling-crotch-pad-sk-845\\\/\",\"url\":\"https:\\\/\\\/sokindsport.com\\\/product\\\/unisex-bike-chamois-breathable-punching-cycling-crotch-pad-sk-845\\\/\",\"name\":\"Unisex Bike Chamois Breathable Punching Cycling Crotch Pad SK-845\",\"isPartOf\":{\"@id\":\"https:\\\/\\\/sokindsport.com\\\/#website\"},\"primaryImageOfPage\":{\"@id\":\"https:\\\/\\\/sokindsport.com\\\/product\\\/unisex-bike-chamois-breathable-punching-cycling-crotch-pad-sk-845\\\/#primaryimage\"},\"image\":{\"@id\":\"https:\\\/\\\/sokindsport.com\\\/product\\\/unisex-bike-chamois-breathable-punching-cycling-crotch-pad-sk-845\\\/#primaryimage\"},\"thumbnailUrl\":\"https:\\\/\\\/sokindsport.com\\\/wp-content\\\/uploads\\\/2024\\\/05\\\/Unisex-Bike-Chamois-Breathable-Punching-Cycling-Crotch-Pad-SK-845-Product-Image.jpg\",\"datePublished\":\"2024-05-08T09:54:26+00:00\",\"dateModified\":\"2024-05-08T15:37:00+00:00\",\"description\":\"Unisex Cycling Crotch Pad SK-845: Superior comfort, robust impact protection, and eco-friendly design for business cycling gear retailers and wholesalers.\",\"breadcrumb\":{\"@id\":\"https:\\\/\\\/sokindsport.com\\\/product\\\/unisex-bike-chamois-breathable-punching-cycling-crotch-pad-sk-845\\\/#breadcrumb\"},\"inLanguage\":\"es\",\"potentialAction\":[{\"@type\":\"ReadAction\",\"target\":[\"https:\\\/\\\/sokindsport.com\\\/product\\\/unisex-bike-chamois-breathable-punching-cycling-crotch-pad-sk-845\\\/\"]}]},{\"@type\":\"ImageObject\",\"inLanguage\":\"es\",\"@id\":\"https:\\\/\\\/sokindsport.com\\\/product\\\/unisex-bike-chamois-breathable-punching-cycling-crotch-pad-sk-845\\\/#primaryimage\",\"url\":\"https:\\\/\\\/sokindsport.com\\\/wp-content\\\/uploads\\\/2024\\\/05\\\/Unisex-Bike-Chamois-Breathable-Punching-Cycling-Crotch-Pad-SK-845-Product-Image.jpg\",\"contentUrl\":\"https:\\\/\\\/sokindsport.com\\\/wp-content\\\/uploads\\\/2024\\\/05\\\/Unisex-Bike-Chamois-Breathable-Punching-Cycling-Crotch-Pad-SK-845-Product-Image.jpg\",\"width\":800,\"height\":800,\"caption\":\"Unisex Bike Chamois Breathable Punching Cycling Crotch Pad Sk 845 Product Image\"},{\"@type\":\"BreadcrumbList\",\"@id\":\"https:\\\/\\\/sokindsport.com\\\/product\\\/unisex-bike-chamois-breathable-punching-cycling-crotch-pad-sk-845\\\/#breadcrumb\",\"itemListElement\":[{\"@type\":\"ListItem\",\"position\":1,\"name\":\"Home\",\"item\":\"https:\\\/\\\/sokindsport.com\\\/\"},{\"@type\":\"ListItem\",\"position\":2,\"name\":\"\u5546\u5e97\",\"item\":\"https:\\\/\\\/sokindsport.com\\\/shop\\\/\"},{\"@type\":\"ListItem\",\"position\":3,\"name\":\"Unisex Bike Chamois Breathable Punching Cycling Crotch Pad SK-845\"}]},{\"@type\":\"WebSite\",\"@id\":\"https:\\\/\\\/sokindsport.com\\\/#website\",\"url\":\"https:\\\/\\\/sokindsport.com\\\/\",\"name\":\"Sokind Cycling Pad\",\"description\":\"Sokind Cycling Pad\",\"publisher\":{\"@id\":\"https:\\\/\\\/sokindsport.com\\\/#organization\"},\"potentialAction\":[{\"@type\":\"SearchAction\",\"target\":{\"@type\":\"EntryPoint\",\"urlTemplate\":\"https:\\\/\\\/sokindsport.com\\\/?s={search_term_string}\"},\"query-input\":{\"@type\":\"PropertyValueSpecification\",\"valueRequired\":true,\"valueName\":\"search_term_string\"}}],\"inLanguage\":\"es\"},{\"@type\":\"Organization\",\"@id\":\"https:\\\/\\\/sokindsport.com\\\/#organization\",\"name\":\"Sokind Cycling Pad\",\"url\":\"https:\\\/\\\/sokindsport.com\\\/\",\"logo\":{\"@type\":\"ImageObject\",\"inLanguage\":\"es\",\"@id\":\"https:\\\/\\\/sokindsport.com\\\/#\\\/schema\\\/logo\\\/image\\\/\",\"url\":\"https:\\\/\\\/sokindsport.com\\\/wp-content\\\/uploads\\\/2022\\\/02\\\/Sokind-Sport-Logo.png\",\"contentUrl\":\"https:\\\/\\\/sokindsport.com\\\/wp-content\\\/uploads\\\/2022\\\/02\\\/Sokind-Sport-Logo.png\",\"width\":250,\"height\":64,\"caption\":\"Sokind Cycling Pad\"},\"image\":{\"@id\":\"https:\\\/\\\/sokindsport.com\\\/#\\\/schema\\\/logo\\\/image\\\/\"}}]}<\/script>\n<!-- \/ Yoast SEO plugin. -->","yoast_head_json":{"title":"Badana de ciclismo transpirable unisex SK-845","description":"Almohadilla de entrepierna para ciclismo unisex SK-845: Confort superior, s\u00f3lida protecci\u00f3n contra impactos y dise\u00f1o respetuoso con el medio ambiente para mayoristas y minoristas de art\u00edculos de ciclismo.","robots":{"index":"index","follow":"follow","max-snippet":"max-snippet:-1","max-image-preview":"max-image-preview:large","max-video-preview":"max-video-preview:-1"},"canonical":"https:\/\/sokindsport.com\/es\/producto\/badana-ciclismo-unisex-transpirable-punzonada-entrepierna-sk-845\/","og_locale":"es_ES","og_type":"article","og_title":"Unisex Bike Chamois Breathable Punching Cycling Crotch Pad SK-845","og_description":"Unisex Cycling Crotch Pad SK-845: Superior comfort, robust impact protection, and eco-friendly design for business cycling gear retailers and wholesalers.","og_url":"https:\/\/sokindsport.com\/es\/producto\/badana-ciclismo-unisex-transpirable-punzonada-entrepierna-sk-845\/","og_site_name":"Sokind Cycling Pad","article_modified_time":"2024-05-08T15:37:00+00:00","og_image":[{"width":800,"height":800,"url":"https:\/\/sokindsport.com\/wp-content\/uploads\/2024\/05\/Unisex-Bike-Chamois-Breathable-Punching-Cycling-Crotch-Pad-SK-845-Product-Image.jpg","type":"image\/jpeg"}],"twitter_card":"summary_large_image","twitter_misc":{"Tiempo de lectura":"2 minutos"},"schema":{"@context":"https:\/\/schema.org","@graph":[{"@type":"WebPage","@id":"https:\/\/sokindsport.com\/product\/unisex-bike-chamois-breathable-punching-cycling-crotch-pad-sk-845\/","url":"https:\/\/sokindsport.com\/product\/unisex-bike-chamois-breathable-punching-cycling-crotch-pad-sk-845\/","name":"Badana de ciclismo transpirable unisex SK-845","isPartOf":{"@id":"https:\/\/sokindsport.com\/#website"},"primaryImageOfPage":{"@id":"https:\/\/sokindsport.com\/product\/unisex-bike-chamois-breathable-punching-cycling-crotch-pad-sk-845\/#primaryimage"},"image":{"@id":"https:\/\/sokindsport.com\/product\/unisex-bike-chamois-breathable-punching-cycling-crotch-pad-sk-845\/#primaryimage"},"thumbnailUrl":"https:\/\/sokindsport.com\/wp-content\/uploads\/2024\/05\/Unisex-Bike-Chamois-Breathable-Punching-Cycling-Crotch-Pad-SK-845-Product-Image.jpg","datePublished":"2024-05-08T09:54:26+00:00","dateModified":"2024-05-08T15:37:00+00:00","description":"Almohadilla de entrepierna para ciclismo unisex SK-845: Confort superior, s\u00f3lida protecci\u00f3n contra impactos y dise\u00f1o respetuoso con el medio ambiente para mayoristas y minoristas de art\u00edculos de ciclismo.","breadcrumb":{"@id":"https:\/\/sokindsport.com\/product\/unisex-bike-chamois-breathable-punching-cycling-crotch-pad-sk-845\/#breadcrumb"},"inLanguage":"es","potentialAction":[{"@type":"ReadAction","target":["https:\/\/sokindsport.com\/product\/unisex-bike-chamois-breathable-punching-cycling-crotch-pad-sk-845\/"]}]},{"@type":"ImageObject","inLanguage":"es","@id":"https:\/\/sokindsport.com\/product\/unisex-bike-chamois-breathable-punching-cycling-crotch-pad-sk-845\/#primaryimage","url":"https:\/\/sokindsport.com\/wp-content\/uploads\/2024\/05\/Unisex-Bike-Chamois-Breathable-Punching-Cycling-Crotch-Pad-SK-845-Product-Image.jpg","contentUrl":"https:\/\/sokindsport.com\/wp-content\/uploads\/2024\/05\/Unisex-Bike-Chamois-Breathable-Punching-Cycling-Crotch-Pad-SK-845-Product-Image.jpg","width":800,"height":800,"caption":"Unisex Bike Chamois Breathable Punching Cycling Crotch Pad Sk 845 Product Image"},{"@type":"BreadcrumbList","@id":"https:\/\/sokindsport.com\/product\/unisex-bike-chamois-breathable-punching-cycling-crotch-pad-sk-845\/#breadcrumb","itemListElement":[{"@type":"ListItem","position":1,"name":"Home","item":"https:\/\/sokindsport.com\/"},{"@type":"ListItem","position":2,"name":"\u5546\u5e97","item":"https:\/\/sokindsport.com\/shop\/"},{"@type":"ListItem","position":3,"name":"Unisex Bike Chamois Breathable Punching Cycling Crotch Pad SK-845"}]},{"@type":"WebSite","@id":"https:\/\/sokindsport.com\/#website","url":"https:\/\/sokindsport.com\/","name":"Coj\u00edn de ciclismo Sokind","description":"Coj\u00edn de ciclismo Sokind","publisher":{"@id":"https:\/\/sokindsport.com\/#organization"},"potentialAction":[{"@type":"SearchAction","target":{"@type":"EntryPoint","urlTemplate":"https:\/\/sokindsport.com\/?s={search_term_string}"},"query-input":{"@type":"PropertyValueSpecification","valueRequired":true,"valueName":"search_term_string"}}],"inLanguage":"es"},{"@type":"Organization","@id":"https:\/\/sokindsport.com\/#organization","name":"Coj\u00edn de ciclismo Sokind","url":"https:\/\/sokindsport.com\/","logo":{"@type":"ImageObject","inLanguage":"es","@id":"https:\/\/sokindsport.com\/#\/schema\/logo\/image\/","url":"https:\/\/sokindsport.com\/wp-content\/uploads\/2022\/02\/Sokind-Sport-Logo.png","contentUrl":"https:\/\/sokindsport.com\/wp-content\/uploads\/2022\/02\/Sokind-Sport-Logo.png","width":250,"height":64,"caption":"Sokind Cycling Pad"},"image":{"@id":"https:\/\/sokindsport.com\/#\/schema\/logo\/image\/"}}]}},"_links":{"self":[{"href":"https:\/\/sokindsport.com\/es\/wp-json\/wp\/v2\/product\/2913","targetHints":{"allow":["GET"]}}],"collection":[{"href":"https:\/\/sokindsport.com\/es\/wp-json\/wp\/v2\/product"}],"about":[{"href":"https:\/\/sokindsport.com\/es\/wp-json\/wp\/v2\/types\/product"}],"replies":[{"embeddable":true,"href":"https:\/\/sokindsport.com\/es\/wp-json\/wp\/v2\/comments?post=2913"}],"version-history":[{"count":0,"href":"https:\/\/sokindsport.com\/es\/wp-json\/wp\/v2\/product\/2913\/revisions"}],"wp:featuredmedia":[{"embeddable":true,"href":"https:\/\/sokindsport.com\/es\/wp-json\/wp\/v2\/media\/2915"}],"wp:attachment":[{"href":"https:\/\/sokindsport.com\/es\/wp-json\/wp\/v2\/media?parent=2913"}],"wp:term":[{"taxonomy":"product_brand","embeddable":true,"href":"https:\/\/sokindsport.com\/es\/wp-json\/wp\/v2\/product_brand?post=2913"},{"taxonomy":"product_cat","embeddable":true,"href":"https:\/\/sokindsport.com\/es\/wp-json\/wp\/v2\/product_cat?post=2913"},{"taxonomy":"product_tag","embeddable":true,"href":"https:\/\/sokindsport.com\/es\/wp-json\/wp\/v2\/product_tag?post=2913"}],"curies":[{"name":"wp","href":"https:\/\/api.w.org\/{rel}","templated":true}]}}