{"id":2886,"date":"2024-05-07T00:31:42","date_gmt":"2024-05-07T00:31:42","guid":{"rendered":"https:\/\/sokindsport.com\/?post_type=product&#038;p=2886"},"modified":"2024-05-08T03:39:29","modified_gmt":"2024-05-08T03:39:29","slug":"badana-de-espuma-gruesa-para-ciclismo-femenino","status":"publish","type":"product","link":"https:\/\/sokindsport.com\/es\/product\/thick-foam-chamois-pad-for-women-cycling\/","title":{"rendered":"Badana gruesa de espuma para ciclismo femenino SK-816"},"content":{"rendered":"<h4>Mayor confort<\/h4>\n<p>El dise\u00f1o tridimensional del coj\u00edn del sill\u00edn de ciclismo proporciona una comodidad superior en comparaci\u00f3n con los sillines de bicicleta normales. Presenta m\u00faltiples capas de acolchado e inserciones de espuma o gel estrat\u00e9gicamente colocadas, que ayudan a distribuir la presi\u00f3n uniformemente por las nalgas y la zona p\u00e9lvica. Este efecto amortiguador reduce las molestias, minimiza las llagas del sill\u00edn y alivia los puntos de presi\u00f3n, lo que permite a los ciclistas disfrutar de salidas m\u00e1s largas sin dolor ni entumecimiento.<\/p>\n<h4>Absorci\u00f3n de impactos<\/h4>\n<p>La badana de espuma del coj\u00edn tridimensional del sill\u00edn de ciclismo act\u00faa como amortiguador, amortiguando eficazmente las vibraciones y los impactos producidos por caminos accidentados o terrenos irregulares. Esta caracter\u00edstica es especialmente beneficiosa para el ciclismo todoterreno o de monta\u00f1a, donde el sill\u00edn de la bicicleta est\u00e1 sometido a m\u00e1s sacudidas y baches. La capacidad del coj\u00edn para absorber los impactos ayuda a minimizar la fatiga y la tensi\u00f3n en el cuerpo del ciclista, lo que permite una conducci\u00f3n m\u00e1s agradable y suave.<\/p>\n<h4>Mejora la circulaci\u00f3n sangu\u00ednea<\/h4>\n<p>El dise\u00f1o tridimensional suele incluir contornos anat\u00f3micos y recortes estrat\u00e9gicamente situados para mejorar la circulaci\u00f3n sangu\u00ednea en la zona perineal. Al reducir la presi\u00f3n sobre los sensibles vasos sangu\u00edneos y nervios, el coj\u00edn ayuda a prevenir el entumecimiento, el hormigueo y los posibles problemas de salud a largo plazo asociados a la restricci\u00f3n del flujo sangu\u00edneo. Una circulaci\u00f3n sangu\u00ednea adecuada es crucial para mantener el confort y reducir el riesgo de molestias durante y despu\u00e9s de la conducci\u00f3n.<\/p>","protected":false},"excerpt":{"rendered":"<p><strong>Especificaciones de producto de la badana de espuma gruesa<\/strong><\/p>\n<p><strong>Modelo NO.<\/strong>: SK-816<\/p>\n<p><strong>Color<\/strong>: Gris<\/p>\n<p><strong>Densidad:<\/strong> 55kg\/m3+120kg\/m3<\/p>\n<p><strong>Tejido Pad's Face:<\/strong>\u00a080% Nylon \/ 20% Spandex<\/p>\n<p><strong>Espuma:<\/strong>\u00a0Perforado de alto impacto. Las c\u00e9lulas de la espuma son de \"estructura celular abierta\", lo que permite el transporte de agua manteniendo su capacidad para absorber impactos sin tocar fondo.<\/p>","protected":false},"featured_media":2457,"comment_status":"open","ping_status":"closed","template":"","meta":[],"product_brand":[],"product_cat":[48],"product_tag":[45],"class_list":{"0":"post-2886","1":"product","2":"type-product","3":"status-publish","4":"has-post-thumbnail","6":"product_cat-new-pad","7":"product_tag-cycling-pads","9":"first","10":"instock","11":"shipping-taxable","12":"product-type-simple"},"yoast_head":"<!-- This site is optimized with the Yoast SEO plugin v27.4 - https:\/\/yoast.com\/product\/yoast-seo-wordpress\/ -->\n<title>Excellent Chamois Cycling Pad F06 - Sokind Cycling Pad Manufacturer<\/title>\n<meta name=\"description\" content=\"one stop manufacturer for Foam Chamois Pad for women with factory prices. OEM\/ODM available with UL, SGS, Okex-tex certificates.\" \/>\n<meta name=\"robots\" content=\"index, follow, max-snippet:-1, max-image-preview:large, max-video-preview:-1\" \/>\n<link rel=\"canonical\" href=\"https:\/\/sokindsport.com\/es\/producto\/badana-de-espuma-gruesa-para-ciclismo-femenino\/\" \/>\n<meta property=\"og:locale\" content=\"es_ES\" \/>\n<meta property=\"og:type\" content=\"article\" \/>\n<meta property=\"og:title\" content=\"Excellent Chamois Cycling Pad F06 - Sokind Cycling Pad Manufacturer\" \/>\n<meta property=\"og:description\" content=\"one stop manufacturer for Foam Chamois Pad for women with factory prices. OEM\/ODM available with UL, SGS, Okex-tex certificates.\" \/>\n<meta property=\"og:url\" content=\"https:\/\/sokindsport.com\/es\/producto\/badana-de-espuma-gruesa-para-ciclismo-femenino\/\" \/>\n<meta property=\"og:site_name\" content=\"Sokind Cycling Pad\" \/>\n<meta property=\"article:modified_time\" content=\"2024-05-08T03:39:29+00:00\" \/>\n<meta property=\"og:image\" content=\"https:\/\/sokindsport.com\/wp-content\/uploads\/2023\/11\/sk816-c.png\" \/>\n\t<meta property=\"og:image:width\" content=\"800\" \/>\n\t<meta property=\"og:image:height\" content=\"800\" \/>\n\t<meta property=\"og:image:type\" content=\"image\/png\" \/>\n<meta name=\"twitter:card\" content=\"summary_large_image\" \/>\n<meta name=\"twitter:label1\" content=\"Tiempo de lectura\" \/>\n\t<meta name=\"twitter:data1\" content=\"2 minutos\" \/>\n<script type=\"application\/ld+json\" class=\"yoast-schema-graph\">{\"@context\":\"https:\\\/\\\/schema.org\",\"@graph\":[{\"@type\":\"WebPage\",\"@id\":\"https:\\\/\\\/sokindsport.com\\\/product\\\/thick-foam-chamois-pad-for-women-cycling\\\/\",\"url\":\"https:\\\/\\\/sokindsport.com\\\/product\\\/thick-foam-chamois-pad-for-women-cycling\\\/\",\"name\":\"Excellent Chamois Cycling Pad F06 - Sokind Cycling Pad Manufacturer\",\"isPartOf\":{\"@id\":\"https:\\\/\\\/sokindsport.com\\\/#website\"},\"primaryImageOfPage\":{\"@id\":\"https:\\\/\\\/sokindsport.com\\\/product\\\/thick-foam-chamois-pad-for-women-cycling\\\/#primaryimage\"},\"image\":{\"@id\":\"https:\\\/\\\/sokindsport.com\\\/product\\\/thick-foam-chamois-pad-for-women-cycling\\\/#primaryimage\"},\"thumbnailUrl\":\"https:\\\/\\\/sokindsport.com\\\/wp-content\\\/uploads\\\/2023\\\/11\\\/sk816-c.png\",\"datePublished\":\"2024-05-07T00:31:42+00:00\",\"dateModified\":\"2024-05-08T03:39:29+00:00\",\"description\":\"one stop manufacturer for Foam Chamois Pad for women with factory prices. OEM\\\/ODM available with UL, SGS, Okex-tex certificates.\",\"breadcrumb\":{\"@id\":\"https:\\\/\\\/sokindsport.com\\\/product\\\/thick-foam-chamois-pad-for-women-cycling\\\/#breadcrumb\"},\"inLanguage\":\"es\",\"potentialAction\":[{\"@type\":\"ReadAction\",\"target\":[\"https:\\\/\\\/sokindsport.com\\\/product\\\/thick-foam-chamois-pad-for-women-cycling\\\/\"]}]},{\"@type\":\"ImageObject\",\"inLanguage\":\"es\",\"@id\":\"https:\\\/\\\/sokindsport.com\\\/product\\\/thick-foam-chamois-pad-for-women-cycling\\\/#primaryimage\",\"url\":\"https:\\\/\\\/sokindsport.com\\\/wp-content\\\/uploads\\\/2023\\\/11\\\/sk816-c.png\",\"contentUrl\":\"https:\\\/\\\/sokindsport.com\\\/wp-content\\\/uploads\\\/2023\\\/11\\\/sk816-c.png\",\"width\":800,\"height\":800,\"caption\":\"sk816 Thick Foam Chamois Pad for Women Cycling product image\"},{\"@type\":\"BreadcrumbList\",\"@id\":\"https:\\\/\\\/sokindsport.com\\\/product\\\/thick-foam-chamois-pad-for-women-cycling\\\/#breadcrumb\",\"itemListElement\":[{\"@type\":\"ListItem\",\"position\":1,\"name\":\"Home\",\"item\":\"https:\\\/\\\/sokindsport.com\\\/\"},{\"@type\":\"ListItem\",\"position\":2,\"name\":\"\u5546\u5e97\",\"item\":\"https:\\\/\\\/sokindsport.com\\\/shop\\\/\"},{\"@type\":\"ListItem\",\"position\":3,\"name\":\"Thick Foam Chamois Pad for Women Cycling SK-816\"}]},{\"@type\":\"WebSite\",\"@id\":\"https:\\\/\\\/sokindsport.com\\\/#website\",\"url\":\"https:\\\/\\\/sokindsport.com\\\/\",\"name\":\"Sokind Cycling Pad\",\"description\":\"Sokind Cycling Pad\",\"publisher\":{\"@id\":\"https:\\\/\\\/sokindsport.com\\\/#organization\"},\"potentialAction\":[{\"@type\":\"SearchAction\",\"target\":{\"@type\":\"EntryPoint\",\"urlTemplate\":\"https:\\\/\\\/sokindsport.com\\\/?s={search_term_string}\"},\"query-input\":{\"@type\":\"PropertyValueSpecification\",\"valueRequired\":true,\"valueName\":\"search_term_string\"}}],\"inLanguage\":\"es\"},{\"@type\":\"Organization\",\"@id\":\"https:\\\/\\\/sokindsport.com\\\/#organization\",\"name\":\"Sokind Cycling Pad\",\"url\":\"https:\\\/\\\/sokindsport.com\\\/\",\"logo\":{\"@type\":\"ImageObject\",\"inLanguage\":\"es\",\"@id\":\"https:\\\/\\\/sokindsport.com\\\/#\\\/schema\\\/logo\\\/image\\\/\",\"url\":\"https:\\\/\\\/sokindsport.com\\\/wp-content\\\/uploads\\\/2022\\\/02\\\/Sokind-Sport-Logo.png\",\"contentUrl\":\"https:\\\/\\\/sokindsport.com\\\/wp-content\\\/uploads\\\/2022\\\/02\\\/Sokind-Sport-Logo.png\",\"width\":250,\"height\":64,\"caption\":\"Sokind Cycling Pad\"},\"image\":{\"@id\":\"https:\\\/\\\/sokindsport.com\\\/#\\\/schema\\\/logo\\\/image\\\/\"}}]}<\/script>\n<!-- \/ Yoast SEO plugin. -->","yoast_head_json":{"title":"Excelente badana de ciclismo F06 - Sokind Cycling Pad Manufacturer","description":"fabricante de una parada para la almohadilla de espuma gamuza para las mujeres con precios de f\u00e1brica. OEM\/ODM disponible con UL, SGS, certificados de Okex-tex.","robots":{"index":"index","follow":"follow","max-snippet":"max-snippet:-1","max-image-preview":"max-image-preview:large","max-video-preview":"max-video-preview:-1"},"canonical":"https:\/\/sokindsport.com\/es\/producto\/badana-de-espuma-gruesa-para-ciclismo-femenino\/","og_locale":"es_ES","og_type":"article","og_title":"Excellent Chamois Cycling Pad F06 - Sokind Cycling Pad Manufacturer","og_description":"one stop manufacturer for Foam Chamois Pad for women with factory prices. OEM\/ODM available with UL, SGS, Okex-tex certificates.","og_url":"https:\/\/sokindsport.com\/es\/producto\/badana-de-espuma-gruesa-para-ciclismo-femenino\/","og_site_name":"Sokind Cycling Pad","article_modified_time":"2024-05-08T03:39:29+00:00","og_image":[{"width":800,"height":800,"url":"https:\/\/sokindsport.com\/wp-content\/uploads\/2023\/11\/sk816-c.png","type":"image\/png"}],"twitter_card":"summary_large_image","twitter_misc":{"Tiempo de lectura":"2 minutos"},"schema":{"@context":"https:\/\/schema.org","@graph":[{"@type":"WebPage","@id":"https:\/\/sokindsport.com\/product\/thick-foam-chamois-pad-for-women-cycling\/","url":"https:\/\/sokindsport.com\/product\/thick-foam-chamois-pad-for-women-cycling\/","name":"Excelente badana de ciclismo F06 - Sokind Cycling Pad Manufacturer","isPartOf":{"@id":"https:\/\/sokindsport.com\/#website"},"primaryImageOfPage":{"@id":"https:\/\/sokindsport.com\/product\/thick-foam-chamois-pad-for-women-cycling\/#primaryimage"},"image":{"@id":"https:\/\/sokindsport.com\/product\/thick-foam-chamois-pad-for-women-cycling\/#primaryimage"},"thumbnailUrl":"https:\/\/sokindsport.com\/wp-content\/uploads\/2023\/11\/sk816-c.png","datePublished":"2024-05-07T00:31:42+00:00","dateModified":"2024-05-08T03:39:29+00:00","description":"fabricante de una parada para la almohadilla de espuma gamuza para las mujeres con precios de f\u00e1brica. OEM\/ODM disponible con UL, SGS, certificados de Okex-tex.","breadcrumb":{"@id":"https:\/\/sokindsport.com\/product\/thick-foam-chamois-pad-for-women-cycling\/#breadcrumb"},"inLanguage":"es","potentialAction":[{"@type":"ReadAction","target":["https:\/\/sokindsport.com\/product\/thick-foam-chamois-pad-for-women-cycling\/"]}]},{"@type":"ImageObject","inLanguage":"es","@id":"https:\/\/sokindsport.com\/product\/thick-foam-chamois-pad-for-women-cycling\/#primaryimage","url":"https:\/\/sokindsport.com\/wp-content\/uploads\/2023\/11\/sk816-c.png","contentUrl":"https:\/\/sokindsport.com\/wp-content\/uploads\/2023\/11\/sk816-c.png","width":800,"height":800,"caption":"sk816 Thick Foam Chamois Pad for Women Cycling product image"},{"@type":"BreadcrumbList","@id":"https:\/\/sokindsport.com\/product\/thick-foam-chamois-pad-for-women-cycling\/#breadcrumb","itemListElement":[{"@type":"ListItem","position":1,"name":"Home","item":"https:\/\/sokindsport.com\/"},{"@type":"ListItem","position":2,"name":"\u5546\u5e97","item":"https:\/\/sokindsport.com\/shop\/"},{"@type":"ListItem","position":3,"name":"Thick Foam Chamois Pad for Women Cycling SK-816"}]},{"@type":"WebSite","@id":"https:\/\/sokindsport.com\/#website","url":"https:\/\/sokindsport.com\/","name":"Coj\u00edn de ciclismo Sokind","description":"Coj\u00edn de ciclismo Sokind","publisher":{"@id":"https:\/\/sokindsport.com\/#organization"},"potentialAction":[{"@type":"SearchAction","target":{"@type":"EntryPoint","urlTemplate":"https:\/\/sokindsport.com\/?s={search_term_string}"},"query-input":{"@type":"PropertyValueSpecification","valueRequired":true,"valueName":"search_term_string"}}],"inLanguage":"es"},{"@type":"Organization","@id":"https:\/\/sokindsport.com\/#organization","name":"Coj\u00edn de ciclismo Sokind","url":"https:\/\/sokindsport.com\/","logo":{"@type":"ImageObject","inLanguage":"es","@id":"https:\/\/sokindsport.com\/#\/schema\/logo\/image\/","url":"https:\/\/sokindsport.com\/wp-content\/uploads\/2022\/02\/Sokind-Sport-Logo.png","contentUrl":"https:\/\/sokindsport.com\/wp-content\/uploads\/2022\/02\/Sokind-Sport-Logo.png","width":250,"height":64,"caption":"Sokind Cycling Pad"},"image":{"@id":"https:\/\/sokindsport.com\/#\/schema\/logo\/image\/"}}]}},"_links":{"self":[{"href":"https:\/\/sokindsport.com\/es\/wp-json\/wp\/v2\/product\/2886","targetHints":{"allow":["GET"]}}],"collection":[{"href":"https:\/\/sokindsport.com\/es\/wp-json\/wp\/v2\/product"}],"about":[{"href":"https:\/\/sokindsport.com\/es\/wp-json\/wp\/v2\/types\/product"}],"replies":[{"embeddable":true,"href":"https:\/\/sokindsport.com\/es\/wp-json\/wp\/v2\/comments?post=2886"}],"version-history":[{"count":0,"href":"https:\/\/sokindsport.com\/es\/wp-json\/wp\/v2\/product\/2886\/revisions"}],"wp:featuredmedia":[{"embeddable":true,"href":"https:\/\/sokindsport.com\/es\/wp-json\/wp\/v2\/media\/2457"}],"wp:attachment":[{"href":"https:\/\/sokindsport.com\/es\/wp-json\/wp\/v2\/media?parent=2886"}],"wp:term":[{"taxonomy":"product_brand","embeddable":true,"href":"https:\/\/sokindsport.com\/es\/wp-json\/wp\/v2\/product_brand?post=2886"},{"taxonomy":"product_cat","embeddable":true,"href":"https:\/\/sokindsport.com\/es\/wp-json\/wp\/v2\/product_cat?post=2886"},{"taxonomy":"product_tag","embeddable":true,"href":"https:\/\/sokindsport.com\/es\/wp-json\/wp\/v2\/product_tag?post=2886"}],"curies":[{"name":"wp","href":"https:\/\/api.w.org\/{rel}","templated":true}]}}