{"id":2736,"date":"2023-12-30T13:38:51","date_gmt":"2023-12-30T13:38:51","guid":{"rendered":"https:\/\/sokindsport.com\/?post_type=product&#038;p=2736"},"modified":"2023-12-30T14:03:41","modified_gmt":"2023-12-30T14:03:41","slug":"badana-sokind-f06","status":"publish","type":"product","link":"https:\/\/sokindsport.com\/es\/product\/sokind-chamois-cycling-pad-f06\/","title":{"rendered":"Badana Sokind F06"},"content":{"rendered":"<p>La idea de esta espuma de alta densidad <a href=\"https:\/\/sokindsport.com\/es\/fabricante-de-cycling-pads\/\">badana ciclismo<\/a>, de 120 kg\/m3 en 15 mm, con una superficie plana y suave, es ideal para recorridos de media y larga distancia; satisface la demanda de ciclistas de todo tipo de carrera, posici\u00f3n y tiempo de permanencia en el sill\u00edn. Gracias al tejido el\u00e1stico en 4 direcciones y antibacteriano, los deportistas se sienten libres de rozaduras, frescos y frescos en el ciclismo.<\/p>\n<p><img fetchpriority=\"high\" decoding=\"async\" class=\"alignnone size-full wp-image-2739\" src=\"https:\/\/sokindsport.com\/wp-content\/uploads\/2023\/12\/Sokind-Chamois-Cycling-Pad-F06-Product-Details.png\" alt=\"Badana Sokind F06 Detalles del Producto\" width=\"800\" height=\"400\" srcset=\"https:\/\/sokindsport.com\/wp-content\/uploads\/2023\/12\/Sokind-Chamois-Cycling-Pad-F06-Product-Details.png 800w, https:\/\/sokindsport.com\/wp-content\/uploads\/2023\/12\/Sokind-Chamois-Cycling-Pad-F06-Product-Details-300x150.png 300w, https:\/\/sokindsport.com\/wp-content\/uploads\/2023\/12\/Sokind-Chamois-Cycling-Pad-F06-Product-Details-768x384.png 768w, https:\/\/sokindsport.com\/wp-content\/uploads\/2023\/12\/Sokind-Chamois-Cycling-Pad-F06-Product-Details-600x300.png 600w\" sizes=\"(max-width: 800px) 100vw, 800px\" \/><\/p>","protected":false},"excerpt":{"rendered":"<p><strong>Especificaciones de producto de las badanas de espuma para ciclismo F06<\/strong><\/p>\n<p><strong>N\u00ba de art\u00edculo<\/strong>: F06<\/p>\n<p><strong>Tejido<\/strong>: Tejido de punto por urdimbre 85% poli\u00e9ster + 15% spandex<\/p>\n<p><strong>Caracter\u00edsticas<\/strong>: Antibacterias, antihumedad, antichoque<\/p>\n<p><strong>Densidad de la espuma<\/strong>: 55kg\/m3+120kg\/m3<\/p>\n<p><strong>Talla<\/strong>: 36*20.5cm<\/p>\n<p><strong>Espesor<\/strong>: 5+15mm<\/p>","protected":false},"featured_media":2738,"comment_status":"open","ping_status":"closed","template":"","meta":[],"product_brand":[],"product_cat":[44],"product_tag":[45],"class_list":{"0":"post-2736","1":"product","2":"type-product","3":"status-publish","4":"has-post-thumbnail","6":"product_cat-2d-cycling-pads","7":"product_tag-cycling-pads","9":"first","10":"instock","11":"shipping-taxable","12":"product-type-simple"},"yoast_head":"<!-- This site is optimized with the Yoast SEO plugin v27.4 - https:\/\/yoast.com\/product\/yoast-seo-wordpress\/ -->\n<title>Excellent Chamois Cycling Pad F06 - Sokind Cycling Pad Manufacturer<\/title>\n<meta name=\"description\" content=\"The idea of this high-density foam cycling chamois pad, 120kg\/m3 in 15mm, with a flat and soft surface, is ideally suited for medium to long-distance riding\" \/>\n<meta name=\"robots\" content=\"index, follow, max-snippet:-1, max-image-preview:large, max-video-preview:-1\" \/>\n<link rel=\"canonical\" href=\"https:\/\/sokindsport.com\/es\/producto\/badana-sokind-f06\/\" \/>\n<meta property=\"og:locale\" content=\"es_ES\" \/>\n<meta property=\"og:type\" content=\"article\" \/>\n<meta property=\"og:title\" content=\"Excellent Chamois Cycling Pad F06 - Sokind Cycling Pad Manufacturer\" \/>\n<meta property=\"og:description\" content=\"The idea of this high-density foam cycling chamois pad, 120kg\/m3 in 15mm, with a flat and soft surface, is ideally suited for medium to long-distance riding\" \/>\n<meta property=\"og:url\" content=\"https:\/\/sokindsport.com\/es\/producto\/badana-sokind-f06\/\" \/>\n<meta property=\"og:site_name\" content=\"Sokind Cycling Pad\" \/>\n<meta property=\"article:modified_time\" content=\"2023-12-30T14:03:41+00:00\" \/>\n<meta property=\"og:image\" content=\"https:\/\/sokindsport.com\/wp-content\/uploads\/2023\/12\/Sokind-Chamois-Cycling-Pad-F06-Featured-Image.png\" \/>\n\t<meta property=\"og:image:width\" content=\"800\" \/>\n\t<meta property=\"og:image:height\" content=\"800\" \/>\n\t<meta property=\"og:image:type\" content=\"image\/png\" \/>\n<meta name=\"twitter:card\" content=\"summary_large_image\" \/>\n<meta name=\"twitter:label1\" content=\"Tiempo de lectura\" \/>\n\t<meta name=\"twitter:data1\" content=\"1 minuto\" \/>\n<script type=\"application\/ld+json\" class=\"yoast-schema-graph\">{\"@context\":\"https:\\\/\\\/schema.org\",\"@graph\":[{\"@type\":\"WebPage\",\"@id\":\"https:\\\/\\\/sokindsport.com\\\/product\\\/sokind-chamois-cycling-pad-f06\\\/\",\"url\":\"https:\\\/\\\/sokindsport.com\\\/product\\\/sokind-chamois-cycling-pad-f06\\\/\",\"name\":\"Excellent Chamois Cycling Pad F06 - Sokind Cycling Pad Manufacturer\",\"isPartOf\":{\"@id\":\"https:\\\/\\\/sokindsport.com\\\/#website\"},\"primaryImageOfPage\":{\"@id\":\"https:\\\/\\\/sokindsport.com\\\/product\\\/sokind-chamois-cycling-pad-f06\\\/#primaryimage\"},\"image\":{\"@id\":\"https:\\\/\\\/sokindsport.com\\\/product\\\/sokind-chamois-cycling-pad-f06\\\/#primaryimage\"},\"thumbnailUrl\":\"https:\\\/\\\/sokindsport.com\\\/wp-content\\\/uploads\\\/2023\\\/12\\\/Sokind-Chamois-Cycling-Pad-F06-Featured-Image.png\",\"datePublished\":\"2023-12-30T13:38:51+00:00\",\"dateModified\":\"2023-12-30T14:03:41+00:00\",\"description\":\"The idea of this high-density foam cycling chamois pad, 120kg\\\/m3 in 15mm, with a flat and soft surface, is ideally suited for medium to long-distance riding\",\"breadcrumb\":{\"@id\":\"https:\\\/\\\/sokindsport.com\\\/product\\\/sokind-chamois-cycling-pad-f06\\\/#breadcrumb\"},\"inLanguage\":\"es\",\"potentialAction\":[{\"@type\":\"ReadAction\",\"target\":[\"https:\\\/\\\/sokindsport.com\\\/product\\\/sokind-chamois-cycling-pad-f06\\\/\"]}]},{\"@type\":\"ImageObject\",\"inLanguage\":\"es\",\"@id\":\"https:\\\/\\\/sokindsport.com\\\/product\\\/sokind-chamois-cycling-pad-f06\\\/#primaryimage\",\"url\":\"https:\\\/\\\/sokindsport.com\\\/wp-content\\\/uploads\\\/2023\\\/12\\\/Sokind-Chamois-Cycling-Pad-F06-Featured-Image.png\",\"contentUrl\":\"https:\\\/\\\/sokindsport.com\\\/wp-content\\\/uploads\\\/2023\\\/12\\\/Sokind-Chamois-Cycling-Pad-F06-Featured-Image.png\",\"width\":800,\"height\":800,\"caption\":\"Sokind Chamois Cycling Pad F06 Featured Image\"},{\"@type\":\"BreadcrumbList\",\"@id\":\"https:\\\/\\\/sokindsport.com\\\/product\\\/sokind-chamois-cycling-pad-f06\\\/#breadcrumb\",\"itemListElement\":[{\"@type\":\"ListItem\",\"position\":1,\"name\":\"Home\",\"item\":\"https:\\\/\\\/sokindsport.com\\\/\"},{\"@type\":\"ListItem\",\"position\":2,\"name\":\"\u5546\u5e97\",\"item\":\"https:\\\/\\\/sokindsport.com\\\/shop\\\/\"},{\"@type\":\"ListItem\",\"position\":3,\"name\":\"Sokind Chamois Cycling Pad F06\"}]},{\"@type\":\"WebSite\",\"@id\":\"https:\\\/\\\/sokindsport.com\\\/#website\",\"url\":\"https:\\\/\\\/sokindsport.com\\\/\",\"name\":\"Sokind Cycling Pad\",\"description\":\"Sokind Cycling Pad\",\"publisher\":{\"@id\":\"https:\\\/\\\/sokindsport.com\\\/#organization\"},\"potentialAction\":[{\"@type\":\"SearchAction\",\"target\":{\"@type\":\"EntryPoint\",\"urlTemplate\":\"https:\\\/\\\/sokindsport.com\\\/?s={search_term_string}\"},\"query-input\":{\"@type\":\"PropertyValueSpecification\",\"valueRequired\":true,\"valueName\":\"search_term_string\"}}],\"inLanguage\":\"es\"},{\"@type\":\"Organization\",\"@id\":\"https:\\\/\\\/sokindsport.com\\\/#organization\",\"name\":\"Sokind Cycling Pad\",\"url\":\"https:\\\/\\\/sokindsport.com\\\/\",\"logo\":{\"@type\":\"ImageObject\",\"inLanguage\":\"es\",\"@id\":\"https:\\\/\\\/sokindsport.com\\\/#\\\/schema\\\/logo\\\/image\\\/\",\"url\":\"https:\\\/\\\/sokindsport.com\\\/wp-content\\\/uploads\\\/2022\\\/02\\\/Sokind-Sport-Logo.png\",\"contentUrl\":\"https:\\\/\\\/sokindsport.com\\\/wp-content\\\/uploads\\\/2022\\\/02\\\/Sokind-Sport-Logo.png\",\"width\":250,\"height\":64,\"caption\":\"Sokind Cycling Pad\"},\"image\":{\"@id\":\"https:\\\/\\\/sokindsport.com\\\/#\\\/schema\\\/logo\\\/image\\\/\"}}]}<\/script>\n<!-- \/ Yoast SEO plugin. -->","yoast_head_json":{"title":"Excelente badana de ciclismo F06 - Sokind Cycling Pad Manufacturer","description":"La idea de esta badana ciclista de espuma de alta densidad, 120 kg\/m3 en 15 mm, con una superficie plana y suave, es ideal para recorridos de media y larga distancia.","robots":{"index":"index","follow":"follow","max-snippet":"max-snippet:-1","max-image-preview":"max-image-preview:large","max-video-preview":"max-video-preview:-1"},"canonical":"https:\/\/sokindsport.com\/es\/producto\/badana-sokind-f06\/","og_locale":"es_ES","og_type":"article","og_title":"Excellent Chamois Cycling Pad F06 - Sokind Cycling Pad Manufacturer","og_description":"The idea of this high-density foam cycling chamois pad, 120kg\/m3 in 15mm, with a flat and soft surface, is ideally suited for medium to long-distance riding","og_url":"https:\/\/sokindsport.com\/es\/producto\/badana-sokind-f06\/","og_site_name":"Sokind Cycling Pad","article_modified_time":"2023-12-30T14:03:41+00:00","og_image":[{"width":800,"height":800,"url":"https:\/\/sokindsport.com\/wp-content\/uploads\/2023\/12\/Sokind-Chamois-Cycling-Pad-F06-Featured-Image.png","type":"image\/png"}],"twitter_card":"summary_large_image","twitter_misc":{"Tiempo de lectura":"1 minuto"},"schema":{"@context":"https:\/\/schema.org","@graph":[{"@type":"WebPage","@id":"https:\/\/sokindsport.com\/product\/sokind-chamois-cycling-pad-f06\/","url":"https:\/\/sokindsport.com\/product\/sokind-chamois-cycling-pad-f06\/","name":"Excelente badana de ciclismo F06 - Sokind Cycling Pad Manufacturer","isPartOf":{"@id":"https:\/\/sokindsport.com\/#website"},"primaryImageOfPage":{"@id":"https:\/\/sokindsport.com\/product\/sokind-chamois-cycling-pad-f06\/#primaryimage"},"image":{"@id":"https:\/\/sokindsport.com\/product\/sokind-chamois-cycling-pad-f06\/#primaryimage"},"thumbnailUrl":"https:\/\/sokindsport.com\/wp-content\/uploads\/2023\/12\/Sokind-Chamois-Cycling-Pad-F06-Featured-Image.png","datePublished":"2023-12-30T13:38:51+00:00","dateModified":"2023-12-30T14:03:41+00:00","description":"La idea de esta badana ciclista de espuma de alta densidad, 120 kg\/m3 en 15 mm, con una superficie plana y suave, es ideal para recorridos de media y larga distancia.","breadcrumb":{"@id":"https:\/\/sokindsport.com\/product\/sokind-chamois-cycling-pad-f06\/#breadcrumb"},"inLanguage":"es","potentialAction":[{"@type":"ReadAction","target":["https:\/\/sokindsport.com\/product\/sokind-chamois-cycling-pad-f06\/"]}]},{"@type":"ImageObject","inLanguage":"es","@id":"https:\/\/sokindsport.com\/product\/sokind-chamois-cycling-pad-f06\/#primaryimage","url":"https:\/\/sokindsport.com\/wp-content\/uploads\/2023\/12\/Sokind-Chamois-Cycling-Pad-F06-Featured-Image.png","contentUrl":"https:\/\/sokindsport.com\/wp-content\/uploads\/2023\/12\/Sokind-Chamois-Cycling-Pad-F06-Featured-Image.png","width":800,"height":800,"caption":"Sokind Chamois Cycling Pad F06 Featured Image"},{"@type":"BreadcrumbList","@id":"https:\/\/sokindsport.com\/product\/sokind-chamois-cycling-pad-f06\/#breadcrumb","itemListElement":[{"@type":"ListItem","position":1,"name":"Home","item":"https:\/\/sokindsport.com\/"},{"@type":"ListItem","position":2,"name":"\u5546\u5e97","item":"https:\/\/sokindsport.com\/shop\/"},{"@type":"ListItem","position":3,"name":"Sokind Chamois Cycling Pad F06"}]},{"@type":"WebSite","@id":"https:\/\/sokindsport.com\/#website","url":"https:\/\/sokindsport.com\/","name":"Coj\u00edn de ciclismo Sokind","description":"Coj\u00edn de ciclismo Sokind","publisher":{"@id":"https:\/\/sokindsport.com\/#organization"},"potentialAction":[{"@type":"SearchAction","target":{"@type":"EntryPoint","urlTemplate":"https:\/\/sokindsport.com\/?s={search_term_string}"},"query-input":{"@type":"PropertyValueSpecification","valueRequired":true,"valueName":"search_term_string"}}],"inLanguage":"es"},{"@type":"Organization","@id":"https:\/\/sokindsport.com\/#organization","name":"Coj\u00edn de ciclismo Sokind","url":"https:\/\/sokindsport.com\/","logo":{"@type":"ImageObject","inLanguage":"es","@id":"https:\/\/sokindsport.com\/#\/schema\/logo\/image\/","url":"https:\/\/sokindsport.com\/wp-content\/uploads\/2022\/02\/Sokind-Sport-Logo.png","contentUrl":"https:\/\/sokindsport.com\/wp-content\/uploads\/2022\/02\/Sokind-Sport-Logo.png","width":250,"height":64,"caption":"Sokind Cycling Pad"},"image":{"@id":"https:\/\/sokindsport.com\/#\/schema\/logo\/image\/"}}]}},"_links":{"self":[{"href":"https:\/\/sokindsport.com\/es\/wp-json\/wp\/v2\/product\/2736","targetHints":{"allow":["GET"]}}],"collection":[{"href":"https:\/\/sokindsport.com\/es\/wp-json\/wp\/v2\/product"}],"about":[{"href":"https:\/\/sokindsport.com\/es\/wp-json\/wp\/v2\/types\/product"}],"replies":[{"embeddable":true,"href":"https:\/\/sokindsport.com\/es\/wp-json\/wp\/v2\/comments?post=2736"}],"version-history":[{"count":1,"href":"https:\/\/sokindsport.com\/es\/wp-json\/wp\/v2\/product\/2736\/revisions"}],"predecessor-version":[{"id":2737,"href":"https:\/\/sokindsport.com\/es\/wp-json\/wp\/v2\/product\/2736\/revisions\/2737"}],"wp:featuredmedia":[{"embeddable":true,"href":"https:\/\/sokindsport.com\/es\/wp-json\/wp\/v2\/media\/2738"}],"wp:attachment":[{"href":"https:\/\/sokindsport.com\/es\/wp-json\/wp\/v2\/media?parent=2736"}],"wp:term":[{"taxonomy":"product_brand","embeddable":true,"href":"https:\/\/sokindsport.com\/es\/wp-json\/wp\/v2\/product_brand?post=2736"},{"taxonomy":"product_cat","embeddable":true,"href":"https:\/\/sokindsport.com\/es\/wp-json\/wp\/v2\/product_cat?post=2736"},{"taxonomy":"product_tag","embeddable":true,"href":"https:\/\/sokindsport.com\/es\/wp-json\/wp\/v2\/product_tag?post=2736"}],"curies":[{"name":"wp","href":"https:\/\/api.w.org\/{rel}","templated":true}]}}