{"id":18,"date":"2022-02-22T09:33:14","date_gmt":"2022-02-22T09:33:14","guid":{"rendered":"https:\/\/sokindsport.com\/?page_id=18"},"modified":"2024-04-27T16:24:46","modified_gmt":"2024-04-27T16:24:46","slug":"noticias","status":"publish","type":"page","link":"https:\/\/sokindsport.com\/es\/news\/","title":{"rendered":"Noticias"},"content":{"rendered":"<div data-elementor-type=\"wp-page\" data-elementor-id=\"18\" class=\"elementor elementor-18\" data-elementor-post-type=\"page\">\n\t\t\t\t\t\t<section class=\"elementor-section elementor-top-section elementor-element elementor-element-436c42c elementor-section-full_width elementor-section-height-min-height elementor-section-height-default elementor-section-items-middle\" data-id=\"436c42c\" data-element_type=\"section\" data-e-type=\"section\" data-settings=\"{&quot;background_background&quot;:&quot;classic&quot;}\">\n\t\t\t\t\t\t<div class=\"elementor-container elementor-column-gap-default\">\n\t\t\t\t\t<div class=\"elementor-column elementor-col-100 elementor-top-column elementor-element elementor-element-6c904a4\" data-id=\"6c904a4\" data-element_type=\"column\" data-e-type=\"column\">\n\t\t\t<div class=\"elementor-widget-wrap elementor-element-populated\">\n\t\t\t\t\t\t<div class=\"elementor-element elementor-element-1065d91 elementor-widget elementor-widget-heading\" data-id=\"1065d91\" data-element_type=\"widget\" data-e-type=\"widget\" data-widget_type=\"heading.default\">\n\t\t\t\t\t<h2 class=\"elementor-heading-title elementor-size-default\">NOTICIAS<\/h2>\t\t\t\t<\/div>\n\t\t\t\t\t<\/div>\n\t\t<\/div>\n\t\t\t\t\t<\/div>\n\t\t<\/section>\n\t\t\t\t<section class=\"elementor-section elementor-top-section elementor-element elementor-element-15be4fb elementor-section-boxed elementor-section-height-default elementor-section-height-default\" data-id=\"15be4fb\" data-element_type=\"section\" data-e-type=\"section\">\n\t\t\t\t\t\t<div class=\"elementor-container elementor-column-gap-default\">\n\t\t\t\t\t<div class=\"elementor-column elementor-col-100 elementor-top-column elementor-element elementor-element-37a5488\" data-id=\"37a5488\" data-element_type=\"column\" data-e-type=\"column\">\n\t\t\t<div class=\"elementor-widget-wrap elementor-element-populated\">\n\t\t\t\t\t\t<div class=\"elementor-element elementor-element-6234548 elementor-grid-3 elementor-grid-tablet-2 elementor-grid-mobile-1 elementor-posts--thumbnail-top elementor-card-shadow-yes elementor-posts__hover-gradient elementor-widget elementor-widget-posts\" data-id=\"6234548\" data-element_type=\"widget\" data-e-type=\"widget\" data-settings=\"{&quot;pagination_type&quot;:&quot;numbers_and_prev_next&quot;,&quot;cards_columns&quot;:&quot;3&quot;,&quot;cards_columns_tablet&quot;:&quot;2&quot;,&quot;cards_columns_mobile&quot;:&quot;1&quot;,&quot;cards_row_gap&quot;:{&quot;unit&quot;:&quot;px&quot;,&quot;size&quot;:35,&quot;sizes&quot;:[]},&quot;cards_row_gap_tablet&quot;:{&quot;unit&quot;:&quot;px&quot;,&quot;size&quot;:&quot;&quot;,&quot;sizes&quot;:[]},&quot;cards_row_gap_mobile&quot;:{&quot;unit&quot;:&quot;px&quot;,&quot;size&quot;:&quot;&quot;,&quot;sizes&quot;:[]}}\" data-widget_type=\"posts.cards\">\n\t\t\t\t<div class=\"elementor-widget-container\">\n\t\t\t\t\t\t\t<div class=\"elementor-posts-container elementor-posts elementor-posts--skin-cards elementor-grid\" role=\"list\">\n\t\t\t\t<article class=\"elementor-post elementor-grid-item post-2901 post type-post status-publish format-standard has-post-thumbnail hentry category-news\" role=\"listitem\">\n\t\t\t<div class=\"elementor-post__card\">\n\t\t\t\t<a class=\"elementor-post__thumbnail__link\" href=\"https:\/\/sokindsport.com\/es\/essential-chamois-care-key-dos-and-donts-to-extend-the-life-of-your-cycling-pad\/\" tabindex=\"-1\" ><div class=\"elementor-post__thumbnail\"><img fetchpriority=\"high\" decoding=\"async\" width=\"400\" height=\"270\" src=\"https:\/\/sokindsport.com\/wp-content\/uploads\/2022\/03\/Inside-Test-02a.jpg\" class=\"attachment-medium_large size-medium_large wp-image-1726\" alt=\"Cuidado de la badana\" srcset=\"https:\/\/sokindsport.com\/wp-content\/uploads\/2022\/03\/Inside-Test-02a.jpg 400w, https:\/\/sokindsport.com\/wp-content\/uploads\/2022\/03\/Inside-Test-02a-300x203.jpg 300w\" sizes=\"(max-width: 400px) 100vw, 400px\" \/><\/div><\/a>\n\t\t\t\t<div class=\"elementor-post__badge\">Noticias<\/div>\n\t\t\t\t<div class=\"elementor-post__text\">\n\t\t\t\t<h3 class=\"elementor-post__title\">\n\t\t\t<a href=\"https:\/\/sokindsport.com\/es\/essential-chamois-care-key-dos-and-donts-to-extend-the-life-of-your-cycling-pad\/\" >\n\t\t\t\tCuidados esenciales de la badana: Qu\u00e9 hacer y qu\u00e9 no hacer para prolongar la vida \u00fatil de tu badana ciclista\t\t\t<\/a>\n\t\t<\/h3>\n\t\t\t\t<div class=\"elementor-post__excerpt\">\n\t\t\t<p>Las badanas desempe\u00f1an un papel fundamental en la comodidad y el rendimiento de los ciclistas. Originadas como cuero aut\u00e9ntico<\/p>\n\t\t<\/div>\n\t\t\n\t\t<a class=\"elementor-post__read-more\" href=\"https:\/\/sokindsport.com\/es\/essential-chamois-care-key-dos-and-donts-to-extend-the-life-of-your-cycling-pad\/\" aria-label=\"M\u00e1s informaci\u00f3n sobre Cuidado esencial de la badana: Lo que debe y no debe hacer para prolongar la vida de su badana ciclista\" tabindex=\"-1\" >\n\t\t\tLeer M\u00e1s \"\t\t<\/a>\n\n\t\t\t\t<\/div>\n\t\t\t\t\t<\/div>\n\t\t<\/article>\n\t\t\t\t<article class=\"elementor-post elementor-grid-item post-2899 post type-post status-publish format-standard has-post-thumbnail hentry category-news\" role=\"listitem\">\n\t\t\t<div class=\"elementor-post__card\">\n\t\t\t\t<a class=\"elementor-post__thumbnail__link\" href=\"https:\/\/sokindsport.com\/es\/chamois-or-no-chamois-that-is-the-question-for-cycling-pads\/\" tabindex=\"-1\" ><div class=\"elementor-post__thumbnail\"><img decoding=\"async\" width=\"768\" height=\"576\" src=\"https:\/\/sokindsport.com\/wp-content\/uploads\/2023\/12\/men-cycling-gel-chamois-pads-men-768x576.jpg\" class=\"attachment-medium_large size-medium_large wp-image-2652\" alt=\"badanas de gel ciclismo hombre\" srcset=\"https:\/\/sokindsport.com\/wp-content\/uploads\/2023\/12\/men-cycling-gel-chamois-pads-men-768x576.jpg 768w, https:\/\/sokindsport.com\/wp-content\/uploads\/2023\/12\/men-cycling-gel-chamois-pads-men-300x225.jpg 300w, https:\/\/sokindsport.com\/wp-content\/uploads\/2023\/12\/men-cycling-gel-chamois-pads-men-600x450.jpg 600w, https:\/\/sokindsport.com\/wp-content\/uploads\/2023\/12\/men-cycling-gel-chamois-pads-men.jpg 800w\" sizes=\"(max-width: 768px) 100vw, 768px\" \/><\/div><\/a>\n\t\t\t\t<div class=\"elementor-post__badge\">Noticias<\/div>\n\t\t\t\t<div class=\"elementor-post__text\">\n\t\t\t\t<h3 class=\"elementor-post__title\">\n\t\t\t<a href=\"https:\/\/sokindsport.com\/es\/chamois-or-no-chamois-that-is-the-question-for-cycling-pads\/\" >\n\t\t\t\tCon o sin badana: Esa es la cuesti\u00f3n para las badanas de ciclismo\t\t\t<\/a>\n\t\t<\/h3>\n\t\t\t\t<div class=\"elementor-post__excerpt\">\n\t\t\t<p>El ciclismo va m\u00e1s all\u00e1 del mero ejercicio o el transporte: es una pasi\u00f3n y un estilo de vida que millones de personas de todo el mundo adoptan.<\/p>\n\t\t<\/div>\n\t\t\n\t\t<a class=\"elementor-post__read-more\" href=\"https:\/\/sokindsport.com\/es\/chamois-or-no-chamois-that-is-the-question-for-cycling-pads\/\" aria-label=\"M\u00e1s informaci\u00f3n sobre Chamois or No Chamois: Esa es la cuesti\u00f3n para las badanas de ciclismo\" tabindex=\"-1\" >\n\t\t\tLeer M\u00e1s \"\t\t<\/a>\n\n\t\t\t\t<\/div>\n\t\t\t\t\t<\/div>\n\t\t<\/article>\n\t\t\t\t<article class=\"elementor-post elementor-grid-item post-2819 post type-post status-publish format-standard has-post-thumbnail hentry category-news\" role=\"listitem\">\n\t\t\t<div class=\"elementor-post__card\">\n\t\t\t\t<a class=\"elementor-post__thumbnail__link\" href=\"https:\/\/sokindsport.com\/es\/are-padded-cycling-shorts-necessary\/\" tabindex=\"-1\" ><div class=\"elementor-post__thumbnail\"><img decoding=\"async\" width=\"768\" height=\"461\" src=\"https:\/\/sokindsport.com\/wp-content\/uploads\/2024\/04\/Are-Padded-Cycling-Shorts-Necessary-Featured-Image-768x461.jpg\" class=\"attachment-medium_large size-medium_large wp-image-2821\" alt=\"\u00bfEs necesario un culotte acolchado? - Imagen destacada\" srcset=\"https:\/\/sokindsport.com\/wp-content\/uploads\/2024\/04\/Are-Padded-Cycling-Shorts-Necessary-Featured-Image-768x461.jpg 768w, https:\/\/sokindsport.com\/wp-content\/uploads\/2024\/04\/Are-Padded-Cycling-Shorts-Necessary-Featured-Image-300x180.jpg 300w, https:\/\/sokindsport.com\/wp-content\/uploads\/2024\/04\/Are-Padded-Cycling-Shorts-Necessary-Featured-Image-600x360.jpg 600w, https:\/\/sokindsport.com\/wp-content\/uploads\/2024\/04\/Are-Padded-Cycling-Shorts-Necessary-Featured-Image.jpg 1000w\" sizes=\"(max-width: 768px) 100vw, 768px\" \/><\/div><\/a>\n\t\t\t\t<div class=\"elementor-post__badge\">Noticias<\/div>\n\t\t\t\t<div class=\"elementor-post__text\">\n\t\t\t\t<h3 class=\"elementor-post__title\">\n\t\t\t<a href=\"https:\/\/sokindsport.com\/es\/are-padded-cycling-shorts-necessary\/\" >\n\t\t\t\t\u00bfEs necesario un culotte acolchado?\t\t\t<\/a>\n\t\t<\/h3>\n\t\t\t\t<div class=\"elementor-post__excerpt\">\n\t\t\t<p>El ciclismo, ya sea un deporte de competici\u00f3n, una forma diaria de ejercicio o un simple<\/p>\n\t\t<\/div>\n\t\t\n\t\t<a class=\"elementor-post__read-more\" href=\"https:\/\/sokindsport.com\/es\/are-padded-cycling-shorts-necessary\/\" aria-label=\"M\u00e1s informaci\u00f3n sobre \u00bfEs necesario un culotte acolchado?\" tabindex=\"-1\" >\n\t\t\tLeer M\u00e1s \"\t\t<\/a>\n\n\t\t\t\t<\/div>\n\t\t\t\t\t<\/div>\n\t\t<\/article>\n\t\t\t\t<article class=\"elementor-post elementor-grid-item post-2806 post type-post status-publish format-standard has-post-thumbnail hentry category-news\" role=\"listitem\">\n\t\t\t<div class=\"elementor-post__card\">\n\t\t\t\t<a class=\"elementor-post__thumbnail__link\" href=\"https:\/\/sokindsport.com\/es\/explore-the-best-cycling-pad-manufacturers-for-optimal-comfort-and-performance\/\" tabindex=\"-1\" ><div class=\"elementor-post__thumbnail\"><img loading=\"lazy\" decoding=\"async\" width=\"768\" height=\"576\" src=\"https:\/\/sokindsport.com\/wp-content\/uploads\/2023\/12\/Cycling-Chamois-Pads-Featured-Image-768x576.jpg\" class=\"attachment-medium_large size-medium_large wp-image-2651\" alt=\"Badana ciclismo Imagen destacada\" srcset=\"https:\/\/sokindsport.com\/wp-content\/uploads\/2023\/12\/Cycling-Chamois-Pads-Featured-Image-768x576.jpg 768w, https:\/\/sokindsport.com\/wp-content\/uploads\/2023\/12\/Cycling-Chamois-Pads-Featured-Image-300x225.jpg 300w, https:\/\/sokindsport.com\/wp-content\/uploads\/2023\/12\/Cycling-Chamois-Pads-Featured-Image-600x450.jpg 600w, https:\/\/sokindsport.com\/wp-content\/uploads\/2023\/12\/Cycling-Chamois-Pads-Featured-Image.jpg 800w\" sizes=\"(max-width: 768px) 100vw, 768px\" \/><\/div><\/a>\n\t\t\t\t<div class=\"elementor-post__badge\">Noticias<\/div>\n\t\t\t\t<div class=\"elementor-post__text\">\n\t\t\t\t<h3 class=\"elementor-post__title\">\n\t\t\t<a href=\"https:\/\/sokindsport.com\/es\/explore-the-best-cycling-pad-manufacturers-for-optimal-comfort-and-performance\/\" >\n\t\t\t\tExplore los mejores fabricantes de almohadillas de ciclismo para una comodidad y un rendimiento \u00f3ptimos\t\t\t<\/a>\n\t\t<\/h3>\n\t\t\t\t<div class=\"elementor-post__excerpt\">\n\t\t\t<p>El ciclismo, una mezcla de pasi\u00f3n y precisi\u00f3n, exige un equipamiento de alta calidad tanto por su comodidad como por su rendimiento.<\/p>\n\t\t<\/div>\n\t\t\n\t\t<a class=\"elementor-post__read-more\" href=\"https:\/\/sokindsport.com\/es\/explore-the-best-cycling-pad-manufacturers-for-optimal-comfort-and-performance\/\" aria-label=\"M\u00e1s informaci\u00f3n sobre Explore los mejores fabricantes de almohadillas de ciclismo para una comodidad y un rendimiento \u00f3ptimos\" tabindex=\"-1\" >\n\t\t\tLeer M\u00e1s \"\t\t<\/a>\n\n\t\t\t\t<\/div>\n\t\t\t\t\t<\/div>\n\t\t<\/article>\n\t\t\t\t<article class=\"elementor-post elementor-grid-item post-2794 post type-post status-publish format-standard has-post-thumbnail hentry category-news\" role=\"listitem\">\n\t\t\t<div class=\"elementor-post__card\">\n\t\t\t\t<a class=\"elementor-post__thumbnail__link\" href=\"https:\/\/sokindsport.com\/es\/triathlon-cycling-pads-guide\/\" tabindex=\"-1\" ><div class=\"elementor-post__thumbnail\"><img loading=\"lazy\" decoding=\"async\" width=\"768\" height=\"461\" src=\"https:\/\/sokindsport.com\/wp-content\/uploads\/2024\/04\/Triathlon-Cycling-Pads-Enhancing-Your-Ride-Comfort-and-Performance-Featured-Image-768x461.jpg\" class=\"attachment-medium_large size-medium_large wp-image-2797\" alt=\"Protectores para triatl\u00f3n que mejoran la comodidad y el rendimiento en la bicicleta Featured Image\" srcset=\"https:\/\/sokindsport.com\/wp-content\/uploads\/2024\/04\/Triathlon-Cycling-Pads-Enhancing-Your-Ride-Comfort-and-Performance-Featured-Image-768x461.jpg 768w, https:\/\/sokindsport.com\/wp-content\/uploads\/2024\/04\/Triathlon-Cycling-Pads-Enhancing-Your-Ride-Comfort-and-Performance-Featured-Image-300x180.jpg 300w, https:\/\/sokindsport.com\/wp-content\/uploads\/2024\/04\/Triathlon-Cycling-Pads-Enhancing-Your-Ride-Comfort-and-Performance-Featured-Image-600x360.jpg 600w, https:\/\/sokindsport.com\/wp-content\/uploads\/2024\/04\/Triathlon-Cycling-Pads-Enhancing-Your-Ride-Comfort-and-Performance-Featured-Image.jpg 1000w\" sizes=\"(max-width: 768px) 100vw, 768px\" \/><\/div><\/a>\n\t\t\t\t<div class=\"elementor-post__badge\">Noticias<\/div>\n\t\t\t\t<div class=\"elementor-post__text\">\n\t\t\t\t<h3 class=\"elementor-post__title\">\n\t\t\t<a href=\"https:\/\/sokindsport.com\/es\/triathlon-cycling-pads-guide\/\" >\n\t\t\t\tProtectores para triatl\u00f3n: C\u00f3mo mejorar la comodidad y el rendimiento en la bicicleta\t\t\t<\/a>\n\t\t<\/h3>\n\t\t\t\t<div class=\"elementor-post__excerpt\">\n\t\t\t<p>El ciclismo de triatl\u00f3n plantea una serie de retos \u00fanicos, que exigen no s\u00f3lo una intensa preparaci\u00f3n f\u00edsica, sino tambi\u00e9n<\/p>\n\t\t<\/div>\n\t\t\n\t\t<a class=\"elementor-post__read-more\" href=\"https:\/\/sokindsport.com\/es\/triathlon-cycling-pads-guide\/\" aria-label=\"M\u00e1s informaci\u00f3n sobre Triathlon Cycling Pads: C\u00f3mo mejorar la comodidad y el rendimiento\" tabindex=\"-1\" >\n\t\t\tLeer M\u00e1s \"\t\t<\/a>\n\n\t\t\t\t<\/div>\n\t\t\t\t\t<\/div>\n\t\t<\/article>\n\t\t\t\t<article class=\"elementor-post elementor-grid-item post-2778 post type-post status-publish format-standard has-post-thumbnail hentry category-news\" role=\"listitem\">\n\t\t\t<div class=\"elementor-post__card\">\n\t\t\t\t<a class=\"elementor-post__thumbnail__link\" href=\"https:\/\/sokindsport.com\/es\/cycling-pads-for-women-guide\/\" tabindex=\"-1\" ><div class=\"elementor-post__thumbnail\"><img loading=\"lazy\" decoding=\"async\" width=\"768\" height=\"461\" src=\"https:\/\/sokindsport.com\/wp-content\/uploads\/2024\/04\/Guide-to-Cycling-Pads-for-Women-Featured-Image-768x461.jpg\" class=\"attachment-medium_large size-medium_large wp-image-2784\" alt=\"Gu\u00eda de protecciones ciclistas para mujeres Imagen destacada\" srcset=\"https:\/\/sokindsport.com\/wp-content\/uploads\/2024\/04\/Guide-to-Cycling-Pads-for-Women-Featured-Image-768x461.jpg 768w, https:\/\/sokindsport.com\/wp-content\/uploads\/2024\/04\/Guide-to-Cycling-Pads-for-Women-Featured-Image-300x180.jpg 300w, https:\/\/sokindsport.com\/wp-content\/uploads\/2024\/04\/Guide-to-Cycling-Pads-for-Women-Featured-Image-600x360.jpg 600w, https:\/\/sokindsport.com\/wp-content\/uploads\/2024\/04\/Guide-to-Cycling-Pads-for-Women-Featured-Image.jpg 1000w\" sizes=\"(max-width: 768px) 100vw, 768px\" \/><\/div><\/a>\n\t\t\t\t<div class=\"elementor-post__badge\">Noticias<\/div>\n\t\t\t\t<div class=\"elementor-post__text\">\n\t\t\t\t<h3 class=\"elementor-post__title\">\n\t\t\t<a href=\"https:\/\/sokindsport.com\/es\/cycling-pads-for-women-guide\/\" >\n\t\t\t\tConfort sobre ruedas: Gu\u00eda esencial de protecciones ciclistas para mujeres\t\t\t<\/a>\n\t\t<\/h3>\n\t\t\t\t<div class=\"elementor-post__excerpt\">\n\t\t\t<p>Para las mujeres amantes del ciclismo, tanto si se trata de un paseo tranquilo por el parque como de un<\/p>\n\t\t<\/div>\n\t\t\n\t\t<a class=\"elementor-post__read-more\" href=\"https:\/\/sokindsport.com\/es\/cycling-pads-for-women-guide\/\" aria-label=\"M\u00e1s informaci\u00f3n sobre Confort sobre ruedas: Gu\u00eda esencial de protecciones ciclistas para mujeres\" tabindex=\"-1\" >\n\t\t\tLeer M\u00e1s \"\t\t<\/a>\n\n\t\t\t\t<\/div>\n\t\t\t\t\t<\/div>\n\t\t<\/article>\n\t\t\t\t<\/div>\n\t\t\n\t\t\t\t<div class=\"e-load-more-anchor\" data-page=\"1\" data-max-page=\"8\" data-next-page=\"https:\/\/sokindsport.com\/es\/wp-json\/wp\/v2\/pages\/18\/page\/2\/\"><\/div>\n\t\t\t\t<nav class=\"elementor-pagination\" aria-label=\"Paginaci\u00f3n\">\n\t\t\t<span class=\"page-numbers prev\">\" Anterior<\/span>\n<span aria-current=\"page\" class=\"page-numbers current\"><span class=\"elementor-screen-only\">P\u00e1gina<\/span>1<\/span>\n<a class=\"page-numbers\" href=\"https:\/\/sokindsport.com\/es\/wp-json\/wp\/v2\/pages\/18\/page\/2\/\"><span class=\"elementor-screen-only\">P\u00e1gina<\/span>2<\/a>\n<a class=\"page-numbers\" href=\"https:\/\/sokindsport.com\/es\/wp-json\/wp\/v2\/pages\/18\/page\/3\/\"><span class=\"elementor-screen-only\">P\u00e1gina<\/span>3<\/a>\n<a class=\"page-numbers\" href=\"https:\/\/sokindsport.com\/es\/wp-json\/wp\/v2\/pages\/18\/page\/4\/\"><span class=\"elementor-screen-only\">P\u00e1gina<\/span>4<\/a>\n<a class=\"page-numbers\" href=\"https:\/\/sokindsport.com\/es\/wp-json\/wp\/v2\/pages\/18\/page\/5\/\"><span class=\"elementor-screen-only\">P\u00e1gina<\/span>5<\/a>\n<a class=\"page-numbers next\" href=\"https:\/\/sokindsport.com\/es\/wp-json\/wp\/v2\/pages\/18\/page\/2\/\">Siguiente \"<\/a>\t\t<\/nav>\n\t\t\t\t\t\t<\/div>\n\t\t\t\t<\/div>\n\t\t\t\t\t<\/div>\n\t\t<\/div>\n\t\t\t\t\t<\/div>\n\t\t<\/section>\n\t\t\t\t<\/div>","protected":false},"excerpt":{"rendered":"<p>NOTICIAS<\/p>","protected":false},"author":1,"featured_media":0,"parent":0,"menu_order":0,"comment_status":"closed","ping_status":"closed","template":"","meta":{"footnotes":""},"class_list":["post-18","page","type-page","status-publish","hentry"],"yoast_head":"<!-- This site is optimized with the Yoast SEO plugin v27.4 - https:\/\/yoast.com\/product\/yoast-seo-wordpress\/ -->\n<title>News - Sokind Cycling Pad<\/title>\n<meta name=\"robots\" content=\"index, follow, max-snippet:-1, max-image-preview:large, max-video-preview:-1\" \/>\n<link rel=\"canonical\" href=\"https:\/\/sokindsport.com\/es\/noticias\/\" \/>\n<meta property=\"og:locale\" content=\"es_ES\" \/>\n<meta property=\"og:type\" content=\"article\" \/>\n<meta property=\"og:title\" content=\"News - Sokind Cycling Pad\" \/>\n<meta property=\"og:description\" content=\"NEWS\" \/>\n<meta property=\"og:url\" content=\"https:\/\/sokindsport.com\/es\/noticias\/\" \/>\n<meta property=\"og:site_name\" content=\"Sokind Cycling Pad\" \/>\n<meta property=\"article:modified_time\" content=\"2024-04-27T16:24:46+00:00\" \/>\n<meta name=\"twitter:card\" content=\"summary_large_image\" \/>\n<meta name=\"twitter:label1\" content=\"Tiempo de lectura\" \/>\n\t<meta name=\"twitter:data1\" content=\"5 minutos\" \/>\n<script type=\"application\/ld+json\" class=\"yoast-schema-graph\">{\"@context\":\"https:\\\/\\\/schema.org\",\"@graph\":[{\"@type\":\"WebPage\",\"@id\":\"https:\\\/\\\/sokindsport.com\\\/news\\\/\",\"url\":\"https:\\\/\\\/sokindsport.com\\\/news\\\/\",\"name\":\"News - Sokind Cycling Pad\",\"isPartOf\":{\"@id\":\"https:\\\/\\\/sokindsport.com\\\/#website\"},\"datePublished\":\"2022-02-22T09:33:14+00:00\",\"dateModified\":\"2024-04-27T16:24:46+00:00\",\"breadcrumb\":{\"@id\":\"https:\\\/\\\/sokindsport.com\\\/news\\\/#breadcrumb\"},\"inLanguage\":\"es\",\"potentialAction\":[{\"@type\":\"ReadAction\",\"target\":[\"https:\\\/\\\/sokindsport.com\\\/news\\\/\"]}]},{\"@type\":\"BreadcrumbList\",\"@id\":\"https:\\\/\\\/sokindsport.com\\\/news\\\/#breadcrumb\",\"itemListElement\":[{\"@type\":\"ListItem\",\"position\":1,\"name\":\"Home\",\"item\":\"https:\\\/\\\/sokindsport.com\\\/\"},{\"@type\":\"ListItem\",\"position\":2,\"name\":\"News\"}]},{\"@type\":\"WebSite\",\"@id\":\"https:\\\/\\\/sokindsport.com\\\/#website\",\"url\":\"https:\\\/\\\/sokindsport.com\\\/\",\"name\":\"Sokind Cycling Pad\",\"description\":\"Sokind Cycling Pad\",\"publisher\":{\"@id\":\"https:\\\/\\\/sokindsport.com\\\/#organization\"},\"potentialAction\":[{\"@type\":\"SearchAction\",\"target\":{\"@type\":\"EntryPoint\",\"urlTemplate\":\"https:\\\/\\\/sokindsport.com\\\/?s={search_term_string}\"},\"query-input\":{\"@type\":\"PropertyValueSpecification\",\"valueRequired\":true,\"valueName\":\"search_term_string\"}}],\"inLanguage\":\"es\"},{\"@type\":\"Organization\",\"@id\":\"https:\\\/\\\/sokindsport.com\\\/#organization\",\"name\":\"Sokind Cycling Pad\",\"url\":\"https:\\\/\\\/sokindsport.com\\\/\",\"logo\":{\"@type\":\"ImageObject\",\"inLanguage\":\"es\",\"@id\":\"https:\\\/\\\/sokindsport.com\\\/#\\\/schema\\\/logo\\\/image\\\/\",\"url\":\"https:\\\/\\\/sokindsport.com\\\/wp-content\\\/uploads\\\/2022\\\/02\\\/Sokind-Sport-Logo.png\",\"contentUrl\":\"https:\\\/\\\/sokindsport.com\\\/wp-content\\\/uploads\\\/2022\\\/02\\\/Sokind-Sport-Logo.png\",\"width\":250,\"height\":64,\"caption\":\"Sokind Cycling Pad\"},\"image\":{\"@id\":\"https:\\\/\\\/sokindsport.com\\\/#\\\/schema\\\/logo\\\/image\\\/\"}}]}<\/script>\n<!-- \/ Yoast SEO plugin. -->","yoast_head_json":{"title":"Noticias - Sokind Cycling Pad","robots":{"index":"index","follow":"follow","max-snippet":"max-snippet:-1","max-image-preview":"max-image-preview:large","max-video-preview":"max-video-preview:-1"},"canonical":"https:\/\/sokindsport.com\/es\/noticias\/","og_locale":"es_ES","og_type":"article","og_title":"News - Sokind Cycling Pad","og_description":"NEWS","og_url":"https:\/\/sokindsport.com\/es\/noticias\/","og_site_name":"Sokind Cycling Pad","article_modified_time":"2024-04-27T16:24:46+00:00","twitter_card":"summary_large_image","twitter_misc":{"Tiempo de lectura":"5 minutos"},"schema":{"@context":"https:\/\/schema.org","@graph":[{"@type":"WebPage","@id":"https:\/\/sokindsport.com\/news\/","url":"https:\/\/sokindsport.com\/news\/","name":"Noticias - Sokind Cycling Pad","isPartOf":{"@id":"https:\/\/sokindsport.com\/#website"},"datePublished":"2022-02-22T09:33:14+00:00","dateModified":"2024-04-27T16:24:46+00:00","breadcrumb":{"@id":"https:\/\/sokindsport.com\/news\/#breadcrumb"},"inLanguage":"es","potentialAction":[{"@type":"ReadAction","target":["https:\/\/sokindsport.com\/news\/"]}]},{"@type":"BreadcrumbList","@id":"https:\/\/sokindsport.com\/news\/#breadcrumb","itemListElement":[{"@type":"ListItem","position":1,"name":"Home","item":"https:\/\/sokindsport.com\/"},{"@type":"ListItem","position":2,"name":"News"}]},{"@type":"WebSite","@id":"https:\/\/sokindsport.com\/#website","url":"https:\/\/sokindsport.com\/","name":"Coj\u00edn de ciclismo Sokind","description":"Coj\u00edn de ciclismo Sokind","publisher":{"@id":"https:\/\/sokindsport.com\/#organization"},"potentialAction":[{"@type":"SearchAction","target":{"@type":"EntryPoint","urlTemplate":"https:\/\/sokindsport.com\/?s={search_term_string}"},"query-input":{"@type":"PropertyValueSpecification","valueRequired":true,"valueName":"search_term_string"}}],"inLanguage":"es"},{"@type":"Organization","@id":"https:\/\/sokindsport.com\/#organization","name":"Coj\u00edn de ciclismo Sokind","url":"https:\/\/sokindsport.com\/","logo":{"@type":"ImageObject","inLanguage":"es","@id":"https:\/\/sokindsport.com\/#\/schema\/logo\/image\/","url":"https:\/\/sokindsport.com\/wp-content\/uploads\/2022\/02\/Sokind-Sport-Logo.png","contentUrl":"https:\/\/sokindsport.com\/wp-content\/uploads\/2022\/02\/Sokind-Sport-Logo.png","width":250,"height":64,"caption":"Sokind Cycling Pad"},"image":{"@id":"https:\/\/sokindsport.com\/#\/schema\/logo\/image\/"}}]}},"_hostinger_reach_plugin_has_subscription_block":false,"_hostinger_reach_plugin_is_elementor":false,"_links":{"self":[{"href":"https:\/\/sokindsport.com\/es\/wp-json\/wp\/v2\/pages\/18","targetHints":{"allow":["GET"]}}],"collection":[{"href":"https:\/\/sokindsport.com\/es\/wp-json\/wp\/v2\/pages"}],"about":[{"href":"https:\/\/sokindsport.com\/es\/wp-json\/wp\/v2\/types\/page"}],"author":[{"embeddable":true,"href":"https:\/\/sokindsport.com\/es\/wp-json\/wp\/v2\/users\/1"}],"replies":[{"embeddable":true,"href":"https:\/\/sokindsport.com\/es\/wp-json\/wp\/v2\/comments?post=18"}],"version-history":[{"count":28,"href":"https:\/\/sokindsport.com\/es\/wp-json\/wp\/v2\/pages\/18\/revisions"}],"predecessor-version":[{"id":2817,"href":"https:\/\/sokindsport.com\/es\/wp-json\/wp\/v2\/pages\/18\/revisions\/2817"}],"wp:attachment":[{"href":"https:\/\/sokindsport.com\/es\/wp-json\/wp\/v2\/media?parent=18"}],"curies":[{"name":"wp","href":"https:\/\/api.w.org\/{rel}","templated":true}]}}